{"id":168,"date":"2024-04-12T11:31:36","date_gmt":"2024-04-12T09:31:36","guid":{"rendered":"https:\/\/hecate-energie-magie.com\/?page_id=168"},"modified":"2024-04-12T11:39:30","modified_gmt":"2024-04-12T09:39:30","slug":"mentions-legales-2","status":"publish","type":"page","link":"https:\/\/hecate-energie-magie.com\/index.php\/mentions-legales-2\/","title":{"rendered":"Mentions l\u00e9gales"},"content":{"rendered":"\t\t<div data-elementor-type=\"wp-page\" data-elementor-id=\"168\" class=\"elementor elementor-168\">\n\t\t\t\t<div class=\"elementor-element elementor-element-1add8b3 e-flex e-con-boxed e-con e-parent\" data-id=\"1add8b3\" data-element_type=\"container\" data-e-type=\"container\">\n\t\t\t\t\t<div class=\"e-con-inner\">\n\t\t\t\t<div class=\"elementor-element elementor-element-daf7ed4 elementor-widget elementor-widget-text-editor\" data-id=\"daf7ed4\" data-element_type=\"widget\" data-e-type=\"widget\" data-widget_type=\"text-editor.default\">\n\t\t\t\t<div class=\"elementor-widget-container\">\n\t\t\t\t\t\t\t\t\t<p class=\"wp-block-heading\"><span style=\"font-family: carattere, palatino; font-size: 40px;\">Mentions l\u00e9gales<\/span><\/p><p class=\"wp-block-heading\"><span style=\"font-family: carattere, palatino; font-size: 30px;\"><strong><u>Propri\u00e9taire du site :<\/u><\/strong><\/span><br \/><span style=\"font-family: carattere, palatino; font-size: 30px;\">Magali G\u00e9rard<\/span><br \/><span style=\"font-family: carattere, palatino; font-size: 30px;\">9, Chemin des Fourneaux 77520 Donnemarie-Dontilly<\/span><br \/><span style=\"font-family: carattere, palatino; font-size: 30px;\">Entrepreneur individuel \u2013 Micro entreprise<\/span><br \/><span style=\"font-family: carattere, palatino; font-size: 30px;\">Siret\u00a0: 98195315100017<\/span><br \/><span style=\"font-family: carattere, palatino; font-size: 30px;\">06 58 73 62 96<\/span><br \/><span style=\"font-family: carattere, palatino; font-size: 60px;\"><a href=\"mailto:hecate.energie.magie@gmail.com\"><span style=\"font-size: 60px;\"><strong>hecate.energie.magie@gmail.com<\/strong><\/span><\/a><\/span><\/p><p><span style=\"font-family: georgia, palatino; font-size: 30px;\"><!-- \/wp:heading --><!-- wp:heading {\"textAlign\":\"center\",\"level\":3} --><\/span><\/p><p><span style=\"font-family: carattere, palatino; font-size: 30px;\"><!-- \/wp:heading --><!-- wp:heading {\"textAlign\":\"center\",\"level\":3} --><\/span><\/p><p class=\"wp-block-heading has-text-align-center\"><span style=\"font-family: carattere, palatino; font-size: 30px;\"><strong><u>H\u00e9bergeur :<\/u><\/strong><\/span><br \/><span style=\"font-family: carattere, palatino; font-size: 30px;\">O.V.H<\/span><br \/><span style=\"font-family: carattere, palatino; font-size: 30px;\">\u00a02, rue kellermann B.P. 80157<\/span><br \/><span style=\"font-family: carattere, palatino; font-size: 30px;\">59053 Roubaix Cedex 1 \u2013 France<\/span><\/p>\t\t\t\t\t\t\t\t<\/div>\n\t\t\t\t<\/div>\n\t\t\t\t\t<\/div>\n\t\t\t\t<\/div>\n\t\t\t\t<\/div>\n\t\t","protected":false},"excerpt":{"rendered":"<p>Mentions l\u00e9gales Propri\u00e9taire du site :Magali G\u00e9rard9, Chemin des Fourneaux 77520 Donnemarie-DontillyEntrepreneur individuel \u2013 Micro entrepriseSiret\u00a0: 9819531510001706 58 73 62 96hecate.energie.magie@gmail.com H\u00e9bergeur :O.V.H\u00a02, rue kellermann B.P. 8015759053 Roubaix Cedex 1 \u2013 France<\/p>\n","protected":false},"author":1,"featured_media":0,"parent":0,"menu_order":0,"comment_status":"closed","ping_status":"closed","template":"","meta":{"footnotes":""},"class_list":["post-168","page","type-page","status-publish","hentry"],"yoast_head":"<!-- This site is optimized with the Yoast SEO plugin v27.3 - https:\/\/yoast.com\/product\/yoast-seo-wordpress\/ -->\n<title>Mentions l\u00e9gales - H\u00e9cate Energie et Magie<\/title>\n<meta name=\"robots\" content=\"index, follow, max-snippet:-1, max-image-preview:large, max-video-preview:-1\" \/>\n<link rel=\"canonical\" href=\"https:\/\/hecate-energie-magie.com\/index.php\/mentions-legales-2\/\" \/>\n<meta property=\"og:locale\" content=\"fr_FR\" \/>\n<meta property=\"og:type\" content=\"article\" \/>\n<meta property=\"og:title\" content=\"Mentions l\u00e9gales - H\u00e9cate Energie et Magie\" \/>\n<meta property=\"og:description\" content=\"Mentions l\u00e9gales Propri\u00e9taire du site :Magali G\u00e9rard9, Chemin des Fourneaux 77520 Donnemarie-DontillyEntrepreneur individuel \u2013 Micro entrepriseSiret\u00a0: 9819531510001706 58 73 62 96hecate.energie.magie@gmail.com H\u00e9bergeur :O.V.H\u00a02, rue kellermann B.P. 8015759053 Roubaix Cedex 1 \u2013 France\" \/>\n<meta property=\"og:url\" content=\"https:\/\/hecate-energie-magie.com\/index.php\/mentions-legales-2\/\" \/>\n<meta property=\"og:site_name\" content=\"H\u00e9cate Energie et Magie\" \/>\n<meta property=\"article:publisher\" content=\"https:\/\/www.facebook.com\/profile.php?id=61557502523365\" \/>\n<meta property=\"article:modified_time\" content=\"2024-04-12T09:39:30+00:00\" \/>\n<meta name=\"twitter:card\" content=\"summary_large_image\" \/>\n<meta name=\"twitter:label1\" content=\"Dur\u00e9e de lecture estim\u00e9e\" \/>\n\t<meta name=\"twitter:data1\" content=\"1 minute\" \/>\n<script type=\"application\/ld+json\" class=\"yoast-schema-graph\">{\"@context\":\"https:\\\/\\\/schema.org\",\"@graph\":[{\"@type\":\"WebPage\",\"@id\":\"https:\\\/\\\/hecate-energie-magie.com\\\/index.php\\\/mentions-legales-2\\\/\",\"url\":\"https:\\\/\\\/hecate-energie-magie.com\\\/index.php\\\/mentions-legales-2\\\/\",\"name\":\"Mentions l\u00e9gales - H\u00e9cate Energie et Magie\",\"isPartOf\":{\"@id\":\"https:\\\/\\\/hecate-energie-magie.com\\\/#website\"},\"datePublished\":\"2024-04-12T09:31:36+00:00\",\"dateModified\":\"2024-04-12T09:39:30+00:00\",\"breadcrumb\":{\"@id\":\"https:\\\/\\\/hecate-energie-magie.com\\\/index.php\\\/mentions-legales-2\\\/#breadcrumb\"},\"inLanguage\":\"fr-FR\",\"potentialAction\":[{\"@type\":\"ReadAction\",\"target\":[\"https:\\\/\\\/hecate-energie-magie.com\\\/index.php\\\/mentions-legales-2\\\/\"]}]},{\"@type\":\"BreadcrumbList\",\"@id\":\"https:\\\/\\\/hecate-energie-magie.com\\\/index.php\\\/mentions-legales-2\\\/#breadcrumb\",\"itemListElement\":[{\"@type\":\"ListItem\",\"position\":1,\"name\":\"Accueil\",\"item\":\"https:\\\/\\\/hecate-energie-magie.com\\\/\"},{\"@type\":\"ListItem\",\"position\":2,\"name\":\"Mentions l\u00e9gales\"}]},{\"@type\":\"WebSite\",\"@id\":\"https:\\\/\\\/hecate-energie-magie.com\\\/#website\",\"url\":\"https:\\\/\\\/hecate-energie-magie.com\\\/\",\"name\":\"H\u00e9cate Energie et Magie\",\"description\":\"H\u00e9cate Energie et Magie\",\"publisher\":{\"@id\":\"https:\\\/\\\/hecate-energie-magie.com\\\/#organization\"},\"potentialAction\":[{\"@type\":\"SearchAction\",\"target\":{\"@type\":\"EntryPoint\",\"urlTemplate\":\"https:\\\/\\\/hecate-energie-magie.com\\\/?s={search_term_string}\"},\"query-input\":{\"@type\":\"PropertyValueSpecification\",\"valueRequired\":true,\"valueName\":\"search_term_string\"}}],\"inLanguage\":\"fr-FR\"},{\"@type\":\"Organization\",\"@id\":\"https:\\\/\\\/hecate-energie-magie.com\\\/#organization\",\"name\":\"H\u00e9cate Energie et Magie\",\"url\":\"https:\\\/\\\/hecate-energie-magie.com\\\/\",\"logo\":{\"@type\":\"ImageObject\",\"inLanguage\":\"fr-FR\",\"@id\":\"https:\\\/\\\/hecate-energie-magie.com\\\/#\\\/schema\\\/logo\\\/image\\\/\",\"url\":\"https:\\\/\\\/i0.wp.com\\\/hecate-energie-magie.com\\\/wp-content\\\/uploads\\\/2024\\\/09\\\/cropped-LOGO-HECATE.png?fit=500%2C500&ssl=1\",\"contentUrl\":\"https:\\\/\\\/i0.wp.com\\\/hecate-energie-magie.com\\\/wp-content\\\/uploads\\\/2024\\\/09\\\/cropped-LOGO-HECATE.png?fit=500%2C500&ssl=1\",\"width\":500,\"height\":500,\"caption\":\"H\u00e9cate Energie et Magie\"},\"image\":{\"@id\":\"https:\\\/\\\/hecate-energie-magie.com\\\/#\\\/schema\\\/logo\\\/image\\\/\"},\"sameAs\":[\"https:\\\/\\\/www.facebook.com\\\/profile.php?id=61557502523365\"]}]}<\/script>\n<!-- \/ Yoast SEO plugin. -->","yoast_head_json":{"title":"Mentions l\u00e9gales - H\u00e9cate Energie et Magie","robots":{"index":"index","follow":"follow","max-snippet":"max-snippet:-1","max-image-preview":"max-image-preview:large","max-video-preview":"max-video-preview:-1"},"canonical":"https:\/\/hecate-energie-magie.com\/index.php\/mentions-legales-2\/","og_locale":"fr_FR","og_type":"article","og_title":"Mentions l\u00e9gales - H\u00e9cate Energie et Magie","og_description":"Mentions l\u00e9gales Propri\u00e9taire du site :Magali G\u00e9rard9, Chemin des Fourneaux 77520 Donnemarie-DontillyEntrepreneur individuel \u2013 Micro entrepriseSiret\u00a0: 9819531510001706 58 73 62 96hecate.energie.magie@gmail.com H\u00e9bergeur :O.V.H\u00a02, rue kellermann B.P. 8015759053 Roubaix Cedex 1 \u2013 France","og_url":"https:\/\/hecate-energie-magie.com\/index.php\/mentions-legales-2\/","og_site_name":"H\u00e9cate Energie et Magie","article_publisher":"https:\/\/www.facebook.com\/profile.php?id=61557502523365","article_modified_time":"2024-04-12T09:39:30+00:00","twitter_card":"summary_large_image","twitter_misc":{"Dur\u00e9e de lecture estim\u00e9e":"1 minute"},"schema":{"@context":"https:\/\/schema.org","@graph":[{"@type":"WebPage","@id":"https:\/\/hecate-energie-magie.com\/index.php\/mentions-legales-2\/","url":"https:\/\/hecate-energie-magie.com\/index.php\/mentions-legales-2\/","name":"Mentions l\u00e9gales - H\u00e9cate Energie et Magie","isPartOf":{"@id":"https:\/\/hecate-energie-magie.com\/#website"},"datePublished":"2024-04-12T09:31:36+00:00","dateModified":"2024-04-12T09:39:30+00:00","breadcrumb":{"@id":"https:\/\/hecate-energie-magie.com\/index.php\/mentions-legales-2\/#breadcrumb"},"inLanguage":"fr-FR","potentialAction":[{"@type":"ReadAction","target":["https:\/\/hecate-energie-magie.com\/index.php\/mentions-legales-2\/"]}]},{"@type":"BreadcrumbList","@id":"https:\/\/hecate-energie-magie.com\/index.php\/mentions-legales-2\/#breadcrumb","itemListElement":[{"@type":"ListItem","position":1,"name":"Accueil","item":"https:\/\/hecate-energie-magie.com\/"},{"@type":"ListItem","position":2,"name":"Mentions l\u00e9gales"}]},{"@type":"WebSite","@id":"https:\/\/hecate-energie-magie.com\/#website","url":"https:\/\/hecate-energie-magie.com\/","name":"H\u00e9cate Energie et Magie","description":"H\u00e9cate Energie et Magie","publisher":{"@id":"https:\/\/hecate-energie-magie.com\/#organization"},"potentialAction":[{"@type":"SearchAction","target":{"@type":"EntryPoint","urlTemplate":"https:\/\/hecate-energie-magie.com\/?s={search_term_string}"},"query-input":{"@type":"PropertyValueSpecification","valueRequired":true,"valueName":"search_term_string"}}],"inLanguage":"fr-FR"},{"@type":"Organization","@id":"https:\/\/hecate-energie-magie.com\/#organization","name":"H\u00e9cate Energie et Magie","url":"https:\/\/hecate-energie-magie.com\/","logo":{"@type":"ImageObject","inLanguage":"fr-FR","@id":"https:\/\/hecate-energie-magie.com\/#\/schema\/logo\/image\/","url":"https:\/\/i0.wp.com\/hecate-energie-magie.com\/wp-content\/uploads\/2024\/09\/cropped-LOGO-HECATE.png?fit=500%2C500&ssl=1","contentUrl":"https:\/\/i0.wp.com\/hecate-energie-magie.com\/wp-content\/uploads\/2024\/09\/cropped-LOGO-HECATE.png?fit=500%2C500&ssl=1","width":500,"height":500,"caption":"H\u00e9cate Energie et Magie"},"image":{"@id":"https:\/\/hecate-energie-magie.com\/#\/schema\/logo\/image\/"},"sameAs":["https:\/\/www.facebook.com\/profile.php?id=61557502523365"]}]}},"jetpack_shortlink":"https:\/\/wp.me\/PfBlUo-2I","jetpack_sharing_enabled":true,"_links":{"self":[{"href":"https:\/\/hecate-energie-magie.com\/index.php\/wp-json\/wp\/v2\/pages\/168","targetHints":{"allow":["GET"]}}],"collection":[{"href":"https:\/\/hecate-energie-magie.com\/index.php\/wp-json\/wp\/v2\/pages"}],"about":[{"href":"https:\/\/hecate-energie-magie.com\/index.php\/wp-json\/wp\/v2\/types\/page"}],"author":[{"embeddable":true,"href":"https:\/\/hecate-energie-magie.com\/index.php\/wp-json\/wp\/v2\/users\/1"}],"replies":[{"embeddable":true,"href":"https:\/\/hecate-energie-magie.com\/index.php\/wp-json\/wp\/v2\/comments?post=168"}],"version-history":[{"count":14,"href":"https:\/\/hecate-energie-magie.com\/index.php\/wp-json\/wp\/v2\/pages\/168\/revisions"}],"predecessor-version":[{"id":182,"href":"https:\/\/hecate-energie-magie.com\/index.php\/wp-json\/wp\/v2\/pages\/168\/revisions\/182"}],"wp:attachment":[{"href":"https:\/\/hecate-energie-magie.com\/index.php\/wp-json\/wp\/v2\/media?parent=168"}],"curies":[{"name":"wp","href":"https:\/\/api.w.org\/{rel}","templated":true}]}}