{"id":1024,"date":"2024-09-16T12:09:19","date_gmt":"2024-09-16T10:09:19","guid":{"rendered":"https:\/\/hecate-energie-magie.com\/?post_type=product&#038;p=1024"},"modified":"2025-06-04T09:47:12","modified_gmt":"2025-06-04T07:47:12","slug":"pendentif-cristal-de-roche-cuivre-2","status":"publish","type":"product","link":"https:\/\/hecate-energie-magie.com\/index.php\/produit\/pendentif-cristal-de-roche-cuivre-2\/","title":{"rendered":"Pendentif Cristal de Roche Cuivre II"},"content":{"rendered":"<h2 style=\"text-align: center;\"><strong><span style=\"font-family: Carattere; font-size: 40px;\">Pendentif Cristal de Roche cuivre <\/span><\/strong><\/h2>\n<p style=\"text-align: center;\"><span style=\"font-size: 30px;\">Vertus du Cristal de Roche :<\/span><\/p>\n<p style=\"text-align: center;\"><span style=\"font-size: 30px;\">Tr\u00e8s puissant, il a la particularit\u00e9 de recevoir, d\u2019\u00e9mettre, de transformer et d\u2018amplifier les \u00e9nergies.<\/span><\/p>\n<p style=\"text-align: center;\"><span style=\"font-size: 30px;\">Aide \u00e0 se r\u00e9aligner \u00e9nerg\u00e9tiquement et \u00e0 atteindre des fr\u00e9quences vibratoires \u00e9lev\u00e9es.<\/span><\/p>\n<p style=\"text-align: center;\"><span style=\"font-size: 30px;\">Permet d\u2019aiguiser certaines capacit\u00e9s mentales, la clairvoyance, l\u2019intuition, la visualisation et la concentration.<\/span><\/p>\n<p style=\"text-align: center;\"><span style=\"font-size: 30px;\">Utile dans la pratique de la m\u00e9ditation, permet d\u2019atteindre rapidement un haut niveau de conscience.<\/span><\/p>\n<p>&nbsp;<\/p>\n<p>&nbsp;<\/p>\n<p style=\"text-align: center;\"><em><span style=\"font-family: Carattere; font-size: 30px;\">Les <strong><a href=\"https:\/\/hecate-energie-magie.com\/index.php\/produit\/pendentif-feuilles-dor-carre\/\">produits en r\u00e9sines<\/a><\/strong> sont fabriqu\u00e9s de fa\u00e7on artisanale, \u00e0 la main. Ils peuvent avoir des d\u00e9fauts malgr\u00e9 toutes les pr\u00e9cautions et la bienveillance apport\u00e9es lors de la fabrication. M\u00eame si je souhaite \u00e9galement que tout soit parfait, lisse, plus transparent, plus lumineux, et ainsi de suite il y a des imperfections in\u00e9vitables : des rayures, des effets troubles, des \u00e9clats, des fissures\u2026<\/span><\/em><\/p>\n<p style=\"text-align: center;\"><em><span style=\"font-family: Carattere; font-size: 30px;\">Ils sont \u00e9galement uniques.\u00a0<\/span><\/em><\/p>\n","protected":false},"excerpt":{"rendered":"<p><strong><span style=\"font-family: Carattere; font-size: 30px;\">Pendentif Cristal de Roche Cuivre <\/span><\/strong><\/p>\n<p><span style=\"font-family: Carattere; font-size: 30px;\">Fabriqu\u00e9 \u00e0 la main, de fa\u00e7on artisanale :<\/span><\/p>\n<ul>\n<li><span style=\"font-family: Carattere; font-size: 30px;\">R\u00e9sine (polyester)<\/span><\/li>\n<li><span style=\"font-family: Carattere; font-size: 30px;\"><a href=\"https:\/\/lumieresdeselene.com\/index.php\/produit\/cristal-de-roche-ab\/\">Cristal de Roche<\/a> mono-termin\u00e9<\/span><\/li>\n<li><span style=\"font-family: Carattere; font-size: 30px;\">Cuivre<\/span><\/li>\n<\/ul>\n<p><span style=\"font-family: Carattere; font-size: 30px;\">Dimensions : 0.8 cm \/ 3.5 cm environ.<\/span><\/p>\n<p><span style=\"font-family: Carattere; font-size: 30px;\">Avec b\u00e9li\u00e8re et cordon en coton cir\u00e9, r\u00e9glable de 45 \u00e0 50 cm.<\/span><\/p>\n<p><span style=\"font-family: Carattere; font-size: 30px;\">Produit unique.<\/span><\/p>\n","protected":false},"featured_media":0,"comment_status":"open","ping_status":"closed","template":"","meta":[],"product_brand":[],"product_cat":[85],"product_tag":[37,80,86,77],"class_list":{"0":"post-1024","1":"product","2":"type-product","3":"status-publish","5":"product_cat-pendentifs-resine-et-pierres-naturelles","6":"product_tag-cristal-de-roche","7":"product_tag-cuivre","8":"product_tag-pendentif","9":"product_tag-resine","11":"first","12":"outofstock","13":"shipping-taxable","14":"purchasable","15":"product-type-simple"},"yoast_head":"<!-- This site is optimized with the Yoast SEO plugin v27.3 - https:\/\/yoast.com\/product\/yoast-seo-wordpress\/ -->\n<title>Pendentif Cristal de Roche Cuivre II - H\u00e9cate Energie et Magie<\/title>\n<meta name=\"description\" content=\"Pendentif Cristal de Roche cuivre, fabriqu\u00e9 \u00e0 la main, de fa\u00e7on artisanale, en R\u00e9sine, Cristal de Roche mono-termin\u00e9 et Cuivre.\" \/>\n<meta name=\"robots\" content=\"index, follow, max-snippet:-1, max-image-preview:large, max-video-preview:-1\" \/>\n<link rel=\"canonical\" href=\"https:\/\/hecate-energie-magie.com\/index.php\/produit\/pendentif-cristal-de-roche-cuivre-2\/\" \/>\n<meta property=\"og:locale\" content=\"fr_FR\" \/>\n<meta property=\"og:type\" content=\"article\" \/>\n<meta property=\"og:title\" content=\"Pendentif Cristal de Roche Cuivre II - H\u00e9cate Energie et Magie\" \/>\n<meta property=\"og:description\" content=\"Pendentif Cristal de Roche cuivre, fabriqu\u00e9 \u00e0 la main, de fa\u00e7on artisanale, en R\u00e9sine, Cristal de Roche mono-termin\u00e9 et Cuivre.\" \/>\n<meta property=\"og:url\" content=\"https:\/\/hecate-energie-magie.com\/index.php\/produit\/pendentif-cristal-de-roche-cuivre-2\/\" \/>\n<meta property=\"og:site_name\" content=\"H\u00e9cate Energie et Magie\" \/>\n<meta property=\"article:publisher\" content=\"https:\/\/www.facebook.com\/profile.php?id=61557502523365\" \/>\n<meta property=\"article:modified_time\" content=\"2025-06-04T07:47:12+00:00\" \/>\n<meta property=\"og:image\" content=\"https:\/\/hecate-energie-magie.com\/wp-content\/uploads\/2024\/09\/1726479458359-scaled.jpg\" \/>\n\t<meta property=\"og:image:width\" content=\"1920\" \/>\n\t<meta property=\"og:image:height\" content=\"2560\" \/>\n\t<meta property=\"og:image:type\" content=\"image\/jpeg\" \/>\n<meta name=\"twitter:card\" content=\"summary_large_image\" \/>\n<meta name=\"twitter:label1\" content=\"Dur\u00e9e de lecture estim\u00e9e\" \/>\n\t<meta name=\"twitter:data1\" content=\"1 minute\" \/>\n<script type=\"application\/ld+json\" class=\"yoast-schema-graph\">{\"@context\":\"https:\\\/\\\/schema.org\",\"@graph\":[{\"@type\":\"WebPage\",\"@id\":\"https:\\\/\\\/hecate-energie-magie.com\\\/index.php\\\/produit\\\/pendentif-cristal-de-roche-cuivre-2\\\/\",\"url\":\"https:\\\/\\\/hecate-energie-magie.com\\\/index.php\\\/produit\\\/pendentif-cristal-de-roche-cuivre-2\\\/\",\"name\":\"Pendentif Cristal de Roche Cuivre II - H\u00e9cate Energie et Magie\",\"isPartOf\":{\"@id\":\"https:\\\/\\\/hecate-energie-magie.com\\\/#website\"},\"datePublished\":\"2024-09-16T10:09:19+00:00\",\"dateModified\":\"2025-06-04T07:47:12+00:00\",\"description\":\"Pendentif Cristal de Roche cuivre, fabriqu\u00e9 \u00e0 la main, de fa\u00e7on artisanale, en R\u00e9sine, Cristal de Roche mono-termin\u00e9 et Cuivre.\",\"breadcrumb\":{\"@id\":\"https:\\\/\\\/hecate-energie-magie.com\\\/index.php\\\/produit\\\/pendentif-cristal-de-roche-cuivre-2\\\/#breadcrumb\"},\"inLanguage\":\"fr-FR\",\"potentialAction\":[{\"@type\":\"ReadAction\",\"target\":[\"https:\\\/\\\/hecate-energie-magie.com\\\/index.php\\\/produit\\\/pendentif-cristal-de-roche-cuivre-2\\\/\"]}]},{\"@type\":\"BreadcrumbList\",\"@id\":\"https:\\\/\\\/hecate-energie-magie.com\\\/index.php\\\/produit\\\/pendentif-cristal-de-roche-cuivre-2\\\/#breadcrumb\",\"itemListElement\":[{\"@type\":\"ListItem\",\"position\":1,\"name\":\"Accueil\",\"item\":\"https:\\\/\\\/hecate-energie-magie.com\\\/\"},{\"@type\":\"ListItem\",\"position\":2,\"name\":\"Boutique\",\"item\":\"https:\\\/\\\/hecate-energie-magie.com\\\/index.php\\\/boutique\\\/\"},{\"@type\":\"ListItem\",\"position\":3,\"name\":\"Pendentif Cristal de Roche Cuivre II\"}]},{\"@type\":\"WebSite\",\"@id\":\"https:\\\/\\\/hecate-energie-magie.com\\\/#website\",\"url\":\"https:\\\/\\\/hecate-energie-magie.com\\\/\",\"name\":\"H\u00e9cate Energie et Magie\",\"description\":\"H\u00e9cate Energie et Magie\",\"publisher\":{\"@id\":\"https:\\\/\\\/hecate-energie-magie.com\\\/#organization\"},\"potentialAction\":[{\"@type\":\"SearchAction\",\"target\":{\"@type\":\"EntryPoint\",\"urlTemplate\":\"https:\\\/\\\/hecate-energie-magie.com\\\/?s={search_term_string}\"},\"query-input\":{\"@type\":\"PropertyValueSpecification\",\"valueRequired\":true,\"valueName\":\"search_term_string\"}}],\"inLanguage\":\"fr-FR\"},{\"@type\":\"Organization\",\"@id\":\"https:\\\/\\\/hecate-energie-magie.com\\\/#organization\",\"name\":\"H\u00e9cate Energie et Magie\",\"url\":\"https:\\\/\\\/hecate-energie-magie.com\\\/\",\"logo\":{\"@type\":\"ImageObject\",\"inLanguage\":\"fr-FR\",\"@id\":\"https:\\\/\\\/hecate-energie-magie.com\\\/#\\\/schema\\\/logo\\\/image\\\/\",\"url\":\"https:\\\/\\\/i0.wp.com\\\/hecate-energie-magie.com\\\/wp-content\\\/uploads\\\/2024\\\/09\\\/cropped-LOGO-HECATE.png?fit=500%2C500&ssl=1\",\"contentUrl\":\"https:\\\/\\\/i0.wp.com\\\/hecate-energie-magie.com\\\/wp-content\\\/uploads\\\/2024\\\/09\\\/cropped-LOGO-HECATE.png?fit=500%2C500&ssl=1\",\"width\":500,\"height\":500,\"caption\":\"H\u00e9cate Energie et Magie\"},\"image\":{\"@id\":\"https:\\\/\\\/hecate-energie-magie.com\\\/#\\\/schema\\\/logo\\\/image\\\/\"},\"sameAs\":[\"https:\\\/\\\/www.facebook.com\\\/profile.php?id=61557502523365\"]}]}<\/script>\n<!-- \/ Yoast SEO plugin. -->","yoast_head_json":{"title":"Pendentif Cristal de Roche Cuivre II - H\u00e9cate Energie et Magie","description":"Pendentif Cristal de Roche cuivre, fabriqu\u00e9 \u00e0 la main, de fa\u00e7on artisanale, en R\u00e9sine, Cristal de Roche mono-termin\u00e9 et Cuivre.","robots":{"index":"index","follow":"follow","max-snippet":"max-snippet:-1","max-image-preview":"max-image-preview:large","max-video-preview":"max-video-preview:-1"},"canonical":"https:\/\/hecate-energie-magie.com\/index.php\/produit\/pendentif-cristal-de-roche-cuivre-2\/","og_locale":"fr_FR","og_type":"article","og_title":"Pendentif Cristal de Roche Cuivre II - H\u00e9cate Energie et Magie","og_description":"Pendentif Cristal de Roche cuivre, fabriqu\u00e9 \u00e0 la main, de fa\u00e7on artisanale, en R\u00e9sine, Cristal de Roche mono-termin\u00e9 et Cuivre.","og_url":"https:\/\/hecate-energie-magie.com\/index.php\/produit\/pendentif-cristal-de-roche-cuivre-2\/","og_site_name":"H\u00e9cate Energie et Magie","article_publisher":"https:\/\/www.facebook.com\/profile.php?id=61557502523365","article_modified_time":"2025-06-04T07:47:12+00:00","og_image":[{"width":1920,"height":2560,"url":"https:\/\/hecate-energie-magie.com\/wp-content\/uploads\/2024\/09\/1726479458359-scaled.jpg","type":"image\/jpeg"}],"twitter_card":"summary_large_image","twitter_misc":{"Dur\u00e9e de lecture estim\u00e9e":"1 minute"},"schema":{"@context":"https:\/\/schema.org","@graph":[{"@type":"WebPage","@id":"https:\/\/hecate-energie-magie.com\/index.php\/produit\/pendentif-cristal-de-roche-cuivre-2\/","url":"https:\/\/hecate-energie-magie.com\/index.php\/produit\/pendentif-cristal-de-roche-cuivre-2\/","name":"Pendentif Cristal de Roche Cuivre II - H\u00e9cate Energie et Magie","isPartOf":{"@id":"https:\/\/hecate-energie-magie.com\/#website"},"datePublished":"2024-09-16T10:09:19+00:00","dateModified":"2025-06-04T07:47:12+00:00","description":"Pendentif Cristal de Roche cuivre, fabriqu\u00e9 \u00e0 la main, de fa\u00e7on artisanale, en R\u00e9sine, Cristal de Roche mono-termin\u00e9 et Cuivre.","breadcrumb":{"@id":"https:\/\/hecate-energie-magie.com\/index.php\/produit\/pendentif-cristal-de-roche-cuivre-2\/#breadcrumb"},"inLanguage":"fr-FR","potentialAction":[{"@type":"ReadAction","target":["https:\/\/hecate-energie-magie.com\/index.php\/produit\/pendentif-cristal-de-roche-cuivre-2\/"]}]},{"@type":"BreadcrumbList","@id":"https:\/\/hecate-energie-magie.com\/index.php\/produit\/pendentif-cristal-de-roche-cuivre-2\/#breadcrumb","itemListElement":[{"@type":"ListItem","position":1,"name":"Accueil","item":"https:\/\/hecate-energie-magie.com\/"},{"@type":"ListItem","position":2,"name":"Boutique","item":"https:\/\/hecate-energie-magie.com\/index.php\/boutique\/"},{"@type":"ListItem","position":3,"name":"Pendentif Cristal de Roche Cuivre II"}]},{"@type":"WebSite","@id":"https:\/\/hecate-energie-magie.com\/#website","url":"https:\/\/hecate-energie-magie.com\/","name":"H\u00e9cate Energie et Magie","description":"H\u00e9cate Energie et Magie","publisher":{"@id":"https:\/\/hecate-energie-magie.com\/#organization"},"potentialAction":[{"@type":"SearchAction","target":{"@type":"EntryPoint","urlTemplate":"https:\/\/hecate-energie-magie.com\/?s={search_term_string}"},"query-input":{"@type":"PropertyValueSpecification","valueRequired":true,"valueName":"search_term_string"}}],"inLanguage":"fr-FR"},{"@type":"Organization","@id":"https:\/\/hecate-energie-magie.com\/#organization","name":"H\u00e9cate Energie et Magie","url":"https:\/\/hecate-energie-magie.com\/","logo":{"@type":"ImageObject","inLanguage":"fr-FR","@id":"https:\/\/hecate-energie-magie.com\/#\/schema\/logo\/image\/","url":"https:\/\/i0.wp.com\/hecate-energie-magie.com\/wp-content\/uploads\/2024\/09\/cropped-LOGO-HECATE.png?fit=500%2C500&ssl=1","contentUrl":"https:\/\/i0.wp.com\/hecate-energie-magie.com\/wp-content\/uploads\/2024\/09\/cropped-LOGO-HECATE.png?fit=500%2C500&ssl=1","width":500,"height":500,"caption":"H\u00e9cate Energie et Magie"},"image":{"@id":"https:\/\/hecate-energie-magie.com\/#\/schema\/logo\/image\/"},"sameAs":["https:\/\/www.facebook.com\/profile.php?id=61557502523365"]}]}},"jetpack_sharing_enabled":true,"_links":{"self":[{"href":"https:\/\/hecate-energie-magie.com\/index.php\/wp-json\/wp\/v2\/product\/1024","targetHints":{"allow":["GET"]}}],"collection":[{"href":"https:\/\/hecate-energie-magie.com\/index.php\/wp-json\/wp\/v2\/product"}],"about":[{"href":"https:\/\/hecate-energie-magie.com\/index.php\/wp-json\/wp\/v2\/types\/product"}],"replies":[{"embeddable":true,"href":"https:\/\/hecate-energie-magie.com\/index.php\/wp-json\/wp\/v2\/comments?post=1024"}],"wp:attachment":[{"href":"https:\/\/hecate-energie-magie.com\/index.php\/wp-json\/wp\/v2\/media?parent=1024"}],"wp:term":[{"taxonomy":"product_brand","embeddable":true,"href":"https:\/\/hecate-energie-magie.com\/index.php\/wp-json\/wp\/v2\/product_brand?post=1024"},{"taxonomy":"product_cat","embeddable":true,"href":"https:\/\/hecate-energie-magie.com\/index.php\/wp-json\/wp\/v2\/product_cat?post=1024"},{"taxonomy":"product_tag","embeddable":true,"href":"https:\/\/hecate-energie-magie.com\/index.php\/wp-json\/wp\/v2\/product_tag?post=1024"}],"curies":[{"name":"wp","href":"https:\/\/api.w.org\/{rel}","templated":true}]}}