{"id":1244,"date":"2024-11-11T15:01:48","date_gmt":"2024-11-11T14:01:48","guid":{"rendered":"https:\/\/hecate-energie-magie.com\/?post_type=product&#038;p=1244"},"modified":"2026-02-24T15:57:08","modified_gmt":"2026-02-24T14:57:08","slug":"attrape-reve-vert-fonce","status":"publish","type":"product","link":"https:\/\/hecate-energie-magie.com\/index.php\/produit\/attrape-reve-vert-fonce\/","title":{"rendered":"Attrape r\u00eave vert fonc\u00e9"},"content":{"rendered":"<h1 style=\"text-align: center;\"><span style=\"font-size: 35px;\"><strong><span style=\"font-family: Carattere;\">Les attrape-r\u00eaves<\/span><\/strong><\/span><\/h1>\n<p style=\"text-align: center;\"><span style=\"font-size: 30px; font-family: Carattere;\">Originaires de la tribu am\u00e9rindienne Ojibwe, \u00e9taient traditionnellement utilis\u00e9s comme des talismans. <\/span><\/p>\n<p style=\"text-align: center;\"><span style=\"font-size: 30px; font-family: Carattere;\">Leur but \u00e9tait de prot\u00e9ger les dormeurs, et en particulier les enfants, des mauvais r\u00eaves, des cauchemars et des mauvais esprits. <\/span><\/p>\n<p style=\"text-align: center;\"><span style=\"font-size: 30px; font-family: Carattere;\">Ils accrochaient l<strong><a href=\"https:\/\/hecate-energie-magie.com\/index.php\/produit\/attrape-reve-amazonite\/\">&lsquo;attrape-r\u00eave<\/a><\/strong> au-dessus de leur lit en veillant \u00e0 ce que la lumi\u00e8re du jour puisse l\u2019atteindre.\u00a0<\/span><\/p>\n<p style=\"text-align: center;\"><span style=\"font-size: 30px; font-family: Carattere;\">Les beaux r\u00eaves passent alors \u00e0 travers les fils et glissent le long des plumes pour descendre jusqu\u2019au dormeur et le r\u00e9conforter. <\/span><\/p>\n<p style=\"text-align: center;\"><span style=\"font-size: 30px; font-family: Carattere;\">En revanche, les mauvais r\u00eaves sont quant \u00e0 eux pris au pi\u00e8ge dans la toile puis d\u00e9truits, br\u00fbl\u00e9s par la lumi\u00e8re du jour.<\/span><\/p>\n","protected":false},"excerpt":{"rendered":"<p><span style=\"font-family: Carattere; font-size: 30px;\">Fabriqu\u00e9 \u00e0 la main de fa\u00e7on artisanale.<\/span><\/p>\n<p><span style=\"font-family: Carattere; font-size: 30px;\">Diam\u00e8tre du cercle 10 cm.<\/span><\/p>\n<p><span style=\"font-size: 30px; font-family: Carattere;\">Fils en coton.<\/span><\/p>\n<p><span style=\"font-size: 30px; font-family: Carattere;\">Breloques Arbre de vie.<\/span><\/p>\n","protected":false},"featured_media":1938,"comment_status":"open","ping_status":"closed","template":"","meta":[],"product_brand":[],"product_cat":[29],"product_tag":[119,197,73],"class_list":{"0":"post-1244","1":"product","2":"type-product","3":"status-publish","4":"has-post-thumbnail","6":"product_cat-attrapes-reves","7":"product_tag-attrape-reve","8":"product_tag-cauchemars","9":"product_tag-protection","11":"first","12":"instock","13":"shipping-taxable","14":"purchasable","15":"product-type-simple"},"yoast_head":"<!-- This site is optimized with the Yoast SEO plugin v27.3 - https:\/\/yoast.com\/product\/yoast-seo-wordpress\/ -->\n<title>Attrape r\u00eave vert fonc\u00e9 - H\u00e9cate Energie et Magie<\/title>\n<meta name=\"description\" content=\"Les attrape-r\u00eaves sont originaires de la tribu am\u00e9rindienne Ojibwe. Ils \u00e9taient traditionnellement utilis\u00e9s comme des talismans. Leur but \u00e9tait de prot\u00e9ger les dormeurs, et en particulier les enfants, des mauvais r\u00eaves, des cauchemars et des mauvais esprits.\" \/>\n<meta name=\"robots\" content=\"index, follow, max-snippet:-1, max-image-preview:large, max-video-preview:-1\" \/>\n<link rel=\"canonical\" href=\"https:\/\/hecate-energie-magie.com\/index.php\/produit\/attrape-reve-vert-fonce\/\" \/>\n<meta property=\"og:locale\" content=\"fr_FR\" \/>\n<meta property=\"og:type\" content=\"article\" \/>\n<meta property=\"og:title\" content=\"Attrape r\u00eave vert fonc\u00e9 - H\u00e9cate Energie et Magie\" \/>\n<meta property=\"og:description\" content=\"Les attrape-r\u00eaves sont originaires de la tribu am\u00e9rindienne Ojibwe. Ils \u00e9taient traditionnellement utilis\u00e9s comme des talismans. Leur but \u00e9tait de prot\u00e9ger les dormeurs, et en particulier les enfants, des mauvais r\u00eaves, des cauchemars et des mauvais esprits.\" \/>\n<meta property=\"og:url\" content=\"https:\/\/hecate-energie-magie.com\/index.php\/produit\/attrape-reve-vert-fonce\/\" \/>\n<meta property=\"og:site_name\" content=\"H\u00e9cate Energie et Magie\" \/>\n<meta property=\"article:publisher\" content=\"https:\/\/www.facebook.com\/profile.php?id=61557502523365\" \/>\n<meta property=\"article:modified_time\" content=\"2026-02-24T14:57:08+00:00\" \/>\n<meta property=\"og:image\" content=\"https:\/\/hecate-energie-magie.com\/wp-content\/uploads\/2024\/11\/1760099648919-scaled.jpg\" \/>\n\t<meta property=\"og:image:width\" content=\"1719\" \/>\n\t<meta property=\"og:image:height\" content=\"2560\" \/>\n\t<meta property=\"og:image:type\" content=\"image\/jpeg\" \/>\n<meta name=\"twitter:card\" content=\"summary_large_image\" \/>\n<meta name=\"twitter:label1\" content=\"Dur\u00e9e de lecture estim\u00e9e\" \/>\n\t<meta name=\"twitter:data1\" content=\"1 minute\" \/>\n<script type=\"application\/ld+json\" class=\"yoast-schema-graph\">{\"@context\":\"https:\\\/\\\/schema.org\",\"@graph\":[{\"@type\":\"WebPage\",\"@id\":\"https:\\\/\\\/hecate-energie-magie.com\\\/index.php\\\/produit\\\/attrape-reve-vert-fonce\\\/\",\"url\":\"https:\\\/\\\/hecate-energie-magie.com\\\/index.php\\\/produit\\\/attrape-reve-vert-fonce\\\/\",\"name\":\"Attrape r\u00eave vert fonc\u00e9 - H\u00e9cate Energie et Magie\",\"isPartOf\":{\"@id\":\"https:\\\/\\\/hecate-energie-magie.com\\\/#website\"},\"primaryImageOfPage\":{\"@id\":\"https:\\\/\\\/hecate-energie-magie.com\\\/index.php\\\/produit\\\/attrape-reve-vert-fonce\\\/#primaryimage\"},\"image\":{\"@id\":\"https:\\\/\\\/hecate-energie-magie.com\\\/index.php\\\/produit\\\/attrape-reve-vert-fonce\\\/#primaryimage\"},\"thumbnailUrl\":\"https:\\\/\\\/i0.wp.com\\\/hecate-energie-magie.com\\\/wp-content\\\/uploads\\\/2024\\\/11\\\/1760099648919-scaled.jpg?fit=1719%2C2560&ssl=1\",\"datePublished\":\"2024-11-11T14:01:48+00:00\",\"dateModified\":\"2026-02-24T14:57:08+00:00\",\"description\":\"Les attrape-r\u00eaves sont originaires de la tribu am\u00e9rindienne Ojibwe. Ils \u00e9taient traditionnellement utilis\u00e9s comme des talismans. Leur but \u00e9tait de prot\u00e9ger les dormeurs, et en particulier les enfants, des mauvais r\u00eaves, des cauchemars et des mauvais esprits.\",\"breadcrumb\":{\"@id\":\"https:\\\/\\\/hecate-energie-magie.com\\\/index.php\\\/produit\\\/attrape-reve-vert-fonce\\\/#breadcrumb\"},\"inLanguage\":\"fr-FR\",\"potentialAction\":[{\"@type\":\"ReadAction\",\"target\":[\"https:\\\/\\\/hecate-energie-magie.com\\\/index.php\\\/produit\\\/attrape-reve-vert-fonce\\\/\"]}]},{\"@type\":\"ImageObject\",\"inLanguage\":\"fr-FR\",\"@id\":\"https:\\\/\\\/hecate-energie-magie.com\\\/index.php\\\/produit\\\/attrape-reve-vert-fonce\\\/#primaryimage\",\"url\":\"https:\\\/\\\/i0.wp.com\\\/hecate-energie-magie.com\\\/wp-content\\\/uploads\\\/2024\\\/11\\\/1760099648919-scaled.jpg?fit=1719%2C2560&ssl=1\",\"contentUrl\":\"https:\\\/\\\/i0.wp.com\\\/hecate-energie-magie.com\\\/wp-content\\\/uploads\\\/2024\\\/11\\\/1760099648919-scaled.jpg?fit=1719%2C2560&ssl=1\",\"width\":1719,\"height\":2560,\"caption\":\"Attrape r\u00eave Vert fonc\u00e9\"},{\"@type\":\"BreadcrumbList\",\"@id\":\"https:\\\/\\\/hecate-energie-magie.com\\\/index.php\\\/produit\\\/attrape-reve-vert-fonce\\\/#breadcrumb\",\"itemListElement\":[{\"@type\":\"ListItem\",\"position\":1,\"name\":\"Accueil\",\"item\":\"https:\\\/\\\/hecate-energie-magie.com\\\/\"},{\"@type\":\"ListItem\",\"position\":2,\"name\":\"Boutique\",\"item\":\"https:\\\/\\\/hecate-energie-magie.com\\\/index.php\\\/boutique\\\/\"},{\"@type\":\"ListItem\",\"position\":3,\"name\":\"Attrape r\u00eave vert fonc\u00e9\"}]},{\"@type\":\"WebSite\",\"@id\":\"https:\\\/\\\/hecate-energie-magie.com\\\/#website\",\"url\":\"https:\\\/\\\/hecate-energie-magie.com\\\/\",\"name\":\"H\u00e9cate Energie et Magie\",\"description\":\"H\u00e9cate Energie et Magie\",\"publisher\":{\"@id\":\"https:\\\/\\\/hecate-energie-magie.com\\\/#organization\"},\"potentialAction\":[{\"@type\":\"SearchAction\",\"target\":{\"@type\":\"EntryPoint\",\"urlTemplate\":\"https:\\\/\\\/hecate-energie-magie.com\\\/?s={search_term_string}\"},\"query-input\":{\"@type\":\"PropertyValueSpecification\",\"valueRequired\":true,\"valueName\":\"search_term_string\"}}],\"inLanguage\":\"fr-FR\"},{\"@type\":\"Organization\",\"@id\":\"https:\\\/\\\/hecate-energie-magie.com\\\/#organization\",\"name\":\"H\u00e9cate Energie et Magie\",\"url\":\"https:\\\/\\\/hecate-energie-magie.com\\\/\",\"logo\":{\"@type\":\"ImageObject\",\"inLanguage\":\"fr-FR\",\"@id\":\"https:\\\/\\\/hecate-energie-magie.com\\\/#\\\/schema\\\/logo\\\/image\\\/\",\"url\":\"https:\\\/\\\/i0.wp.com\\\/hecate-energie-magie.com\\\/wp-content\\\/uploads\\\/2024\\\/09\\\/cropped-LOGO-HECATE.png?fit=500%2C500&ssl=1\",\"contentUrl\":\"https:\\\/\\\/i0.wp.com\\\/hecate-energie-magie.com\\\/wp-content\\\/uploads\\\/2024\\\/09\\\/cropped-LOGO-HECATE.png?fit=500%2C500&ssl=1\",\"width\":500,\"height\":500,\"caption\":\"H\u00e9cate Energie et Magie\"},\"image\":{\"@id\":\"https:\\\/\\\/hecate-energie-magie.com\\\/#\\\/schema\\\/logo\\\/image\\\/\"},\"sameAs\":[\"https:\\\/\\\/www.facebook.com\\\/profile.php?id=61557502523365\"]}]}<\/script>\n<!-- \/ Yoast SEO plugin. -->","yoast_head_json":{"title":"Attrape r\u00eave vert fonc\u00e9 - H\u00e9cate Energie et Magie","description":"Les attrape-r\u00eaves sont originaires de la tribu am\u00e9rindienne Ojibwe. Ils \u00e9taient traditionnellement utilis\u00e9s comme des talismans. Leur but \u00e9tait de prot\u00e9ger les dormeurs, et en particulier les enfants, des mauvais r\u00eaves, des cauchemars et des mauvais esprits.","robots":{"index":"index","follow":"follow","max-snippet":"max-snippet:-1","max-image-preview":"max-image-preview:large","max-video-preview":"max-video-preview:-1"},"canonical":"https:\/\/hecate-energie-magie.com\/index.php\/produit\/attrape-reve-vert-fonce\/","og_locale":"fr_FR","og_type":"article","og_title":"Attrape r\u00eave vert fonc\u00e9 - H\u00e9cate Energie et Magie","og_description":"Les attrape-r\u00eaves sont originaires de la tribu am\u00e9rindienne Ojibwe. Ils \u00e9taient traditionnellement utilis\u00e9s comme des talismans. Leur but \u00e9tait de prot\u00e9ger les dormeurs, et en particulier les enfants, des mauvais r\u00eaves, des cauchemars et des mauvais esprits.","og_url":"https:\/\/hecate-energie-magie.com\/index.php\/produit\/attrape-reve-vert-fonce\/","og_site_name":"H\u00e9cate Energie et Magie","article_publisher":"https:\/\/www.facebook.com\/profile.php?id=61557502523365","article_modified_time":"2026-02-24T14:57:08+00:00","og_image":[{"width":1719,"height":2560,"url":"https:\/\/hecate-energie-magie.com\/wp-content\/uploads\/2024\/11\/1760099648919-scaled.jpg","type":"image\/jpeg"}],"twitter_card":"summary_large_image","twitter_misc":{"Dur\u00e9e de lecture estim\u00e9e":"1 minute"},"schema":{"@context":"https:\/\/schema.org","@graph":[{"@type":"WebPage","@id":"https:\/\/hecate-energie-magie.com\/index.php\/produit\/attrape-reve-vert-fonce\/","url":"https:\/\/hecate-energie-magie.com\/index.php\/produit\/attrape-reve-vert-fonce\/","name":"Attrape r\u00eave vert fonc\u00e9 - H\u00e9cate Energie et Magie","isPartOf":{"@id":"https:\/\/hecate-energie-magie.com\/#website"},"primaryImageOfPage":{"@id":"https:\/\/hecate-energie-magie.com\/index.php\/produit\/attrape-reve-vert-fonce\/#primaryimage"},"image":{"@id":"https:\/\/hecate-energie-magie.com\/index.php\/produit\/attrape-reve-vert-fonce\/#primaryimage"},"thumbnailUrl":"https:\/\/i0.wp.com\/hecate-energie-magie.com\/wp-content\/uploads\/2024\/11\/1760099648919-scaled.jpg?fit=1719%2C2560&ssl=1","datePublished":"2024-11-11T14:01:48+00:00","dateModified":"2026-02-24T14:57:08+00:00","description":"Les attrape-r\u00eaves sont originaires de la tribu am\u00e9rindienne Ojibwe. Ils \u00e9taient traditionnellement utilis\u00e9s comme des talismans. Leur but \u00e9tait de prot\u00e9ger les dormeurs, et en particulier les enfants, des mauvais r\u00eaves, des cauchemars et des mauvais esprits.","breadcrumb":{"@id":"https:\/\/hecate-energie-magie.com\/index.php\/produit\/attrape-reve-vert-fonce\/#breadcrumb"},"inLanguage":"fr-FR","potentialAction":[{"@type":"ReadAction","target":["https:\/\/hecate-energie-magie.com\/index.php\/produit\/attrape-reve-vert-fonce\/"]}]},{"@type":"ImageObject","inLanguage":"fr-FR","@id":"https:\/\/hecate-energie-magie.com\/index.php\/produit\/attrape-reve-vert-fonce\/#primaryimage","url":"https:\/\/i0.wp.com\/hecate-energie-magie.com\/wp-content\/uploads\/2024\/11\/1760099648919-scaled.jpg?fit=1719%2C2560&ssl=1","contentUrl":"https:\/\/i0.wp.com\/hecate-energie-magie.com\/wp-content\/uploads\/2024\/11\/1760099648919-scaled.jpg?fit=1719%2C2560&ssl=1","width":1719,"height":2560,"caption":"Attrape r\u00eave Vert fonc\u00e9"},{"@type":"BreadcrumbList","@id":"https:\/\/hecate-energie-magie.com\/index.php\/produit\/attrape-reve-vert-fonce\/#breadcrumb","itemListElement":[{"@type":"ListItem","position":1,"name":"Accueil","item":"https:\/\/hecate-energie-magie.com\/"},{"@type":"ListItem","position":2,"name":"Boutique","item":"https:\/\/hecate-energie-magie.com\/index.php\/boutique\/"},{"@type":"ListItem","position":3,"name":"Attrape r\u00eave vert fonc\u00e9"}]},{"@type":"WebSite","@id":"https:\/\/hecate-energie-magie.com\/#website","url":"https:\/\/hecate-energie-magie.com\/","name":"H\u00e9cate Energie et Magie","description":"H\u00e9cate Energie et Magie","publisher":{"@id":"https:\/\/hecate-energie-magie.com\/#organization"},"potentialAction":[{"@type":"SearchAction","target":{"@type":"EntryPoint","urlTemplate":"https:\/\/hecate-energie-magie.com\/?s={search_term_string}"},"query-input":{"@type":"PropertyValueSpecification","valueRequired":true,"valueName":"search_term_string"}}],"inLanguage":"fr-FR"},{"@type":"Organization","@id":"https:\/\/hecate-energie-magie.com\/#organization","name":"H\u00e9cate Energie et Magie","url":"https:\/\/hecate-energie-magie.com\/","logo":{"@type":"ImageObject","inLanguage":"fr-FR","@id":"https:\/\/hecate-energie-magie.com\/#\/schema\/logo\/image\/","url":"https:\/\/i0.wp.com\/hecate-energie-magie.com\/wp-content\/uploads\/2024\/09\/cropped-LOGO-HECATE.png?fit=500%2C500&ssl=1","contentUrl":"https:\/\/i0.wp.com\/hecate-energie-magie.com\/wp-content\/uploads\/2024\/09\/cropped-LOGO-HECATE.png?fit=500%2C500&ssl=1","width":500,"height":500,"caption":"H\u00e9cate Energie et Magie"},"image":{"@id":"https:\/\/hecate-energie-magie.com\/#\/schema\/logo\/image\/"},"sameAs":["https:\/\/www.facebook.com\/profile.php?id=61557502523365"]}]}},"jetpack_sharing_enabled":true,"_links":{"self":[{"href":"https:\/\/hecate-energie-magie.com\/index.php\/wp-json\/wp\/v2\/product\/1244","targetHints":{"allow":["GET"]}}],"collection":[{"href":"https:\/\/hecate-energie-magie.com\/index.php\/wp-json\/wp\/v2\/product"}],"about":[{"href":"https:\/\/hecate-energie-magie.com\/index.php\/wp-json\/wp\/v2\/types\/product"}],"replies":[{"embeddable":true,"href":"https:\/\/hecate-energie-magie.com\/index.php\/wp-json\/wp\/v2\/comments?post=1244"}],"wp:featuredmedia":[{"embeddable":true,"href":"https:\/\/hecate-energie-magie.com\/index.php\/wp-json\/wp\/v2\/media\/1938"}],"wp:attachment":[{"href":"https:\/\/hecate-energie-magie.com\/index.php\/wp-json\/wp\/v2\/media?parent=1244"}],"wp:term":[{"taxonomy":"product_brand","embeddable":true,"href":"https:\/\/hecate-energie-magie.com\/index.php\/wp-json\/wp\/v2\/product_brand?post=1244"},{"taxonomy":"product_cat","embeddable":true,"href":"https:\/\/hecate-energie-magie.com\/index.php\/wp-json\/wp\/v2\/product_cat?post=1244"},{"taxonomy":"product_tag","embeddable":true,"href":"https:\/\/hecate-energie-magie.com\/index.php\/wp-json\/wp\/v2\/product_tag?post=1244"}],"curies":[{"name":"wp","href":"https:\/\/api.w.org\/{rel}","templated":true}]}}