{"id":1264,"date":"2024-11-14T11:42:44","date_gmt":"2024-11-14T10:42:44","guid":{"rendered":"https:\/\/hecate-energie-magie.com\/?post_type=product&#038;p=1264"},"modified":"2026-02-24T15:55:41","modified_gmt":"2026-02-24T14:55:41","slug":"lampe-de-sel-himalaya-brute-2-3kg","status":"publish","type":"product","link":"https:\/\/hecate-energie-magie.com\/index.php\/produit\/lampe-de-sel-himalaya-brute-2-3kg\/","title":{"rendered":"Lampe de Sel Himalaya brute 2-3kg"},"content":{"rendered":"<h1 style=\"text-align: center;\"><span style=\"font-size: 35px; font-family: Carattere;\"><strong>La Lampe de Sel de l&rsquo;Himalaya purifie l\u2019air environnant<\/strong> :<\/span><\/h1>\n<p style=\"text-align: center;\"><span style=\"font-size: 30px; font-family: Carattere;\">Leur propri\u00e9t\u00e9 hygroscopique leur permet d&rsquo;absorber l&rsquo;humidit\u00e9 de la pi\u00e8ce, pi\u00e9geant au passage les impuret\u00e9s, les allerg\u00e8nes, et les particules en suspension.<\/span><\/p>\n<h1 style=\"text-align: center;\"><span style=\"font-size: 35px; font-family: Carattere;\"><strong>La Lampe de Sel de l&rsquo;Himalaya apaisante et relaxante :<\/strong><\/span><\/h1>\n<p style=\"text-align: center;\"><span style=\"font-size: 30px; font-family: Carattere;\">Les <strong><a href=\"https:\/\/hecate-energie-magie.com\/index.php\/produit\/lampe-de-sel-himalaya-brute-4-5kg\/\">lampes de sel<\/a><\/strong> ont la capacit\u00e9 d&rsquo;\u00e9mettre des ions n\u00e9gatifs de mani\u00e8re naturelle.<\/span><\/p>\n<p style=\"text-align: center;\"><span style=\"font-size: 30px; font-family: Carattere;\">Ces ions n\u00e9gatifs contribuent \u00e0 \u00e9quilibrer les ions de l&rsquo;environnement en neutralisant les ions positifs produits notamment par les appareils \u00e9lectroniques qui nous entoure. Les ions n\u00e9gatifs am\u00e9liorent \u00e9galement l&rsquo;humeur, r\u00e9duisent le stress et augmentent la concentration.\u00a0<\/span><\/p>\n<p>&nbsp;<\/p>\n<p><span style=\"font-size: 30px; font-family: Carattere;\">Pr\u00e9cautions d&rsquo;usage :<\/span><\/p>\n<ul>\n<li><span style=\"font-size: 30px; font-family: Carattere;\">Pour profiter des ses bienfaits il est recommand\u00e9 d\u2019utiliser la lampe de sel plusieurs heures\u00a0par jour en la maintenant allum\u00e9e et ainsi \u00e9vaporer l&rsquo;eau et lib\u00e9rer les ions n\u00e9gatifs.<\/span><\/li>\n<li><span style=\"font-size: 30px; font-family: Carattere;\">Ne jamais utiliser une lampe de sel dans une pi\u00e8ce humide ou une pi\u00e8ce d&rsquo;eau pour garantir sa long\u00e9vit\u00e9 car l&rsquo;humidit\u00e9 peut dissoudre les cristaux.\u00a0<\/span><\/li>\n<li><span style=\"font-size: 30px; font-family: Carattere;\">Ne jamais plonger la lampe dans l&rsquo;eau car le sel peut se dissoudre.<\/span><\/li>\n<li><span style=\"font-size: 30px; font-family: Carattere;\">Pour enlever la poussi\u00e8re sur la lampe, essuyer la avec un chiffon sec, L&rsquo;entretien r\u00e9gulier pr\u00e9serve la beaut\u00e9 et les propri\u00e9t\u00e9s de la lampe.<\/span><\/li>\n<li><span style=\"font-size: 30px; font-family: Carattere;\">Lorsque vous n&rsquo;utilisez pas la lampe pendant une p\u00e9riode prolong\u00e9e, d\u00e9branchez la et rangez la dans un endroit sec.\u00a0<\/span><\/li>\n<li><span style=\"font-size: 30px; font-family: Carattere;\">Veillez \u00e0 placer la lampe sur une surface stable et \u00e0 l&rsquo;abri des chocs, pour \u00e9viter tout risque de renversement.<\/span><\/li>\n<li><span style=\"font-size: 30px; font-family: Carattere;\">\u00c9vitez de toucher fr\u00e9quemment les cristaux de sel avec les mains mouill\u00e9es, car l&rsquo;humidit\u00e9 peut alt\u00e9rer leur apparence.<\/span><\/li>\n<li><span style=\"font-size: 30px; font-family: Carattere;\">Pour des raisons de s\u00e9curit\u00e9 \u00e9lectrique, assurez vous que la lampe est \u00e9quip\u00e9e d&rsquo;un cordon d&rsquo;alimentation en bon \u00e9tat et branchez la sur une prise s\u00e9curis\u00e9e.<\/span><\/li>\n<li><span style=\"font-size: 30px; font-family: Carattere;\">Gardez la lampe hors de port\u00e9e des enfants et des animaux domestiques, car ils pourraient \u00eatre tent\u00e9s de toucher les cristaux ou de tirer sur le cordon.<\/span><\/li>\n<\/ul>\n<p>&nbsp;<\/p>\n","protected":false},"excerpt":{"rendered":"<p><span style=\"font-family: Carattere; font-size: 30px;\">Lampe de sel avec ampoule, kit \u00e9lectrique norme CE et socle en bois.<\/span><\/p>\n<p><span style=\"font-family: Carattere; font-size: 30px;\">Hauteur environ 21 cm.<\/span><\/p>\n<p><span style=\"font-family: Carattere; font-size: 30px;\">Poids entre 2 et 3 Kg.<\/span><\/p>\n<p><span style=\"font-family: Carattere; font-size: 30px;\">Provenance Pakistan.<\/span><\/p>\n","protected":false},"featured_media":2059,"comment_status":"open","ping_status":"closed","template":"","meta":[],"product_brand":[],"product_cat":[133],"product_tag":[136,135,134],"class_list":{"0":"post-1264","1":"product","2":"type-product","3":"status-publish","4":"has-post-thumbnail","6":"product_cat-lampes-de-sel","7":"product_tag-brute","8":"product_tag-himalaya","9":"product_tag-lampe-de-sel","10":"product_shipping_class-poids","12":"first","13":"instock","14":"shipping-taxable","15":"purchasable","16":"product-type-simple"},"yoast_head":"<!-- This site is optimized with the Yoast SEO plugin v27.3 - https:\/\/yoast.com\/product\/yoast-seo-wordpress\/ -->\n<title>Lampe de Sel Himalaya brute 2-3kg - H\u00e9cate Energie et Magie<\/title>\n<meta name=\"description\" content=\"La Lampe de Sel de l&#039;Himalaya purifie l\u2019air environnant gr\u00e2ce a sa propri\u00e9t\u00e9 hygroscopique qui lui permet d&#039;absorber l&#039;humidit\u00e9 de la pi\u00e8ce et elle est \u00e9galement apaisante car elle a la capacit\u00e9 d&#039;\u00e9mettre des ions n\u00e9gatifs de mani\u00e8re naturelle.\" \/>\n<meta name=\"robots\" content=\"index, follow, max-snippet:-1, max-image-preview:large, max-video-preview:-1\" \/>\n<link rel=\"canonical\" href=\"https:\/\/hecate-energie-magie.com\/index.php\/produit\/lampe-de-sel-himalaya-brute-2-3kg\/\" \/>\n<meta property=\"og:locale\" content=\"fr_FR\" \/>\n<meta property=\"og:type\" content=\"article\" \/>\n<meta property=\"og:title\" content=\"Lampe de Sel Himalaya brute 2-3kg - H\u00e9cate Energie et Magie\" \/>\n<meta property=\"og:description\" content=\"La Lampe de Sel de l&#039;Himalaya purifie l\u2019air environnant gr\u00e2ce a sa propri\u00e9t\u00e9 hygroscopique qui lui permet d&#039;absorber l&#039;humidit\u00e9 de la pi\u00e8ce et elle est \u00e9galement apaisante car elle a la capacit\u00e9 d&#039;\u00e9mettre des ions n\u00e9gatifs de mani\u00e8re naturelle.\" \/>\n<meta property=\"og:url\" content=\"https:\/\/hecate-energie-magie.com\/index.php\/produit\/lampe-de-sel-himalaya-brute-2-3kg\/\" \/>\n<meta property=\"og:site_name\" content=\"H\u00e9cate Energie et Magie\" \/>\n<meta property=\"article:publisher\" content=\"https:\/\/www.facebook.com\/profile.php?id=61557502523365\" \/>\n<meta property=\"article:modified_time\" content=\"2026-02-24T14:55:41+00:00\" \/>\n<meta property=\"og:image\" content=\"https:\/\/hecate-energie-magie.com\/wp-content\/uploads\/2024\/11\/1771762549756-scaled.jpg\" \/>\n\t<meta property=\"og:image:width\" content=\"1832\" \/>\n\t<meta property=\"og:image:height\" content=\"2560\" \/>\n\t<meta property=\"og:image:type\" content=\"image\/jpeg\" \/>\n<meta name=\"twitter:card\" content=\"summary_large_image\" \/>\n<meta name=\"twitter:label1\" content=\"Dur\u00e9e de lecture estim\u00e9e\" \/>\n\t<meta name=\"twitter:data1\" content=\"2 minutes\" \/>\n<script type=\"application\/ld+json\" class=\"yoast-schema-graph\">{\"@context\":\"https:\\\/\\\/schema.org\",\"@graph\":[{\"@type\":\"WebPage\",\"@id\":\"https:\\\/\\\/hecate-energie-magie.com\\\/index.php\\\/produit\\\/lampe-de-sel-himalaya-brute-2-3kg\\\/\",\"url\":\"https:\\\/\\\/hecate-energie-magie.com\\\/index.php\\\/produit\\\/lampe-de-sel-himalaya-brute-2-3kg\\\/\",\"name\":\"Lampe de Sel Himalaya brute 2-3kg - H\u00e9cate Energie et Magie\",\"isPartOf\":{\"@id\":\"https:\\\/\\\/hecate-energie-magie.com\\\/#website\"},\"primaryImageOfPage\":{\"@id\":\"https:\\\/\\\/hecate-energie-magie.com\\\/index.php\\\/produit\\\/lampe-de-sel-himalaya-brute-2-3kg\\\/#primaryimage\"},\"image\":{\"@id\":\"https:\\\/\\\/hecate-energie-magie.com\\\/index.php\\\/produit\\\/lampe-de-sel-himalaya-brute-2-3kg\\\/#primaryimage\"},\"thumbnailUrl\":\"https:\\\/\\\/i0.wp.com\\\/hecate-energie-magie.com\\\/wp-content\\\/uploads\\\/2024\\\/11\\\/1771762549756-scaled.jpg?fit=1832%2C2560&ssl=1\",\"datePublished\":\"2024-11-14T10:42:44+00:00\",\"dateModified\":\"2026-02-24T14:55:41+00:00\",\"description\":\"La Lampe de Sel de l'Himalaya purifie l\u2019air environnant gr\u00e2ce a sa propri\u00e9t\u00e9 hygroscopique qui lui permet d'absorber l'humidit\u00e9 de la pi\u00e8ce et elle est \u00e9galement apaisante car elle a la capacit\u00e9 d'\u00e9mettre des ions n\u00e9gatifs de mani\u00e8re naturelle.\",\"breadcrumb\":{\"@id\":\"https:\\\/\\\/hecate-energie-magie.com\\\/index.php\\\/produit\\\/lampe-de-sel-himalaya-brute-2-3kg\\\/#breadcrumb\"},\"inLanguage\":\"fr-FR\",\"potentialAction\":[{\"@type\":\"ReadAction\",\"target\":[\"https:\\\/\\\/hecate-energie-magie.com\\\/index.php\\\/produit\\\/lampe-de-sel-himalaya-brute-2-3kg\\\/\"]}]},{\"@type\":\"ImageObject\",\"inLanguage\":\"fr-FR\",\"@id\":\"https:\\\/\\\/hecate-energie-magie.com\\\/index.php\\\/produit\\\/lampe-de-sel-himalaya-brute-2-3kg\\\/#primaryimage\",\"url\":\"https:\\\/\\\/i0.wp.com\\\/hecate-energie-magie.com\\\/wp-content\\\/uploads\\\/2024\\\/11\\\/1771762549756-scaled.jpg?fit=1832%2C2560&ssl=1\",\"contentUrl\":\"https:\\\/\\\/i0.wp.com\\\/hecate-energie-magie.com\\\/wp-content\\\/uploads\\\/2024\\\/11\\\/1771762549756-scaled.jpg?fit=1832%2C2560&ssl=1\",\"width\":1832,\"height\":2560,\"caption\":\"Lampe de Sel Himalaya brute 2-3kg\"},{\"@type\":\"BreadcrumbList\",\"@id\":\"https:\\\/\\\/hecate-energie-magie.com\\\/index.php\\\/produit\\\/lampe-de-sel-himalaya-brute-2-3kg\\\/#breadcrumb\",\"itemListElement\":[{\"@type\":\"ListItem\",\"position\":1,\"name\":\"Accueil\",\"item\":\"https:\\\/\\\/hecate-energie-magie.com\\\/\"},{\"@type\":\"ListItem\",\"position\":2,\"name\":\"Boutique\",\"item\":\"https:\\\/\\\/hecate-energie-magie.com\\\/index.php\\\/boutique\\\/\"},{\"@type\":\"ListItem\",\"position\":3,\"name\":\"Lampe de Sel Himalaya brute 2-3kg\"}]},{\"@type\":\"WebSite\",\"@id\":\"https:\\\/\\\/hecate-energie-magie.com\\\/#website\",\"url\":\"https:\\\/\\\/hecate-energie-magie.com\\\/\",\"name\":\"H\u00e9cate Energie et Magie\",\"description\":\"H\u00e9cate Energie et Magie\",\"publisher\":{\"@id\":\"https:\\\/\\\/hecate-energie-magie.com\\\/#organization\"},\"potentialAction\":[{\"@type\":\"SearchAction\",\"target\":{\"@type\":\"EntryPoint\",\"urlTemplate\":\"https:\\\/\\\/hecate-energie-magie.com\\\/?s={search_term_string}\"},\"query-input\":{\"@type\":\"PropertyValueSpecification\",\"valueRequired\":true,\"valueName\":\"search_term_string\"}}],\"inLanguage\":\"fr-FR\"},{\"@type\":\"Organization\",\"@id\":\"https:\\\/\\\/hecate-energie-magie.com\\\/#organization\",\"name\":\"H\u00e9cate Energie et Magie\",\"url\":\"https:\\\/\\\/hecate-energie-magie.com\\\/\",\"logo\":{\"@type\":\"ImageObject\",\"inLanguage\":\"fr-FR\",\"@id\":\"https:\\\/\\\/hecate-energie-magie.com\\\/#\\\/schema\\\/logo\\\/image\\\/\",\"url\":\"https:\\\/\\\/i0.wp.com\\\/hecate-energie-magie.com\\\/wp-content\\\/uploads\\\/2024\\\/09\\\/cropped-LOGO-HECATE.png?fit=500%2C500&ssl=1\",\"contentUrl\":\"https:\\\/\\\/i0.wp.com\\\/hecate-energie-magie.com\\\/wp-content\\\/uploads\\\/2024\\\/09\\\/cropped-LOGO-HECATE.png?fit=500%2C500&ssl=1\",\"width\":500,\"height\":500,\"caption\":\"H\u00e9cate Energie et Magie\"},\"image\":{\"@id\":\"https:\\\/\\\/hecate-energie-magie.com\\\/#\\\/schema\\\/logo\\\/image\\\/\"},\"sameAs\":[\"https:\\\/\\\/www.facebook.com\\\/profile.php?id=61557502523365\"]}]}<\/script>\n<!-- \/ Yoast SEO plugin. -->","yoast_head_json":{"title":"Lampe de Sel Himalaya brute 2-3kg - H\u00e9cate Energie et Magie","description":"La Lampe de Sel de l'Himalaya purifie l\u2019air environnant gr\u00e2ce a sa propri\u00e9t\u00e9 hygroscopique qui lui permet d'absorber l'humidit\u00e9 de la pi\u00e8ce et elle est \u00e9galement apaisante car elle a la capacit\u00e9 d'\u00e9mettre des ions n\u00e9gatifs de mani\u00e8re naturelle.","robots":{"index":"index","follow":"follow","max-snippet":"max-snippet:-1","max-image-preview":"max-image-preview:large","max-video-preview":"max-video-preview:-1"},"canonical":"https:\/\/hecate-energie-magie.com\/index.php\/produit\/lampe-de-sel-himalaya-brute-2-3kg\/","og_locale":"fr_FR","og_type":"article","og_title":"Lampe de Sel Himalaya brute 2-3kg - H\u00e9cate Energie et Magie","og_description":"La Lampe de Sel de l'Himalaya purifie l\u2019air environnant gr\u00e2ce a sa propri\u00e9t\u00e9 hygroscopique qui lui permet d'absorber l'humidit\u00e9 de la pi\u00e8ce et elle est \u00e9galement apaisante car elle a la capacit\u00e9 d'\u00e9mettre des ions n\u00e9gatifs de mani\u00e8re naturelle.","og_url":"https:\/\/hecate-energie-magie.com\/index.php\/produit\/lampe-de-sel-himalaya-brute-2-3kg\/","og_site_name":"H\u00e9cate Energie et Magie","article_publisher":"https:\/\/www.facebook.com\/profile.php?id=61557502523365","article_modified_time":"2026-02-24T14:55:41+00:00","og_image":[{"width":1832,"height":2560,"url":"https:\/\/hecate-energie-magie.com\/wp-content\/uploads\/2024\/11\/1771762549756-scaled.jpg","type":"image\/jpeg"}],"twitter_card":"summary_large_image","twitter_misc":{"Dur\u00e9e de lecture estim\u00e9e":"2 minutes"},"schema":{"@context":"https:\/\/schema.org","@graph":[{"@type":"WebPage","@id":"https:\/\/hecate-energie-magie.com\/index.php\/produit\/lampe-de-sel-himalaya-brute-2-3kg\/","url":"https:\/\/hecate-energie-magie.com\/index.php\/produit\/lampe-de-sel-himalaya-brute-2-3kg\/","name":"Lampe de Sel Himalaya brute 2-3kg - H\u00e9cate Energie et Magie","isPartOf":{"@id":"https:\/\/hecate-energie-magie.com\/#website"},"primaryImageOfPage":{"@id":"https:\/\/hecate-energie-magie.com\/index.php\/produit\/lampe-de-sel-himalaya-brute-2-3kg\/#primaryimage"},"image":{"@id":"https:\/\/hecate-energie-magie.com\/index.php\/produit\/lampe-de-sel-himalaya-brute-2-3kg\/#primaryimage"},"thumbnailUrl":"https:\/\/i0.wp.com\/hecate-energie-magie.com\/wp-content\/uploads\/2024\/11\/1771762549756-scaled.jpg?fit=1832%2C2560&ssl=1","datePublished":"2024-11-14T10:42:44+00:00","dateModified":"2026-02-24T14:55:41+00:00","description":"La Lampe de Sel de l'Himalaya purifie l\u2019air environnant gr\u00e2ce a sa propri\u00e9t\u00e9 hygroscopique qui lui permet d'absorber l'humidit\u00e9 de la pi\u00e8ce et elle est \u00e9galement apaisante car elle a la capacit\u00e9 d'\u00e9mettre des ions n\u00e9gatifs de mani\u00e8re naturelle.","breadcrumb":{"@id":"https:\/\/hecate-energie-magie.com\/index.php\/produit\/lampe-de-sel-himalaya-brute-2-3kg\/#breadcrumb"},"inLanguage":"fr-FR","potentialAction":[{"@type":"ReadAction","target":["https:\/\/hecate-energie-magie.com\/index.php\/produit\/lampe-de-sel-himalaya-brute-2-3kg\/"]}]},{"@type":"ImageObject","inLanguage":"fr-FR","@id":"https:\/\/hecate-energie-magie.com\/index.php\/produit\/lampe-de-sel-himalaya-brute-2-3kg\/#primaryimage","url":"https:\/\/i0.wp.com\/hecate-energie-magie.com\/wp-content\/uploads\/2024\/11\/1771762549756-scaled.jpg?fit=1832%2C2560&ssl=1","contentUrl":"https:\/\/i0.wp.com\/hecate-energie-magie.com\/wp-content\/uploads\/2024\/11\/1771762549756-scaled.jpg?fit=1832%2C2560&ssl=1","width":1832,"height":2560,"caption":"Lampe de Sel Himalaya brute 2-3kg"},{"@type":"BreadcrumbList","@id":"https:\/\/hecate-energie-magie.com\/index.php\/produit\/lampe-de-sel-himalaya-brute-2-3kg\/#breadcrumb","itemListElement":[{"@type":"ListItem","position":1,"name":"Accueil","item":"https:\/\/hecate-energie-magie.com\/"},{"@type":"ListItem","position":2,"name":"Boutique","item":"https:\/\/hecate-energie-magie.com\/index.php\/boutique\/"},{"@type":"ListItem","position":3,"name":"Lampe de Sel Himalaya brute 2-3kg"}]},{"@type":"WebSite","@id":"https:\/\/hecate-energie-magie.com\/#website","url":"https:\/\/hecate-energie-magie.com\/","name":"H\u00e9cate Energie et Magie","description":"H\u00e9cate Energie et Magie","publisher":{"@id":"https:\/\/hecate-energie-magie.com\/#organization"},"potentialAction":[{"@type":"SearchAction","target":{"@type":"EntryPoint","urlTemplate":"https:\/\/hecate-energie-magie.com\/?s={search_term_string}"},"query-input":{"@type":"PropertyValueSpecification","valueRequired":true,"valueName":"search_term_string"}}],"inLanguage":"fr-FR"},{"@type":"Organization","@id":"https:\/\/hecate-energie-magie.com\/#organization","name":"H\u00e9cate Energie et Magie","url":"https:\/\/hecate-energie-magie.com\/","logo":{"@type":"ImageObject","inLanguage":"fr-FR","@id":"https:\/\/hecate-energie-magie.com\/#\/schema\/logo\/image\/","url":"https:\/\/i0.wp.com\/hecate-energie-magie.com\/wp-content\/uploads\/2024\/09\/cropped-LOGO-HECATE.png?fit=500%2C500&ssl=1","contentUrl":"https:\/\/i0.wp.com\/hecate-energie-magie.com\/wp-content\/uploads\/2024\/09\/cropped-LOGO-HECATE.png?fit=500%2C500&ssl=1","width":500,"height":500,"caption":"H\u00e9cate Energie et Magie"},"image":{"@id":"https:\/\/hecate-energie-magie.com\/#\/schema\/logo\/image\/"},"sameAs":["https:\/\/www.facebook.com\/profile.php?id=61557502523365"]}]}},"jetpack_sharing_enabled":true,"_links":{"self":[{"href":"https:\/\/hecate-energie-magie.com\/index.php\/wp-json\/wp\/v2\/product\/1264","targetHints":{"allow":["GET"]}}],"collection":[{"href":"https:\/\/hecate-energie-magie.com\/index.php\/wp-json\/wp\/v2\/product"}],"about":[{"href":"https:\/\/hecate-energie-magie.com\/index.php\/wp-json\/wp\/v2\/types\/product"}],"replies":[{"embeddable":true,"href":"https:\/\/hecate-energie-magie.com\/index.php\/wp-json\/wp\/v2\/comments?post=1264"}],"wp:featuredmedia":[{"embeddable":true,"href":"https:\/\/hecate-energie-magie.com\/index.php\/wp-json\/wp\/v2\/media\/2059"}],"wp:attachment":[{"href":"https:\/\/hecate-energie-magie.com\/index.php\/wp-json\/wp\/v2\/media?parent=1264"}],"wp:term":[{"taxonomy":"product_brand","embeddable":true,"href":"https:\/\/hecate-energie-magie.com\/index.php\/wp-json\/wp\/v2\/product_brand?post=1264"},{"taxonomy":"product_cat","embeddable":true,"href":"https:\/\/hecate-energie-magie.com\/index.php\/wp-json\/wp\/v2\/product_cat?post=1264"},{"taxonomy":"product_tag","embeddable":true,"href":"https:\/\/hecate-energie-magie.com\/index.php\/wp-json\/wp\/v2\/product_tag?post=1264"}],"curies":[{"name":"wp","href":"https:\/\/api.w.org\/{rel}","templated":true}]}}