{"id":1368,"date":"2025-01-08T12:31:37","date_gmt":"2025-01-08T11:31:37","guid":{"rendered":"https:\/\/hecate-energie-magie.com\/?post_type=product&#038;p=1368"},"modified":"2025-10-02T13:16:51","modified_gmt":"2025-10-02T11:16:51","slug":"encens-ayurvedic-nature-fraiche","status":"publish","type":"product","link":"https:\/\/hecate-energie-magie.com\/index.php\/produit\/encens-ayurvedic-nature-fraiche\/","title":{"rendered":"Encens ayurv\u00e9dic &#8211; Nature Fraiche"},"content":{"rendered":"<h2 style=\"text-align: center;\"><span style=\"font-family: Carattere; font-size: 40px;\"><strong>Encens\u00a0 Ayurv\u00e9dic Nature fraiche<\/strong><\/span><\/h2>\n<p style=\"text-align: center;\"><span style=\"font-family: Carattere; font-size: 27px;\">Les b\u00e2tonnets d&rsquo;encens\u00a0 <\/span><span style=\"font-family: Carattere; font-size: 30px;\">Ayurv\u00e9dic Nature fraiche <\/span><span style=\"font-family: Carattere; font-size: 27px;\">sont naturels et impliquent un m\u00e9lange unique d&rsquo;herbes florales et d&rsquo;huiles.<\/span><\/p>\n<p style=\"text-align: center;\"><span style=\"font-size: 27px; font-family: Carattere;\">Pour allumer le b\u00e2ton, il vous suffit d&rsquo;allumer une extr\u00e9mit\u00e9. Une fois que quelques flammes apparaissent, agitez le b\u00e2ton en l&rsquo;air pour \u00e9teindre les flammes. La braise d\u00e9gagera alors de la fum\u00e9e. Il vous faudra \u00e9galement un r\u00e9cipient type <a href=\"https:\/\/hecate-energie-magie.com\/index.php\/produit\/porte-encens\/\"><strong>porte encens<\/strong><\/a> pour poser le b\u00e2ton, en d\u00e9gager la cendre et surtout l&rsquo;\u00e9teindre.<\/span><\/p>\n<p>&nbsp;<\/p>\n<p><span style=\"font-size: 27px; font-family: Carattere;\"><strong>Certains de nos produits doivent \u00eatre manipul\u00e9s avec pr\u00e9caution et peuvent se r\u00e9v\u00e9ler dangereux s\u2019ils ne sont pas utilis\u00e9s correctement.<br \/>\nVous trouverez ci-dessous quelques pr\u00e9cautions d\u2019utilisations.<\/strong><\/span><\/p>\n<ul>\n<li><span style=\"font-size: 27px; font-family: Carattere;\">Ne jamais laisser la bougie ou l&rsquo;encens allum\u00e9e sans surveillance.<\/span><\/li>\n<li><span style=\"font-size: 27px; font-family: Carattere;\">Ne pas avaler.<\/span><\/li>\n<li><span style=\"font-size: 27px; font-family: Carattere;\">Tenir hors de port\u00e9e des enfants et des animaux.<\/span><\/li>\n<li><span style=\"font-size: 27px; font-family: Carattere;\">Ne jamais placer la bougie ou l&rsquo;encens sur des appareils \u00e9lectroniques ou pr\u00e8s d\u2019une source de chaleur.<\/span><\/li>\n<li><span style=\"font-size: 27px; font-family: Carattere;\">Faites uniquement br\u00fbler votre encens dans une pi\u00e8ce \u00e9quip\u00e9e d\u2019une fen\u00eatre afin de pouvoir a\u00e9rer la pi\u00e8ce.<\/span><\/li>\n<li><span style=\"font-size: 27px; font-family: Carattere;\">Les morceaux d\u2019encens se d\u00e9tachent au fur et \u00e0 mesure de la combustion, il convient de placer ces encens sur des r\u00e9cipients adapt\u00e9s (<a href=\"https:\/\/hecate-energie-magie.com\/index.php\/produit\/porte-encens\/\"><strong>porte encens<\/strong><\/a>) qui vous permettront de tenir le b\u00e2tonnet mais aussi de r\u00e9cup\u00e9rer la cendre.<\/span><\/li>\n<\/ul>\n","protected":false},"excerpt":{"rendered":"<p><span style=\"font-size: 30px; font-family: Carattere;\">Encens ayurv\u00e9dic &#8211; Nature Fraiche<\/span><\/p>\n<p><span style=\"font-family: Carattere; font-size: 30px;\">Paquet de 15g environ (Vendu \u00e0 l&rsquo;unit\u00e9).<\/span><\/p>\n<p><span style=\"font-family: Carattere; font-size: 30px;\">Provenance Inde.<\/span><\/p>\n","protected":false},"featured_media":1426,"comment_status":"open","ping_status":"closed","template":"","meta":[],"product_brand":[],"product_cat":[70],"product_tag":[56,57,55,158,39],"class_list":{"0":"post-1368","1":"product","2":"type-product","3":"status-publish","4":"has-post-thumbnail","6":"product_cat-encens","7":"product_tag-ayurvedic","8":"product_tag-ayurvedique","9":"product_tag-encens","10":"product_tag-nature","11":"product_tag-purification","13":"first","14":"instock","15":"shipping-taxable","16":"purchasable","17":"product-type-simple"},"yoast_head":"<!-- This site is optimized with the Yoast SEO plugin v27.3 - https:\/\/yoast.com\/product\/yoast-seo-wordpress\/ -->\n<title>Encens ayurv\u00e9dic - Nature Fraiche - H\u00e9cate Energie et Magie<\/title>\n<meta name=\"description\" content=\"Les b\u00e2tonnets d&#039;encens Ayurv\u00e9dic Nature fraiche sont naturels et impliquent un m\u00e9lange unique d&#039;herbes florales et d&#039;huiles.\" \/>\n<meta name=\"robots\" content=\"index, follow, max-snippet:-1, max-image-preview:large, max-video-preview:-1\" \/>\n<link rel=\"canonical\" href=\"https:\/\/hecate-energie-magie.com\/index.php\/produit\/encens-ayurvedic-nature-fraiche\/\" \/>\n<meta property=\"og:locale\" content=\"fr_FR\" \/>\n<meta property=\"og:type\" content=\"article\" \/>\n<meta property=\"og:title\" content=\"Encens ayurv\u00e9dic - Nature Fraiche - H\u00e9cate Energie et Magie\" \/>\n<meta property=\"og:description\" content=\"Les b\u00e2tonnets d&#039;encens Ayurv\u00e9dic Nature fraiche sont naturels et impliquent un m\u00e9lange unique d&#039;herbes florales et d&#039;huiles.\" \/>\n<meta property=\"og:url\" content=\"https:\/\/hecate-energie-magie.com\/index.php\/produit\/encens-ayurvedic-nature-fraiche\/\" \/>\n<meta property=\"og:site_name\" content=\"H\u00e9cate Energie et Magie\" \/>\n<meta property=\"article:publisher\" content=\"https:\/\/www.facebook.com\/profile.php?id=61557502523365\" \/>\n<meta property=\"article:modified_time\" content=\"2025-10-02T11:16:51+00:00\" \/>\n<meta property=\"og:image\" content=\"https:\/\/hecate-energie-magie.com\/wp-content\/uploads\/2025\/01\/1736760425887-scaled.jpg\" \/>\n\t<meta property=\"og:image:width\" content=\"1714\" \/>\n\t<meta property=\"og:image:height\" content=\"2560\" \/>\n\t<meta property=\"og:image:type\" content=\"image\/jpeg\" \/>\n<meta name=\"twitter:card\" content=\"summary_large_image\" \/>\n<meta name=\"twitter:label1\" content=\"Dur\u00e9e de lecture estim\u00e9e\" \/>\n\t<meta name=\"twitter:data1\" content=\"2 minutes\" \/>\n<script type=\"application\/ld+json\" class=\"yoast-schema-graph\">{\"@context\":\"https:\\\/\\\/schema.org\",\"@graph\":[{\"@type\":\"WebPage\",\"@id\":\"https:\\\/\\\/hecate-energie-magie.com\\\/index.php\\\/produit\\\/encens-ayurvedic-nature-fraiche\\\/\",\"url\":\"https:\\\/\\\/hecate-energie-magie.com\\\/index.php\\\/produit\\\/encens-ayurvedic-nature-fraiche\\\/\",\"name\":\"Encens ayurv\u00e9dic - Nature Fraiche - H\u00e9cate Energie et Magie\",\"isPartOf\":{\"@id\":\"https:\\\/\\\/hecate-energie-magie.com\\\/#website\"},\"primaryImageOfPage\":{\"@id\":\"https:\\\/\\\/hecate-energie-magie.com\\\/index.php\\\/produit\\\/encens-ayurvedic-nature-fraiche\\\/#primaryimage\"},\"image\":{\"@id\":\"https:\\\/\\\/hecate-energie-magie.com\\\/index.php\\\/produit\\\/encens-ayurvedic-nature-fraiche\\\/#primaryimage\"},\"thumbnailUrl\":\"https:\\\/\\\/i0.wp.com\\\/hecate-energie-magie.com\\\/wp-content\\\/uploads\\\/2025\\\/01\\\/1736760425887-scaled.jpg?fit=1714%2C2560&ssl=1\",\"datePublished\":\"2025-01-08T11:31:37+00:00\",\"dateModified\":\"2025-10-02T11:16:51+00:00\",\"description\":\"Les b\u00e2tonnets d'encens Ayurv\u00e9dic Nature fraiche sont naturels et impliquent un m\u00e9lange unique d'herbes florales et d'huiles.\",\"breadcrumb\":{\"@id\":\"https:\\\/\\\/hecate-energie-magie.com\\\/index.php\\\/produit\\\/encens-ayurvedic-nature-fraiche\\\/#breadcrumb\"},\"inLanguage\":\"fr-FR\",\"potentialAction\":[{\"@type\":\"ReadAction\",\"target\":[\"https:\\\/\\\/hecate-energie-magie.com\\\/index.php\\\/produit\\\/encens-ayurvedic-nature-fraiche\\\/\"]}]},{\"@type\":\"ImageObject\",\"inLanguage\":\"fr-FR\",\"@id\":\"https:\\\/\\\/hecate-energie-magie.com\\\/index.php\\\/produit\\\/encens-ayurvedic-nature-fraiche\\\/#primaryimage\",\"url\":\"https:\\\/\\\/i0.wp.com\\\/hecate-energie-magie.com\\\/wp-content\\\/uploads\\\/2025\\\/01\\\/1736760425887-scaled.jpg?fit=1714%2C2560&ssl=1\",\"contentUrl\":\"https:\\\/\\\/i0.wp.com\\\/hecate-energie-magie.com\\\/wp-content\\\/uploads\\\/2025\\\/01\\\/1736760425887-scaled.jpg?fit=1714%2C2560&ssl=1\",\"width\":1714,\"height\":2560,\"caption\":\"Encens Nature fraiche\"},{\"@type\":\"BreadcrumbList\",\"@id\":\"https:\\\/\\\/hecate-energie-magie.com\\\/index.php\\\/produit\\\/encens-ayurvedic-nature-fraiche\\\/#breadcrumb\",\"itemListElement\":[{\"@type\":\"ListItem\",\"position\":1,\"name\":\"Accueil\",\"item\":\"https:\\\/\\\/hecate-energie-magie.com\\\/\"},{\"@type\":\"ListItem\",\"position\":2,\"name\":\"Boutique\",\"item\":\"https:\\\/\\\/hecate-energie-magie.com\\\/index.php\\\/boutique\\\/\"},{\"@type\":\"ListItem\",\"position\":3,\"name\":\"Encens ayurv\u00e9dic &#8211; Nature Fraiche\"}]},{\"@type\":\"WebSite\",\"@id\":\"https:\\\/\\\/hecate-energie-magie.com\\\/#website\",\"url\":\"https:\\\/\\\/hecate-energie-magie.com\\\/\",\"name\":\"H\u00e9cate Energie et Magie\",\"description\":\"H\u00e9cate Energie et Magie\",\"publisher\":{\"@id\":\"https:\\\/\\\/hecate-energie-magie.com\\\/#organization\"},\"potentialAction\":[{\"@type\":\"SearchAction\",\"target\":{\"@type\":\"EntryPoint\",\"urlTemplate\":\"https:\\\/\\\/hecate-energie-magie.com\\\/?s={search_term_string}\"},\"query-input\":{\"@type\":\"PropertyValueSpecification\",\"valueRequired\":true,\"valueName\":\"search_term_string\"}}],\"inLanguage\":\"fr-FR\"},{\"@type\":\"Organization\",\"@id\":\"https:\\\/\\\/hecate-energie-magie.com\\\/#organization\",\"name\":\"H\u00e9cate Energie et Magie\",\"url\":\"https:\\\/\\\/hecate-energie-magie.com\\\/\",\"logo\":{\"@type\":\"ImageObject\",\"inLanguage\":\"fr-FR\",\"@id\":\"https:\\\/\\\/hecate-energie-magie.com\\\/#\\\/schema\\\/logo\\\/image\\\/\",\"url\":\"https:\\\/\\\/i0.wp.com\\\/hecate-energie-magie.com\\\/wp-content\\\/uploads\\\/2024\\\/09\\\/cropped-LOGO-HECATE.png?fit=500%2C500&ssl=1\",\"contentUrl\":\"https:\\\/\\\/i0.wp.com\\\/hecate-energie-magie.com\\\/wp-content\\\/uploads\\\/2024\\\/09\\\/cropped-LOGO-HECATE.png?fit=500%2C500&ssl=1\",\"width\":500,\"height\":500,\"caption\":\"H\u00e9cate Energie et Magie\"},\"image\":{\"@id\":\"https:\\\/\\\/hecate-energie-magie.com\\\/#\\\/schema\\\/logo\\\/image\\\/\"},\"sameAs\":[\"https:\\\/\\\/www.facebook.com\\\/profile.php?id=61557502523365\"]}]}<\/script>\n<!-- \/ Yoast SEO plugin. -->","yoast_head_json":{"title":"Encens ayurv\u00e9dic - Nature Fraiche - H\u00e9cate Energie et Magie","description":"Les b\u00e2tonnets d'encens Ayurv\u00e9dic Nature fraiche sont naturels et impliquent un m\u00e9lange unique d'herbes florales et d'huiles.","robots":{"index":"index","follow":"follow","max-snippet":"max-snippet:-1","max-image-preview":"max-image-preview:large","max-video-preview":"max-video-preview:-1"},"canonical":"https:\/\/hecate-energie-magie.com\/index.php\/produit\/encens-ayurvedic-nature-fraiche\/","og_locale":"fr_FR","og_type":"article","og_title":"Encens ayurv\u00e9dic - Nature Fraiche - H\u00e9cate Energie et Magie","og_description":"Les b\u00e2tonnets d'encens Ayurv\u00e9dic Nature fraiche sont naturels et impliquent un m\u00e9lange unique d'herbes florales et d'huiles.","og_url":"https:\/\/hecate-energie-magie.com\/index.php\/produit\/encens-ayurvedic-nature-fraiche\/","og_site_name":"H\u00e9cate Energie et Magie","article_publisher":"https:\/\/www.facebook.com\/profile.php?id=61557502523365","article_modified_time":"2025-10-02T11:16:51+00:00","og_image":[{"width":1714,"height":2560,"url":"https:\/\/hecate-energie-magie.com\/wp-content\/uploads\/2025\/01\/1736760425887-scaled.jpg","type":"image\/jpeg"}],"twitter_card":"summary_large_image","twitter_misc":{"Dur\u00e9e de lecture estim\u00e9e":"2 minutes"},"schema":{"@context":"https:\/\/schema.org","@graph":[{"@type":"WebPage","@id":"https:\/\/hecate-energie-magie.com\/index.php\/produit\/encens-ayurvedic-nature-fraiche\/","url":"https:\/\/hecate-energie-magie.com\/index.php\/produit\/encens-ayurvedic-nature-fraiche\/","name":"Encens ayurv\u00e9dic - Nature Fraiche - H\u00e9cate Energie et Magie","isPartOf":{"@id":"https:\/\/hecate-energie-magie.com\/#website"},"primaryImageOfPage":{"@id":"https:\/\/hecate-energie-magie.com\/index.php\/produit\/encens-ayurvedic-nature-fraiche\/#primaryimage"},"image":{"@id":"https:\/\/hecate-energie-magie.com\/index.php\/produit\/encens-ayurvedic-nature-fraiche\/#primaryimage"},"thumbnailUrl":"https:\/\/i0.wp.com\/hecate-energie-magie.com\/wp-content\/uploads\/2025\/01\/1736760425887-scaled.jpg?fit=1714%2C2560&ssl=1","datePublished":"2025-01-08T11:31:37+00:00","dateModified":"2025-10-02T11:16:51+00:00","description":"Les b\u00e2tonnets d'encens Ayurv\u00e9dic Nature fraiche sont naturels et impliquent un m\u00e9lange unique d'herbes florales et d'huiles.","breadcrumb":{"@id":"https:\/\/hecate-energie-magie.com\/index.php\/produit\/encens-ayurvedic-nature-fraiche\/#breadcrumb"},"inLanguage":"fr-FR","potentialAction":[{"@type":"ReadAction","target":["https:\/\/hecate-energie-magie.com\/index.php\/produit\/encens-ayurvedic-nature-fraiche\/"]}]},{"@type":"ImageObject","inLanguage":"fr-FR","@id":"https:\/\/hecate-energie-magie.com\/index.php\/produit\/encens-ayurvedic-nature-fraiche\/#primaryimage","url":"https:\/\/i0.wp.com\/hecate-energie-magie.com\/wp-content\/uploads\/2025\/01\/1736760425887-scaled.jpg?fit=1714%2C2560&ssl=1","contentUrl":"https:\/\/i0.wp.com\/hecate-energie-magie.com\/wp-content\/uploads\/2025\/01\/1736760425887-scaled.jpg?fit=1714%2C2560&ssl=1","width":1714,"height":2560,"caption":"Encens Nature fraiche"},{"@type":"BreadcrumbList","@id":"https:\/\/hecate-energie-magie.com\/index.php\/produit\/encens-ayurvedic-nature-fraiche\/#breadcrumb","itemListElement":[{"@type":"ListItem","position":1,"name":"Accueil","item":"https:\/\/hecate-energie-magie.com\/"},{"@type":"ListItem","position":2,"name":"Boutique","item":"https:\/\/hecate-energie-magie.com\/index.php\/boutique\/"},{"@type":"ListItem","position":3,"name":"Encens ayurv\u00e9dic &#8211; Nature Fraiche"}]},{"@type":"WebSite","@id":"https:\/\/hecate-energie-magie.com\/#website","url":"https:\/\/hecate-energie-magie.com\/","name":"H\u00e9cate Energie et Magie","description":"H\u00e9cate Energie et Magie","publisher":{"@id":"https:\/\/hecate-energie-magie.com\/#organization"},"potentialAction":[{"@type":"SearchAction","target":{"@type":"EntryPoint","urlTemplate":"https:\/\/hecate-energie-magie.com\/?s={search_term_string}"},"query-input":{"@type":"PropertyValueSpecification","valueRequired":true,"valueName":"search_term_string"}}],"inLanguage":"fr-FR"},{"@type":"Organization","@id":"https:\/\/hecate-energie-magie.com\/#organization","name":"H\u00e9cate Energie et Magie","url":"https:\/\/hecate-energie-magie.com\/","logo":{"@type":"ImageObject","inLanguage":"fr-FR","@id":"https:\/\/hecate-energie-magie.com\/#\/schema\/logo\/image\/","url":"https:\/\/i0.wp.com\/hecate-energie-magie.com\/wp-content\/uploads\/2024\/09\/cropped-LOGO-HECATE.png?fit=500%2C500&ssl=1","contentUrl":"https:\/\/i0.wp.com\/hecate-energie-magie.com\/wp-content\/uploads\/2024\/09\/cropped-LOGO-HECATE.png?fit=500%2C500&ssl=1","width":500,"height":500,"caption":"H\u00e9cate Energie et Magie"},"image":{"@id":"https:\/\/hecate-energie-magie.com\/#\/schema\/logo\/image\/"},"sameAs":["https:\/\/www.facebook.com\/profile.php?id=61557502523365"]}]}},"jetpack_sharing_enabled":true,"_links":{"self":[{"href":"https:\/\/hecate-energie-magie.com\/index.php\/wp-json\/wp\/v2\/product\/1368","targetHints":{"allow":["GET"]}}],"collection":[{"href":"https:\/\/hecate-energie-magie.com\/index.php\/wp-json\/wp\/v2\/product"}],"about":[{"href":"https:\/\/hecate-energie-magie.com\/index.php\/wp-json\/wp\/v2\/types\/product"}],"replies":[{"embeddable":true,"href":"https:\/\/hecate-energie-magie.com\/index.php\/wp-json\/wp\/v2\/comments?post=1368"}],"wp:featuredmedia":[{"embeddable":true,"href":"https:\/\/hecate-energie-magie.com\/index.php\/wp-json\/wp\/v2\/media\/1426"}],"wp:attachment":[{"href":"https:\/\/hecate-energie-magie.com\/index.php\/wp-json\/wp\/v2\/media?parent=1368"}],"wp:term":[{"taxonomy":"product_brand","embeddable":true,"href":"https:\/\/hecate-energie-magie.com\/index.php\/wp-json\/wp\/v2\/product_brand?post=1368"},{"taxonomy":"product_cat","embeddable":true,"href":"https:\/\/hecate-energie-magie.com\/index.php\/wp-json\/wp\/v2\/product_cat?post=1368"},{"taxonomy":"product_tag","embeddable":true,"href":"https:\/\/hecate-energie-magie.com\/index.php\/wp-json\/wp\/v2\/product_tag?post=1368"}],"curies":[{"name":"wp","href":"https:\/\/api.w.org\/{rel}","templated":true}]}}