{"id":1372,"date":"2025-01-08T15:48:25","date_gmt":"2025-01-08T14:48:25","guid":{"rendered":"https:\/\/hecate-energie-magie.com\/?post_type=product&#038;p=1372"},"modified":"2025-01-23T15:15:15","modified_gmt":"2025-01-23T14:15:15","slug":"jardin-zen-sel-himalaya","status":"publish","type":"product","link":"https:\/\/hecate-energie-magie.com\/index.php\/produit\/jardin-zen-sel-himalaya\/","title":{"rendered":"Jardin Zen Sel Himalaya"},"content":{"rendered":"<p style=\"text-align: center;\"><span style=\"font-size: 30px; font-family: Carattere;\"><a href=\"https:\/\/hecate-energie-magie.com\/index.php\/produit\/jardin-zen-bouddha\/\"><strong>Jardin Zen<\/strong><\/a> en bois et <strong><a href=\"https:\/\/hecate-energie-magie.com\/index.php\/produit\/lampe-de-sel-himalaya-brute-2-3kg\/\">sel de l&rsquo;Himalaya<\/a><\/strong> pour m\u00e9ditation, relaxation et d\u00e9coration d&rsquo;int\u00e9rieur.<\/span><\/p>\n<p style=\"text-align: center;\"><span style=\"font-size: 30px; font-family: Carattere;\">Fourni avec le kit \u00e9lectrique \u00e9clairage USB.<\/span><\/p>\n<p style=\"text-align: center;\"><span style=\"font-size: 30px;\">Livr\u00e9 en kit \u00e0 monter soi-m\u00eame selon ses propres envies !<\/span><\/p>\n<p>&nbsp;<\/p>\n<p style=\"text-align: center;\"><span style=\"font-size: 30px; font-family: Carattere;\"><strong>Le Sel de L&rsquo;Himalaya :<\/strong><\/span><\/p>\n<p style=\"text-align: center;\"><span style=\"font-size: 30px; font-family: Carattere;\">Il permet d&rsquo;absorber l&rsquo;humidit\u00e9 de la pi\u00e8ce, pi\u00e9geant au passage les impuret\u00e9s, les allerg\u00e8nes, et les particules en suspension.<\/span><\/p>\n<p style=\"text-align: center;\"><span style=\"font-size: 30px; font-family: Carattere;\">Il a la capacit\u00e9 d&rsquo;\u00e9mettre des ions n\u00e9gatifs de mani\u00e8re naturelle.<\/span><\/p>\n<p style=\"text-align: center;\"><span style=\"font-size: 30px; font-family: Carattere;\">Ces ions n\u00e9gatifs contribuent \u00e0 \u00e9quilibrer les ions de l&rsquo;environnement en neutralisant les ions positifs produits notamment par les appareils \u00e9lectroniques qui nous entoure. Les ions n\u00e9gatifs am\u00e9liorent \u00e9galement l&rsquo;humeur, r\u00e9duisent le stress et augmentent la concentration.\u00a0<\/span><\/p>\n<p>&nbsp;<\/p>\n<p><span style=\"font-size: 27px; font-family: Carattere;\">Pr\u00e9cautions d&rsquo;usage :<\/span><\/p>\n<ul>\n<li><span style=\"font-size: 27px; font-family: Carattere;\">Ne jamais utiliser dans une pi\u00e8ce humide ou une pi\u00e8ce d&rsquo;eau pour garantir sa long\u00e9vit\u00e9 car l&rsquo;humidit\u00e9 peut dissoudre les cristaux de sel.\u00a0<\/span><\/li>\n<li><span style=\"font-size: 27px; font-family: Carattere;\">Ne jamais plonger dans l&rsquo;eau car le sel peut se dissoudre.<\/span><\/li>\n<li><span style=\"font-size: 27px; font-family: Carattere;\">\u00c9vitez de toucher fr\u00e9quemment les cristaux de sel avec les mains mouill\u00e9es, car l&rsquo;humidit\u00e9 peut alt\u00e9rer leur apparence.<\/span><\/li>\n<li><span style=\"font-size: 27px; font-family: Carattere;\">Pour des raisons de s\u00e9curit\u00e9 \u00e9lectrique, assurez vous que la lampe est \u00e9quip\u00e9e d&rsquo;un cordon d&rsquo;alimentation en bon \u00e9tat et branchez la sur une prise s\u00e9curis\u00e9e.<\/span><\/li>\n<li><span style=\"font-size: 27px; font-family: Carattere;\">Gardez hors de port\u00e9e des enfants et des animaux domestiques, car ils pourraient \u00eatre tent\u00e9s de toucher les cristaux ou de tirer sur le cordon.<\/span><\/li>\n<\/ul>\n<p>&nbsp;<\/p>\n<p><span style=\"font-size: 24px;\">(Photos non contractuelles)<\/span><\/p>\n","protected":false},"excerpt":{"rendered":"<p><span style=\"font-family: Carattere; font-size: 30px;\">Jardin Zen en bois, Sel de l&rsquo;Himalaya.<\/span><\/p>\n<p><span style=\"font-family: Carattere; font-size: 30px;\">Dimensions Base 23,5 x 18,5 x 5cm.<\/span><\/p>\n","protected":false},"featured_media":1419,"comment_status":"open","ping_status":"closed","template":"","meta":[],"product_brand":[],"product_cat":[130],"product_tag":[102,131,61,162],"class_list":{"0":"post-1372","1":"product","2":"type-product","3":"status-publish","4":"has-post-thumbnail","6":"product_cat-jardins-zen","7":"product_tag-bois","8":"product_tag-jardin-zen","9":"product_tag-relaxation","10":"product_tag-sel-de-lhimalaya","11":"product_shipping_class-poids","13":"first","14":"instock","15":"shipping-taxable","16":"purchasable","17":"product-type-simple"},"yoast_head":"<!-- This site is optimized with the Yoast SEO plugin v27.3 - https:\/\/yoast.com\/product\/yoast-seo-wordpress\/ -->\n<title>Jardin Zen Sel Himalaya - H\u00e9cate Energie et Magie<\/title>\n<meta name=\"description\" content=\"Jardin Zen en bois et sel de l&#039;Himalaya pour m\u00e9ditation, relaxation et d\u00e9coration d&#039;int\u00e9rieur. Fourni avec le kit \u00e9lectrique \u00e9clairage USB.\" \/>\n<meta name=\"robots\" content=\"index, follow, max-snippet:-1, max-image-preview:large, max-video-preview:-1\" \/>\n<link rel=\"canonical\" href=\"https:\/\/hecate-energie-magie.com\/index.php\/produit\/jardin-zen-sel-himalaya\/\" \/>\n<meta property=\"og:locale\" content=\"fr_FR\" \/>\n<meta property=\"og:type\" content=\"article\" \/>\n<meta property=\"og:title\" content=\"Jardin Zen Sel Himalaya - H\u00e9cate Energie et Magie\" \/>\n<meta property=\"og:description\" content=\"Jardin Zen en bois et sel de l&#039;Himalaya pour m\u00e9ditation, relaxation et d\u00e9coration d&#039;int\u00e9rieur. Fourni avec le kit \u00e9lectrique \u00e9clairage USB.\" \/>\n<meta property=\"og:url\" content=\"https:\/\/hecate-energie-magie.com\/index.php\/produit\/jardin-zen-sel-himalaya\/\" \/>\n<meta property=\"og:site_name\" content=\"H\u00e9cate Energie et Magie\" \/>\n<meta property=\"article:publisher\" content=\"https:\/\/www.facebook.com\/profile.php?id=61557502523365\" \/>\n<meta property=\"article:modified_time\" content=\"2025-01-23T14:15:15+00:00\" \/>\n<meta property=\"og:image\" content=\"https:\/\/hecate-energie-magie.com\/wp-content\/uploads\/2025\/01\/ZEN-J07.jpg\" \/>\n\t<meta property=\"og:image:width\" content=\"1000\" \/>\n\t<meta property=\"og:image:height\" content=\"573\" \/>\n\t<meta property=\"og:image:type\" content=\"image\/jpeg\" \/>\n<meta name=\"twitter:card\" content=\"summary_large_image\" \/>\n<meta name=\"twitter:label1\" content=\"Dur\u00e9e de lecture estim\u00e9e\" \/>\n\t<meta name=\"twitter:data1\" content=\"2 minutes\" \/>\n<script type=\"application\/ld+json\" class=\"yoast-schema-graph\">{\"@context\":\"https:\\\/\\\/schema.org\",\"@graph\":[{\"@type\":\"WebPage\",\"@id\":\"https:\\\/\\\/hecate-energie-magie.com\\\/index.php\\\/produit\\\/jardin-zen-sel-himalaya\\\/\",\"url\":\"https:\\\/\\\/hecate-energie-magie.com\\\/index.php\\\/produit\\\/jardin-zen-sel-himalaya\\\/\",\"name\":\"Jardin Zen Sel Himalaya - H\u00e9cate Energie et Magie\",\"isPartOf\":{\"@id\":\"https:\\\/\\\/hecate-energie-magie.com\\\/#website\"},\"primaryImageOfPage\":{\"@id\":\"https:\\\/\\\/hecate-energie-magie.com\\\/index.php\\\/produit\\\/jardin-zen-sel-himalaya\\\/#primaryimage\"},\"image\":{\"@id\":\"https:\\\/\\\/hecate-energie-magie.com\\\/index.php\\\/produit\\\/jardin-zen-sel-himalaya\\\/#primaryimage\"},\"thumbnailUrl\":\"https:\\\/\\\/i0.wp.com\\\/hecate-energie-magie.com\\\/wp-content\\\/uploads\\\/2025\\\/01\\\/ZEN-J07.jpg?fit=1000%2C573&ssl=1\",\"datePublished\":\"2025-01-08T14:48:25+00:00\",\"dateModified\":\"2025-01-23T14:15:15+00:00\",\"description\":\"Jardin Zen en bois et sel de l'Himalaya pour m\u00e9ditation, relaxation et d\u00e9coration d'int\u00e9rieur. Fourni avec le kit \u00e9lectrique \u00e9clairage USB.\",\"breadcrumb\":{\"@id\":\"https:\\\/\\\/hecate-energie-magie.com\\\/index.php\\\/produit\\\/jardin-zen-sel-himalaya\\\/#breadcrumb\"},\"inLanguage\":\"fr-FR\",\"potentialAction\":[{\"@type\":\"ReadAction\",\"target\":[\"https:\\\/\\\/hecate-energie-magie.com\\\/index.php\\\/produit\\\/jardin-zen-sel-himalaya\\\/\"]}]},{\"@type\":\"ImageObject\",\"inLanguage\":\"fr-FR\",\"@id\":\"https:\\\/\\\/hecate-energie-magie.com\\\/index.php\\\/produit\\\/jardin-zen-sel-himalaya\\\/#primaryimage\",\"url\":\"https:\\\/\\\/i0.wp.com\\\/hecate-energie-magie.com\\\/wp-content\\\/uploads\\\/2025\\\/01\\\/ZEN-J07.jpg?fit=1000%2C573&ssl=1\",\"contentUrl\":\"https:\\\/\\\/i0.wp.com\\\/hecate-energie-magie.com\\\/wp-content\\\/uploads\\\/2025\\\/01\\\/ZEN-J07.jpg?fit=1000%2C573&ssl=1\",\"width\":1000,\"height\":573,\"caption\":\"Jardin zen sel Himalaya\"},{\"@type\":\"BreadcrumbList\",\"@id\":\"https:\\\/\\\/hecate-energie-magie.com\\\/index.php\\\/produit\\\/jardin-zen-sel-himalaya\\\/#breadcrumb\",\"itemListElement\":[{\"@type\":\"ListItem\",\"position\":1,\"name\":\"Accueil\",\"item\":\"https:\\\/\\\/hecate-energie-magie.com\\\/\"},{\"@type\":\"ListItem\",\"position\":2,\"name\":\"Boutique\",\"item\":\"https:\\\/\\\/hecate-energie-magie.com\\\/index.php\\\/boutique\\\/\"},{\"@type\":\"ListItem\",\"position\":3,\"name\":\"Jardin Zen Sel Himalaya\"}]},{\"@type\":\"WebSite\",\"@id\":\"https:\\\/\\\/hecate-energie-magie.com\\\/#website\",\"url\":\"https:\\\/\\\/hecate-energie-magie.com\\\/\",\"name\":\"H\u00e9cate Energie et Magie\",\"description\":\"H\u00e9cate Energie et Magie\",\"publisher\":{\"@id\":\"https:\\\/\\\/hecate-energie-magie.com\\\/#organization\"},\"potentialAction\":[{\"@type\":\"SearchAction\",\"target\":{\"@type\":\"EntryPoint\",\"urlTemplate\":\"https:\\\/\\\/hecate-energie-magie.com\\\/?s={search_term_string}\"},\"query-input\":{\"@type\":\"PropertyValueSpecification\",\"valueRequired\":true,\"valueName\":\"search_term_string\"}}],\"inLanguage\":\"fr-FR\"},{\"@type\":\"Organization\",\"@id\":\"https:\\\/\\\/hecate-energie-magie.com\\\/#organization\",\"name\":\"H\u00e9cate Energie et Magie\",\"url\":\"https:\\\/\\\/hecate-energie-magie.com\\\/\",\"logo\":{\"@type\":\"ImageObject\",\"inLanguage\":\"fr-FR\",\"@id\":\"https:\\\/\\\/hecate-energie-magie.com\\\/#\\\/schema\\\/logo\\\/image\\\/\",\"url\":\"https:\\\/\\\/i0.wp.com\\\/hecate-energie-magie.com\\\/wp-content\\\/uploads\\\/2024\\\/09\\\/cropped-LOGO-HECATE.png?fit=500%2C500&ssl=1\",\"contentUrl\":\"https:\\\/\\\/i0.wp.com\\\/hecate-energie-magie.com\\\/wp-content\\\/uploads\\\/2024\\\/09\\\/cropped-LOGO-HECATE.png?fit=500%2C500&ssl=1\",\"width\":500,\"height\":500,\"caption\":\"H\u00e9cate Energie et Magie\"},\"image\":{\"@id\":\"https:\\\/\\\/hecate-energie-magie.com\\\/#\\\/schema\\\/logo\\\/image\\\/\"},\"sameAs\":[\"https:\\\/\\\/www.facebook.com\\\/profile.php?id=61557502523365\"]}]}<\/script>\n<!-- \/ Yoast SEO plugin. -->","yoast_head_json":{"title":"Jardin Zen Sel Himalaya - H\u00e9cate Energie et Magie","description":"Jardin Zen en bois et sel de l'Himalaya pour m\u00e9ditation, relaxation et d\u00e9coration d'int\u00e9rieur. Fourni avec le kit \u00e9lectrique \u00e9clairage USB.","robots":{"index":"index","follow":"follow","max-snippet":"max-snippet:-1","max-image-preview":"max-image-preview:large","max-video-preview":"max-video-preview:-1"},"canonical":"https:\/\/hecate-energie-magie.com\/index.php\/produit\/jardin-zen-sel-himalaya\/","og_locale":"fr_FR","og_type":"article","og_title":"Jardin Zen Sel Himalaya - H\u00e9cate Energie et Magie","og_description":"Jardin Zen en bois et sel de l'Himalaya pour m\u00e9ditation, relaxation et d\u00e9coration d'int\u00e9rieur. Fourni avec le kit \u00e9lectrique \u00e9clairage USB.","og_url":"https:\/\/hecate-energie-magie.com\/index.php\/produit\/jardin-zen-sel-himalaya\/","og_site_name":"H\u00e9cate Energie et Magie","article_publisher":"https:\/\/www.facebook.com\/profile.php?id=61557502523365","article_modified_time":"2025-01-23T14:15:15+00:00","og_image":[{"width":1000,"height":573,"url":"https:\/\/hecate-energie-magie.com\/wp-content\/uploads\/2025\/01\/ZEN-J07.jpg","type":"image\/jpeg"}],"twitter_card":"summary_large_image","twitter_misc":{"Dur\u00e9e de lecture estim\u00e9e":"2 minutes"},"schema":{"@context":"https:\/\/schema.org","@graph":[{"@type":"WebPage","@id":"https:\/\/hecate-energie-magie.com\/index.php\/produit\/jardin-zen-sel-himalaya\/","url":"https:\/\/hecate-energie-magie.com\/index.php\/produit\/jardin-zen-sel-himalaya\/","name":"Jardin Zen Sel Himalaya - H\u00e9cate Energie et Magie","isPartOf":{"@id":"https:\/\/hecate-energie-magie.com\/#website"},"primaryImageOfPage":{"@id":"https:\/\/hecate-energie-magie.com\/index.php\/produit\/jardin-zen-sel-himalaya\/#primaryimage"},"image":{"@id":"https:\/\/hecate-energie-magie.com\/index.php\/produit\/jardin-zen-sel-himalaya\/#primaryimage"},"thumbnailUrl":"https:\/\/i0.wp.com\/hecate-energie-magie.com\/wp-content\/uploads\/2025\/01\/ZEN-J07.jpg?fit=1000%2C573&ssl=1","datePublished":"2025-01-08T14:48:25+00:00","dateModified":"2025-01-23T14:15:15+00:00","description":"Jardin Zen en bois et sel de l'Himalaya pour m\u00e9ditation, relaxation et d\u00e9coration d'int\u00e9rieur. Fourni avec le kit \u00e9lectrique \u00e9clairage USB.","breadcrumb":{"@id":"https:\/\/hecate-energie-magie.com\/index.php\/produit\/jardin-zen-sel-himalaya\/#breadcrumb"},"inLanguage":"fr-FR","potentialAction":[{"@type":"ReadAction","target":["https:\/\/hecate-energie-magie.com\/index.php\/produit\/jardin-zen-sel-himalaya\/"]}]},{"@type":"ImageObject","inLanguage":"fr-FR","@id":"https:\/\/hecate-energie-magie.com\/index.php\/produit\/jardin-zen-sel-himalaya\/#primaryimage","url":"https:\/\/i0.wp.com\/hecate-energie-magie.com\/wp-content\/uploads\/2025\/01\/ZEN-J07.jpg?fit=1000%2C573&ssl=1","contentUrl":"https:\/\/i0.wp.com\/hecate-energie-magie.com\/wp-content\/uploads\/2025\/01\/ZEN-J07.jpg?fit=1000%2C573&ssl=1","width":1000,"height":573,"caption":"Jardin zen sel Himalaya"},{"@type":"BreadcrumbList","@id":"https:\/\/hecate-energie-magie.com\/index.php\/produit\/jardin-zen-sel-himalaya\/#breadcrumb","itemListElement":[{"@type":"ListItem","position":1,"name":"Accueil","item":"https:\/\/hecate-energie-magie.com\/"},{"@type":"ListItem","position":2,"name":"Boutique","item":"https:\/\/hecate-energie-magie.com\/index.php\/boutique\/"},{"@type":"ListItem","position":3,"name":"Jardin Zen Sel Himalaya"}]},{"@type":"WebSite","@id":"https:\/\/hecate-energie-magie.com\/#website","url":"https:\/\/hecate-energie-magie.com\/","name":"H\u00e9cate Energie et Magie","description":"H\u00e9cate Energie et Magie","publisher":{"@id":"https:\/\/hecate-energie-magie.com\/#organization"},"potentialAction":[{"@type":"SearchAction","target":{"@type":"EntryPoint","urlTemplate":"https:\/\/hecate-energie-magie.com\/?s={search_term_string}"},"query-input":{"@type":"PropertyValueSpecification","valueRequired":true,"valueName":"search_term_string"}}],"inLanguage":"fr-FR"},{"@type":"Organization","@id":"https:\/\/hecate-energie-magie.com\/#organization","name":"H\u00e9cate Energie et Magie","url":"https:\/\/hecate-energie-magie.com\/","logo":{"@type":"ImageObject","inLanguage":"fr-FR","@id":"https:\/\/hecate-energie-magie.com\/#\/schema\/logo\/image\/","url":"https:\/\/i0.wp.com\/hecate-energie-magie.com\/wp-content\/uploads\/2024\/09\/cropped-LOGO-HECATE.png?fit=500%2C500&ssl=1","contentUrl":"https:\/\/i0.wp.com\/hecate-energie-magie.com\/wp-content\/uploads\/2024\/09\/cropped-LOGO-HECATE.png?fit=500%2C500&ssl=1","width":500,"height":500,"caption":"H\u00e9cate Energie et Magie"},"image":{"@id":"https:\/\/hecate-energie-magie.com\/#\/schema\/logo\/image\/"},"sameAs":["https:\/\/www.facebook.com\/profile.php?id=61557502523365"]}]}},"jetpack_sharing_enabled":true,"_links":{"self":[{"href":"https:\/\/hecate-energie-magie.com\/index.php\/wp-json\/wp\/v2\/product\/1372","targetHints":{"allow":["GET"]}}],"collection":[{"href":"https:\/\/hecate-energie-magie.com\/index.php\/wp-json\/wp\/v2\/product"}],"about":[{"href":"https:\/\/hecate-energie-magie.com\/index.php\/wp-json\/wp\/v2\/types\/product"}],"replies":[{"embeddable":true,"href":"https:\/\/hecate-energie-magie.com\/index.php\/wp-json\/wp\/v2\/comments?post=1372"}],"wp:featuredmedia":[{"embeddable":true,"href":"https:\/\/hecate-energie-magie.com\/index.php\/wp-json\/wp\/v2\/media\/1419"}],"wp:attachment":[{"href":"https:\/\/hecate-energie-magie.com\/index.php\/wp-json\/wp\/v2\/media?parent=1372"}],"wp:term":[{"taxonomy":"product_brand","embeddable":true,"href":"https:\/\/hecate-energie-magie.com\/index.php\/wp-json\/wp\/v2\/product_brand?post=1372"},{"taxonomy":"product_cat","embeddable":true,"href":"https:\/\/hecate-energie-magie.com\/index.php\/wp-json\/wp\/v2\/product_cat?post=1372"},{"taxonomy":"product_tag","embeddable":true,"href":"https:\/\/hecate-energie-magie.com\/index.php\/wp-json\/wp\/v2\/product_tag?post=1372"}],"curies":[{"name":"wp","href":"https:\/\/api.w.org\/{rel}","templated":true}]}}