{"id":1380,"date":"2025-01-09T10:36:53","date_gmt":"2025-01-09T09:36:53","guid":{"rendered":"https:\/\/hecate-energie-magie.com\/?post_type=product&#038;p=1380"},"modified":"2025-01-23T15:11:21","modified_gmt":"2025-01-23T14:11:21","slug":"plaque-murale-bois-om-lune","status":"publish","type":"product","link":"https:\/\/hecate-energie-magie.com\/index.php\/produit\/plaque-murale-bois-om-lune\/","title":{"rendered":"Plaque Murale Bois OM Lune"},"content":{"rendered":"<h2 style=\"text-align: center;\"><strong><span style=\"font-family: Carattere; font-size: 40px;\"><span style=\"vertical-align: inherit;\"><span style=\"vertical-align: inherit;\">A.U. M<\/span><\/span><\/span><\/strong><span style=\"font-family: Carattere; font-size: 27px;\">\u00a0<\/span><\/h2>\n<p style=\"text-align: center;\"><span style=\"font-size: 30px; font-family: Carattere;\"><a href=\"https:\/\/hecate-energie-magie.com\/index.php\/produit\/plaque-murale-bois-om-lotus\/\"><strong>Aum, Om ou \u0950<\/strong><\/a> (devanagari) en sanskrit est une syllabe utilis\u00e9e dans diverses religions telles que l\u2019hindouisme, le bouddhisme, le ja\u00efnisme, &#8230;<\/span><\/p>\n<p style=\"text-align: center;\"><span style=\"font-size: 30px; font-family: Carattere;\">Elle est \u00e9galement connue sous le nom de \u00ab\u00a0udgitha\u00a0\u00bb ou \u00ab\u00a0pranava mantra\u00a0\u00bb, qui signifie \u201cmantra primordial\u201d ou \u201cvibration vitale\u201d.<\/span><\/p>\n<p style=\"text-align: center;\"><span style=\"font-size: 30px; font-family: Carattere;\">C&rsquo;est un des symboles les plus sacr\u00e9s de l\u2019hindouisme, cette syllabe est consid\u00e9r\u00e9e comme le son \u00e0 l\u2019origine de la cr\u00e9ation de l\u2019univers. <\/span><\/p>\n<p style=\"text-align: center;\"><span style=\"font-size: 30px; font-family: Carattere;\">Elle est utilis\u00e9e comme pr\u00e9fixe et parfois suffixe aux mantras hindous.<\/span><\/p>\n<p style=\"text-align: center;\"><span style=\"font-size: 30px; font-family: Carattere;\">La combinaison de\u00a0 A, U et M, repr\u00e9sente respectivement le d\u00e9but, la continuation et la fin de tout ce qui existe. <\/span><\/p>\n<p style=\"text-align: center;\"><span style=\"font-size: 30px; font-family: Carattere;\">Elle symbolise \u00e9galement la trinit\u00e9 hindoue compos\u00e9e des dieux cr\u00e9ateur Brahm\u0101, de la vie Vishnu et du destructeur du mal Shiva.<\/span><\/p>\n<p style=\"text-align: center;\"><span style=\"font-size: 30px; font-family: Carattere;\">Le symbole Om est souvent utilis\u00e9 dans les pratiques spirituelles, telles que la m\u00e9ditation et les mantras, pour calmer l&rsquo;esprit, r\u00e9duire le stress et favoriser la relaxation.<\/span><\/p>\n<p style=\"text-align: center;\"><span style=\"font-size: 30px; font-family: Carattere;\">Le symbole peut \u00e9galement \u00eatre visualis\u00e9 pendant la m\u00e9ditation pour aider \u00e0 se concentrer sur la r\u00e9alit\u00e9 ultime et\u00a0\u00e0 \u00e9veiller la conscience spirituelle.<\/span><\/p>\n<p>&nbsp;<\/p>\n<p style=\"text-align: center;\">\n","protected":false},"excerpt":{"rendered":"<p><span style=\"font-family: Carattere; font-size: 30px;\"><span style=\"vertical-align: inherit;\"><span style=\"vertical-align: inherit;\">Plaque murale en bois, perc\u00e9e, de diam\u00e8tre 30 cm.<\/span><\/span><\/span><\/p>\n<p><span style=\"font-family: Carattere; font-size: 30px;\"><span style=\"vertical-align: inherit;\"><span style=\"vertical-align: inherit;\">Provenance Inde.<\/span><\/span><\/span><\/p>\n","protected":false},"featured_media":1407,"comment_status":"open","ping_status":"closed","template":"","meta":[],"product_brand":[],"product_cat":[43],"product_tag":[167,166,72,60,160,61],"class_list":{"0":"post-1380","1":"product","2":"type-product","3":"status-publish","4":"has-post-thumbnail","6":"product_cat-geometrie-sacree","7":"product_tag-aum","8":"product_tag-eveil-spirituel","9":"product_tag-geometrie-sacree","10":"product_tag-meditation","11":"product_tag-om","12":"product_tag-relaxation","14":"first","15":"instock","16":"shipping-taxable","17":"purchasable","18":"product-type-simple"},"yoast_head":"<!-- This site is optimized with the Yoast SEO plugin v27.3 - https:\/\/yoast.com\/product\/yoast-seo-wordpress\/ -->\n<title>Plaque Murale Bois OM Lune - H\u00e9cate Energie et Magie<\/title>\n<meta name=\"description\" content=\"Plaque murale en bois, perc\u00e9e, de diam\u00e8tre 30 cm. Provenance Inde. Le symbole Om est souvent utilis\u00e9 dans les pratiques spirituelles, telles que la m\u00e9ditation et les mantras, pour calmer l&#039;esprit, r\u00e9duire le stress et favoriser la relaxation.\" \/>\n<meta name=\"robots\" content=\"index, follow, max-snippet:-1, max-image-preview:large, max-video-preview:-1\" \/>\n<link rel=\"canonical\" href=\"https:\/\/hecate-energie-magie.com\/index.php\/produit\/plaque-murale-bois-om-lune\/\" \/>\n<meta property=\"og:locale\" content=\"fr_FR\" \/>\n<meta property=\"og:type\" content=\"article\" \/>\n<meta property=\"og:title\" content=\"Plaque Murale Bois OM Lune - H\u00e9cate Energie et Magie\" \/>\n<meta property=\"og:description\" content=\"Plaque murale en bois, perc\u00e9e, de diam\u00e8tre 30 cm. Provenance Inde. Le symbole Om est souvent utilis\u00e9 dans les pratiques spirituelles, telles que la m\u00e9ditation et les mantras, pour calmer l&#039;esprit, r\u00e9duire le stress et favoriser la relaxation.\" \/>\n<meta property=\"og:url\" content=\"https:\/\/hecate-energie-magie.com\/index.php\/produit\/plaque-murale-bois-om-lune\/\" \/>\n<meta property=\"og:site_name\" content=\"H\u00e9cate Energie et Magie\" \/>\n<meta property=\"article:publisher\" content=\"https:\/\/www.facebook.com\/profile.php?id=61557502523365\" \/>\n<meta property=\"article:modified_time\" content=\"2025-01-23T14:11:21+00:00\" \/>\n<meta property=\"og:image\" content=\"https:\/\/hecate-energie-magie.com\/wp-content\/uploads\/2025\/01\/1736760932951-scaled.jpg\" \/>\n\t<meta property=\"og:image:width\" content=\"2560\" \/>\n\t<meta property=\"og:image:height\" content=\"1920\" \/>\n\t<meta property=\"og:image:type\" content=\"image\/jpeg\" \/>\n<meta name=\"twitter:card\" content=\"summary_large_image\" \/>\n<meta name=\"twitter:label1\" content=\"Dur\u00e9e de lecture estim\u00e9e\" \/>\n\t<meta name=\"twitter:data1\" content=\"2 minutes\" \/>\n<script type=\"application\/ld+json\" class=\"yoast-schema-graph\">{\"@context\":\"https:\\\/\\\/schema.org\",\"@graph\":[{\"@type\":\"WebPage\",\"@id\":\"https:\\\/\\\/hecate-energie-magie.com\\\/index.php\\\/produit\\\/plaque-murale-bois-om-lune\\\/\",\"url\":\"https:\\\/\\\/hecate-energie-magie.com\\\/index.php\\\/produit\\\/plaque-murale-bois-om-lune\\\/\",\"name\":\"Plaque Murale Bois OM Lune - H\u00e9cate Energie et Magie\",\"isPartOf\":{\"@id\":\"https:\\\/\\\/hecate-energie-magie.com\\\/#website\"},\"primaryImageOfPage\":{\"@id\":\"https:\\\/\\\/hecate-energie-magie.com\\\/index.php\\\/produit\\\/plaque-murale-bois-om-lune\\\/#primaryimage\"},\"image\":{\"@id\":\"https:\\\/\\\/hecate-energie-magie.com\\\/index.php\\\/produit\\\/plaque-murale-bois-om-lune\\\/#primaryimage\"},\"thumbnailUrl\":\"https:\\\/\\\/i0.wp.com\\\/hecate-energie-magie.com\\\/wp-content\\\/uploads\\\/2025\\\/01\\\/1736760932951-scaled.jpg?fit=2560%2C1920&ssl=1\",\"datePublished\":\"2025-01-09T09:36:53+00:00\",\"dateModified\":\"2025-01-23T14:11:21+00:00\",\"description\":\"Plaque murale en bois, perc\u00e9e, de diam\u00e8tre 30 cm. Provenance Inde. Le symbole Om est souvent utilis\u00e9 dans les pratiques spirituelles, telles que la m\u00e9ditation et les mantras, pour calmer l'esprit, r\u00e9duire le stress et favoriser la relaxation.\",\"breadcrumb\":{\"@id\":\"https:\\\/\\\/hecate-energie-magie.com\\\/index.php\\\/produit\\\/plaque-murale-bois-om-lune\\\/#breadcrumb\"},\"inLanguage\":\"fr-FR\",\"potentialAction\":[{\"@type\":\"ReadAction\",\"target\":[\"https:\\\/\\\/hecate-energie-magie.com\\\/index.php\\\/produit\\\/plaque-murale-bois-om-lune\\\/\"]}]},{\"@type\":\"ImageObject\",\"inLanguage\":\"fr-FR\",\"@id\":\"https:\\\/\\\/hecate-energie-magie.com\\\/index.php\\\/produit\\\/plaque-murale-bois-om-lune\\\/#primaryimage\",\"url\":\"https:\\\/\\\/i0.wp.com\\\/hecate-energie-magie.com\\\/wp-content\\\/uploads\\\/2025\\\/01\\\/1736760932951-scaled.jpg?fit=2560%2C1920&ssl=1\",\"contentUrl\":\"https:\\\/\\\/i0.wp.com\\\/hecate-energie-magie.com\\\/wp-content\\\/uploads\\\/2025\\\/01\\\/1736760932951-scaled.jpg?fit=2560%2C1920&ssl=1\",\"width\":2560,\"height\":1920,\"caption\":\"D\u00e9co mural lune\"},{\"@type\":\"BreadcrumbList\",\"@id\":\"https:\\\/\\\/hecate-energie-magie.com\\\/index.php\\\/produit\\\/plaque-murale-bois-om-lune\\\/#breadcrumb\",\"itemListElement\":[{\"@type\":\"ListItem\",\"position\":1,\"name\":\"Accueil\",\"item\":\"https:\\\/\\\/hecate-energie-magie.com\\\/\"},{\"@type\":\"ListItem\",\"position\":2,\"name\":\"Boutique\",\"item\":\"https:\\\/\\\/hecate-energie-magie.com\\\/index.php\\\/boutique\\\/\"},{\"@type\":\"ListItem\",\"position\":3,\"name\":\"Plaque Murale Bois OM Lune\"}]},{\"@type\":\"WebSite\",\"@id\":\"https:\\\/\\\/hecate-energie-magie.com\\\/#website\",\"url\":\"https:\\\/\\\/hecate-energie-magie.com\\\/\",\"name\":\"H\u00e9cate Energie et Magie\",\"description\":\"H\u00e9cate Energie et Magie\",\"publisher\":{\"@id\":\"https:\\\/\\\/hecate-energie-magie.com\\\/#organization\"},\"potentialAction\":[{\"@type\":\"SearchAction\",\"target\":{\"@type\":\"EntryPoint\",\"urlTemplate\":\"https:\\\/\\\/hecate-energie-magie.com\\\/?s={search_term_string}\"},\"query-input\":{\"@type\":\"PropertyValueSpecification\",\"valueRequired\":true,\"valueName\":\"search_term_string\"}}],\"inLanguage\":\"fr-FR\"},{\"@type\":\"Organization\",\"@id\":\"https:\\\/\\\/hecate-energie-magie.com\\\/#organization\",\"name\":\"H\u00e9cate Energie et Magie\",\"url\":\"https:\\\/\\\/hecate-energie-magie.com\\\/\",\"logo\":{\"@type\":\"ImageObject\",\"inLanguage\":\"fr-FR\",\"@id\":\"https:\\\/\\\/hecate-energie-magie.com\\\/#\\\/schema\\\/logo\\\/image\\\/\",\"url\":\"https:\\\/\\\/i0.wp.com\\\/hecate-energie-magie.com\\\/wp-content\\\/uploads\\\/2024\\\/09\\\/cropped-LOGO-HECATE.png?fit=500%2C500&ssl=1\",\"contentUrl\":\"https:\\\/\\\/i0.wp.com\\\/hecate-energie-magie.com\\\/wp-content\\\/uploads\\\/2024\\\/09\\\/cropped-LOGO-HECATE.png?fit=500%2C500&ssl=1\",\"width\":500,\"height\":500,\"caption\":\"H\u00e9cate Energie et Magie\"},\"image\":{\"@id\":\"https:\\\/\\\/hecate-energie-magie.com\\\/#\\\/schema\\\/logo\\\/image\\\/\"},\"sameAs\":[\"https:\\\/\\\/www.facebook.com\\\/profile.php?id=61557502523365\"]}]}<\/script>\n<!-- \/ Yoast SEO plugin. -->","yoast_head_json":{"title":"Plaque Murale Bois OM Lune - H\u00e9cate Energie et Magie","description":"Plaque murale en bois, perc\u00e9e, de diam\u00e8tre 30 cm. Provenance Inde. Le symbole Om est souvent utilis\u00e9 dans les pratiques spirituelles, telles que la m\u00e9ditation et les mantras, pour calmer l'esprit, r\u00e9duire le stress et favoriser la relaxation.","robots":{"index":"index","follow":"follow","max-snippet":"max-snippet:-1","max-image-preview":"max-image-preview:large","max-video-preview":"max-video-preview:-1"},"canonical":"https:\/\/hecate-energie-magie.com\/index.php\/produit\/plaque-murale-bois-om-lune\/","og_locale":"fr_FR","og_type":"article","og_title":"Plaque Murale Bois OM Lune - H\u00e9cate Energie et Magie","og_description":"Plaque murale en bois, perc\u00e9e, de diam\u00e8tre 30 cm. Provenance Inde. Le symbole Om est souvent utilis\u00e9 dans les pratiques spirituelles, telles que la m\u00e9ditation et les mantras, pour calmer l'esprit, r\u00e9duire le stress et favoriser la relaxation.","og_url":"https:\/\/hecate-energie-magie.com\/index.php\/produit\/plaque-murale-bois-om-lune\/","og_site_name":"H\u00e9cate Energie et Magie","article_publisher":"https:\/\/www.facebook.com\/profile.php?id=61557502523365","article_modified_time":"2025-01-23T14:11:21+00:00","og_image":[{"width":2560,"height":1920,"url":"https:\/\/hecate-energie-magie.com\/wp-content\/uploads\/2025\/01\/1736760932951-scaled.jpg","type":"image\/jpeg"}],"twitter_card":"summary_large_image","twitter_misc":{"Dur\u00e9e de lecture estim\u00e9e":"2 minutes"},"schema":{"@context":"https:\/\/schema.org","@graph":[{"@type":"WebPage","@id":"https:\/\/hecate-energie-magie.com\/index.php\/produit\/plaque-murale-bois-om-lune\/","url":"https:\/\/hecate-energie-magie.com\/index.php\/produit\/plaque-murale-bois-om-lune\/","name":"Plaque Murale Bois OM Lune - H\u00e9cate Energie et Magie","isPartOf":{"@id":"https:\/\/hecate-energie-magie.com\/#website"},"primaryImageOfPage":{"@id":"https:\/\/hecate-energie-magie.com\/index.php\/produit\/plaque-murale-bois-om-lune\/#primaryimage"},"image":{"@id":"https:\/\/hecate-energie-magie.com\/index.php\/produit\/plaque-murale-bois-om-lune\/#primaryimage"},"thumbnailUrl":"https:\/\/i0.wp.com\/hecate-energie-magie.com\/wp-content\/uploads\/2025\/01\/1736760932951-scaled.jpg?fit=2560%2C1920&ssl=1","datePublished":"2025-01-09T09:36:53+00:00","dateModified":"2025-01-23T14:11:21+00:00","description":"Plaque murale en bois, perc\u00e9e, de diam\u00e8tre 30 cm. Provenance Inde. Le symbole Om est souvent utilis\u00e9 dans les pratiques spirituelles, telles que la m\u00e9ditation et les mantras, pour calmer l'esprit, r\u00e9duire le stress et favoriser la relaxation.","breadcrumb":{"@id":"https:\/\/hecate-energie-magie.com\/index.php\/produit\/plaque-murale-bois-om-lune\/#breadcrumb"},"inLanguage":"fr-FR","potentialAction":[{"@type":"ReadAction","target":["https:\/\/hecate-energie-magie.com\/index.php\/produit\/plaque-murale-bois-om-lune\/"]}]},{"@type":"ImageObject","inLanguage":"fr-FR","@id":"https:\/\/hecate-energie-magie.com\/index.php\/produit\/plaque-murale-bois-om-lune\/#primaryimage","url":"https:\/\/i0.wp.com\/hecate-energie-magie.com\/wp-content\/uploads\/2025\/01\/1736760932951-scaled.jpg?fit=2560%2C1920&ssl=1","contentUrl":"https:\/\/i0.wp.com\/hecate-energie-magie.com\/wp-content\/uploads\/2025\/01\/1736760932951-scaled.jpg?fit=2560%2C1920&ssl=1","width":2560,"height":1920,"caption":"D\u00e9co mural lune"},{"@type":"BreadcrumbList","@id":"https:\/\/hecate-energie-magie.com\/index.php\/produit\/plaque-murale-bois-om-lune\/#breadcrumb","itemListElement":[{"@type":"ListItem","position":1,"name":"Accueil","item":"https:\/\/hecate-energie-magie.com\/"},{"@type":"ListItem","position":2,"name":"Boutique","item":"https:\/\/hecate-energie-magie.com\/index.php\/boutique\/"},{"@type":"ListItem","position":3,"name":"Plaque Murale Bois OM Lune"}]},{"@type":"WebSite","@id":"https:\/\/hecate-energie-magie.com\/#website","url":"https:\/\/hecate-energie-magie.com\/","name":"H\u00e9cate Energie et Magie","description":"H\u00e9cate Energie et Magie","publisher":{"@id":"https:\/\/hecate-energie-magie.com\/#organization"},"potentialAction":[{"@type":"SearchAction","target":{"@type":"EntryPoint","urlTemplate":"https:\/\/hecate-energie-magie.com\/?s={search_term_string}"},"query-input":{"@type":"PropertyValueSpecification","valueRequired":true,"valueName":"search_term_string"}}],"inLanguage":"fr-FR"},{"@type":"Organization","@id":"https:\/\/hecate-energie-magie.com\/#organization","name":"H\u00e9cate Energie et Magie","url":"https:\/\/hecate-energie-magie.com\/","logo":{"@type":"ImageObject","inLanguage":"fr-FR","@id":"https:\/\/hecate-energie-magie.com\/#\/schema\/logo\/image\/","url":"https:\/\/i0.wp.com\/hecate-energie-magie.com\/wp-content\/uploads\/2024\/09\/cropped-LOGO-HECATE.png?fit=500%2C500&ssl=1","contentUrl":"https:\/\/i0.wp.com\/hecate-energie-magie.com\/wp-content\/uploads\/2024\/09\/cropped-LOGO-HECATE.png?fit=500%2C500&ssl=1","width":500,"height":500,"caption":"H\u00e9cate Energie et Magie"},"image":{"@id":"https:\/\/hecate-energie-magie.com\/#\/schema\/logo\/image\/"},"sameAs":["https:\/\/www.facebook.com\/profile.php?id=61557502523365"]}]}},"jetpack_sharing_enabled":true,"_links":{"self":[{"href":"https:\/\/hecate-energie-magie.com\/index.php\/wp-json\/wp\/v2\/product\/1380","targetHints":{"allow":["GET"]}}],"collection":[{"href":"https:\/\/hecate-energie-magie.com\/index.php\/wp-json\/wp\/v2\/product"}],"about":[{"href":"https:\/\/hecate-energie-magie.com\/index.php\/wp-json\/wp\/v2\/types\/product"}],"replies":[{"embeddable":true,"href":"https:\/\/hecate-energie-magie.com\/index.php\/wp-json\/wp\/v2\/comments?post=1380"}],"wp:featuredmedia":[{"embeddable":true,"href":"https:\/\/hecate-energie-magie.com\/index.php\/wp-json\/wp\/v2\/media\/1407"}],"wp:attachment":[{"href":"https:\/\/hecate-energie-magie.com\/index.php\/wp-json\/wp\/v2\/media?parent=1380"}],"wp:term":[{"taxonomy":"product_brand","embeddable":true,"href":"https:\/\/hecate-energie-magie.com\/index.php\/wp-json\/wp\/v2\/product_brand?post=1380"},{"taxonomy":"product_cat","embeddable":true,"href":"https:\/\/hecate-energie-magie.com\/index.php\/wp-json\/wp\/v2\/product_cat?post=1380"},{"taxonomy":"product_tag","embeddable":true,"href":"https:\/\/hecate-energie-magie.com\/index.php\/wp-json\/wp\/v2\/product_tag?post=1380"}],"curies":[{"name":"wp","href":"https:\/\/api.w.org\/{rel}","templated":true}]}}