{"id":1382,"date":"2025-01-09T11:58:41","date_gmt":"2025-01-09T10:58:41","guid":{"rendered":"https:\/\/hecate-energie-magie.com\/?post_type=product&#038;p=1382"},"modified":"2026-02-24T15:49:31","modified_gmt":"2026-02-24T14:49:31","slug":"sauge-blanche-cannelle","status":"publish","type":"product","link":"https:\/\/hecate-energie-magie.com\/index.php\/produit\/sauge-blanche-cannelle\/","title":{"rendered":"Sauge blanche &#038; Cannelle"},"content":{"rendered":"<h1 style=\"text-align: center;\"><span style=\"font-size: 40px;\"><strong><span style=\"font-family: Carattere;\">Sauge blanche &amp; Cannelle<\/span><\/strong><\/span><\/h1>\n<p style=\"text-align: center;\"><span style=\"font-family: Carattere; font-size: 30px;\">L&rsquo;alliance de la <strong><a href=\"https:\/\/hecate-energie-magie.com\/index.php\/produit\/sauge-blanche-apiana-californie\/\">sauge blanche<\/a><\/strong> et de la cannelle permet : <\/span><\/p>\n<p style=\"text-align: center;\"><span style=\"font-family: Carattere; font-size: 30px;\">de purifier toutes les \u00e9nergies des lieux et des personnes,<\/span><\/p>\n<p style=\"text-align: center;\"><span style=\"font-size: 30px; font-family: Carattere;\">elle favorise l\u2019abondance et attire la prosp\u00e9rit\u00e9,<\/span><\/p>\n<p style=\"text-align: center;\"><span style=\"font-size: 30px; font-family: Carattere;\">elle am\u00e9liore l\u2019\u00e9nergie de votre espace de vie ou de travail.<\/span><\/p>\n<p style=\"text-align: center;\"><span style=\"font-size: 30px; font-family: Carattere;\">La Cannelle est r\u00e9put\u00e9e pour intensifier la conscience spirituelle et amplifie ainsi l\u2019effet purificateur de la sauge.<\/span><\/p>\n<p>&nbsp;<\/p>\n<p style=\"text-align: center;\"><span style=\"font-family: Carattere; font-size: 30px;\">Le nom latin de la sauge \u00ab\u00a0salvia\u00a0\u00bb, peut \u00eatre d\u00e9riv\u00e9 du latin \u00ab\u00a0salvus\u00a0\u00bb, qui signifie la sant\u00e9 ou \u00ab\u00a0salveo\u00a0\u00bb, qui signifie gu\u00e9rir, \u00e9voquant ses vertus m\u00e9dicinales.<\/span><\/p>\n<p style=\"text-align: center;\"><span style=\"font-family: Carattere; font-size: 30px;\"><strong>\u00a0<\/strong>La sauge blanche incarne une plante sacr\u00e9e pour les peuples autochtones d&rsquo;Am\u00e9rique. <\/span><\/p>\n<p style=\"text-align: center;\"><span style=\"font-family: Carattere; font-size: 30px;\">Lors des c\u00e9r\u00e9monies religieuses, des naissances et des d\u00e9c\u00e8s, les feuilles, le plus souvent r\u00e9unies en fagots et br\u00fbl\u00e9es comme de l&rsquo;encens, sont traditionnellement utilis\u00e9es de mani\u00e8re rituelle pour purifier des lieux et des personnes lors de c\u00e9r\u00e9monies sacr\u00e9es.<\/span><\/p>\n<p>&nbsp;<\/p>\n<p>&nbsp;<\/p>\n<p>&nbsp;<\/p>\n<p><span style=\"font-family: Carattere; font-size: 27px;\">Mentions importantes :\u00a0<\/span><\/p>\n<p><span style=\"font-family: Carattere; font-size: 27px;\">Proc\u00e9dez \u00e9tapes par \u00e9tapes. Ouvrez les fen\u00eatres. <\/span><\/p>\n<p><span style=\"font-family: Carattere; font-size: 27px;\">Pour allumer le b\u00e2ton, il vous suffit d&rsquo;allumer une extr\u00e9mit\u00e9. Une fois que quelques flammes apparaissent, agitez le b\u00e2ton en l&rsquo;air pour \u00e9teindre les flammes. <\/span><\/p>\n<p><span style=\"font-family: Carattere; font-size: 27px;\">La braise d\u00e9gagera alors de la fum\u00e9e. C&rsquo;est de cette fum\u00e9e dont vous aurez besoin lors de vos rituels. Il vous faudra \u00e9galement un r\u00e9cipient pour poser le b\u00e2ton, en d\u00e9gager la cendre et surtout l&rsquo;\u00e9teindre. <\/span><\/p>\n<p><span style=\"font-family: Carattere; font-size: 27px;\">Nous vous conseillons d&rsquo;utiliser une <strong><a href=\"https:\/\/hecate-energie-magie.com\/index.php\/produit\/coquille-dormeau-naturelle\/\">Coquille d&rsquo;Ormeau<\/a><\/strong> ou un bol \u00e0 d\u00e9faut. Pour \u00e9teindre le b\u00e2ton, \u00e9crasez le bout en braises au fond de votre r\u00e9cipient.<\/span><\/p>\n<p><span style=\"font-family: Carattere; font-size: 27px;\"><strong>Certains de nos produits doivent \u00eatre manipul\u00e9s avec pr\u00e9caution et peuvent se r\u00e9v\u00e9ler dangereux s&rsquo;ils ne sont pas utilis\u00e9s correctement.<\/strong><strong><br \/>\n<\/strong><strong>Vous trouverez ci-dessous quelques pr\u00e9cautions d\u2019utilisations.<\/strong><\/span><\/p>\n<ul>\n<li><span style=\"font-family: Carattere; font-size: 27px;\">Ne jamais laisser la bougie ou l&rsquo;encens allum\u00e9e sans surveillance.<\/span><\/li>\n<li><span style=\"font-family: Carattere; font-size: 27px;\">Ne pas avaler.<\/span><\/li>\n<li><span style=\"font-family: Carattere; font-size: 27px;\">Tenir hors de port\u00e9e des enfants et des animaux.<\/span><\/li>\n<li><span style=\"font-family: Carattere; font-size: 27px;\">Ne jamais placer la bougie ou l&rsquo;encens sur des appareils \u00e9lectroniques ou pr\u00e8s d\u2019une source de chaleur.<\/span><\/li>\n<li><span style=\"font-family: Carattere; font-size: 27px;\">Faites uniquement br\u00fbler votre encens dans une pi\u00e8ce \u00e9quip\u00e9e d\u2019une fen\u00eatre afin de pouvoir a\u00e9rer la pi\u00e8ce.<\/span><\/li>\n<li><span style=\"font-family: Carattere; font-size: 27px;\">Les morceaux d\u2019encens se d\u00e9tachent au fur et \u00e0 mesure de la combustion, il convient de placer ces encens sur des r\u00e9cipients adapt\u00e9s (porte encens) qui vous permettront de tenir le b\u00e2tonnet mais aussi de r\u00e9cup\u00e9rer la cendre.<\/span><\/li>\n<\/ul>\n<p>&nbsp;<\/p>\n","protected":false},"excerpt":{"rendered":"<p><span style=\"font-size: 30px; font-family: Carattere;\">Sauge blanche &amp; Cannelle (Vendue \u00e0 l&rsquo;unit\u00e9).<\/span><\/p>\n<p><span style=\"font-family: Carattere; font-size: 30px;\">Fagot d&rsquo;environ 10 cm \/ entre 20 et 30 g.<\/span><\/p>\n<p><span style=\"font-family: Carattere; font-size: 30px;\">Provenance Etats-Unis.<\/span><\/p>\n","protected":false},"featured_media":1401,"comment_status":"open","ping_status":"closed","template":"","meta":[],"product_brand":[],"product_cat":[68],"product_tag":[110,144,53,39,51],"class_list":{"0":"post-1382","1":"product","2":"type-product","3":"status-publish","4":"has-post-thumbnail","6":"product_cat-sauges","7":"product_tag-abondance","8":"product_tag-cannelle","9":"product_tag-fumigation","10":"product_tag-purification","11":"product_tag-sauge","13":"first","14":"instock","15":"shipping-taxable","16":"purchasable","17":"product-type-simple"},"yoast_head":"<!-- This site is optimized with the Yoast SEO plugin v27.3 - https:\/\/yoast.com\/product\/yoast-seo-wordpress\/ -->\n<title>Sauge blanche &amp; Cannelle - H\u00e9cate Energie et Magie<\/title>\n<meta name=\"description\" content=\"L&#039;alliance de la sauge blanche et de la cannelle permet de purifier toutes les \u00e9nergies des lieux et des personnes, de favoriser l\u2019abondance et attirer la prosp\u00e9rit\u00e9.\" \/>\n<meta name=\"robots\" content=\"index, follow, max-snippet:-1, max-image-preview:large, max-video-preview:-1\" \/>\n<link rel=\"canonical\" href=\"https:\/\/hecate-energie-magie.com\/index.php\/produit\/sauge-blanche-cannelle\/\" \/>\n<meta property=\"og:locale\" content=\"fr_FR\" \/>\n<meta property=\"og:type\" content=\"article\" \/>\n<meta property=\"og:title\" content=\"Sauge blanche &amp; Cannelle - H\u00e9cate Energie et Magie\" \/>\n<meta property=\"og:description\" content=\"L&#039;alliance de la sauge blanche et de la cannelle permet de purifier toutes les \u00e9nergies des lieux et des personnes, de favoriser l\u2019abondance et attirer la prosp\u00e9rit\u00e9.\" \/>\n<meta property=\"og:url\" content=\"https:\/\/hecate-energie-magie.com\/index.php\/produit\/sauge-blanche-cannelle\/\" \/>\n<meta property=\"og:site_name\" content=\"H\u00e9cate Energie et Magie\" \/>\n<meta property=\"article:publisher\" content=\"https:\/\/www.facebook.com\/profile.php?id=61557502523365\" \/>\n<meta property=\"article:modified_time\" content=\"2026-02-24T14:49:31+00:00\" \/>\n<meta property=\"og:image\" content=\"https:\/\/hecate-energie-magie.com\/wp-content\/uploads\/2025\/01\/1736760868273-scaled.jpg\" \/>\n\t<meta property=\"og:image:width\" content=\"2149\" \/>\n\t<meta property=\"og:image:height\" content=\"2560\" \/>\n\t<meta property=\"og:image:type\" content=\"image\/jpeg\" \/>\n<meta name=\"twitter:card\" content=\"summary_large_image\" \/>\n<meta name=\"twitter:label1\" content=\"Dur\u00e9e de lecture estim\u00e9e\" \/>\n\t<meta name=\"twitter:data1\" content=\"2 minutes\" \/>\n<script type=\"application\/ld+json\" class=\"yoast-schema-graph\">{\"@context\":\"https:\\\/\\\/schema.org\",\"@graph\":[{\"@type\":\"WebPage\",\"@id\":\"https:\\\/\\\/hecate-energie-magie.com\\\/index.php\\\/produit\\\/sauge-blanche-cannelle\\\/\",\"url\":\"https:\\\/\\\/hecate-energie-magie.com\\\/index.php\\\/produit\\\/sauge-blanche-cannelle\\\/\",\"name\":\"Sauge blanche & Cannelle - H\u00e9cate Energie et Magie\",\"isPartOf\":{\"@id\":\"https:\\\/\\\/hecate-energie-magie.com\\\/#website\"},\"primaryImageOfPage\":{\"@id\":\"https:\\\/\\\/hecate-energie-magie.com\\\/index.php\\\/produit\\\/sauge-blanche-cannelle\\\/#primaryimage\"},\"image\":{\"@id\":\"https:\\\/\\\/hecate-energie-magie.com\\\/index.php\\\/produit\\\/sauge-blanche-cannelle\\\/#primaryimage\"},\"thumbnailUrl\":\"https:\\\/\\\/i0.wp.com\\\/hecate-energie-magie.com\\\/wp-content\\\/uploads\\\/2025\\\/01\\\/1736760868273-scaled.jpg?fit=2149%2C2560&ssl=1\",\"datePublished\":\"2025-01-09T10:58:41+00:00\",\"dateModified\":\"2026-02-24T14:49:31+00:00\",\"description\":\"L'alliance de la sauge blanche et de la cannelle permet de purifier toutes les \u00e9nergies des lieux et des personnes, de favoriser l\u2019abondance et attirer la prosp\u00e9rit\u00e9.\",\"breadcrumb\":{\"@id\":\"https:\\\/\\\/hecate-energie-magie.com\\\/index.php\\\/produit\\\/sauge-blanche-cannelle\\\/#breadcrumb\"},\"inLanguage\":\"fr-FR\",\"potentialAction\":[{\"@type\":\"ReadAction\",\"target\":[\"https:\\\/\\\/hecate-energie-magie.com\\\/index.php\\\/produit\\\/sauge-blanche-cannelle\\\/\"]}]},{\"@type\":\"ImageObject\",\"inLanguage\":\"fr-FR\",\"@id\":\"https:\\\/\\\/hecate-energie-magie.com\\\/index.php\\\/produit\\\/sauge-blanche-cannelle\\\/#primaryimage\",\"url\":\"https:\\\/\\\/i0.wp.com\\\/hecate-energie-magie.com\\\/wp-content\\\/uploads\\\/2025\\\/01\\\/1736760868273-scaled.jpg?fit=2149%2C2560&ssl=1\",\"contentUrl\":\"https:\\\/\\\/i0.wp.com\\\/hecate-energie-magie.com\\\/wp-content\\\/uploads\\\/2025\\\/01\\\/1736760868273-scaled.jpg?fit=2149%2C2560&ssl=1\",\"width\":2149,\"height\":2560,\"caption\":\"Sauge blanche cannelle\"},{\"@type\":\"BreadcrumbList\",\"@id\":\"https:\\\/\\\/hecate-energie-magie.com\\\/index.php\\\/produit\\\/sauge-blanche-cannelle\\\/#breadcrumb\",\"itemListElement\":[{\"@type\":\"ListItem\",\"position\":1,\"name\":\"Accueil\",\"item\":\"https:\\\/\\\/hecate-energie-magie.com\\\/\"},{\"@type\":\"ListItem\",\"position\":2,\"name\":\"Boutique\",\"item\":\"https:\\\/\\\/hecate-energie-magie.com\\\/index.php\\\/boutique\\\/\"},{\"@type\":\"ListItem\",\"position\":3,\"name\":\"Sauge blanche &#038; Cannelle\"}]},{\"@type\":\"WebSite\",\"@id\":\"https:\\\/\\\/hecate-energie-magie.com\\\/#website\",\"url\":\"https:\\\/\\\/hecate-energie-magie.com\\\/\",\"name\":\"H\u00e9cate Energie et Magie\",\"description\":\"H\u00e9cate Energie et Magie\",\"publisher\":{\"@id\":\"https:\\\/\\\/hecate-energie-magie.com\\\/#organization\"},\"potentialAction\":[{\"@type\":\"SearchAction\",\"target\":{\"@type\":\"EntryPoint\",\"urlTemplate\":\"https:\\\/\\\/hecate-energie-magie.com\\\/?s={search_term_string}\"},\"query-input\":{\"@type\":\"PropertyValueSpecification\",\"valueRequired\":true,\"valueName\":\"search_term_string\"}}],\"inLanguage\":\"fr-FR\"},{\"@type\":\"Organization\",\"@id\":\"https:\\\/\\\/hecate-energie-magie.com\\\/#organization\",\"name\":\"H\u00e9cate Energie et Magie\",\"url\":\"https:\\\/\\\/hecate-energie-magie.com\\\/\",\"logo\":{\"@type\":\"ImageObject\",\"inLanguage\":\"fr-FR\",\"@id\":\"https:\\\/\\\/hecate-energie-magie.com\\\/#\\\/schema\\\/logo\\\/image\\\/\",\"url\":\"https:\\\/\\\/i0.wp.com\\\/hecate-energie-magie.com\\\/wp-content\\\/uploads\\\/2024\\\/09\\\/cropped-LOGO-HECATE.png?fit=500%2C500&ssl=1\",\"contentUrl\":\"https:\\\/\\\/i0.wp.com\\\/hecate-energie-magie.com\\\/wp-content\\\/uploads\\\/2024\\\/09\\\/cropped-LOGO-HECATE.png?fit=500%2C500&ssl=1\",\"width\":500,\"height\":500,\"caption\":\"H\u00e9cate Energie et Magie\"},\"image\":{\"@id\":\"https:\\\/\\\/hecate-energie-magie.com\\\/#\\\/schema\\\/logo\\\/image\\\/\"},\"sameAs\":[\"https:\\\/\\\/www.facebook.com\\\/profile.php?id=61557502523365\"]}]}<\/script>\n<!-- \/ Yoast SEO plugin. -->","yoast_head_json":{"title":"Sauge blanche & Cannelle - H\u00e9cate Energie et Magie","description":"L'alliance de la sauge blanche et de la cannelle permet de purifier toutes les \u00e9nergies des lieux et des personnes, de favoriser l\u2019abondance et attirer la prosp\u00e9rit\u00e9.","robots":{"index":"index","follow":"follow","max-snippet":"max-snippet:-1","max-image-preview":"max-image-preview:large","max-video-preview":"max-video-preview:-1"},"canonical":"https:\/\/hecate-energie-magie.com\/index.php\/produit\/sauge-blanche-cannelle\/","og_locale":"fr_FR","og_type":"article","og_title":"Sauge blanche & Cannelle - H\u00e9cate Energie et Magie","og_description":"L'alliance de la sauge blanche et de la cannelle permet de purifier toutes les \u00e9nergies des lieux et des personnes, de favoriser l\u2019abondance et attirer la prosp\u00e9rit\u00e9.","og_url":"https:\/\/hecate-energie-magie.com\/index.php\/produit\/sauge-blanche-cannelle\/","og_site_name":"H\u00e9cate Energie et Magie","article_publisher":"https:\/\/www.facebook.com\/profile.php?id=61557502523365","article_modified_time":"2026-02-24T14:49:31+00:00","og_image":[{"width":2149,"height":2560,"url":"https:\/\/hecate-energie-magie.com\/wp-content\/uploads\/2025\/01\/1736760868273-scaled.jpg","type":"image\/jpeg"}],"twitter_card":"summary_large_image","twitter_misc":{"Dur\u00e9e de lecture estim\u00e9e":"2 minutes"},"schema":{"@context":"https:\/\/schema.org","@graph":[{"@type":"WebPage","@id":"https:\/\/hecate-energie-magie.com\/index.php\/produit\/sauge-blanche-cannelle\/","url":"https:\/\/hecate-energie-magie.com\/index.php\/produit\/sauge-blanche-cannelle\/","name":"Sauge blanche & Cannelle - H\u00e9cate Energie et Magie","isPartOf":{"@id":"https:\/\/hecate-energie-magie.com\/#website"},"primaryImageOfPage":{"@id":"https:\/\/hecate-energie-magie.com\/index.php\/produit\/sauge-blanche-cannelle\/#primaryimage"},"image":{"@id":"https:\/\/hecate-energie-magie.com\/index.php\/produit\/sauge-blanche-cannelle\/#primaryimage"},"thumbnailUrl":"https:\/\/i0.wp.com\/hecate-energie-magie.com\/wp-content\/uploads\/2025\/01\/1736760868273-scaled.jpg?fit=2149%2C2560&ssl=1","datePublished":"2025-01-09T10:58:41+00:00","dateModified":"2026-02-24T14:49:31+00:00","description":"L'alliance de la sauge blanche et de la cannelle permet de purifier toutes les \u00e9nergies des lieux et des personnes, de favoriser l\u2019abondance et attirer la prosp\u00e9rit\u00e9.","breadcrumb":{"@id":"https:\/\/hecate-energie-magie.com\/index.php\/produit\/sauge-blanche-cannelle\/#breadcrumb"},"inLanguage":"fr-FR","potentialAction":[{"@type":"ReadAction","target":["https:\/\/hecate-energie-magie.com\/index.php\/produit\/sauge-blanche-cannelle\/"]}]},{"@type":"ImageObject","inLanguage":"fr-FR","@id":"https:\/\/hecate-energie-magie.com\/index.php\/produit\/sauge-blanche-cannelle\/#primaryimage","url":"https:\/\/i0.wp.com\/hecate-energie-magie.com\/wp-content\/uploads\/2025\/01\/1736760868273-scaled.jpg?fit=2149%2C2560&ssl=1","contentUrl":"https:\/\/i0.wp.com\/hecate-energie-magie.com\/wp-content\/uploads\/2025\/01\/1736760868273-scaled.jpg?fit=2149%2C2560&ssl=1","width":2149,"height":2560,"caption":"Sauge blanche cannelle"},{"@type":"BreadcrumbList","@id":"https:\/\/hecate-energie-magie.com\/index.php\/produit\/sauge-blanche-cannelle\/#breadcrumb","itemListElement":[{"@type":"ListItem","position":1,"name":"Accueil","item":"https:\/\/hecate-energie-magie.com\/"},{"@type":"ListItem","position":2,"name":"Boutique","item":"https:\/\/hecate-energie-magie.com\/index.php\/boutique\/"},{"@type":"ListItem","position":3,"name":"Sauge blanche &#038; Cannelle"}]},{"@type":"WebSite","@id":"https:\/\/hecate-energie-magie.com\/#website","url":"https:\/\/hecate-energie-magie.com\/","name":"H\u00e9cate Energie et Magie","description":"H\u00e9cate Energie et Magie","publisher":{"@id":"https:\/\/hecate-energie-magie.com\/#organization"},"potentialAction":[{"@type":"SearchAction","target":{"@type":"EntryPoint","urlTemplate":"https:\/\/hecate-energie-magie.com\/?s={search_term_string}"},"query-input":{"@type":"PropertyValueSpecification","valueRequired":true,"valueName":"search_term_string"}}],"inLanguage":"fr-FR"},{"@type":"Organization","@id":"https:\/\/hecate-energie-magie.com\/#organization","name":"H\u00e9cate Energie et Magie","url":"https:\/\/hecate-energie-magie.com\/","logo":{"@type":"ImageObject","inLanguage":"fr-FR","@id":"https:\/\/hecate-energie-magie.com\/#\/schema\/logo\/image\/","url":"https:\/\/i0.wp.com\/hecate-energie-magie.com\/wp-content\/uploads\/2024\/09\/cropped-LOGO-HECATE.png?fit=500%2C500&ssl=1","contentUrl":"https:\/\/i0.wp.com\/hecate-energie-magie.com\/wp-content\/uploads\/2024\/09\/cropped-LOGO-HECATE.png?fit=500%2C500&ssl=1","width":500,"height":500,"caption":"H\u00e9cate Energie et Magie"},"image":{"@id":"https:\/\/hecate-energie-magie.com\/#\/schema\/logo\/image\/"},"sameAs":["https:\/\/www.facebook.com\/profile.php?id=61557502523365"]}]}},"jetpack_sharing_enabled":true,"_links":{"self":[{"href":"https:\/\/hecate-energie-magie.com\/index.php\/wp-json\/wp\/v2\/product\/1382","targetHints":{"allow":["GET"]}}],"collection":[{"href":"https:\/\/hecate-energie-magie.com\/index.php\/wp-json\/wp\/v2\/product"}],"about":[{"href":"https:\/\/hecate-energie-magie.com\/index.php\/wp-json\/wp\/v2\/types\/product"}],"replies":[{"embeddable":true,"href":"https:\/\/hecate-energie-magie.com\/index.php\/wp-json\/wp\/v2\/comments?post=1382"}],"wp:featuredmedia":[{"embeddable":true,"href":"https:\/\/hecate-energie-magie.com\/index.php\/wp-json\/wp\/v2\/media\/1401"}],"wp:attachment":[{"href":"https:\/\/hecate-energie-magie.com\/index.php\/wp-json\/wp\/v2\/media?parent=1382"}],"wp:term":[{"taxonomy":"product_brand","embeddable":true,"href":"https:\/\/hecate-energie-magie.com\/index.php\/wp-json\/wp\/v2\/product_brand?post=1382"},{"taxonomy":"product_cat","embeddable":true,"href":"https:\/\/hecate-energie-magie.com\/index.php\/wp-json\/wp\/v2\/product_cat?post=1382"},{"taxonomy":"product_tag","embeddable":true,"href":"https:\/\/hecate-energie-magie.com\/index.php\/wp-json\/wp\/v2\/product_tag?post=1382"}],"curies":[{"name":"wp","href":"https:\/\/api.w.org\/{rel}","templated":true}]}}