{"id":1384,"date":"2025-01-09T12:32:41","date_gmt":"2025-01-09T11:32:41","guid":{"rendered":"https:\/\/hecate-energie-magie.com\/?post_type=product&#038;p=1384"},"modified":"2026-02-24T15:48:33","modified_gmt":"2026-02-24T14:48:33","slug":"sauge-shasta","status":"publish","type":"product","link":"https:\/\/hecate-energie-magie.com\/index.php\/produit\/sauge-shasta\/","title":{"rendered":"Sauge Shasta"},"content":{"rendered":"<h1 style=\"text-align: center;\"><span style=\"font-size: 40px;\"><strong><span style=\"font-family: Carattere;\">Sauge Shasta<\/span><\/strong><\/span><\/h1>\n<p style=\"text-align: center;\"><span style=\"font-family: Carattere; font-size: 30px;\">La Sauge Shasta est id\u00e9ale pour ceux qui cherchent \u00e0 purifier leur espace tout en favorisant la m\u00e9ditation, l\u2019introspection et le d\u00e9veloppement spirituel.<\/span><\/p>\n<p style=\"text-align: center;\"><span style=\"font-size: 30px; font-family: Carattere;\">Tr\u00e8s connue en chamanisme, la sauge shasta est r\u00e9colt\u00e9e au nord de la Californie, sur le\u00a0Mont Shasta, l\u2019une des sept montagnes sacr\u00e9es du monde.<\/span><br \/>\n<span style=\"font-size: 30px; font-family: Carattere;\">(Ses vertus sont tr\u00e8s similaires \u00e0 la sauge bleue).<\/span><\/p>\n<p style=\"text-align: center;\"><span style=\"font-size: 30px; font-family: Carattere;\">La Sauge Shasta est r\u00e9put\u00e9e pour sa profonde \u00e9nergie Yin.\u00a0<\/span><\/p>\n<p style=\"text-align: center;\"><span style=\"font-family: Carattere; font-size: 30px;\">Purifiante pour les lieux, les personnes<\/span><\/p>\n<p style=\"text-align: center;\"><span style=\"font-family: Carattere; font-size: 30px;\">Fumigation des objets et min\u00e9raux.<\/span><\/p>\n<p style=\"text-align: center;\"><span style=\"font-size: 30px; font-family: Carattere;\">Cr\u00e9er un bouclier protecteur contre les influences n\u00e9gatives et les mauvaises \u00e9nergies.<\/span><\/p>\n<p style=\"text-align: center;\"><span style=\"font-size: 30px; font-family: Carattere;\">Favorise la relaxation et la clart\u00e9 mentale.<\/span><\/p>\n<p style=\"text-align: center;\"><span style=\"font-size: 30px; font-family: Carattere;\">Lors des m\u00e9ditation, elle aide \u00e0 calmer l\u2019esprit, \u00e0 r\u00e9duire le stress, \u00e0 favoriser une concentration plus profonde et un \u00e9veil spirituel.<\/span><\/p>\n<p>&nbsp;<\/p>\n<p>&nbsp;<\/p>\n<p><em><span style=\"font-family: Carattere; font-size: 27px;\">Mentions importantes :\u00a0<\/span><\/em><\/p>\n<p><span style=\"font-family: Carattere; font-size: 27px;\">Proc\u00e9dez \u00e9tapes par \u00e9tapes. Ouvrez les fen\u00eatres. <\/span><\/p>\n<p><span style=\"font-family: Carattere; font-size: 27px;\">Pour allumer le b\u00e2ton, il vous suffit d&rsquo;allumer une extr\u00e9mit\u00e9. Une fois que quelques flammes apparaissent, agitez le b\u00e2ton en l&rsquo;air pour \u00e9teindre les flammes. <\/span><\/p>\n<p><span style=\"font-family: Carattere; font-size: 27px;\">La braise d\u00e9gagera alors de la fum\u00e9e. C&rsquo;est de cette fum\u00e9e dont vous aurez besoin lors de vos rituels. Il vous faudra \u00e9galement un r\u00e9cipient pour poser le b\u00e2ton, en d\u00e9gager la cendre et surtout l&rsquo;\u00e9teindre. <\/span><\/p>\n<p><span style=\"font-family: Carattere; font-size: 27px;\">Nous vous conseillons d&rsquo;utiliser une <strong><a href=\"https:\/\/hecate-energie-magie.com\/index.php\/produit\/coquille-dormeau-naturelle\/\">Coquille d&rsquo;Ormeau<\/a> <\/strong>ou un bol \u00e0 d\u00e9faut. Pour \u00e9teindre le b\u00e2ton, \u00e9crasez le bout en braises au fond de votre r\u00e9cipient.<\/span><\/p>\n<p><span style=\"font-size: 27px; font-family: Carattere;\"><strong>Certains de nos produits doivent \u00eatre manipul\u00e9s avec pr\u00e9caution et peuvent se r\u00e9v\u00e9ler dangereux s\u2019ils ne sont pas utilis\u00e9s correctement.<br \/>\nVous trouverez ci-dessous quelques pr\u00e9cautions d\u2019utilisations.<\/strong><\/span><\/p>\n<ul>\n<li><span style=\"font-size: 27px; font-family: Carattere;\">Ne jamais laisser la bougie ou l&rsquo;encens allum\u00e9e sans surveillance.<\/span><\/li>\n<li><span style=\"font-size: 27px; font-family: Carattere;\">Ne pas avaler.<\/span><\/li>\n<li><span style=\"font-size: 27px; font-family: Carattere;\">Tenir hors de port\u00e9e des enfants et des animaux.<\/span><\/li>\n<li><span style=\"font-size: 27px; font-family: Carattere;\">Ne jamais placer la bougie ou l&rsquo;encens sur des appareils \u00e9lectroniques ou pr\u00e8s d\u2019une source de chaleur.<\/span><\/li>\n<li><span style=\"font-size: 27px; font-family: Carattere;\">Faites uniquement br\u00fbler votre encens dans une pi\u00e8ce \u00e9quip\u00e9e d\u2019une fen\u00eatre afin de pouvoir a\u00e9rer la pi\u00e8ce.<\/span><\/li>\n<li><span style=\"font-size: 27px; font-family: Carattere;\">Les morceaux d\u2019encens se d\u00e9tachent au fur et \u00e0 mesure de la combustion, il convient de placer ces encens sur des r\u00e9cipients adapt\u00e9s (porte encens) qui vous permettront de tenir le b\u00e2tonnet mais aussi de r\u00e9cup\u00e9rer la cendre.<\/span><\/li>\n<\/ul>\n<p>&nbsp;<\/p>\n","protected":false},"excerpt":{"rendered":"<p><span style=\"font-family: Carattere; font-size: 30px;\">Sauge Shasta (Vendue \u00e0 l&rsquo;unit\u00e9).<\/span><\/p>\n<p><span style=\"font-family: Carattere; font-size: 30px;\">Fagot d&rsquo;environ 11 cm \/ entre 20 et 30 g.<\/span><\/p>\n<p><span style=\"font-family: Carattere; font-size: 30px;\">Provenance Etats-Unis.<\/span><\/p>\n","protected":false},"featured_media":1396,"comment_status":"open","ping_status":"closed","template":"","meta":[],"product_brand":[],"product_cat":[68],"product_tag":[53,60,39,51,169],"class_list":{"0":"post-1384","1":"product","2":"type-product","3":"status-publish","4":"has-post-thumbnail","6":"product_cat-sauges","7":"product_tag-fumigation","8":"product_tag-meditation","9":"product_tag-purification","10":"product_tag-sauge","11":"product_tag-shasta","13":"first","14":"instock","15":"shipping-taxable","16":"purchasable","17":"product-type-simple"},"yoast_head":"<!-- This site is optimized with the Yoast SEO plugin v27.3 - https:\/\/yoast.com\/product\/yoast-seo-wordpress\/ -->\n<title>Sauge Shasta - H\u00e9cate Energie et Magie<\/title>\n<meta name=\"description\" content=\"La Sauge Shasta est id\u00e9ale pour ceux qui cherchent \u00e0 purifier leur espace tout en favorisant la m\u00e9ditation, l\u2019introspection et le d\u00e9veloppement spirituel.\" \/>\n<meta name=\"robots\" content=\"index, follow, max-snippet:-1, max-image-preview:large, max-video-preview:-1\" \/>\n<link rel=\"canonical\" href=\"https:\/\/hecate-energie-magie.com\/index.php\/produit\/sauge-shasta\/\" \/>\n<meta property=\"og:locale\" content=\"fr_FR\" \/>\n<meta property=\"og:type\" content=\"article\" \/>\n<meta property=\"og:title\" content=\"Sauge Shasta - H\u00e9cate Energie et Magie\" \/>\n<meta property=\"og:description\" content=\"La Sauge Shasta est id\u00e9ale pour ceux qui cherchent \u00e0 purifier leur espace tout en favorisant la m\u00e9ditation, l\u2019introspection et le d\u00e9veloppement spirituel.\" \/>\n<meta property=\"og:url\" content=\"https:\/\/hecate-energie-magie.com\/index.php\/produit\/sauge-shasta\/\" \/>\n<meta property=\"og:site_name\" content=\"H\u00e9cate Energie et Magie\" \/>\n<meta property=\"article:publisher\" content=\"https:\/\/www.facebook.com\/profile.php?id=61557502523365\" \/>\n<meta property=\"article:modified_time\" content=\"2026-02-24T14:48:33+00:00\" \/>\n<meta property=\"og:image\" content=\"https:\/\/hecate-energie-magie.com\/wp-content\/uploads\/2025\/01\/1736760425754-scaled.jpg\" \/>\n\t<meta property=\"og:image:width\" content=\"1920\" \/>\n\t<meta property=\"og:image:height\" content=\"2560\" \/>\n\t<meta property=\"og:image:type\" content=\"image\/jpeg\" \/>\n<meta name=\"twitter:card\" content=\"summary_large_image\" \/>\n<meta name=\"twitter:label1\" content=\"Dur\u00e9e de lecture estim\u00e9e\" \/>\n\t<meta name=\"twitter:data1\" content=\"2 minutes\" \/>\n<script type=\"application\/ld+json\" class=\"yoast-schema-graph\">{\"@context\":\"https:\\\/\\\/schema.org\",\"@graph\":[{\"@type\":\"WebPage\",\"@id\":\"https:\\\/\\\/hecate-energie-magie.com\\\/index.php\\\/produit\\\/sauge-shasta\\\/\",\"url\":\"https:\\\/\\\/hecate-energie-magie.com\\\/index.php\\\/produit\\\/sauge-shasta\\\/\",\"name\":\"Sauge Shasta - H\u00e9cate Energie et Magie\",\"isPartOf\":{\"@id\":\"https:\\\/\\\/hecate-energie-magie.com\\\/#website\"},\"primaryImageOfPage\":{\"@id\":\"https:\\\/\\\/hecate-energie-magie.com\\\/index.php\\\/produit\\\/sauge-shasta\\\/#primaryimage\"},\"image\":{\"@id\":\"https:\\\/\\\/hecate-energie-magie.com\\\/index.php\\\/produit\\\/sauge-shasta\\\/#primaryimage\"},\"thumbnailUrl\":\"https:\\\/\\\/i0.wp.com\\\/hecate-energie-magie.com\\\/wp-content\\\/uploads\\\/2025\\\/01\\\/1736760425754-scaled.jpg?fit=1920%2C2560&ssl=1\",\"datePublished\":\"2025-01-09T11:32:41+00:00\",\"dateModified\":\"2026-02-24T14:48:33+00:00\",\"description\":\"La Sauge Shasta est id\u00e9ale pour ceux qui cherchent \u00e0 purifier leur espace tout en favorisant la m\u00e9ditation, l\u2019introspection et le d\u00e9veloppement spirituel.\",\"breadcrumb\":{\"@id\":\"https:\\\/\\\/hecate-energie-magie.com\\\/index.php\\\/produit\\\/sauge-shasta\\\/#breadcrumb\"},\"inLanguage\":\"fr-FR\",\"potentialAction\":[{\"@type\":\"ReadAction\",\"target\":[\"https:\\\/\\\/hecate-energie-magie.com\\\/index.php\\\/produit\\\/sauge-shasta\\\/\"]}]},{\"@type\":\"ImageObject\",\"inLanguage\":\"fr-FR\",\"@id\":\"https:\\\/\\\/hecate-energie-magie.com\\\/index.php\\\/produit\\\/sauge-shasta\\\/#primaryimage\",\"url\":\"https:\\\/\\\/i0.wp.com\\\/hecate-energie-magie.com\\\/wp-content\\\/uploads\\\/2025\\\/01\\\/1736760425754-scaled.jpg?fit=1920%2C2560&ssl=1\",\"contentUrl\":\"https:\\\/\\\/i0.wp.com\\\/hecate-energie-magie.com\\\/wp-content\\\/uploads\\\/2025\\\/01\\\/1736760425754-scaled.jpg?fit=1920%2C2560&ssl=1\",\"width\":1920,\"height\":2560,\"caption\":\"Sauge Shasta\"},{\"@type\":\"BreadcrumbList\",\"@id\":\"https:\\\/\\\/hecate-energie-magie.com\\\/index.php\\\/produit\\\/sauge-shasta\\\/#breadcrumb\",\"itemListElement\":[{\"@type\":\"ListItem\",\"position\":1,\"name\":\"Accueil\",\"item\":\"https:\\\/\\\/hecate-energie-magie.com\\\/\"},{\"@type\":\"ListItem\",\"position\":2,\"name\":\"Boutique\",\"item\":\"https:\\\/\\\/hecate-energie-magie.com\\\/index.php\\\/boutique\\\/\"},{\"@type\":\"ListItem\",\"position\":3,\"name\":\"Sauge Shasta\"}]},{\"@type\":\"WebSite\",\"@id\":\"https:\\\/\\\/hecate-energie-magie.com\\\/#website\",\"url\":\"https:\\\/\\\/hecate-energie-magie.com\\\/\",\"name\":\"H\u00e9cate Energie et Magie\",\"description\":\"H\u00e9cate Energie et Magie\",\"publisher\":{\"@id\":\"https:\\\/\\\/hecate-energie-magie.com\\\/#organization\"},\"potentialAction\":[{\"@type\":\"SearchAction\",\"target\":{\"@type\":\"EntryPoint\",\"urlTemplate\":\"https:\\\/\\\/hecate-energie-magie.com\\\/?s={search_term_string}\"},\"query-input\":{\"@type\":\"PropertyValueSpecification\",\"valueRequired\":true,\"valueName\":\"search_term_string\"}}],\"inLanguage\":\"fr-FR\"},{\"@type\":\"Organization\",\"@id\":\"https:\\\/\\\/hecate-energie-magie.com\\\/#organization\",\"name\":\"H\u00e9cate Energie et Magie\",\"url\":\"https:\\\/\\\/hecate-energie-magie.com\\\/\",\"logo\":{\"@type\":\"ImageObject\",\"inLanguage\":\"fr-FR\",\"@id\":\"https:\\\/\\\/hecate-energie-magie.com\\\/#\\\/schema\\\/logo\\\/image\\\/\",\"url\":\"https:\\\/\\\/i0.wp.com\\\/hecate-energie-magie.com\\\/wp-content\\\/uploads\\\/2024\\\/09\\\/cropped-LOGO-HECATE.png?fit=500%2C500&ssl=1\",\"contentUrl\":\"https:\\\/\\\/i0.wp.com\\\/hecate-energie-magie.com\\\/wp-content\\\/uploads\\\/2024\\\/09\\\/cropped-LOGO-HECATE.png?fit=500%2C500&ssl=1\",\"width\":500,\"height\":500,\"caption\":\"H\u00e9cate Energie et Magie\"},\"image\":{\"@id\":\"https:\\\/\\\/hecate-energie-magie.com\\\/#\\\/schema\\\/logo\\\/image\\\/\"},\"sameAs\":[\"https:\\\/\\\/www.facebook.com\\\/profile.php?id=61557502523365\"]}]}<\/script>\n<!-- \/ Yoast SEO plugin. -->","yoast_head_json":{"title":"Sauge Shasta - H\u00e9cate Energie et Magie","description":"La Sauge Shasta est id\u00e9ale pour ceux qui cherchent \u00e0 purifier leur espace tout en favorisant la m\u00e9ditation, l\u2019introspection et le d\u00e9veloppement spirituel.","robots":{"index":"index","follow":"follow","max-snippet":"max-snippet:-1","max-image-preview":"max-image-preview:large","max-video-preview":"max-video-preview:-1"},"canonical":"https:\/\/hecate-energie-magie.com\/index.php\/produit\/sauge-shasta\/","og_locale":"fr_FR","og_type":"article","og_title":"Sauge Shasta - H\u00e9cate Energie et Magie","og_description":"La Sauge Shasta est id\u00e9ale pour ceux qui cherchent \u00e0 purifier leur espace tout en favorisant la m\u00e9ditation, l\u2019introspection et le d\u00e9veloppement spirituel.","og_url":"https:\/\/hecate-energie-magie.com\/index.php\/produit\/sauge-shasta\/","og_site_name":"H\u00e9cate Energie et Magie","article_publisher":"https:\/\/www.facebook.com\/profile.php?id=61557502523365","article_modified_time":"2026-02-24T14:48:33+00:00","og_image":[{"width":1920,"height":2560,"url":"https:\/\/hecate-energie-magie.com\/wp-content\/uploads\/2025\/01\/1736760425754-scaled.jpg","type":"image\/jpeg"}],"twitter_card":"summary_large_image","twitter_misc":{"Dur\u00e9e de lecture estim\u00e9e":"2 minutes"},"schema":{"@context":"https:\/\/schema.org","@graph":[{"@type":"WebPage","@id":"https:\/\/hecate-energie-magie.com\/index.php\/produit\/sauge-shasta\/","url":"https:\/\/hecate-energie-magie.com\/index.php\/produit\/sauge-shasta\/","name":"Sauge Shasta - H\u00e9cate Energie et Magie","isPartOf":{"@id":"https:\/\/hecate-energie-magie.com\/#website"},"primaryImageOfPage":{"@id":"https:\/\/hecate-energie-magie.com\/index.php\/produit\/sauge-shasta\/#primaryimage"},"image":{"@id":"https:\/\/hecate-energie-magie.com\/index.php\/produit\/sauge-shasta\/#primaryimage"},"thumbnailUrl":"https:\/\/i0.wp.com\/hecate-energie-magie.com\/wp-content\/uploads\/2025\/01\/1736760425754-scaled.jpg?fit=1920%2C2560&ssl=1","datePublished":"2025-01-09T11:32:41+00:00","dateModified":"2026-02-24T14:48:33+00:00","description":"La Sauge Shasta est id\u00e9ale pour ceux qui cherchent \u00e0 purifier leur espace tout en favorisant la m\u00e9ditation, l\u2019introspection et le d\u00e9veloppement spirituel.","breadcrumb":{"@id":"https:\/\/hecate-energie-magie.com\/index.php\/produit\/sauge-shasta\/#breadcrumb"},"inLanguage":"fr-FR","potentialAction":[{"@type":"ReadAction","target":["https:\/\/hecate-energie-magie.com\/index.php\/produit\/sauge-shasta\/"]}]},{"@type":"ImageObject","inLanguage":"fr-FR","@id":"https:\/\/hecate-energie-magie.com\/index.php\/produit\/sauge-shasta\/#primaryimage","url":"https:\/\/i0.wp.com\/hecate-energie-magie.com\/wp-content\/uploads\/2025\/01\/1736760425754-scaled.jpg?fit=1920%2C2560&ssl=1","contentUrl":"https:\/\/i0.wp.com\/hecate-energie-magie.com\/wp-content\/uploads\/2025\/01\/1736760425754-scaled.jpg?fit=1920%2C2560&ssl=1","width":1920,"height":2560,"caption":"Sauge Shasta"},{"@type":"BreadcrumbList","@id":"https:\/\/hecate-energie-magie.com\/index.php\/produit\/sauge-shasta\/#breadcrumb","itemListElement":[{"@type":"ListItem","position":1,"name":"Accueil","item":"https:\/\/hecate-energie-magie.com\/"},{"@type":"ListItem","position":2,"name":"Boutique","item":"https:\/\/hecate-energie-magie.com\/index.php\/boutique\/"},{"@type":"ListItem","position":3,"name":"Sauge Shasta"}]},{"@type":"WebSite","@id":"https:\/\/hecate-energie-magie.com\/#website","url":"https:\/\/hecate-energie-magie.com\/","name":"H\u00e9cate Energie et Magie","description":"H\u00e9cate Energie et Magie","publisher":{"@id":"https:\/\/hecate-energie-magie.com\/#organization"},"potentialAction":[{"@type":"SearchAction","target":{"@type":"EntryPoint","urlTemplate":"https:\/\/hecate-energie-magie.com\/?s={search_term_string}"},"query-input":{"@type":"PropertyValueSpecification","valueRequired":true,"valueName":"search_term_string"}}],"inLanguage":"fr-FR"},{"@type":"Organization","@id":"https:\/\/hecate-energie-magie.com\/#organization","name":"H\u00e9cate Energie et Magie","url":"https:\/\/hecate-energie-magie.com\/","logo":{"@type":"ImageObject","inLanguage":"fr-FR","@id":"https:\/\/hecate-energie-magie.com\/#\/schema\/logo\/image\/","url":"https:\/\/i0.wp.com\/hecate-energie-magie.com\/wp-content\/uploads\/2024\/09\/cropped-LOGO-HECATE.png?fit=500%2C500&ssl=1","contentUrl":"https:\/\/i0.wp.com\/hecate-energie-magie.com\/wp-content\/uploads\/2024\/09\/cropped-LOGO-HECATE.png?fit=500%2C500&ssl=1","width":500,"height":500,"caption":"H\u00e9cate Energie et Magie"},"image":{"@id":"https:\/\/hecate-energie-magie.com\/#\/schema\/logo\/image\/"},"sameAs":["https:\/\/www.facebook.com\/profile.php?id=61557502523365"]}]}},"jetpack_sharing_enabled":true,"_links":{"self":[{"href":"https:\/\/hecate-energie-magie.com\/index.php\/wp-json\/wp\/v2\/product\/1384","targetHints":{"allow":["GET"]}}],"collection":[{"href":"https:\/\/hecate-energie-magie.com\/index.php\/wp-json\/wp\/v2\/product"}],"about":[{"href":"https:\/\/hecate-energie-magie.com\/index.php\/wp-json\/wp\/v2\/types\/product"}],"replies":[{"embeddable":true,"href":"https:\/\/hecate-energie-magie.com\/index.php\/wp-json\/wp\/v2\/comments?post=1384"}],"wp:featuredmedia":[{"embeddable":true,"href":"https:\/\/hecate-energie-magie.com\/index.php\/wp-json\/wp\/v2\/media\/1396"}],"wp:attachment":[{"href":"https:\/\/hecate-energie-magie.com\/index.php\/wp-json\/wp\/v2\/media?parent=1384"}],"wp:term":[{"taxonomy":"product_brand","embeddable":true,"href":"https:\/\/hecate-energie-magie.com\/index.php\/wp-json\/wp\/v2\/product_brand?post=1384"},{"taxonomy":"product_cat","embeddable":true,"href":"https:\/\/hecate-energie-magie.com\/index.php\/wp-json\/wp\/v2\/product_cat?post=1384"},{"taxonomy":"product_tag","embeddable":true,"href":"https:\/\/hecate-energie-magie.com\/index.php\/wp-json\/wp\/v2\/product_tag?post=1384"}],"curies":[{"name":"wp","href":"https:\/\/api.w.org\/{rel}","templated":true}]}}