{"id":1557,"date":"2025-02-07T15:04:29","date_gmt":"2025-02-07T14:04:29","guid":{"rendered":"https:\/\/hecate-energie-magie.com\/?post_type=product&#038;p=1557"},"modified":"2025-06-04T09:16:47","modified_gmt":"2025-06-04T07:16:47","slug":"dome-abondance-citrine","status":"publish","type":"product","link":"https:\/\/hecate-energie-magie.com\/index.php\/produit\/dome-abondance-citrine\/","title":{"rendered":"D\u00f4me Abondance- Citrine"},"content":{"rendered":"<h2 style=\"text-align: center;\"><strong><span style=\"font-family: Carattere; font-size: 40px;\">Les D\u00f4mes<\/span><\/strong><\/h2>\n<p style=\"text-align: center;\"><span style=\"font-family: Carattere; font-size: 30px;\">Comme l&rsquo;<strong><a href=\"https:\/\/hecate-energie-magie.com\/index.php\/produit\/orgonite-tourmaline\/\">orgonite<\/a><\/strong> , les D\u00f4mes transforment les \u00e9nergies n\u00e9gatives environnantes d&rsquo;un lieu ou d&rsquo;une personne en \u00e9nergies positives.<\/span><\/p>\n<p style=\"text-align: center;\"><span style=\"font-family: Carattere; font-size: 30px;\">Gr\u00e2ce \u00e0 la combinaison des propri\u00e9t\u00e9s physiques de ses trois composants\u00a0: r\u00e9sine, m\u00e9taux, quartz.<\/span><\/p>\n<p style=\"text-align: center;\"><span style=\"font-size: 30px; font-family: Carattere;\">Ils ont un champ d&rsquo;action de 1.50 m \u00e0 2m environ et ont des \u00e9nergies plus douces que l&rsquo;orgonite car ils ont une forme plus homog\u00e8ne.<\/span><\/p>\n<p style=\"text-align: center;\"><span style=\"font-family: Carattere; font-size: 30px;\">Il fonctionne en utilisant la propri\u00e9t\u00e9 pi\u00e9zo\u00e9lectrique des cristaux de quartz.<\/span><\/p>\n<p style=\"text-align: center;\"><span style=\"font-family: Carattere; font-size: 30px;\">Cette propri\u00e9t\u00e9 signifie que lorsqu\u2019un cristal de quartz est comprim\u00e9 ou d\u00e9form\u00e9, il g\u00e9n\u00e8re un champ \u00e9lectrique.<\/span><\/p>\n<p style=\"text-align: center;\"><span style=\"font-family: Carattere; font-size: 30px;\">Quand elle est expos\u00e9e \u00e0 un champ \u00e9lectromagn\u00e9tique, le cristal de quartz est comprim\u00e9 par la r\u00e9sine,\u00a0g\u00e9n\u00e9rant un champ \u00e9lectrique qui peut alors transformer les ondes \u00e9lectromagn\u00e9tiques n\u00e9gatives en \u00e9nergie positive.<\/span><\/p>\n<p style=\"text-align: center;\"><span style=\"font-family: Carattere; font-size: 30px;\">Cet objet fonctionne gr\u00e2ce \u00e0 la combinaison de ses trois constituants principaux :<\/span><\/p>\n<p style=\"text-align: center;\"><span style=\"font-family: Carattere; font-size: 30px;\">* La r\u00e9sine, qui est un polym\u00e8re, est di\u00e9lectrique. \/\u00a0* Les m\u00e9taux qui sont r\u00e9flecteur\/conducteurs. \/ * Le cristal de roche qui est pi\u00e9zo\u00e9lectrique.<\/span><\/p>\n<p style=\"text-align: center;\"><span style=\"font-family: Carattere; font-size: 30px;\">Les couches altern\u00e9es de m\u00e9taux et de r\u00e9sine captent et conduisent les champs \u00e9lectromagn\u00e9tiques.<\/span><\/p>\n<p style=\"text-align: center;\"><span style=\"font-family: Carattere; font-size: 30px;\">Ils vont pouvoir vous prot\u00e9ger des ondes \u00e9mises par vos box, t\u00e9l\u00e9phone portables, micro-ondes ect\u2026<\/span><\/p>\n<p style=\"text-align: center;\"><span style=\"font-family: Carattere; font-size: 30px;\">Wilhelm Reich (1897-1957) est \u00e0 l\u2019origine de cette d\u00e9couverte qui fut compl\u00e9t\u00e9 cinquante ans apr\u00e8s par Karl Weltz.<\/span><\/p>\n<p>&nbsp;<\/p>\n<p style=\"text-align: center;\"><span style=\"font-family: Carattere; font-size: 30px;\">Les d\u00f4mes sont fabriqu\u00e9s de fa\u00e7on artisanale, \u00e0 la main. Ils peuvent avoir des d\u00e9fauts malgr\u00e9 toutes les pr\u00e9cautions et la bienveillance apport\u00e9es lors de la fabrication. M\u00eame si je souhaite \u00e9galement qu\u2019ils soient parfaits, lisses, plus transparents, plus lumineux, et ainsi de suite il y a des imperfections in\u00e9vitables: des rayures, des effets troubles, des \u00e9clats, des fissures\u2026<\/span><\/p>\n<p style=\"text-align: center;\"><span style=\"font-family: Carattere; font-size: 30px;\">Ils sont \u00e9galement unique.\u00a0<\/span><\/p>\n","protected":false},"excerpt":{"rendered":"<p><strong><span style=\"font-family: Carattere; font-size: 30px;\">D\u00f4me Abondance &#8211; Citrine<\/span><\/strong><\/p>\n<p><span style=\"font-family: Carattere; font-size: 30px;\">D\u00f4me fabriqu\u00e9 \u00e0 la main, de fa\u00e7on artisanale.<\/span><\/p>\n<p><span style=\"font-family: Carattere; font-size: 30px;\">Le D\u00f4me comporte:\u00a0<\/span><\/p>\n<ul>\n<li><span style=\"font-family: Carattere; font-size: 30px;\">Pierre naturelle Citrine<\/span><\/li>\n<li><span style=\"font-size: 30px; font-family: Carattere;\">Cristal de roche<\/span><\/li>\n<li><span style=\"font-family: Carattere; font-size: 30px;\">Cuivre<\/span><\/li>\n<li><span style=\"font-family: Carattere; font-size: 30px;\">Bronze<\/span><\/li>\n<li><span style=\"font-family: Carattere; font-size: 30px;\">Inclusion OM<\/span><\/li>\n<\/ul>\n<p><span style=\"font-family: Carattere; font-size: 30px;\">Poids environ : 179 g<\/span><\/p>\n<p><span style=\"font-family: Carattere; font-size: 30px;\">Diam\u00e8tre : environ 6.4 cm<\/span><\/p>\n<p><span style=\"font-size: 30px; font-family: Carattere;\">Vous pourrez le poser sur une table de chevet ou sur un bureau pour profiter de ses bienfaits.<\/span><\/p>\n","protected":false},"featured_media":1676,"comment_status":"open","ping_status":"closed","template":"","meta":[],"product_brand":[],"product_cat":[171],"product_tag":[110,172,173,33,31],"class_list":{"0":"post-1557","1":"product","2":"type-product","3":"status-publish","4":"has-post-thumbnail","6":"product_cat-domes","7":"product_tag-abondance","8":"product_tag-citrine","9":"product_tag-dome","10":"product_tag-ondes-negatives","11":"product_tag-orgonite","13":"first","14":"instock","15":"shipping-taxable","16":"purchasable","17":"product-type-simple"},"yoast_head":"<!-- This site is optimized with the Yoast SEO plugin v27.3 - https:\/\/yoast.com\/product\/yoast-seo-wordpress\/ -->\n<title>D\u00f4me Abondance- Citrine - H\u00e9cate Energie et Magie<\/title>\n<meta name=\"description\" content=\"Les D\u00f4mes transforment les \u00e9nergies n\u00e9gatives environnantes d&#039;un lieu ou d&#039;une personne en \u00e9nergies positives. Ils ont un champ d&#039;action de 1.50 m \u00e0 2m environ et ont des \u00e9nergies plus douces que l&#039;orgonite car ils ont une forme plus homog\u00e8ne.\" \/>\n<meta name=\"robots\" content=\"index, follow, max-snippet:-1, max-image-preview:large, max-video-preview:-1\" \/>\n<link rel=\"canonical\" href=\"https:\/\/hecate-energie-magie.com\/index.php\/produit\/dome-abondance-citrine\/\" \/>\n<meta property=\"og:locale\" content=\"fr_FR\" \/>\n<meta property=\"og:type\" content=\"article\" \/>\n<meta property=\"og:title\" content=\"D\u00f4me Abondance- Citrine - H\u00e9cate Energie et Magie\" \/>\n<meta property=\"og:description\" content=\"Les D\u00f4mes transforment les \u00e9nergies n\u00e9gatives environnantes d&#039;un lieu ou d&#039;une personne en \u00e9nergies positives. Ils ont un champ d&#039;action de 1.50 m \u00e0 2m environ et ont des \u00e9nergies plus douces que l&#039;orgonite car ils ont une forme plus homog\u00e8ne.\" \/>\n<meta property=\"og:url\" content=\"https:\/\/hecate-energie-magie.com\/index.php\/produit\/dome-abondance-citrine\/\" \/>\n<meta property=\"og:site_name\" content=\"H\u00e9cate Energie et Magie\" \/>\n<meta property=\"article:publisher\" content=\"https:\/\/www.facebook.com\/profile.php?id=61557502523365\" \/>\n<meta property=\"article:modified_time\" content=\"2025-06-04T07:16:47+00:00\" \/>\n<meta property=\"og:image\" content=\"https:\/\/hecate-energie-magie.com\/wp-content\/uploads\/2025\/02\/1748947087100-scaled.jpg\" \/>\n\t<meta property=\"og:image:width\" content=\"2093\" \/>\n\t<meta property=\"og:image:height\" content=\"2560\" \/>\n\t<meta property=\"og:image:type\" content=\"image\/jpeg\" \/>\n<meta name=\"twitter:card\" content=\"summary_large_image\" \/>\n<meta name=\"twitter:label1\" content=\"Dur\u00e9e de lecture estim\u00e9e\" \/>\n\t<meta name=\"twitter:data1\" content=\"2 minutes\" \/>\n<script type=\"application\/ld+json\" class=\"yoast-schema-graph\">{\"@context\":\"https:\\\/\\\/schema.org\",\"@graph\":[{\"@type\":\"WebPage\",\"@id\":\"https:\\\/\\\/hecate-energie-magie.com\\\/index.php\\\/produit\\\/dome-abondance-citrine\\\/\",\"url\":\"https:\\\/\\\/hecate-energie-magie.com\\\/index.php\\\/produit\\\/dome-abondance-citrine\\\/\",\"name\":\"D\u00f4me Abondance- Citrine - H\u00e9cate Energie et Magie\",\"isPartOf\":{\"@id\":\"https:\\\/\\\/hecate-energie-magie.com\\\/#website\"},\"primaryImageOfPage\":{\"@id\":\"https:\\\/\\\/hecate-energie-magie.com\\\/index.php\\\/produit\\\/dome-abondance-citrine\\\/#primaryimage\"},\"image\":{\"@id\":\"https:\\\/\\\/hecate-energie-magie.com\\\/index.php\\\/produit\\\/dome-abondance-citrine\\\/#primaryimage\"},\"thumbnailUrl\":\"https:\\\/\\\/i0.wp.com\\\/hecate-energie-magie.com\\\/wp-content\\\/uploads\\\/2025\\\/02\\\/1748947087100-scaled.jpg?fit=2093%2C2560&ssl=1\",\"datePublished\":\"2025-02-07T14:04:29+00:00\",\"dateModified\":\"2025-06-04T07:16:47+00:00\",\"description\":\"Les D\u00f4mes transforment les \u00e9nergies n\u00e9gatives environnantes d'un lieu ou d'une personne en \u00e9nergies positives. Ils ont un champ d'action de 1.50 m \u00e0 2m environ et ont des \u00e9nergies plus douces que l'orgonite car ils ont une forme plus homog\u00e8ne.\",\"breadcrumb\":{\"@id\":\"https:\\\/\\\/hecate-energie-magie.com\\\/index.php\\\/produit\\\/dome-abondance-citrine\\\/#breadcrumb\"},\"inLanguage\":\"fr-FR\",\"potentialAction\":[{\"@type\":\"ReadAction\",\"target\":[\"https:\\\/\\\/hecate-energie-magie.com\\\/index.php\\\/produit\\\/dome-abondance-citrine\\\/\"]}]},{\"@type\":\"ImageObject\",\"inLanguage\":\"fr-FR\",\"@id\":\"https:\\\/\\\/hecate-energie-magie.com\\\/index.php\\\/produit\\\/dome-abondance-citrine\\\/#primaryimage\",\"url\":\"https:\\\/\\\/i0.wp.com\\\/hecate-energie-magie.com\\\/wp-content\\\/uploads\\\/2025\\\/02\\\/1748947087100-scaled.jpg?fit=2093%2C2560&ssl=1\",\"contentUrl\":\"https:\\\/\\\/i0.wp.com\\\/hecate-energie-magie.com\\\/wp-content\\\/uploads\\\/2025\\\/02\\\/1748947087100-scaled.jpg?fit=2093%2C2560&ssl=1\",\"width\":2093,\"height\":2560,\"caption\":\"D\u00f4me Citrine\"},{\"@type\":\"BreadcrumbList\",\"@id\":\"https:\\\/\\\/hecate-energie-magie.com\\\/index.php\\\/produit\\\/dome-abondance-citrine\\\/#breadcrumb\",\"itemListElement\":[{\"@type\":\"ListItem\",\"position\":1,\"name\":\"Accueil\",\"item\":\"https:\\\/\\\/hecate-energie-magie.com\\\/\"},{\"@type\":\"ListItem\",\"position\":2,\"name\":\"Boutique\",\"item\":\"https:\\\/\\\/hecate-energie-magie.com\\\/index.php\\\/boutique\\\/\"},{\"@type\":\"ListItem\",\"position\":3,\"name\":\"D\u00f4me Abondance- Citrine\"}]},{\"@type\":\"WebSite\",\"@id\":\"https:\\\/\\\/hecate-energie-magie.com\\\/#website\",\"url\":\"https:\\\/\\\/hecate-energie-magie.com\\\/\",\"name\":\"H\u00e9cate Energie et Magie\",\"description\":\"H\u00e9cate Energie et Magie\",\"publisher\":{\"@id\":\"https:\\\/\\\/hecate-energie-magie.com\\\/#organization\"},\"potentialAction\":[{\"@type\":\"SearchAction\",\"target\":{\"@type\":\"EntryPoint\",\"urlTemplate\":\"https:\\\/\\\/hecate-energie-magie.com\\\/?s={search_term_string}\"},\"query-input\":{\"@type\":\"PropertyValueSpecification\",\"valueRequired\":true,\"valueName\":\"search_term_string\"}}],\"inLanguage\":\"fr-FR\"},{\"@type\":\"Organization\",\"@id\":\"https:\\\/\\\/hecate-energie-magie.com\\\/#organization\",\"name\":\"H\u00e9cate Energie et Magie\",\"url\":\"https:\\\/\\\/hecate-energie-magie.com\\\/\",\"logo\":{\"@type\":\"ImageObject\",\"inLanguage\":\"fr-FR\",\"@id\":\"https:\\\/\\\/hecate-energie-magie.com\\\/#\\\/schema\\\/logo\\\/image\\\/\",\"url\":\"https:\\\/\\\/i0.wp.com\\\/hecate-energie-magie.com\\\/wp-content\\\/uploads\\\/2024\\\/09\\\/cropped-LOGO-HECATE.png?fit=500%2C500&ssl=1\",\"contentUrl\":\"https:\\\/\\\/i0.wp.com\\\/hecate-energie-magie.com\\\/wp-content\\\/uploads\\\/2024\\\/09\\\/cropped-LOGO-HECATE.png?fit=500%2C500&ssl=1\",\"width\":500,\"height\":500,\"caption\":\"H\u00e9cate Energie et Magie\"},\"image\":{\"@id\":\"https:\\\/\\\/hecate-energie-magie.com\\\/#\\\/schema\\\/logo\\\/image\\\/\"},\"sameAs\":[\"https:\\\/\\\/www.facebook.com\\\/profile.php?id=61557502523365\"]}]}<\/script>\n<!-- \/ Yoast SEO plugin. -->","yoast_head_json":{"title":"D\u00f4me Abondance- Citrine - H\u00e9cate Energie et Magie","description":"Les D\u00f4mes transforment les \u00e9nergies n\u00e9gatives environnantes d'un lieu ou d'une personne en \u00e9nergies positives. Ils ont un champ d'action de 1.50 m \u00e0 2m environ et ont des \u00e9nergies plus douces que l'orgonite car ils ont une forme plus homog\u00e8ne.","robots":{"index":"index","follow":"follow","max-snippet":"max-snippet:-1","max-image-preview":"max-image-preview:large","max-video-preview":"max-video-preview:-1"},"canonical":"https:\/\/hecate-energie-magie.com\/index.php\/produit\/dome-abondance-citrine\/","og_locale":"fr_FR","og_type":"article","og_title":"D\u00f4me Abondance- Citrine - H\u00e9cate Energie et Magie","og_description":"Les D\u00f4mes transforment les \u00e9nergies n\u00e9gatives environnantes d'un lieu ou d'une personne en \u00e9nergies positives. Ils ont un champ d'action de 1.50 m \u00e0 2m environ et ont des \u00e9nergies plus douces que l'orgonite car ils ont une forme plus homog\u00e8ne.","og_url":"https:\/\/hecate-energie-magie.com\/index.php\/produit\/dome-abondance-citrine\/","og_site_name":"H\u00e9cate Energie et Magie","article_publisher":"https:\/\/www.facebook.com\/profile.php?id=61557502523365","article_modified_time":"2025-06-04T07:16:47+00:00","og_image":[{"width":2093,"height":2560,"url":"https:\/\/hecate-energie-magie.com\/wp-content\/uploads\/2025\/02\/1748947087100-scaled.jpg","type":"image\/jpeg"}],"twitter_card":"summary_large_image","twitter_misc":{"Dur\u00e9e de lecture estim\u00e9e":"2 minutes"},"schema":{"@context":"https:\/\/schema.org","@graph":[{"@type":"WebPage","@id":"https:\/\/hecate-energie-magie.com\/index.php\/produit\/dome-abondance-citrine\/","url":"https:\/\/hecate-energie-magie.com\/index.php\/produit\/dome-abondance-citrine\/","name":"D\u00f4me Abondance- Citrine - H\u00e9cate Energie et Magie","isPartOf":{"@id":"https:\/\/hecate-energie-magie.com\/#website"},"primaryImageOfPage":{"@id":"https:\/\/hecate-energie-magie.com\/index.php\/produit\/dome-abondance-citrine\/#primaryimage"},"image":{"@id":"https:\/\/hecate-energie-magie.com\/index.php\/produit\/dome-abondance-citrine\/#primaryimage"},"thumbnailUrl":"https:\/\/i0.wp.com\/hecate-energie-magie.com\/wp-content\/uploads\/2025\/02\/1748947087100-scaled.jpg?fit=2093%2C2560&ssl=1","datePublished":"2025-02-07T14:04:29+00:00","dateModified":"2025-06-04T07:16:47+00:00","description":"Les D\u00f4mes transforment les \u00e9nergies n\u00e9gatives environnantes d'un lieu ou d'une personne en \u00e9nergies positives. Ils ont un champ d'action de 1.50 m \u00e0 2m environ et ont des \u00e9nergies plus douces que l'orgonite car ils ont une forme plus homog\u00e8ne.","breadcrumb":{"@id":"https:\/\/hecate-energie-magie.com\/index.php\/produit\/dome-abondance-citrine\/#breadcrumb"},"inLanguage":"fr-FR","potentialAction":[{"@type":"ReadAction","target":["https:\/\/hecate-energie-magie.com\/index.php\/produit\/dome-abondance-citrine\/"]}]},{"@type":"ImageObject","inLanguage":"fr-FR","@id":"https:\/\/hecate-energie-magie.com\/index.php\/produit\/dome-abondance-citrine\/#primaryimage","url":"https:\/\/i0.wp.com\/hecate-energie-magie.com\/wp-content\/uploads\/2025\/02\/1748947087100-scaled.jpg?fit=2093%2C2560&ssl=1","contentUrl":"https:\/\/i0.wp.com\/hecate-energie-magie.com\/wp-content\/uploads\/2025\/02\/1748947087100-scaled.jpg?fit=2093%2C2560&ssl=1","width":2093,"height":2560,"caption":"D\u00f4me Citrine"},{"@type":"BreadcrumbList","@id":"https:\/\/hecate-energie-magie.com\/index.php\/produit\/dome-abondance-citrine\/#breadcrumb","itemListElement":[{"@type":"ListItem","position":1,"name":"Accueil","item":"https:\/\/hecate-energie-magie.com\/"},{"@type":"ListItem","position":2,"name":"Boutique","item":"https:\/\/hecate-energie-magie.com\/index.php\/boutique\/"},{"@type":"ListItem","position":3,"name":"D\u00f4me Abondance- Citrine"}]},{"@type":"WebSite","@id":"https:\/\/hecate-energie-magie.com\/#website","url":"https:\/\/hecate-energie-magie.com\/","name":"H\u00e9cate Energie et Magie","description":"H\u00e9cate Energie et Magie","publisher":{"@id":"https:\/\/hecate-energie-magie.com\/#organization"},"potentialAction":[{"@type":"SearchAction","target":{"@type":"EntryPoint","urlTemplate":"https:\/\/hecate-energie-magie.com\/?s={search_term_string}"},"query-input":{"@type":"PropertyValueSpecification","valueRequired":true,"valueName":"search_term_string"}}],"inLanguage":"fr-FR"},{"@type":"Organization","@id":"https:\/\/hecate-energie-magie.com\/#organization","name":"H\u00e9cate Energie et Magie","url":"https:\/\/hecate-energie-magie.com\/","logo":{"@type":"ImageObject","inLanguage":"fr-FR","@id":"https:\/\/hecate-energie-magie.com\/#\/schema\/logo\/image\/","url":"https:\/\/i0.wp.com\/hecate-energie-magie.com\/wp-content\/uploads\/2024\/09\/cropped-LOGO-HECATE.png?fit=500%2C500&ssl=1","contentUrl":"https:\/\/i0.wp.com\/hecate-energie-magie.com\/wp-content\/uploads\/2024\/09\/cropped-LOGO-HECATE.png?fit=500%2C500&ssl=1","width":500,"height":500,"caption":"H\u00e9cate Energie et Magie"},"image":{"@id":"https:\/\/hecate-energie-magie.com\/#\/schema\/logo\/image\/"},"sameAs":["https:\/\/www.facebook.com\/profile.php?id=61557502523365"]}]}},"jetpack_sharing_enabled":true,"_links":{"self":[{"href":"https:\/\/hecate-energie-magie.com\/index.php\/wp-json\/wp\/v2\/product\/1557","targetHints":{"allow":["GET"]}}],"collection":[{"href":"https:\/\/hecate-energie-magie.com\/index.php\/wp-json\/wp\/v2\/product"}],"about":[{"href":"https:\/\/hecate-energie-magie.com\/index.php\/wp-json\/wp\/v2\/types\/product"}],"replies":[{"embeddable":true,"href":"https:\/\/hecate-energie-magie.com\/index.php\/wp-json\/wp\/v2\/comments?post=1557"}],"wp:featuredmedia":[{"embeddable":true,"href":"https:\/\/hecate-energie-magie.com\/index.php\/wp-json\/wp\/v2\/media\/1676"}],"wp:attachment":[{"href":"https:\/\/hecate-energie-magie.com\/index.php\/wp-json\/wp\/v2\/media?parent=1557"}],"wp:term":[{"taxonomy":"product_brand","embeddable":true,"href":"https:\/\/hecate-energie-magie.com\/index.php\/wp-json\/wp\/v2\/product_brand?post=1557"},{"taxonomy":"product_cat","embeddable":true,"href":"https:\/\/hecate-energie-magie.com\/index.php\/wp-json\/wp\/v2\/product_cat?post=1557"},{"taxonomy":"product_tag","embeddable":true,"href":"https:\/\/hecate-energie-magie.com\/index.php\/wp-json\/wp\/v2\/product_tag?post=1557"}],"curies":[{"name":"wp","href":"https:\/\/api.w.org\/{rel}","templated":true}]}}