{"id":1826,"date":"2025-09-02T16:46:50","date_gmt":"2025-09-02T14:46:50","guid":{"rendered":"https:\/\/hecate-energie-magie.com\/?post_type=product&#038;p=1826"},"modified":"2026-02-24T15:43:11","modified_gmt":"2026-02-24T14:43:11","slug":"romarin-fagot","status":"publish","type":"product","link":"https:\/\/hecate-energie-magie.com\/index.php\/produit\/romarin-fagot\/","title":{"rendered":"Romarin Fagot"},"content":{"rendered":"<h1 style=\"text-align: center;\"><span style=\"font-size: 40px;\"><b>Romarin<\/b><\/span><\/h1>\n<p style=\"text-align: center;\"><span style=\"font-family: Carattere; font-size: 30px;\">Le romarin est une herbe purificatrice et apaisante.<\/span><\/p>\n<p style=\"text-align: center;\"><span style=\"font-family: Carattere; font-size: 30px;\"><b>Il apporte un sentiment de paix et de bien-\u00eatre au sein de votre maison.<\/b><\/span><\/p>\n<p style=\"text-align: center;\"><span style=\"font-family: Carattere; font-size: 30px;\">Attire les \u00e9nergies positives.<\/span><\/p>\n<p style=\"text-align: center;\"><span style=\"font-family: Carattere; font-size: 30px;\">Apporte une clart\u00e9 mentale. <\/span><\/p>\n<p>&nbsp;<\/p>\n<p><span style=\"font-size: 24px;\"><em><span style=\"font-family: Carattere;\">Mentions importantes :\u00a0<\/span><\/em><\/span><\/p>\n<p><span style=\"font-size: 24px;\"><em><span style=\"font-family: Carattere;\">Proc\u00e9dez \u00e9tapes par \u00e9tapes. Ouvrez les fen\u00eatres. <\/span><\/em><\/span><\/p>\n<p><span style=\"font-size: 24px;\"><em><span style=\"font-family: Carattere;\">Pour allumer le b\u00e2ton, il vous suffit d&rsquo;allumer une extr\u00e9mit\u00e9. Une fois que quelques flammes apparaissent, agitez le b\u00e2ton en l&rsquo;air pour \u00e9teindre les flammes. <\/span><\/em><\/span><\/p>\n<p><span style=\"font-size: 24px;\"><em><span style=\"font-family: Carattere;\">La braise d\u00e9gagera alors de la fum\u00e9e. C&rsquo;est de cette fum\u00e9e dont vous aurez besoin lors de vos rituels. Il vous faudra \u00e9galement un r\u00e9cipient pour poser le b\u00e2ton, en d\u00e9gager la cendre et surtout l&rsquo;\u00e9teindre. <\/span><\/em><\/span><\/p>\n<p><span style=\"font-size: 24px;\"><em><span style=\"font-family: Carattere;\">Nous vous conseillons d&rsquo;utiliser une <a href=\"https:\/\/hecate-energie-magie.com\/index.php\/produit\/coquille-dormeau-naturelle\/\"><strong>Coquille d&rsquo;Ormeau<\/strong><\/a> ou un bol \u00e0 d\u00e9faut. Pour \u00e9teindre le b\u00e2ton, \u00e9crasez le bout en braises au fond de votre r\u00e9cipient.<\/span><\/em><\/span><\/p>\n<p><span style=\"font-size: 24px;\"><em><span style=\"font-family: Carattere;\"><strong>Certains de nos produits doivent \u00eatre manipul\u00e9s avec pr\u00e9caution et peuvent se r\u00e9v\u00e9ler dangereux s\u2019ils ne sont pas utilis\u00e9s correctement.<br \/>\nVous trouverez ci-dessous quelques pr\u00e9cautions d\u2019utilisations.<\/strong><\/span><\/em><\/span><\/p>\n<ul>\n<li><span style=\"font-size: 24px;\"><em><span style=\"font-family: Carattere;\">Ne jamais laisser la bougie ou l&rsquo;encens allum\u00e9e sans surveillance.<\/span><\/em><\/span><\/li>\n<li><span style=\"font-size: 24px;\"><em><span style=\"font-family: Carattere;\">Ne pas avaler.<\/span><\/em><\/span><\/li>\n<li><span style=\"font-size: 24px;\"><em><span style=\"font-family: Carattere;\">Tenir hors de port\u00e9e des enfants et des animaux.<\/span><\/em><\/span><\/li>\n<li><span style=\"font-size: 24px;\"><em><span style=\"font-family: Carattere;\">Ne jamais placer la bougie ou l&rsquo;encens sur des appareils \u00e9lectroniques ou pr\u00e8s d\u2019une source de chaleur.<\/span><\/em><\/span><\/li>\n<li><span style=\"font-size: 24px;\"><em><span style=\"font-family: Carattere;\">Faites uniquement br\u00fbler votre encens dans une pi\u00e8ce \u00e9quip\u00e9e d\u2019une fen\u00eatre afin de pouvoir a\u00e9rer la pi\u00e8ce.<\/span><\/em><\/span><\/li>\n<li><span style=\"font-size: 24px;\"><em><span style=\"font-family: Carattere;\">Les morceaux d\u2019encens se d\u00e9tachent au fur et \u00e0 mesure de la combustion, il convient de placer ces encens sur des r\u00e9cipients adapt\u00e9s (porte encens) qui vous permettront de tenir le b\u00e2tonnet mais aussi de r\u00e9cup\u00e9rer la cendre.<\/span><\/em><\/span><\/li>\n<\/ul>\n<p><span style=\"font-size: 12px;\">(Photos non contractuelles)<\/span><\/p>\n","protected":false},"excerpt":{"rendered":"<p><strong><span style=\"font-family: Carattere; font-size: 30px;\">Romarin.<\/span><\/strong><\/p>\n<p><span style=\"font-family: Carattere; font-size: 30px;\">Fagot d&rsquo;environ 11 cm \/ entre 20 et 30 g (Vendu \u00e0 l&rsquo;unit\u00e9).<\/span><\/p>\n","protected":false},"featured_media":1828,"comment_status":"open","ping_status":"closed","template":"","meta":[],"product_brand":[],"product_cat":[68],"product_tag":[53,39,187],"class_list":{"0":"post-1826","1":"product","2":"type-product","3":"status-publish","4":"has-post-thumbnail","6":"product_cat-sauges","7":"product_tag-fumigation","8":"product_tag-purification","9":"product_tag-romarin","11":"first","12":"instock","13":"shipping-taxable","14":"purchasable","15":"product-type-simple"},"yoast_head":"<!-- This site is optimized with the Yoast SEO plugin v27.3 - https:\/\/yoast.com\/product\/yoast-seo-wordpress\/ -->\n<title>Romarin Fagot - H\u00e9cate Energie et Magie<\/title>\n<meta name=\"description\" content=\"Le romarin est une herbe purificatrice et apaisante. Il apporte un sentiment de paix et de bien-\u00eatre au sein de votre maison. Attire les \u00e9nergies positives. Apporte une clart\u00e9 mentale.\" \/>\n<meta name=\"robots\" content=\"index, follow, max-snippet:-1, max-image-preview:large, max-video-preview:-1\" \/>\n<link rel=\"canonical\" href=\"https:\/\/hecate-energie-magie.com\/index.php\/produit\/romarin-fagot\/\" \/>\n<meta property=\"og:locale\" content=\"fr_FR\" \/>\n<meta property=\"og:type\" content=\"article\" \/>\n<meta property=\"og:title\" content=\"Romarin Fagot - H\u00e9cate Energie et Magie\" \/>\n<meta property=\"og:description\" content=\"Le romarin est une herbe purificatrice et apaisante. Il apporte un sentiment de paix et de bien-\u00eatre au sein de votre maison. Attire les \u00e9nergies positives. Apporte une clart\u00e9 mentale.\" \/>\n<meta property=\"og:url\" content=\"https:\/\/hecate-energie-magie.com\/index.php\/produit\/romarin-fagot\/\" \/>\n<meta property=\"og:site_name\" content=\"H\u00e9cate Energie et Magie\" \/>\n<meta property=\"article:publisher\" content=\"https:\/\/www.facebook.com\/profile.php?id=61557502523365\" \/>\n<meta property=\"article:modified_time\" content=\"2026-02-24T14:43:11+00:00\" \/>\n<meta property=\"og:image\" content=\"https:\/\/hecate-energie-magie.com\/wp-content\/uploads\/2025\/09\/IMG_20250831_155745-scaled.jpg\" \/>\n\t<meta property=\"og:image:width\" content=\"2048\" \/>\n\t<meta property=\"og:image:height\" content=\"2560\" \/>\n\t<meta property=\"og:image:type\" content=\"image\/jpeg\" \/>\n<meta name=\"twitter:card\" content=\"summary_large_image\" \/>\n<meta name=\"twitter:label1\" content=\"Dur\u00e9e de lecture estim\u00e9e\" \/>\n\t<meta name=\"twitter:data1\" content=\"2 minutes\" \/>\n<script type=\"application\/ld+json\" class=\"yoast-schema-graph\">{\"@context\":\"https:\\\/\\\/schema.org\",\"@graph\":[{\"@type\":\"WebPage\",\"@id\":\"https:\\\/\\\/hecate-energie-magie.com\\\/index.php\\\/produit\\\/romarin-fagot\\\/\",\"url\":\"https:\\\/\\\/hecate-energie-magie.com\\\/index.php\\\/produit\\\/romarin-fagot\\\/\",\"name\":\"Romarin Fagot - H\u00e9cate Energie et Magie\",\"isPartOf\":{\"@id\":\"https:\\\/\\\/hecate-energie-magie.com\\\/#website\"},\"primaryImageOfPage\":{\"@id\":\"https:\\\/\\\/hecate-energie-magie.com\\\/index.php\\\/produit\\\/romarin-fagot\\\/#primaryimage\"},\"image\":{\"@id\":\"https:\\\/\\\/hecate-energie-magie.com\\\/index.php\\\/produit\\\/romarin-fagot\\\/#primaryimage\"},\"thumbnailUrl\":\"https:\\\/\\\/i0.wp.com\\\/hecate-energie-magie.com\\\/wp-content\\\/uploads\\\/2025\\\/09\\\/IMG_20250831_155745-scaled.jpg?fit=2048%2C2560&ssl=1\",\"datePublished\":\"2025-09-02T14:46:50+00:00\",\"dateModified\":\"2026-02-24T14:43:11+00:00\",\"description\":\"Le romarin est une herbe purificatrice et apaisante. Il apporte un sentiment de paix et de bien-\u00eatre au sein de votre maison. Attire les \u00e9nergies positives. Apporte une clart\u00e9 mentale.\",\"breadcrumb\":{\"@id\":\"https:\\\/\\\/hecate-energie-magie.com\\\/index.php\\\/produit\\\/romarin-fagot\\\/#breadcrumb\"},\"inLanguage\":\"fr-FR\",\"potentialAction\":[{\"@type\":\"ReadAction\",\"target\":[\"https:\\\/\\\/hecate-energie-magie.com\\\/index.php\\\/produit\\\/romarin-fagot\\\/\"]}]},{\"@type\":\"ImageObject\",\"inLanguage\":\"fr-FR\",\"@id\":\"https:\\\/\\\/hecate-energie-magie.com\\\/index.php\\\/produit\\\/romarin-fagot\\\/#primaryimage\",\"url\":\"https:\\\/\\\/i0.wp.com\\\/hecate-energie-magie.com\\\/wp-content\\\/uploads\\\/2025\\\/09\\\/IMG_20250831_155745-scaled.jpg?fit=2048%2C2560&ssl=1\",\"contentUrl\":\"https:\\\/\\\/i0.wp.com\\\/hecate-energie-magie.com\\\/wp-content\\\/uploads\\\/2025\\\/09\\\/IMG_20250831_155745-scaled.jpg?fit=2048%2C2560&ssl=1\",\"width\":2048,\"height\":2560,\"caption\":\"Romarin Fagot\"},{\"@type\":\"BreadcrumbList\",\"@id\":\"https:\\\/\\\/hecate-energie-magie.com\\\/index.php\\\/produit\\\/romarin-fagot\\\/#breadcrumb\",\"itemListElement\":[{\"@type\":\"ListItem\",\"position\":1,\"name\":\"Accueil\",\"item\":\"https:\\\/\\\/hecate-energie-magie.com\\\/\"},{\"@type\":\"ListItem\",\"position\":2,\"name\":\"Boutique\",\"item\":\"https:\\\/\\\/hecate-energie-magie.com\\\/index.php\\\/boutique\\\/\"},{\"@type\":\"ListItem\",\"position\":3,\"name\":\"Romarin Fagot\"}]},{\"@type\":\"WebSite\",\"@id\":\"https:\\\/\\\/hecate-energie-magie.com\\\/#website\",\"url\":\"https:\\\/\\\/hecate-energie-magie.com\\\/\",\"name\":\"H\u00e9cate Energie et Magie\",\"description\":\"H\u00e9cate Energie et Magie\",\"publisher\":{\"@id\":\"https:\\\/\\\/hecate-energie-magie.com\\\/#organization\"},\"potentialAction\":[{\"@type\":\"SearchAction\",\"target\":{\"@type\":\"EntryPoint\",\"urlTemplate\":\"https:\\\/\\\/hecate-energie-magie.com\\\/?s={search_term_string}\"},\"query-input\":{\"@type\":\"PropertyValueSpecification\",\"valueRequired\":true,\"valueName\":\"search_term_string\"}}],\"inLanguage\":\"fr-FR\"},{\"@type\":\"Organization\",\"@id\":\"https:\\\/\\\/hecate-energie-magie.com\\\/#organization\",\"name\":\"H\u00e9cate Energie et Magie\",\"url\":\"https:\\\/\\\/hecate-energie-magie.com\\\/\",\"logo\":{\"@type\":\"ImageObject\",\"inLanguage\":\"fr-FR\",\"@id\":\"https:\\\/\\\/hecate-energie-magie.com\\\/#\\\/schema\\\/logo\\\/image\\\/\",\"url\":\"https:\\\/\\\/i0.wp.com\\\/hecate-energie-magie.com\\\/wp-content\\\/uploads\\\/2024\\\/09\\\/cropped-LOGO-HECATE.png?fit=500%2C500&ssl=1\",\"contentUrl\":\"https:\\\/\\\/i0.wp.com\\\/hecate-energie-magie.com\\\/wp-content\\\/uploads\\\/2024\\\/09\\\/cropped-LOGO-HECATE.png?fit=500%2C500&ssl=1\",\"width\":500,\"height\":500,\"caption\":\"H\u00e9cate Energie et Magie\"},\"image\":{\"@id\":\"https:\\\/\\\/hecate-energie-magie.com\\\/#\\\/schema\\\/logo\\\/image\\\/\"},\"sameAs\":[\"https:\\\/\\\/www.facebook.com\\\/profile.php?id=61557502523365\"]}]}<\/script>\n<!-- \/ Yoast SEO plugin. -->","yoast_head_json":{"title":"Romarin Fagot - H\u00e9cate Energie et Magie","description":"Le romarin est une herbe purificatrice et apaisante. Il apporte un sentiment de paix et de bien-\u00eatre au sein de votre maison. Attire les \u00e9nergies positives. Apporte une clart\u00e9 mentale.","robots":{"index":"index","follow":"follow","max-snippet":"max-snippet:-1","max-image-preview":"max-image-preview:large","max-video-preview":"max-video-preview:-1"},"canonical":"https:\/\/hecate-energie-magie.com\/index.php\/produit\/romarin-fagot\/","og_locale":"fr_FR","og_type":"article","og_title":"Romarin Fagot - H\u00e9cate Energie et Magie","og_description":"Le romarin est une herbe purificatrice et apaisante. Il apporte un sentiment de paix et de bien-\u00eatre au sein de votre maison. Attire les \u00e9nergies positives. Apporte une clart\u00e9 mentale.","og_url":"https:\/\/hecate-energie-magie.com\/index.php\/produit\/romarin-fagot\/","og_site_name":"H\u00e9cate Energie et Magie","article_publisher":"https:\/\/www.facebook.com\/profile.php?id=61557502523365","article_modified_time":"2026-02-24T14:43:11+00:00","og_image":[{"width":2048,"height":2560,"url":"https:\/\/hecate-energie-magie.com\/wp-content\/uploads\/2025\/09\/IMG_20250831_155745-scaled.jpg","type":"image\/jpeg"}],"twitter_card":"summary_large_image","twitter_misc":{"Dur\u00e9e de lecture estim\u00e9e":"2 minutes"},"schema":{"@context":"https:\/\/schema.org","@graph":[{"@type":"WebPage","@id":"https:\/\/hecate-energie-magie.com\/index.php\/produit\/romarin-fagot\/","url":"https:\/\/hecate-energie-magie.com\/index.php\/produit\/romarin-fagot\/","name":"Romarin Fagot - H\u00e9cate Energie et Magie","isPartOf":{"@id":"https:\/\/hecate-energie-magie.com\/#website"},"primaryImageOfPage":{"@id":"https:\/\/hecate-energie-magie.com\/index.php\/produit\/romarin-fagot\/#primaryimage"},"image":{"@id":"https:\/\/hecate-energie-magie.com\/index.php\/produit\/romarin-fagot\/#primaryimage"},"thumbnailUrl":"https:\/\/i0.wp.com\/hecate-energie-magie.com\/wp-content\/uploads\/2025\/09\/IMG_20250831_155745-scaled.jpg?fit=2048%2C2560&ssl=1","datePublished":"2025-09-02T14:46:50+00:00","dateModified":"2026-02-24T14:43:11+00:00","description":"Le romarin est une herbe purificatrice et apaisante. Il apporte un sentiment de paix et de bien-\u00eatre au sein de votre maison. Attire les \u00e9nergies positives. Apporte une clart\u00e9 mentale.","breadcrumb":{"@id":"https:\/\/hecate-energie-magie.com\/index.php\/produit\/romarin-fagot\/#breadcrumb"},"inLanguage":"fr-FR","potentialAction":[{"@type":"ReadAction","target":["https:\/\/hecate-energie-magie.com\/index.php\/produit\/romarin-fagot\/"]}]},{"@type":"ImageObject","inLanguage":"fr-FR","@id":"https:\/\/hecate-energie-magie.com\/index.php\/produit\/romarin-fagot\/#primaryimage","url":"https:\/\/i0.wp.com\/hecate-energie-magie.com\/wp-content\/uploads\/2025\/09\/IMG_20250831_155745-scaled.jpg?fit=2048%2C2560&ssl=1","contentUrl":"https:\/\/i0.wp.com\/hecate-energie-magie.com\/wp-content\/uploads\/2025\/09\/IMG_20250831_155745-scaled.jpg?fit=2048%2C2560&ssl=1","width":2048,"height":2560,"caption":"Romarin Fagot"},{"@type":"BreadcrumbList","@id":"https:\/\/hecate-energie-magie.com\/index.php\/produit\/romarin-fagot\/#breadcrumb","itemListElement":[{"@type":"ListItem","position":1,"name":"Accueil","item":"https:\/\/hecate-energie-magie.com\/"},{"@type":"ListItem","position":2,"name":"Boutique","item":"https:\/\/hecate-energie-magie.com\/index.php\/boutique\/"},{"@type":"ListItem","position":3,"name":"Romarin Fagot"}]},{"@type":"WebSite","@id":"https:\/\/hecate-energie-magie.com\/#website","url":"https:\/\/hecate-energie-magie.com\/","name":"H\u00e9cate Energie et Magie","description":"H\u00e9cate Energie et Magie","publisher":{"@id":"https:\/\/hecate-energie-magie.com\/#organization"},"potentialAction":[{"@type":"SearchAction","target":{"@type":"EntryPoint","urlTemplate":"https:\/\/hecate-energie-magie.com\/?s={search_term_string}"},"query-input":{"@type":"PropertyValueSpecification","valueRequired":true,"valueName":"search_term_string"}}],"inLanguage":"fr-FR"},{"@type":"Organization","@id":"https:\/\/hecate-energie-magie.com\/#organization","name":"H\u00e9cate Energie et Magie","url":"https:\/\/hecate-energie-magie.com\/","logo":{"@type":"ImageObject","inLanguage":"fr-FR","@id":"https:\/\/hecate-energie-magie.com\/#\/schema\/logo\/image\/","url":"https:\/\/i0.wp.com\/hecate-energie-magie.com\/wp-content\/uploads\/2024\/09\/cropped-LOGO-HECATE.png?fit=500%2C500&ssl=1","contentUrl":"https:\/\/i0.wp.com\/hecate-energie-magie.com\/wp-content\/uploads\/2024\/09\/cropped-LOGO-HECATE.png?fit=500%2C500&ssl=1","width":500,"height":500,"caption":"H\u00e9cate Energie et Magie"},"image":{"@id":"https:\/\/hecate-energie-magie.com\/#\/schema\/logo\/image\/"},"sameAs":["https:\/\/www.facebook.com\/profile.php?id=61557502523365"]}]}},"jetpack_sharing_enabled":true,"_links":{"self":[{"href":"https:\/\/hecate-energie-magie.com\/index.php\/wp-json\/wp\/v2\/product\/1826","targetHints":{"allow":["GET"]}}],"collection":[{"href":"https:\/\/hecate-energie-magie.com\/index.php\/wp-json\/wp\/v2\/product"}],"about":[{"href":"https:\/\/hecate-energie-magie.com\/index.php\/wp-json\/wp\/v2\/types\/product"}],"replies":[{"embeddable":true,"href":"https:\/\/hecate-energie-magie.com\/index.php\/wp-json\/wp\/v2\/comments?post=1826"}],"wp:featuredmedia":[{"embeddable":true,"href":"https:\/\/hecate-energie-magie.com\/index.php\/wp-json\/wp\/v2\/media\/1828"}],"wp:attachment":[{"href":"https:\/\/hecate-energie-magie.com\/index.php\/wp-json\/wp\/v2\/media?parent=1826"}],"wp:term":[{"taxonomy":"product_brand","embeddable":true,"href":"https:\/\/hecate-energie-magie.com\/index.php\/wp-json\/wp\/v2\/product_brand?post=1826"},{"taxonomy":"product_cat","embeddable":true,"href":"https:\/\/hecate-energie-magie.com\/index.php\/wp-json\/wp\/v2\/product_cat?post=1826"},{"taxonomy":"product_tag","embeddable":true,"href":"https:\/\/hecate-energie-magie.com\/index.php\/wp-json\/wp\/v2\/product_tag?post=1826"}],"curies":[{"name":"wp","href":"https:\/\/api.w.org\/{rel}","templated":true}]}}