{"id":1834,"date":"2025-09-04T11:36:43","date_gmt":"2025-09-04T09:36:43","guid":{"rendered":"https:\/\/hecate-energie-magie.com\/?post_type=product&#038;p=1834"},"modified":"2026-03-01T10:18:34","modified_gmt":"2026-03-01T09:18:34","slug":"cordelettes-nepalaises-meditation","status":"publish","type":"product","link":"https:\/\/hecate-energie-magie.com\/index.php\/produit\/cordelettes-nepalaises-meditation\/","title":{"rendered":"Cordelettes N\u00e9palaises M\u00e9ditation"},"content":{"rendered":"<h1 style=\"text-align: center;\"><span style=\"font-size: 35px;\"><strong>Cordelettes N\u00e9palaises M\u00e9ditation<\/strong><\/span><\/h1>\n<p style=\"text-align: center;\"><span style=\"font-family: Carattere; font-size: 30px;\">Les cordelettes n\u00e9palaises sont des encens typiques du N\u00e9pal, confectionn\u00e9es \u00e0 la main \u00e0 Kathmandu, elles ont<em> \u00e9t\u00e9 pr\u00e9par\u00e9 selon les m\u00e9thodes traditionnelles anciennes de l&rsquo;ordre monastique du Tibet.<\/em><\/span><\/p>\n<p style=\"text-align: center;\"><span style=\"font-family: Carattere; font-size: 30px;\"><b>L&rsquo;encens rituel est compos\u00e9 plusieurs ingr\u00e9dients naturels dont le safran, le nagi, le bois de santal,.. qui une fois r\u00e9duits en poudre, sont enroul\u00e9s dans une feuille Lokta (papier n\u00e9palais issu de la fibre d&rsquo;un arbuste).<\/b><\/span><\/p>\n<p style=\"text-align: center;\"><span style=\"font-family: Carattere; font-size: 30px;\">Traditionnellement utilis\u00e9es pour la m\u00e9ditation et les rituels religieux.<\/span><\/p>\n<p style=\"text-align: center;\"><span style=\"font-family: Carattere; font-size: 30px;\">Purifient l&rsquo;air et apportent une ambiance paisible.<\/span><\/p>\n<p style=\"text-align: center;\"><span style=\"font-family: Carattere; font-size: 30px;\">Favorise la paix et le bien-\u00eatre.<\/span><\/p>\n<p style=\"text-align: center;\"><span style=\"font-family: Carattere; font-size: 30px;\">Ar\u00f4mes doux, exotique et \u00e9pic\u00e9.<\/span><\/p>\n<p>&nbsp;<\/p>\n<p><span style=\"font-size: 24px;\"><em><span style=\"font-family: Carattere;\">Mentions importantes :\u00a0<\/span><\/em><\/span><\/p>\n<p><span style=\"font-size: 24px;\"><em><span style=\"font-family: Carattere;\">Proc\u00e9dez \u00e9tapes par \u00e9tapes. Ouvrez les fen\u00eatres. <\/span><\/em><\/span><\/p>\n<p><span style=\"font-size: 24px;\"><em><span style=\"font-family: Carattere;\">Pour allumer la cordelette, il vous suffit d&rsquo;allumer l&rsquo; extr\u00e9mit\u00e9. Une fois que quelques flammes apparaissent, soufflez l\u00e9g\u00e8rement pour \u00e9teindre les flammes. <\/span><\/em><\/span><\/p>\n<p><span style=\"font-size: 24px;\"><em><span style=\"font-family: Carattere;\">La braise d\u00e9gagera alors de la fum\u00e9e. C&rsquo;est de cette fum\u00e9e dont vous aurez besoin lors de vos rituels. Il vous faudra \u00e9galement un r\u00e9cipient pour poser la cordelette, en d\u00e9gager la cendre et surtout l&rsquo;\u00e9teindre. <\/span><\/em><\/span><\/p>\n<p><span style=\"font-size: 24px;\"><em><span style=\"font-family: Carattere;\">Nous vous conseillons d&rsquo;utiliser un porte encens pour cordelette. Laissez alors la cordelette se consumer jusqu&rsquo;au bout.<\/span><\/em><\/span><\/p>\n<p><span style=\"font-size: 24px;\"><em><span style=\"font-family: Carattere;\"><strong>Certains de nos produits doivent \u00eatre manipul\u00e9s avec pr\u00e9caution et peuvent se r\u00e9v\u00e9ler dangereux s\u2019ils ne sont pas utilis\u00e9s correctement.<br \/>\nVous trouverez ci-dessous quelques pr\u00e9cautions d\u2019utilisations.<\/strong><\/span><\/em><\/span><\/p>\n<ul>\n<li><span style=\"font-size: 24px;\"><em><span style=\"font-family: Carattere;\">Ne jamais laisser la bougie ou l&rsquo;encens allum\u00e9e sans surveillance.<\/span><\/em><\/span><\/li>\n<li><span style=\"font-size: 24px;\"><em><span style=\"font-family: Carattere;\">Ne pas avaler.<\/span><\/em><\/span><\/li>\n<li><span style=\"font-size: 24px;\"><em><span style=\"font-family: Carattere;\">Tenir hors de port\u00e9e des enfants et des animaux.<\/span><\/em><\/span><\/li>\n<li><span style=\"font-size: 24px;\"><em><span style=\"font-family: Carattere;\">Ne jamais placer la bougie ou l&rsquo;encens sur des appareils \u00e9lectroniques ou pr\u00e8s d\u2019une source de chaleur.<\/span><\/em><\/span><\/li>\n<li><span style=\"font-size: 24px;\"><em><span style=\"font-family: Carattere;\">Faites uniquement br\u00fbler votre encens dans une pi\u00e8ce \u00e9quip\u00e9e d\u2019une fen\u00eatre afin de pouvoir a\u00e9rer la pi\u00e8ce.<\/span><\/em><\/span><\/li>\n<li><span style=\"font-size: 24px;\"><em><span style=\"font-family: Carattere;\">Les morceaux d\u2019encens se d\u00e9tachent au fur et \u00e0 mesure de la combustion, il convient de placer ces encens sur des r\u00e9cipients adapt\u00e9s (porte encens) qui vous permettront de tenir le b\u00e2tonnet mais aussi de r\u00e9cup\u00e9rer la cendre.<\/span><\/em><\/span><\/li>\n<\/ul>\n<p><span style=\"font-size: 12px;\">(Photos non contractuelles)<\/span><\/p>\n","protected":false},"excerpt":{"rendered":"<h1><span style=\"font-size: 34px;\"><strong><span style=\"font-family: Carattere;\">Cordelettes N\u00e9palaises M\u00e9ditation.<\/span><\/strong><\/span><\/h1>\n<p><span style=\"font-family: Carattere; font-size: 30px;\">1 paquet d&rsquo;environ 30 cordelettes.\u00a0<\/span><\/p>\n<p><span style=\"font-family: Carattere; font-size: 30px;\">Fabriqu\u00e9 \u00e0 la main au N\u00e9pal.<\/span><\/p>\n","protected":false},"featured_media":1835,"comment_status":"open","ping_status":"closed","template":"","meta":[],"product_brand":[],"product_cat":[70],"product_tag":[188,55,53,189,39],"class_list":{"0":"post-1834","1":"product","2":"type-product","3":"status-publish","4":"has-post-thumbnail","6":"product_cat-encens","7":"product_tag-cordelette","8":"product_tag-encens","9":"product_tag-fumigation","10":"product_tag-nepalaise","11":"product_tag-purification","13":"first","14":"instock","15":"shipping-taxable","16":"purchasable","17":"product-type-simple"},"yoast_head":"<!-- This site is optimized with the Yoast SEO plugin v27.3 - https:\/\/yoast.com\/product\/yoast-seo-wordpress\/ -->\n<title>Cordelettes N\u00e9palaises M\u00e9ditation - H\u00e9cate Energie et Magie<\/title>\n<meta name=\"description\" content=\"Les cordelettes n\u00e9palaises sont des encens typiques du N\u00e9pal, confectionn\u00e9es \u00e0 la main \u00e0 Kathmandu, elles ont \u00e9t\u00e9 pr\u00e9par\u00e9 selon les m\u00e9thodes traditionnelles anciennes de l&#039;ordre monastique du Tibet. L&#039;encens rituel est compos\u00e9 de plusieurs ingr\u00e9dients naturels dont le safran, le nagi, le bois de santal,.. qui, une fois r\u00e9duits en poudre, sont enroul\u00e9s dans une feuille Lokta (papier n\u00e9palais issu de la fibre d&#039;un arbuste).Traditionnellement utilis\u00e9es pour la m\u00e9ditation et les rituels religieux.\" \/>\n<meta name=\"robots\" content=\"index, follow, max-snippet:-1, max-image-preview:large, max-video-preview:-1\" \/>\n<link rel=\"canonical\" href=\"https:\/\/hecate-energie-magie.com\/index.php\/produit\/cordelettes-nepalaises-meditation\/\" \/>\n<meta property=\"og:locale\" content=\"fr_FR\" \/>\n<meta property=\"og:type\" content=\"article\" \/>\n<meta property=\"og:title\" content=\"Cordelettes N\u00e9palaises M\u00e9ditation - H\u00e9cate Energie et Magie\" \/>\n<meta property=\"og:description\" content=\"Les cordelettes n\u00e9palaises sont des encens typiques du N\u00e9pal, confectionn\u00e9es \u00e0 la main \u00e0 Kathmandu, elles ont \u00e9t\u00e9 pr\u00e9par\u00e9 selon les m\u00e9thodes traditionnelles anciennes de l&#039;ordre monastique du Tibet. L&#039;encens rituel est compos\u00e9 de plusieurs ingr\u00e9dients naturels dont le safran, le nagi, le bois de santal,.. qui, une fois r\u00e9duits en poudre, sont enroul\u00e9s dans une feuille Lokta (papier n\u00e9palais issu de la fibre d&#039;un arbuste).Traditionnellement utilis\u00e9es pour la m\u00e9ditation et les rituels religieux.\" \/>\n<meta property=\"og:url\" content=\"https:\/\/hecate-energie-magie.com\/index.php\/produit\/cordelettes-nepalaises-meditation\/\" \/>\n<meta property=\"og:site_name\" content=\"H\u00e9cate Energie et Magie\" \/>\n<meta property=\"article:publisher\" content=\"https:\/\/www.facebook.com\/profile.php?id=61557502523365\" \/>\n<meta property=\"article:modified_time\" content=\"2026-03-01T09:18:34+00:00\" \/>\n<meta property=\"og:image\" content=\"https:\/\/hecate-energie-magie.com\/wp-content\/uploads\/2025\/09\/IMG_20250831_162159-scaled.jpg\" \/>\n\t<meta property=\"og:image:width\" content=\"2560\" \/>\n\t<meta property=\"og:image:height\" content=\"2493\" \/>\n\t<meta property=\"og:image:type\" content=\"image\/jpeg\" \/>\n<meta name=\"twitter:card\" content=\"summary_large_image\" \/>\n<meta name=\"twitter:label1\" content=\"Dur\u00e9e de lecture estim\u00e9e\" \/>\n\t<meta name=\"twitter:data1\" content=\"2 minutes\" \/>\n<script type=\"application\/ld+json\" class=\"yoast-schema-graph\">{\"@context\":\"https:\\\/\\\/schema.org\",\"@graph\":[{\"@type\":\"WebPage\",\"@id\":\"https:\\\/\\\/hecate-energie-magie.com\\\/index.php\\\/produit\\\/cordelettes-nepalaises-meditation\\\/\",\"url\":\"https:\\\/\\\/hecate-energie-magie.com\\\/index.php\\\/produit\\\/cordelettes-nepalaises-meditation\\\/\",\"name\":\"Cordelettes N\u00e9palaises M\u00e9ditation - H\u00e9cate Energie et Magie\",\"isPartOf\":{\"@id\":\"https:\\\/\\\/hecate-energie-magie.com\\\/#website\"},\"primaryImageOfPage\":{\"@id\":\"https:\\\/\\\/hecate-energie-magie.com\\\/index.php\\\/produit\\\/cordelettes-nepalaises-meditation\\\/#primaryimage\"},\"image\":{\"@id\":\"https:\\\/\\\/hecate-energie-magie.com\\\/index.php\\\/produit\\\/cordelettes-nepalaises-meditation\\\/#primaryimage\"},\"thumbnailUrl\":\"https:\\\/\\\/i0.wp.com\\\/hecate-energie-magie.com\\\/wp-content\\\/uploads\\\/2025\\\/09\\\/IMG_20250831_162159-scaled.jpg?fit=2560%2C2493&ssl=1\",\"datePublished\":\"2025-09-04T09:36:43+00:00\",\"dateModified\":\"2026-03-01T09:18:34+00:00\",\"description\":\"Les cordelettes n\u00e9palaises sont des encens typiques du N\u00e9pal, confectionn\u00e9es \u00e0 la main \u00e0 Kathmandu, elles ont \u00e9t\u00e9 pr\u00e9par\u00e9 selon les m\u00e9thodes traditionnelles anciennes de l'ordre monastique du Tibet. L'encens rituel est compos\u00e9 de plusieurs ingr\u00e9dients naturels dont le safran, le nagi, le bois de santal,.. qui, une fois r\u00e9duits en poudre, sont enroul\u00e9s dans une feuille Lokta (papier n\u00e9palais issu de la fibre d'un arbuste).Traditionnellement utilis\u00e9es pour la m\u00e9ditation et les rituels religieux.\",\"breadcrumb\":{\"@id\":\"https:\\\/\\\/hecate-energie-magie.com\\\/index.php\\\/produit\\\/cordelettes-nepalaises-meditation\\\/#breadcrumb\"},\"inLanguage\":\"fr-FR\",\"potentialAction\":[{\"@type\":\"ReadAction\",\"target\":[\"https:\\\/\\\/hecate-energie-magie.com\\\/index.php\\\/produit\\\/cordelettes-nepalaises-meditation\\\/\"]}]},{\"@type\":\"ImageObject\",\"inLanguage\":\"fr-FR\",\"@id\":\"https:\\\/\\\/hecate-energie-magie.com\\\/index.php\\\/produit\\\/cordelettes-nepalaises-meditation\\\/#primaryimage\",\"url\":\"https:\\\/\\\/i0.wp.com\\\/hecate-energie-magie.com\\\/wp-content\\\/uploads\\\/2025\\\/09\\\/IMG_20250831_162159-scaled.jpg?fit=2560%2C2493&ssl=1\",\"contentUrl\":\"https:\\\/\\\/i0.wp.com\\\/hecate-energie-magie.com\\\/wp-content\\\/uploads\\\/2025\\\/09\\\/IMG_20250831_162159-scaled.jpg?fit=2560%2C2493&ssl=1\",\"width\":2560,\"height\":2493,\"caption\":\"Cordelettes N\u00e9palaises M\u00e9ditation\"},{\"@type\":\"BreadcrumbList\",\"@id\":\"https:\\\/\\\/hecate-energie-magie.com\\\/index.php\\\/produit\\\/cordelettes-nepalaises-meditation\\\/#breadcrumb\",\"itemListElement\":[{\"@type\":\"ListItem\",\"position\":1,\"name\":\"Accueil\",\"item\":\"https:\\\/\\\/hecate-energie-magie.com\\\/\"},{\"@type\":\"ListItem\",\"position\":2,\"name\":\"Boutique\",\"item\":\"https:\\\/\\\/hecate-energie-magie.com\\\/index.php\\\/boutique\\\/\"},{\"@type\":\"ListItem\",\"position\":3,\"name\":\"Cordelettes N\u00e9palaises M\u00e9ditation\"}]},{\"@type\":\"WebSite\",\"@id\":\"https:\\\/\\\/hecate-energie-magie.com\\\/#website\",\"url\":\"https:\\\/\\\/hecate-energie-magie.com\\\/\",\"name\":\"H\u00e9cate Energie et Magie\",\"description\":\"H\u00e9cate Energie et Magie\",\"publisher\":{\"@id\":\"https:\\\/\\\/hecate-energie-magie.com\\\/#organization\"},\"potentialAction\":[{\"@type\":\"SearchAction\",\"target\":{\"@type\":\"EntryPoint\",\"urlTemplate\":\"https:\\\/\\\/hecate-energie-magie.com\\\/?s={search_term_string}\"},\"query-input\":{\"@type\":\"PropertyValueSpecification\",\"valueRequired\":true,\"valueName\":\"search_term_string\"}}],\"inLanguage\":\"fr-FR\"},{\"@type\":\"Organization\",\"@id\":\"https:\\\/\\\/hecate-energie-magie.com\\\/#organization\",\"name\":\"H\u00e9cate Energie et Magie\",\"url\":\"https:\\\/\\\/hecate-energie-magie.com\\\/\",\"logo\":{\"@type\":\"ImageObject\",\"inLanguage\":\"fr-FR\",\"@id\":\"https:\\\/\\\/hecate-energie-magie.com\\\/#\\\/schema\\\/logo\\\/image\\\/\",\"url\":\"https:\\\/\\\/i0.wp.com\\\/hecate-energie-magie.com\\\/wp-content\\\/uploads\\\/2024\\\/09\\\/cropped-LOGO-HECATE.png?fit=500%2C500&ssl=1\",\"contentUrl\":\"https:\\\/\\\/i0.wp.com\\\/hecate-energie-magie.com\\\/wp-content\\\/uploads\\\/2024\\\/09\\\/cropped-LOGO-HECATE.png?fit=500%2C500&ssl=1\",\"width\":500,\"height\":500,\"caption\":\"H\u00e9cate Energie et Magie\"},\"image\":{\"@id\":\"https:\\\/\\\/hecate-energie-magie.com\\\/#\\\/schema\\\/logo\\\/image\\\/\"},\"sameAs\":[\"https:\\\/\\\/www.facebook.com\\\/profile.php?id=61557502523365\"]}]}<\/script>\n<!-- \/ Yoast SEO plugin. -->","yoast_head_json":{"title":"Cordelettes N\u00e9palaises M\u00e9ditation - H\u00e9cate Energie et Magie","description":"Les cordelettes n\u00e9palaises sont des encens typiques du N\u00e9pal, confectionn\u00e9es \u00e0 la main \u00e0 Kathmandu, elles ont \u00e9t\u00e9 pr\u00e9par\u00e9 selon les m\u00e9thodes traditionnelles anciennes de l'ordre monastique du Tibet. L'encens rituel est compos\u00e9 de plusieurs ingr\u00e9dients naturels dont le safran, le nagi, le bois de santal,.. qui, une fois r\u00e9duits en poudre, sont enroul\u00e9s dans une feuille Lokta (papier n\u00e9palais issu de la fibre d'un arbuste).Traditionnellement utilis\u00e9es pour la m\u00e9ditation et les rituels religieux.","robots":{"index":"index","follow":"follow","max-snippet":"max-snippet:-1","max-image-preview":"max-image-preview:large","max-video-preview":"max-video-preview:-1"},"canonical":"https:\/\/hecate-energie-magie.com\/index.php\/produit\/cordelettes-nepalaises-meditation\/","og_locale":"fr_FR","og_type":"article","og_title":"Cordelettes N\u00e9palaises M\u00e9ditation - H\u00e9cate Energie et Magie","og_description":"Les cordelettes n\u00e9palaises sont des encens typiques du N\u00e9pal, confectionn\u00e9es \u00e0 la main \u00e0 Kathmandu, elles ont \u00e9t\u00e9 pr\u00e9par\u00e9 selon les m\u00e9thodes traditionnelles anciennes de l'ordre monastique du Tibet. L'encens rituel est compos\u00e9 de plusieurs ingr\u00e9dients naturels dont le safran, le nagi, le bois de santal,.. qui, une fois r\u00e9duits en poudre, sont enroul\u00e9s dans une feuille Lokta (papier n\u00e9palais issu de la fibre d'un arbuste).Traditionnellement utilis\u00e9es pour la m\u00e9ditation et les rituels religieux.","og_url":"https:\/\/hecate-energie-magie.com\/index.php\/produit\/cordelettes-nepalaises-meditation\/","og_site_name":"H\u00e9cate Energie et Magie","article_publisher":"https:\/\/www.facebook.com\/profile.php?id=61557502523365","article_modified_time":"2026-03-01T09:18:34+00:00","og_image":[{"width":2560,"height":2493,"url":"https:\/\/hecate-energie-magie.com\/wp-content\/uploads\/2025\/09\/IMG_20250831_162159-scaled.jpg","type":"image\/jpeg"}],"twitter_card":"summary_large_image","twitter_misc":{"Dur\u00e9e de lecture estim\u00e9e":"2 minutes"},"schema":{"@context":"https:\/\/schema.org","@graph":[{"@type":"WebPage","@id":"https:\/\/hecate-energie-magie.com\/index.php\/produit\/cordelettes-nepalaises-meditation\/","url":"https:\/\/hecate-energie-magie.com\/index.php\/produit\/cordelettes-nepalaises-meditation\/","name":"Cordelettes N\u00e9palaises M\u00e9ditation - H\u00e9cate Energie et Magie","isPartOf":{"@id":"https:\/\/hecate-energie-magie.com\/#website"},"primaryImageOfPage":{"@id":"https:\/\/hecate-energie-magie.com\/index.php\/produit\/cordelettes-nepalaises-meditation\/#primaryimage"},"image":{"@id":"https:\/\/hecate-energie-magie.com\/index.php\/produit\/cordelettes-nepalaises-meditation\/#primaryimage"},"thumbnailUrl":"https:\/\/i0.wp.com\/hecate-energie-magie.com\/wp-content\/uploads\/2025\/09\/IMG_20250831_162159-scaled.jpg?fit=2560%2C2493&ssl=1","datePublished":"2025-09-04T09:36:43+00:00","dateModified":"2026-03-01T09:18:34+00:00","description":"Les cordelettes n\u00e9palaises sont des encens typiques du N\u00e9pal, confectionn\u00e9es \u00e0 la main \u00e0 Kathmandu, elles ont \u00e9t\u00e9 pr\u00e9par\u00e9 selon les m\u00e9thodes traditionnelles anciennes de l'ordre monastique du Tibet. L'encens rituel est compos\u00e9 de plusieurs ingr\u00e9dients naturels dont le safran, le nagi, le bois de santal,.. qui, une fois r\u00e9duits en poudre, sont enroul\u00e9s dans une feuille Lokta (papier n\u00e9palais issu de la fibre d'un arbuste).Traditionnellement utilis\u00e9es pour la m\u00e9ditation et les rituels religieux.","breadcrumb":{"@id":"https:\/\/hecate-energie-magie.com\/index.php\/produit\/cordelettes-nepalaises-meditation\/#breadcrumb"},"inLanguage":"fr-FR","potentialAction":[{"@type":"ReadAction","target":["https:\/\/hecate-energie-magie.com\/index.php\/produit\/cordelettes-nepalaises-meditation\/"]}]},{"@type":"ImageObject","inLanguage":"fr-FR","@id":"https:\/\/hecate-energie-magie.com\/index.php\/produit\/cordelettes-nepalaises-meditation\/#primaryimage","url":"https:\/\/i0.wp.com\/hecate-energie-magie.com\/wp-content\/uploads\/2025\/09\/IMG_20250831_162159-scaled.jpg?fit=2560%2C2493&ssl=1","contentUrl":"https:\/\/i0.wp.com\/hecate-energie-magie.com\/wp-content\/uploads\/2025\/09\/IMG_20250831_162159-scaled.jpg?fit=2560%2C2493&ssl=1","width":2560,"height":2493,"caption":"Cordelettes N\u00e9palaises M\u00e9ditation"},{"@type":"BreadcrumbList","@id":"https:\/\/hecate-energie-magie.com\/index.php\/produit\/cordelettes-nepalaises-meditation\/#breadcrumb","itemListElement":[{"@type":"ListItem","position":1,"name":"Accueil","item":"https:\/\/hecate-energie-magie.com\/"},{"@type":"ListItem","position":2,"name":"Boutique","item":"https:\/\/hecate-energie-magie.com\/index.php\/boutique\/"},{"@type":"ListItem","position":3,"name":"Cordelettes N\u00e9palaises M\u00e9ditation"}]},{"@type":"WebSite","@id":"https:\/\/hecate-energie-magie.com\/#website","url":"https:\/\/hecate-energie-magie.com\/","name":"H\u00e9cate Energie et Magie","description":"H\u00e9cate Energie et Magie","publisher":{"@id":"https:\/\/hecate-energie-magie.com\/#organization"},"potentialAction":[{"@type":"SearchAction","target":{"@type":"EntryPoint","urlTemplate":"https:\/\/hecate-energie-magie.com\/?s={search_term_string}"},"query-input":{"@type":"PropertyValueSpecification","valueRequired":true,"valueName":"search_term_string"}}],"inLanguage":"fr-FR"},{"@type":"Organization","@id":"https:\/\/hecate-energie-magie.com\/#organization","name":"H\u00e9cate Energie et Magie","url":"https:\/\/hecate-energie-magie.com\/","logo":{"@type":"ImageObject","inLanguage":"fr-FR","@id":"https:\/\/hecate-energie-magie.com\/#\/schema\/logo\/image\/","url":"https:\/\/i0.wp.com\/hecate-energie-magie.com\/wp-content\/uploads\/2024\/09\/cropped-LOGO-HECATE.png?fit=500%2C500&ssl=1","contentUrl":"https:\/\/i0.wp.com\/hecate-energie-magie.com\/wp-content\/uploads\/2024\/09\/cropped-LOGO-HECATE.png?fit=500%2C500&ssl=1","width":500,"height":500,"caption":"H\u00e9cate Energie et Magie"},"image":{"@id":"https:\/\/hecate-energie-magie.com\/#\/schema\/logo\/image\/"},"sameAs":["https:\/\/www.facebook.com\/profile.php?id=61557502523365"]}]}},"jetpack_sharing_enabled":true,"_links":{"self":[{"href":"https:\/\/hecate-energie-magie.com\/index.php\/wp-json\/wp\/v2\/product\/1834","targetHints":{"allow":["GET"]}}],"collection":[{"href":"https:\/\/hecate-energie-magie.com\/index.php\/wp-json\/wp\/v2\/product"}],"about":[{"href":"https:\/\/hecate-energie-magie.com\/index.php\/wp-json\/wp\/v2\/types\/product"}],"replies":[{"embeddable":true,"href":"https:\/\/hecate-energie-magie.com\/index.php\/wp-json\/wp\/v2\/comments?post=1834"}],"wp:featuredmedia":[{"embeddable":true,"href":"https:\/\/hecate-energie-magie.com\/index.php\/wp-json\/wp\/v2\/media\/1835"}],"wp:attachment":[{"href":"https:\/\/hecate-energie-magie.com\/index.php\/wp-json\/wp\/v2\/media?parent=1834"}],"wp:term":[{"taxonomy":"product_brand","embeddable":true,"href":"https:\/\/hecate-energie-magie.com\/index.php\/wp-json\/wp\/v2\/product_brand?post=1834"},{"taxonomy":"product_cat","embeddable":true,"href":"https:\/\/hecate-energie-magie.com\/index.php\/wp-json\/wp\/v2\/product_cat?post=1834"},{"taxonomy":"product_tag","embeddable":true,"href":"https:\/\/hecate-energie-magie.com\/index.php\/wp-json\/wp\/v2\/product_tag?post=1834"}],"curies":[{"name":"wp","href":"https:\/\/api.w.org\/{rel}","templated":true}]}}