{"id":2064,"date":"2026-02-24T10:24:59","date_gmt":"2026-02-24T09:24:59","guid":{"rendered":"https:\/\/hecate-energie-magie.com\/?post_type=product&#038;p=2064"},"modified":"2026-02-24T15:15:15","modified_gmt":"2026-02-24T14:15:15","slug":"plaque-fleur-de-vie-bois-30cm","status":"publish","type":"product","link":"https:\/\/hecate-energie-magie.com\/index.php\/produit\/plaque-fleur-de-vie-bois-30cm\/","title":{"rendered":"Plaque Fleur de Vie Bois 30cm"},"content":{"rendered":"<h1 style=\"text-align: center;\"><span style=\"font-size: 35px;\"><strong><span style=\"font-family: Carattere;\">La Fleur de Vie<\/span><\/strong><\/span><\/h1>\n<p style=\"text-align: center;\"><span style=\"font-family: Carattere; font-size: 30px;\">La\u00a0<strong><a href=\"https:\/\/hecate-energie-magie.com\/index.php\/produit\/attrape-reve-fleur-de-vie\/\">fleur de vie\u00a0<\/a><\/strong>est une image g\u00e9om\u00e9trique consid\u00e9r\u00e9e comme sacr\u00e9e et capable de nombreux bienfaits, notamment en lithoth\u00e9rapie, gr\u00e2ce \u00e0 sa force vibratoire et \u00e9nerg\u00e9tique.<\/span><\/p>\n<p style=\"text-align: center;\"><span style=\"font-family: Carattere; font-size: 30px;\">Elle peut \u00eatre utilis\u00e9e pour recharger des pierres, harmoniser les \u00e9nergies, purifier une pi\u00e8ce ou m\u00eame aider \u00e0 conserver des aliments et de l\u2019eau.<\/span><\/p>\n<p style=\"text-align: center;\"><span style=\"font-family: Carattere; font-size: 30px;\">Beaucoup consid\u00e8rent l\u2019image de la\u00a0fleur de vie\u00a0comme \u00e9tant \u00e0 l\u2019origine de toutes choses, la graine de tous les possibles, et la connectent \u00e0 l\u2019<a href=\"https:\/\/hecate-energie-magie.com\/index.php\/produit\/veilleuse-arbre-de-vie-multicolore\/\"><strong>arbre de vie<\/strong><\/a>\u00a0et \u00e0 d\u2019autres motifs de la g\u00e9om\u00e9trie sacr\u00e9e comme le cube de\u00a0<strong><a href=\"https:\/\/hecate-energie-magie.com\/index.php\/produit\/metatron\/\">M\u00e9tatron<\/a>\u00a0<\/strong>et Merkaba.<\/span><\/p>\n<p style=\"text-align: center;\">\n","protected":false},"excerpt":{"rendered":"<p><span style=\"font-family: Carattere; font-size: 30px;\"><span style=\"vertical-align: inherit;\"><span style=\"vertical-align: inherit;\"><span style=\"vertical-align: inherit;\"><span style=\"vertical-align: inherit;\">Plaque en bois, de diam\u00e8tre 30 cm.<\/span><\/span><\/span><\/span><\/span><\/p>\n<p><span style=\"font-family: Carattere; font-size: 30px;\"><span style=\"vertical-align: inherit;\"><span style=\"vertical-align: inherit;\"><span style=\"vertical-align: inherit;\"><span style=\"vertical-align: inherit;\">Provenance Inde.<\/span><\/span><\/span><\/span><\/span><\/p>\n","protected":false},"featured_media":2066,"comment_status":"open","ping_status":"closed","template":"","meta":[],"product_brand":[],"product_cat":[43],"product_tag":[203,92,72,105],"class_list":{"0":"post-2064","1":"product","2":"type-product","3":"status-publish","4":"has-post-thumbnail","6":"product_cat-geometrie-sacree","7":"product_tag-energies","8":"product_tag-fleur-de-vie","9":"product_tag-geometrie-sacree","10":"product_tag-rechargement","12":"first","13":"instock","14":"shipping-taxable","15":"purchasable","16":"product-type-simple"},"yoast_head":"<!-- This site is optimized with the Yoast SEO plugin v27.3 - https:\/\/yoast.com\/product\/yoast-seo-wordpress\/ -->\n<title>Plaque Fleur de Vie Bois 30cm - H\u00e9cate Energie et Magie<\/title>\n<meta name=\"description\" content=\"Plaque Fleur de Vie Sculpt\u00e9e Bois 30cm. La\u00a0fleur de vie\u00a0est une image g\u00e9om\u00e9trique consid\u00e9r\u00e9e comme sacr\u00e9e et capable de nombreux bienfaits, notamment en lithoth\u00e9rapie, gr\u00e2ce \u00e0 sa force vibratoire et \u00e9nerg\u00e9tique. Elle peut \u00eatre utilis\u00e9e pour recharger des pierres, harmoniser les \u00e9nergies, purifier une pi\u00e8ce ou m\u00eame aider \u00e0 conserver des aliments et de l\u2019eau.\" \/>\n<meta name=\"robots\" content=\"index, follow, max-snippet:-1, max-image-preview:large, max-video-preview:-1\" \/>\n<link rel=\"canonical\" href=\"https:\/\/hecate-energie-magie.com\/index.php\/produit\/plaque-fleur-de-vie-bois-30cm\/\" \/>\n<meta property=\"og:locale\" content=\"fr_FR\" \/>\n<meta property=\"og:type\" content=\"article\" \/>\n<meta property=\"og:title\" content=\"Plaque Fleur de Vie Bois 30cm - H\u00e9cate Energie et Magie\" \/>\n<meta property=\"og:description\" content=\"Plaque Fleur de Vie Sculpt\u00e9e Bois 30cm. La\u00a0fleur de vie\u00a0est une image g\u00e9om\u00e9trique consid\u00e9r\u00e9e comme sacr\u00e9e et capable de nombreux bienfaits, notamment en lithoth\u00e9rapie, gr\u00e2ce \u00e0 sa force vibratoire et \u00e9nerg\u00e9tique. Elle peut \u00eatre utilis\u00e9e pour recharger des pierres, harmoniser les \u00e9nergies, purifier une pi\u00e8ce ou m\u00eame aider \u00e0 conserver des aliments et de l\u2019eau.\" \/>\n<meta property=\"og:url\" content=\"https:\/\/hecate-energie-magie.com\/index.php\/produit\/plaque-fleur-de-vie-bois-30cm\/\" \/>\n<meta property=\"og:site_name\" content=\"H\u00e9cate Energie et Magie\" \/>\n<meta property=\"article:publisher\" content=\"https:\/\/www.facebook.com\/profile.php?id=61557502523365\" \/>\n<meta property=\"article:modified_time\" content=\"2026-02-24T14:15:15+00:00\" \/>\n<meta property=\"og:image\" content=\"https:\/\/hecate-energie-magie.com\/wp-content\/uploads\/2026\/02\/1771762549394-scaled.jpg\" \/>\n\t<meta property=\"og:image:width\" content=\"2117\" \/>\n\t<meta property=\"og:image:height\" content=\"2560\" \/>\n\t<meta property=\"og:image:type\" content=\"image\/jpeg\" \/>\n<meta name=\"twitter:card\" content=\"summary_large_image\" \/>\n<meta name=\"twitter:label1\" content=\"Dur\u00e9e de lecture estim\u00e9e\" \/>\n\t<meta name=\"twitter:data1\" content=\"1 minute\" \/>\n<script type=\"application\/ld+json\" class=\"yoast-schema-graph\">{\"@context\":\"https:\\\/\\\/schema.org\",\"@graph\":[{\"@type\":\"WebPage\",\"@id\":\"https:\\\/\\\/hecate-energie-magie.com\\\/index.php\\\/produit\\\/plaque-fleur-de-vie-bois-30cm\\\/\",\"url\":\"https:\\\/\\\/hecate-energie-magie.com\\\/index.php\\\/produit\\\/plaque-fleur-de-vie-bois-30cm\\\/\",\"name\":\"Plaque Fleur de Vie Bois 30cm - H\u00e9cate Energie et Magie\",\"isPartOf\":{\"@id\":\"https:\\\/\\\/hecate-energie-magie.com\\\/#website\"},\"primaryImageOfPage\":{\"@id\":\"https:\\\/\\\/hecate-energie-magie.com\\\/index.php\\\/produit\\\/plaque-fleur-de-vie-bois-30cm\\\/#primaryimage\"},\"image\":{\"@id\":\"https:\\\/\\\/hecate-energie-magie.com\\\/index.php\\\/produit\\\/plaque-fleur-de-vie-bois-30cm\\\/#primaryimage\"},\"thumbnailUrl\":\"https:\\\/\\\/i0.wp.com\\\/hecate-energie-magie.com\\\/wp-content\\\/uploads\\\/2026\\\/02\\\/1771762549394-scaled.jpg?fit=2117%2C2560&ssl=1\",\"datePublished\":\"2026-02-24T09:24:59+00:00\",\"dateModified\":\"2026-02-24T14:15:15+00:00\",\"description\":\"Plaque Fleur de Vie Sculpt\u00e9e Bois 30cm. La\u00a0fleur de vie\u00a0est une image g\u00e9om\u00e9trique consid\u00e9r\u00e9e comme sacr\u00e9e et capable de nombreux bienfaits, notamment en lithoth\u00e9rapie, gr\u00e2ce \u00e0 sa force vibratoire et \u00e9nerg\u00e9tique. Elle peut \u00eatre utilis\u00e9e pour recharger des pierres, harmoniser les \u00e9nergies, purifier une pi\u00e8ce ou m\u00eame aider \u00e0 conserver des aliments et de l\u2019eau.\",\"breadcrumb\":{\"@id\":\"https:\\\/\\\/hecate-energie-magie.com\\\/index.php\\\/produit\\\/plaque-fleur-de-vie-bois-30cm\\\/#breadcrumb\"},\"inLanguage\":\"fr-FR\",\"potentialAction\":[{\"@type\":\"ReadAction\",\"target\":[\"https:\\\/\\\/hecate-energie-magie.com\\\/index.php\\\/produit\\\/plaque-fleur-de-vie-bois-30cm\\\/\"]}]},{\"@type\":\"ImageObject\",\"inLanguage\":\"fr-FR\",\"@id\":\"https:\\\/\\\/hecate-energie-magie.com\\\/index.php\\\/produit\\\/plaque-fleur-de-vie-bois-30cm\\\/#primaryimage\",\"url\":\"https:\\\/\\\/i0.wp.com\\\/hecate-energie-magie.com\\\/wp-content\\\/uploads\\\/2026\\\/02\\\/1771762549394-scaled.jpg?fit=2117%2C2560&ssl=1\",\"contentUrl\":\"https:\\\/\\\/i0.wp.com\\\/hecate-energie-magie.com\\\/wp-content\\\/uploads\\\/2026\\\/02\\\/1771762549394-scaled.jpg?fit=2117%2C2560&ssl=1\",\"width\":2117,\"height\":2560,\"caption\":\"Plaque Fleur de Vie Sculpt\u00e9e Bois 30cm\"},{\"@type\":\"BreadcrumbList\",\"@id\":\"https:\\\/\\\/hecate-energie-magie.com\\\/index.php\\\/produit\\\/plaque-fleur-de-vie-bois-30cm\\\/#breadcrumb\",\"itemListElement\":[{\"@type\":\"ListItem\",\"position\":1,\"name\":\"Accueil\",\"item\":\"https:\\\/\\\/hecate-energie-magie.com\\\/\"},{\"@type\":\"ListItem\",\"position\":2,\"name\":\"Boutique\",\"item\":\"https:\\\/\\\/hecate-energie-magie.com\\\/index.php\\\/boutique\\\/\"},{\"@type\":\"ListItem\",\"position\":3,\"name\":\"Plaque Fleur de Vie Bois 30cm\"}]},{\"@type\":\"WebSite\",\"@id\":\"https:\\\/\\\/hecate-energie-magie.com\\\/#website\",\"url\":\"https:\\\/\\\/hecate-energie-magie.com\\\/\",\"name\":\"H\u00e9cate Energie et Magie\",\"description\":\"H\u00e9cate Energie et Magie\",\"publisher\":{\"@id\":\"https:\\\/\\\/hecate-energie-magie.com\\\/#organization\"},\"potentialAction\":[{\"@type\":\"SearchAction\",\"target\":{\"@type\":\"EntryPoint\",\"urlTemplate\":\"https:\\\/\\\/hecate-energie-magie.com\\\/?s={search_term_string}\"},\"query-input\":{\"@type\":\"PropertyValueSpecification\",\"valueRequired\":true,\"valueName\":\"search_term_string\"}}],\"inLanguage\":\"fr-FR\"},{\"@type\":\"Organization\",\"@id\":\"https:\\\/\\\/hecate-energie-magie.com\\\/#organization\",\"name\":\"H\u00e9cate Energie et Magie\",\"url\":\"https:\\\/\\\/hecate-energie-magie.com\\\/\",\"logo\":{\"@type\":\"ImageObject\",\"inLanguage\":\"fr-FR\",\"@id\":\"https:\\\/\\\/hecate-energie-magie.com\\\/#\\\/schema\\\/logo\\\/image\\\/\",\"url\":\"https:\\\/\\\/i0.wp.com\\\/hecate-energie-magie.com\\\/wp-content\\\/uploads\\\/2024\\\/09\\\/cropped-LOGO-HECATE.png?fit=500%2C500&ssl=1\",\"contentUrl\":\"https:\\\/\\\/i0.wp.com\\\/hecate-energie-magie.com\\\/wp-content\\\/uploads\\\/2024\\\/09\\\/cropped-LOGO-HECATE.png?fit=500%2C500&ssl=1\",\"width\":500,\"height\":500,\"caption\":\"H\u00e9cate Energie et Magie\"},\"image\":{\"@id\":\"https:\\\/\\\/hecate-energie-magie.com\\\/#\\\/schema\\\/logo\\\/image\\\/\"},\"sameAs\":[\"https:\\\/\\\/www.facebook.com\\\/profile.php?id=61557502523365\"]}]}<\/script>\n<!-- \/ Yoast SEO plugin. -->","yoast_head_json":{"title":"Plaque Fleur de Vie Bois 30cm - H\u00e9cate Energie et Magie","description":"Plaque Fleur de Vie Sculpt\u00e9e Bois 30cm. La\u00a0fleur de vie\u00a0est une image g\u00e9om\u00e9trique consid\u00e9r\u00e9e comme sacr\u00e9e et capable de nombreux bienfaits, notamment en lithoth\u00e9rapie, gr\u00e2ce \u00e0 sa force vibratoire et \u00e9nerg\u00e9tique. Elle peut \u00eatre utilis\u00e9e pour recharger des pierres, harmoniser les \u00e9nergies, purifier une pi\u00e8ce ou m\u00eame aider \u00e0 conserver des aliments et de l\u2019eau.","robots":{"index":"index","follow":"follow","max-snippet":"max-snippet:-1","max-image-preview":"max-image-preview:large","max-video-preview":"max-video-preview:-1"},"canonical":"https:\/\/hecate-energie-magie.com\/index.php\/produit\/plaque-fleur-de-vie-bois-30cm\/","og_locale":"fr_FR","og_type":"article","og_title":"Plaque Fleur de Vie Bois 30cm - H\u00e9cate Energie et Magie","og_description":"Plaque Fleur de Vie Sculpt\u00e9e Bois 30cm. La\u00a0fleur de vie\u00a0est une image g\u00e9om\u00e9trique consid\u00e9r\u00e9e comme sacr\u00e9e et capable de nombreux bienfaits, notamment en lithoth\u00e9rapie, gr\u00e2ce \u00e0 sa force vibratoire et \u00e9nerg\u00e9tique. Elle peut \u00eatre utilis\u00e9e pour recharger des pierres, harmoniser les \u00e9nergies, purifier une pi\u00e8ce ou m\u00eame aider \u00e0 conserver des aliments et de l\u2019eau.","og_url":"https:\/\/hecate-energie-magie.com\/index.php\/produit\/plaque-fleur-de-vie-bois-30cm\/","og_site_name":"H\u00e9cate Energie et Magie","article_publisher":"https:\/\/www.facebook.com\/profile.php?id=61557502523365","article_modified_time":"2026-02-24T14:15:15+00:00","og_image":[{"width":2117,"height":2560,"url":"https:\/\/hecate-energie-magie.com\/wp-content\/uploads\/2026\/02\/1771762549394-scaled.jpg","type":"image\/jpeg"}],"twitter_card":"summary_large_image","twitter_misc":{"Dur\u00e9e de lecture estim\u00e9e":"1 minute"},"schema":{"@context":"https:\/\/schema.org","@graph":[{"@type":"WebPage","@id":"https:\/\/hecate-energie-magie.com\/index.php\/produit\/plaque-fleur-de-vie-bois-30cm\/","url":"https:\/\/hecate-energie-magie.com\/index.php\/produit\/plaque-fleur-de-vie-bois-30cm\/","name":"Plaque Fleur de Vie Bois 30cm - H\u00e9cate Energie et Magie","isPartOf":{"@id":"https:\/\/hecate-energie-magie.com\/#website"},"primaryImageOfPage":{"@id":"https:\/\/hecate-energie-magie.com\/index.php\/produit\/plaque-fleur-de-vie-bois-30cm\/#primaryimage"},"image":{"@id":"https:\/\/hecate-energie-magie.com\/index.php\/produit\/plaque-fleur-de-vie-bois-30cm\/#primaryimage"},"thumbnailUrl":"https:\/\/i0.wp.com\/hecate-energie-magie.com\/wp-content\/uploads\/2026\/02\/1771762549394-scaled.jpg?fit=2117%2C2560&ssl=1","datePublished":"2026-02-24T09:24:59+00:00","dateModified":"2026-02-24T14:15:15+00:00","description":"Plaque Fleur de Vie Sculpt\u00e9e Bois 30cm. La\u00a0fleur de vie\u00a0est une image g\u00e9om\u00e9trique consid\u00e9r\u00e9e comme sacr\u00e9e et capable de nombreux bienfaits, notamment en lithoth\u00e9rapie, gr\u00e2ce \u00e0 sa force vibratoire et \u00e9nerg\u00e9tique. Elle peut \u00eatre utilis\u00e9e pour recharger des pierres, harmoniser les \u00e9nergies, purifier une pi\u00e8ce ou m\u00eame aider \u00e0 conserver des aliments et de l\u2019eau.","breadcrumb":{"@id":"https:\/\/hecate-energie-magie.com\/index.php\/produit\/plaque-fleur-de-vie-bois-30cm\/#breadcrumb"},"inLanguage":"fr-FR","potentialAction":[{"@type":"ReadAction","target":["https:\/\/hecate-energie-magie.com\/index.php\/produit\/plaque-fleur-de-vie-bois-30cm\/"]}]},{"@type":"ImageObject","inLanguage":"fr-FR","@id":"https:\/\/hecate-energie-magie.com\/index.php\/produit\/plaque-fleur-de-vie-bois-30cm\/#primaryimage","url":"https:\/\/i0.wp.com\/hecate-energie-magie.com\/wp-content\/uploads\/2026\/02\/1771762549394-scaled.jpg?fit=2117%2C2560&ssl=1","contentUrl":"https:\/\/i0.wp.com\/hecate-energie-magie.com\/wp-content\/uploads\/2026\/02\/1771762549394-scaled.jpg?fit=2117%2C2560&ssl=1","width":2117,"height":2560,"caption":"Plaque Fleur de Vie Sculpt\u00e9e Bois 30cm"},{"@type":"BreadcrumbList","@id":"https:\/\/hecate-energie-magie.com\/index.php\/produit\/plaque-fleur-de-vie-bois-30cm\/#breadcrumb","itemListElement":[{"@type":"ListItem","position":1,"name":"Accueil","item":"https:\/\/hecate-energie-magie.com\/"},{"@type":"ListItem","position":2,"name":"Boutique","item":"https:\/\/hecate-energie-magie.com\/index.php\/boutique\/"},{"@type":"ListItem","position":3,"name":"Plaque Fleur de Vie Bois 30cm"}]},{"@type":"WebSite","@id":"https:\/\/hecate-energie-magie.com\/#website","url":"https:\/\/hecate-energie-magie.com\/","name":"H\u00e9cate Energie et Magie","description":"H\u00e9cate Energie et Magie","publisher":{"@id":"https:\/\/hecate-energie-magie.com\/#organization"},"potentialAction":[{"@type":"SearchAction","target":{"@type":"EntryPoint","urlTemplate":"https:\/\/hecate-energie-magie.com\/?s={search_term_string}"},"query-input":{"@type":"PropertyValueSpecification","valueRequired":true,"valueName":"search_term_string"}}],"inLanguage":"fr-FR"},{"@type":"Organization","@id":"https:\/\/hecate-energie-magie.com\/#organization","name":"H\u00e9cate Energie et Magie","url":"https:\/\/hecate-energie-magie.com\/","logo":{"@type":"ImageObject","inLanguage":"fr-FR","@id":"https:\/\/hecate-energie-magie.com\/#\/schema\/logo\/image\/","url":"https:\/\/i0.wp.com\/hecate-energie-magie.com\/wp-content\/uploads\/2024\/09\/cropped-LOGO-HECATE.png?fit=500%2C500&ssl=1","contentUrl":"https:\/\/i0.wp.com\/hecate-energie-magie.com\/wp-content\/uploads\/2024\/09\/cropped-LOGO-HECATE.png?fit=500%2C500&ssl=1","width":500,"height":500,"caption":"H\u00e9cate Energie et Magie"},"image":{"@id":"https:\/\/hecate-energie-magie.com\/#\/schema\/logo\/image\/"},"sameAs":["https:\/\/www.facebook.com\/profile.php?id=61557502523365"]}]}},"jetpack_sharing_enabled":true,"_links":{"self":[{"href":"https:\/\/hecate-energie-magie.com\/index.php\/wp-json\/wp\/v2\/product\/2064","targetHints":{"allow":["GET"]}}],"collection":[{"href":"https:\/\/hecate-energie-magie.com\/index.php\/wp-json\/wp\/v2\/product"}],"about":[{"href":"https:\/\/hecate-energie-magie.com\/index.php\/wp-json\/wp\/v2\/types\/product"}],"replies":[{"embeddable":true,"href":"https:\/\/hecate-energie-magie.com\/index.php\/wp-json\/wp\/v2\/comments?post=2064"}],"wp:featuredmedia":[{"embeddable":true,"href":"https:\/\/hecate-energie-magie.com\/index.php\/wp-json\/wp\/v2\/media\/2066"}],"wp:attachment":[{"href":"https:\/\/hecate-energie-magie.com\/index.php\/wp-json\/wp\/v2\/media?parent=2064"}],"wp:term":[{"taxonomy":"product_brand","embeddable":true,"href":"https:\/\/hecate-energie-magie.com\/index.php\/wp-json\/wp\/v2\/product_brand?post=2064"},{"taxonomy":"product_cat","embeddable":true,"href":"https:\/\/hecate-energie-magie.com\/index.php\/wp-json\/wp\/v2\/product_cat?post=2064"},{"taxonomy":"product_tag","embeddable":true,"href":"https:\/\/hecate-energie-magie.com\/index.php\/wp-json\/wp\/v2\/product_tag?post=2064"}],"curies":[{"name":"wp","href":"https:\/\/api.w.org\/{rel}","templated":true}]}}