{"id":2067,"date":"2026-02-24T10:40:55","date_gmt":"2026-02-24T09:40:55","guid":{"rendered":"https:\/\/hecate-energie-magie.com\/?post_type=product&#038;p=2067"},"modified":"2026-03-01T16:30:59","modified_gmt":"2026-03-01T15:30:59","slug":"encens-cone-a-reflux-palo-santo","status":"publish","type":"product","link":"https:\/\/hecate-energie-magie.com\/index.php\/produit\/encens-cone-a-reflux-palo-santo\/","title":{"rendered":"Encens c\u00f4ne \u00e0 reflux Palo Santo"},"content":{"rendered":"<h1 style=\"text-align: center;\"><span style=\"font-size: 35px;\"><strong><span style=\"font-family: Carattere;\">Encens c\u00f4ne \u00e0 reflux XL naturels Tribal Soul Palo Santo.<\/span><\/strong><\/span><\/h1>\n<h1 style=\"text-align: center;\"><span style=\"font-size: 30px;\"><strong>Le Palo Santo<\/strong><\/span><\/h1>\n<p style=\"text-align: center;\"><span style=\"font-family: Carattere; font-size: 30px;\">Egalement appel\u00e9 \u00ab Bois sacr\u00e9 \u00bb, est un puissant encens\u00a0<strong><a href=\"https:\/\/hecate-energie-magie.com\/index.php\/produit\/sauge-blanche-apiana-californie\/\">purificateur,\u00a0<\/a><\/strong>il \u00e9limine l\u2019\u00e9nergie n\u00e9gative pour restaurer la tranquillit\u00e9 et le calme.<\/span><\/p>\n<p style=\"text-align: center;\"><span style=\"font-family: Carattere; font-size: 30px;\"><em>Il provient de l\u2019arbre Bursera Graveolens qui pousse dans divers pays d\u2019Am\u00e9rique du sud notamment au P\u00e9rou. Il est r\u00e9colt\u00e9 une fois le bois mort tomb\u00e9.<\/em><\/span><\/p>\n<p style=\"text-align: center;\"><span style=\"font-family: Carattere; font-size: 30px;\">Utilis\u00e9 par les Chamans Incas et Mayas pour leurs rituels de purification, ils s\u2019en servent \u00e9galement pour ses propri\u00e9t\u00e9s anti-inflammatoires naturelles.<\/span><\/p>\n<p style=\"text-align: center;\"><span style=\"font-size: 30px; font-family: Carattere;\">Pour <strong><a href=\"https:\/\/hecate-energie-magie.com\/index.php\/produit\/fontaine-a-encens-om\/\">Fontaines \u00e0 encens<\/a><\/strong> disponibles sur la boutique.<\/span><\/p>\n<p>&nbsp;<\/p>\n<p style=\"text-align: center;\"><span style=\"font-size: 30px; font-family: Carattere;\">Pour allumer le c\u00f4ne, il vous suffit d&rsquo;allumer l&rsquo;extr\u00e9mit\u00e9. Une fois que quelques flammes apparaissent, agitez le pour \u00e9teindre les flammes. La braise d\u00e9gagera alors de la fum\u00e9e. Posez alors le c\u00f4ne sur la fontaine \u00e0 encens pour c\u00f4ne \u00e0 reflux.<\/span><\/p>\n<p>&nbsp;<\/p>\n<p><span style=\"font-size: 27px; font-family: Carattere;\"><strong>Certains de nos produits doivent \u00eatre manipul\u00e9s avec pr\u00e9caution et peuvent se r\u00e9v\u00e9ler dangereux s\u2019ils ne sont pas utilis\u00e9s correctement.<br \/>\nVous trouverez ci-dessous quelques pr\u00e9cautions d\u2019utilisations.<\/strong><\/span><\/p>\n<ul>\n<li><span style=\"font-size: 27px; font-family: Carattere;\">Ne jamais laisser la bougie ou l&rsquo;encens allum\u00e9e sans surveillance.<\/span><\/li>\n<li><span style=\"font-size: 27px; font-family: Carattere;\">Ne pas avaler.<\/span><\/li>\n<li><span style=\"font-size: 27px; font-family: Carattere;\">Tenir hors de port\u00e9e des enfants et des animaux.<\/span><\/li>\n<li><span style=\"font-size: 27px; font-family: Carattere;\">Ne jamais placer la bougie ou l&rsquo;encens sur des appareils \u00e9lectroniques ou pr\u00e8s d\u2019une source de chaleur.<\/span><\/li>\n<li><span style=\"font-size: 27px; font-family: Carattere;\">Faites uniquement br\u00fbler votre encens dans une pi\u00e8ce \u00e9quip\u00e9e d\u2019une fen\u00eatre afin de pouvoir a\u00e9rer la pi\u00e8ce.<\/span><\/li>\n<li><span style=\"font-size: 27px; font-family: Carattere;\">Les morceaux d\u2019encens se d\u00e9tachent au fur et \u00e0 mesure de la combustion, il convient de placer ces encens sur des r\u00e9cipients adapt\u00e9s (porte encens) qui vous permettront de tenir le b\u00e2tonnet mais aussi de r\u00e9cup\u00e9rer la cendre.<\/span><\/li>\n<\/ul>\n","protected":false},"excerpt":{"rendered":"<p><span style=\"font-family: Carattere; font-size: 30px;\"><span style=\"vertical-align: inherit;\"><span style=\"vertical-align: inherit;\">1 boite de 10 c\u00f4nes XL.<\/span><\/span><\/span><\/p>\n<p><span style=\"font-family: Carattere; font-size: 30px;\">Provenance Inde.<\/span><\/p>\n","protected":false},"featured_media":2068,"comment_status":"open","ping_status":"closed","template":"","meta":[],"product_brand":[],"product_cat":[70],"product_tag":[137,55,138,62,39],"class_list":{"0":"post-2067","1":"product","2":"type-product","3":"status-publish","4":"has-post-thumbnail","6":"product_cat-encens","7":"product_tag-cone","8":"product_tag-encens","9":"product_tag-fontaine-a-encens","10":"product_tag-palo-santo","11":"product_tag-purification","13":"first","14":"instock","15":"shipping-taxable","16":"purchasable","17":"product-type-simple"},"yoast_head":"<!-- This site is optimized with the Yoast SEO plugin v27.3 - https:\/\/yoast.com\/product\/yoast-seo-wordpress\/ -->\n<title>Encens c\u00f4ne \u00e0 reflux Palo Santo - H\u00e9cate Energie et Magie<\/title>\n<meta name=\"description\" content=\"Encens c\u00f4ne \u00e0 reflux XL naturels Tribal Soul Palo Santo. Le Palo Santo est un puissant encens\u00a0purificateur,\u00a0il \u00e9limine l\u2019\u00e9nergie n\u00e9gative pour restaurer la tranquillit\u00e9 et le calme.\" \/>\n<meta name=\"robots\" content=\"index, follow, max-snippet:-1, max-image-preview:large, max-video-preview:-1\" \/>\n<link rel=\"canonical\" href=\"https:\/\/hecate-energie-magie.com\/index.php\/produit\/encens-cone-a-reflux-palo-santo\/\" \/>\n<meta property=\"og:locale\" content=\"fr_FR\" \/>\n<meta property=\"og:type\" content=\"article\" \/>\n<meta property=\"og:title\" content=\"Encens c\u00f4ne \u00e0 reflux Palo Santo - H\u00e9cate Energie et Magie\" \/>\n<meta property=\"og:description\" content=\"Encens c\u00f4ne \u00e0 reflux XL naturels Tribal Soul Palo Santo. Le Palo Santo est un puissant encens\u00a0purificateur,\u00a0il \u00e9limine l\u2019\u00e9nergie n\u00e9gative pour restaurer la tranquillit\u00e9 et le calme.\" \/>\n<meta property=\"og:url\" content=\"https:\/\/hecate-energie-magie.com\/index.php\/produit\/encens-cone-a-reflux-palo-santo\/\" \/>\n<meta property=\"og:site_name\" content=\"H\u00e9cate Energie et Magie\" \/>\n<meta property=\"article:publisher\" content=\"https:\/\/www.facebook.com\/profile.php?id=61557502523365\" \/>\n<meta property=\"article:modified_time\" content=\"2026-03-01T15:30:59+00:00\" \/>\n<meta property=\"og:image\" content=\"https:\/\/hecate-energie-magie.com\/wp-content\/uploads\/2026\/02\/PALOBFT.jpg\" \/>\n\t<meta property=\"og:image:width\" content=\"800\" \/>\n\t<meta property=\"og:image:height\" content=\"582\" \/>\n\t<meta property=\"og:image:type\" content=\"image\/jpeg\" \/>\n<meta name=\"twitter:card\" content=\"summary_large_image\" \/>\n<meta name=\"twitter:label1\" content=\"Dur\u00e9e de lecture estim\u00e9e\" \/>\n\t<meta name=\"twitter:data1\" content=\"2 minutes\" \/>\n<script type=\"application\/ld+json\" class=\"yoast-schema-graph\">{\"@context\":\"https:\\\/\\\/schema.org\",\"@graph\":[{\"@type\":\"WebPage\",\"@id\":\"https:\\\/\\\/hecate-energie-magie.com\\\/index.php\\\/produit\\\/encens-cone-a-reflux-palo-santo\\\/\",\"url\":\"https:\\\/\\\/hecate-energie-magie.com\\\/index.php\\\/produit\\\/encens-cone-a-reflux-palo-santo\\\/\",\"name\":\"Encens c\u00f4ne \u00e0 reflux Palo Santo - H\u00e9cate Energie et Magie\",\"isPartOf\":{\"@id\":\"https:\\\/\\\/hecate-energie-magie.com\\\/#website\"},\"primaryImageOfPage\":{\"@id\":\"https:\\\/\\\/hecate-energie-magie.com\\\/index.php\\\/produit\\\/encens-cone-a-reflux-palo-santo\\\/#primaryimage\"},\"image\":{\"@id\":\"https:\\\/\\\/hecate-energie-magie.com\\\/index.php\\\/produit\\\/encens-cone-a-reflux-palo-santo\\\/#primaryimage\"},\"thumbnailUrl\":\"https:\\\/\\\/i0.wp.com\\\/hecate-energie-magie.com\\\/wp-content\\\/uploads\\\/2026\\\/02\\\/PALOBFT.jpg?fit=800%2C582&ssl=1\",\"datePublished\":\"2026-02-24T09:40:55+00:00\",\"dateModified\":\"2026-03-01T15:30:59+00:00\",\"description\":\"Encens c\u00f4ne \u00e0 reflux XL naturels Tribal Soul Palo Santo. Le Palo Santo est un puissant encens\u00a0purificateur,\u00a0il \u00e9limine l\u2019\u00e9nergie n\u00e9gative pour restaurer la tranquillit\u00e9 et le calme.\",\"breadcrumb\":{\"@id\":\"https:\\\/\\\/hecate-energie-magie.com\\\/index.php\\\/produit\\\/encens-cone-a-reflux-palo-santo\\\/#breadcrumb\"},\"inLanguage\":\"fr-FR\",\"potentialAction\":[{\"@type\":\"ReadAction\",\"target\":[\"https:\\\/\\\/hecate-energie-magie.com\\\/index.php\\\/produit\\\/encens-cone-a-reflux-palo-santo\\\/\"]}]},{\"@type\":\"ImageObject\",\"inLanguage\":\"fr-FR\",\"@id\":\"https:\\\/\\\/hecate-energie-magie.com\\\/index.php\\\/produit\\\/encens-cone-a-reflux-palo-santo\\\/#primaryimage\",\"url\":\"https:\\\/\\\/i0.wp.com\\\/hecate-energie-magie.com\\\/wp-content\\\/uploads\\\/2026\\\/02\\\/PALOBFT.jpg?fit=800%2C582&ssl=1\",\"contentUrl\":\"https:\\\/\\\/i0.wp.com\\\/hecate-energie-magie.com\\\/wp-content\\\/uploads\\\/2026\\\/02\\\/PALOBFT.jpg?fit=800%2C582&ssl=1\",\"width\":800,\"height\":582,\"caption\":\"Backflow C\u00f4nes XL Tribal Soul Palo Santo 12pcs\"},{\"@type\":\"BreadcrumbList\",\"@id\":\"https:\\\/\\\/hecate-energie-magie.com\\\/index.php\\\/produit\\\/encens-cone-a-reflux-palo-santo\\\/#breadcrumb\",\"itemListElement\":[{\"@type\":\"ListItem\",\"position\":1,\"name\":\"Accueil\",\"item\":\"https:\\\/\\\/hecate-energie-magie.com\\\/\"},{\"@type\":\"ListItem\",\"position\":2,\"name\":\"Boutique\",\"item\":\"https:\\\/\\\/hecate-energie-magie.com\\\/index.php\\\/boutique\\\/\"},{\"@type\":\"ListItem\",\"position\":3,\"name\":\"Encens c\u00f4ne \u00e0 reflux Palo Santo\"}]},{\"@type\":\"WebSite\",\"@id\":\"https:\\\/\\\/hecate-energie-magie.com\\\/#website\",\"url\":\"https:\\\/\\\/hecate-energie-magie.com\\\/\",\"name\":\"H\u00e9cate Energie et Magie\",\"description\":\"H\u00e9cate Energie et Magie\",\"publisher\":{\"@id\":\"https:\\\/\\\/hecate-energie-magie.com\\\/#organization\"},\"potentialAction\":[{\"@type\":\"SearchAction\",\"target\":{\"@type\":\"EntryPoint\",\"urlTemplate\":\"https:\\\/\\\/hecate-energie-magie.com\\\/?s={search_term_string}\"},\"query-input\":{\"@type\":\"PropertyValueSpecification\",\"valueRequired\":true,\"valueName\":\"search_term_string\"}}],\"inLanguage\":\"fr-FR\"},{\"@type\":\"Organization\",\"@id\":\"https:\\\/\\\/hecate-energie-magie.com\\\/#organization\",\"name\":\"H\u00e9cate Energie et Magie\",\"url\":\"https:\\\/\\\/hecate-energie-magie.com\\\/\",\"logo\":{\"@type\":\"ImageObject\",\"inLanguage\":\"fr-FR\",\"@id\":\"https:\\\/\\\/hecate-energie-magie.com\\\/#\\\/schema\\\/logo\\\/image\\\/\",\"url\":\"https:\\\/\\\/i0.wp.com\\\/hecate-energie-magie.com\\\/wp-content\\\/uploads\\\/2024\\\/09\\\/cropped-LOGO-HECATE.png?fit=500%2C500&ssl=1\",\"contentUrl\":\"https:\\\/\\\/i0.wp.com\\\/hecate-energie-magie.com\\\/wp-content\\\/uploads\\\/2024\\\/09\\\/cropped-LOGO-HECATE.png?fit=500%2C500&ssl=1\",\"width\":500,\"height\":500,\"caption\":\"H\u00e9cate Energie et Magie\"},\"image\":{\"@id\":\"https:\\\/\\\/hecate-energie-magie.com\\\/#\\\/schema\\\/logo\\\/image\\\/\"},\"sameAs\":[\"https:\\\/\\\/www.facebook.com\\\/profile.php?id=61557502523365\"]}]}<\/script>\n<!-- \/ Yoast SEO plugin. -->","yoast_head_json":{"title":"Encens c\u00f4ne \u00e0 reflux Palo Santo - H\u00e9cate Energie et Magie","description":"Encens c\u00f4ne \u00e0 reflux XL naturels Tribal Soul Palo Santo. Le Palo Santo est un puissant encens\u00a0purificateur,\u00a0il \u00e9limine l\u2019\u00e9nergie n\u00e9gative pour restaurer la tranquillit\u00e9 et le calme.","robots":{"index":"index","follow":"follow","max-snippet":"max-snippet:-1","max-image-preview":"max-image-preview:large","max-video-preview":"max-video-preview:-1"},"canonical":"https:\/\/hecate-energie-magie.com\/index.php\/produit\/encens-cone-a-reflux-palo-santo\/","og_locale":"fr_FR","og_type":"article","og_title":"Encens c\u00f4ne \u00e0 reflux Palo Santo - H\u00e9cate Energie et Magie","og_description":"Encens c\u00f4ne \u00e0 reflux XL naturels Tribal Soul Palo Santo. Le Palo Santo est un puissant encens\u00a0purificateur,\u00a0il \u00e9limine l\u2019\u00e9nergie n\u00e9gative pour restaurer la tranquillit\u00e9 et le calme.","og_url":"https:\/\/hecate-energie-magie.com\/index.php\/produit\/encens-cone-a-reflux-palo-santo\/","og_site_name":"H\u00e9cate Energie et Magie","article_publisher":"https:\/\/www.facebook.com\/profile.php?id=61557502523365","article_modified_time":"2026-03-01T15:30:59+00:00","og_image":[{"width":800,"height":582,"url":"https:\/\/hecate-energie-magie.com\/wp-content\/uploads\/2026\/02\/PALOBFT.jpg","type":"image\/jpeg"}],"twitter_card":"summary_large_image","twitter_misc":{"Dur\u00e9e de lecture estim\u00e9e":"2 minutes"},"schema":{"@context":"https:\/\/schema.org","@graph":[{"@type":"WebPage","@id":"https:\/\/hecate-energie-magie.com\/index.php\/produit\/encens-cone-a-reflux-palo-santo\/","url":"https:\/\/hecate-energie-magie.com\/index.php\/produit\/encens-cone-a-reflux-palo-santo\/","name":"Encens c\u00f4ne \u00e0 reflux Palo Santo - H\u00e9cate Energie et Magie","isPartOf":{"@id":"https:\/\/hecate-energie-magie.com\/#website"},"primaryImageOfPage":{"@id":"https:\/\/hecate-energie-magie.com\/index.php\/produit\/encens-cone-a-reflux-palo-santo\/#primaryimage"},"image":{"@id":"https:\/\/hecate-energie-magie.com\/index.php\/produit\/encens-cone-a-reflux-palo-santo\/#primaryimage"},"thumbnailUrl":"https:\/\/i0.wp.com\/hecate-energie-magie.com\/wp-content\/uploads\/2026\/02\/PALOBFT.jpg?fit=800%2C582&ssl=1","datePublished":"2026-02-24T09:40:55+00:00","dateModified":"2026-03-01T15:30:59+00:00","description":"Encens c\u00f4ne \u00e0 reflux XL naturels Tribal Soul Palo Santo. Le Palo Santo est un puissant encens\u00a0purificateur,\u00a0il \u00e9limine l\u2019\u00e9nergie n\u00e9gative pour restaurer la tranquillit\u00e9 et le calme.","breadcrumb":{"@id":"https:\/\/hecate-energie-magie.com\/index.php\/produit\/encens-cone-a-reflux-palo-santo\/#breadcrumb"},"inLanguage":"fr-FR","potentialAction":[{"@type":"ReadAction","target":["https:\/\/hecate-energie-magie.com\/index.php\/produit\/encens-cone-a-reflux-palo-santo\/"]}]},{"@type":"ImageObject","inLanguage":"fr-FR","@id":"https:\/\/hecate-energie-magie.com\/index.php\/produit\/encens-cone-a-reflux-palo-santo\/#primaryimage","url":"https:\/\/i0.wp.com\/hecate-energie-magie.com\/wp-content\/uploads\/2026\/02\/PALOBFT.jpg?fit=800%2C582&ssl=1","contentUrl":"https:\/\/i0.wp.com\/hecate-energie-magie.com\/wp-content\/uploads\/2026\/02\/PALOBFT.jpg?fit=800%2C582&ssl=1","width":800,"height":582,"caption":"Backflow C\u00f4nes XL Tribal Soul Palo Santo 12pcs"},{"@type":"BreadcrumbList","@id":"https:\/\/hecate-energie-magie.com\/index.php\/produit\/encens-cone-a-reflux-palo-santo\/#breadcrumb","itemListElement":[{"@type":"ListItem","position":1,"name":"Accueil","item":"https:\/\/hecate-energie-magie.com\/"},{"@type":"ListItem","position":2,"name":"Boutique","item":"https:\/\/hecate-energie-magie.com\/index.php\/boutique\/"},{"@type":"ListItem","position":3,"name":"Encens c\u00f4ne \u00e0 reflux Palo Santo"}]},{"@type":"WebSite","@id":"https:\/\/hecate-energie-magie.com\/#website","url":"https:\/\/hecate-energie-magie.com\/","name":"H\u00e9cate Energie et Magie","description":"H\u00e9cate Energie et Magie","publisher":{"@id":"https:\/\/hecate-energie-magie.com\/#organization"},"potentialAction":[{"@type":"SearchAction","target":{"@type":"EntryPoint","urlTemplate":"https:\/\/hecate-energie-magie.com\/?s={search_term_string}"},"query-input":{"@type":"PropertyValueSpecification","valueRequired":true,"valueName":"search_term_string"}}],"inLanguage":"fr-FR"},{"@type":"Organization","@id":"https:\/\/hecate-energie-magie.com\/#organization","name":"H\u00e9cate Energie et Magie","url":"https:\/\/hecate-energie-magie.com\/","logo":{"@type":"ImageObject","inLanguage":"fr-FR","@id":"https:\/\/hecate-energie-magie.com\/#\/schema\/logo\/image\/","url":"https:\/\/i0.wp.com\/hecate-energie-magie.com\/wp-content\/uploads\/2024\/09\/cropped-LOGO-HECATE.png?fit=500%2C500&ssl=1","contentUrl":"https:\/\/i0.wp.com\/hecate-energie-magie.com\/wp-content\/uploads\/2024\/09\/cropped-LOGO-HECATE.png?fit=500%2C500&ssl=1","width":500,"height":500,"caption":"H\u00e9cate Energie et Magie"},"image":{"@id":"https:\/\/hecate-energie-magie.com\/#\/schema\/logo\/image\/"},"sameAs":["https:\/\/www.facebook.com\/profile.php?id=61557502523365"]}]}},"jetpack_sharing_enabled":true,"_links":{"self":[{"href":"https:\/\/hecate-energie-magie.com\/index.php\/wp-json\/wp\/v2\/product\/2067","targetHints":{"allow":["GET"]}}],"collection":[{"href":"https:\/\/hecate-energie-magie.com\/index.php\/wp-json\/wp\/v2\/product"}],"about":[{"href":"https:\/\/hecate-energie-magie.com\/index.php\/wp-json\/wp\/v2\/types\/product"}],"replies":[{"embeddable":true,"href":"https:\/\/hecate-energie-magie.com\/index.php\/wp-json\/wp\/v2\/comments?post=2067"}],"wp:featuredmedia":[{"embeddable":true,"href":"https:\/\/hecate-energie-magie.com\/index.php\/wp-json\/wp\/v2\/media\/2068"}],"wp:attachment":[{"href":"https:\/\/hecate-energie-magie.com\/index.php\/wp-json\/wp\/v2\/media?parent=2067"}],"wp:term":[{"taxonomy":"product_brand","embeddable":true,"href":"https:\/\/hecate-energie-magie.com\/index.php\/wp-json\/wp\/v2\/product_brand?post=2067"},{"taxonomy":"product_cat","embeddable":true,"href":"https:\/\/hecate-energie-magie.com\/index.php\/wp-json\/wp\/v2\/product_cat?post=2067"},{"taxonomy":"product_tag","embeddable":true,"href":"https:\/\/hecate-energie-magie.com\/index.php\/wp-json\/wp\/v2\/product_tag?post=2067"}],"curies":[{"name":"wp","href":"https:\/\/api.w.org\/{rel}","templated":true}]}}