{"id":436,"date":"2024-05-17T15:20:19","date_gmt":"2024-05-17T13:20:19","guid":{"rendered":"https:\/\/hecate-energie-magie.com\/?post_type=product&#038;p=436"},"modified":"2026-03-04T11:10:51","modified_gmt":"2026-03-04T10:10:51","slug":"orgonite-apaisement-amethyste-cristal-de-roche-quartz-rose","status":"publish","type":"product","link":"https:\/\/hecate-energie-magie.com\/index.php\/produit\/orgonite-apaisement-amethyste-cristal-de-roche-quartz-rose\/","title":{"rendered":"Orgonite Apaisement Am\u00e9thyste &#8211; Cristal de Roche &#8211; Quartz Rose"},"content":{"rendered":"<h2 style=\"text-align: center;\"><span style=\"font-size: 40px; font-family: Carattere;\"><strong>Les orgonites<\/strong><\/span><\/h2>\n<p style=\"text-align: center;\"><span style=\"font-size: 30px; font-family: Carattere;\">L&rsquo;<strong><a href=\"https:\/\/hecate-energie-magie.com\/index.php\/produit\/orgonite-tourmaline\/\">orgonite<\/a><\/strong> transforme les \u00e9nergies n\u00e9gatives environnantes d&rsquo;un lieu ou d&rsquo;une personne en \u00e9nergies positives.<\/span><\/p>\n<p style=\"text-align: center;\"><span style=\"font-size: 30px; font-family: Carattere;\">Gr\u00e2ce \u00e0 la combinaison des propri\u00e9t\u00e9s physiques de ses trois composants\u00a0: r\u00e9sine, m\u00e9taux, quartz.<\/span><\/p>\n<p style=\"text-align: center;\"><span style=\"font-family: Carattere; font-size: 30px;\">Elles ont un champ d&rsquo;action\u00a0 de 1.50 \u00e0 2 m\u00e8tres environ.<\/span><\/p>\n<p style=\"text-align: center;\"><span style=\"font-size: 30px; font-family: Carattere;\">L\u2019orgonite fonctionne en utilisant la propri\u00e9t\u00e9 pi\u00e9zo\u00e9lectrique des cristaux de quartz.<\/span><\/p>\n<p style=\"text-align: center;\"><span style=\"font-size: 30px; font-family: Carattere;\">Cette propri\u00e9t\u00e9 signifie que lorsqu\u2019un cristal de quartz est comprim\u00e9 ou d\u00e9form\u00e9, il g\u00e9n\u00e8re un champ \u00e9lectrique.<\/span><\/p>\n<p style=\"text-align: center;\"><span style=\"font-size: 30px; font-family: Carattere;\">Quand elle est expos\u00e9e \u00e0 un champ \u00e9lectromagn\u00e9tique, le cristal de quartz est comprim\u00e9 par la r\u00e9sine,\u00a0g\u00e9n\u00e9rant un champ \u00e9lectrique qui peut alors transformer les ondes \u00e9lectromagn\u00e9tiques n\u00e9gatives en \u00e9nergie positive.<\/span><\/p>\n<p style=\"text-align: center;\"><span style=\"font-size: 30px; font-family: Carattere;\">Cet objet fonctionne gr\u00e2ce \u00e0 la combinaison de ses trois constituants principaux :<\/span><\/p>\n<p style=\"text-align: center;\"><span style=\"font-size: 30px; font-family: Carattere;\">* La r\u00e9sine, qui est un polym\u00e8re, est di\u00e9lectrique. \/\u00a0* Les m\u00e9taux qui sont r\u00e9flecteur\/conducteurs. \/ * Le cristal de roche qui est pi\u00e9zo\u00e9lectrique.<\/span><\/p>\n<p style=\"text-align: center;\"><span style=\"font-size: 30px; font-family: Carattere;\">Les couches altern\u00e9es de m\u00e9taux et de r\u00e9sine captent et conduisent les champs \u00e9lectromagn\u00e9tiques.<\/span><\/p>\n<p style=\"text-align: center;\"><span style=\"font-size: 30px; font-family: Carattere;\">Elles vont pouvoir vous prot\u00e9ger des ondes \u00e9mises par vos box, t\u00e9l\u00e9phone portables, micro-ondes ect\u2026<\/span><\/p>\n<p style=\"text-align: center;\"><span style=\"font-size: 30px; font-family: Carattere;\">Wilhelm Reich (1897-1957) est \u00e0 l\u2019origine de cette d\u00e9couverte qui fut compl\u00e9t\u00e9 cinquante ans apr\u00e8s par Karl Weltz.<\/span><\/p>\n<p style=\"text-align: center;\"><span style=\"font-size: 30px; font-family: Carattere;\">Les orgonites sont fabriqu\u00e9es de fa\u00e7on artisanale, \u00e0 la main. Elles peuvent avoir des d\u00e9fauts malgr\u00e9 toutes les pr\u00e9cautions et la bienveillance apport\u00e9es lors de la fabrication. M\u00eame si je souhaite \u00e9galement qu\u2019elles soient parfaites, lisses, plus transparentes, plus belles, plus lumineuses, et ainsi de suite il y a des imperfections in\u00e9vitables: des rayures, des effets troubles, des \u00e9clats, des fissures\u2026<\/span><\/p>\n<p style=\"text-align: center;\"><span style=\"font-size: 30px; font-family: Carattere;\">Elles sont \u00e9galement unique.\u00a0<\/span><\/p>\n","protected":false},"excerpt":{"rendered":"<p><span style=\"font-family: Carattere; font-size: 30px;\"><strong>Orgonite Apaisement\u00a0 Am\u00e9thyste &#8211; Cristal de Roche &#8211; Quartz Rose<\/strong><\/span><\/p>\n<p><span style=\"font-family: Carattere; font-size: 30px;\">Orgonite fabriqu\u00e9e \u00e0 la main, de fa\u00e7on artisanale :<\/span><\/p>\n<p><span style=\"font-family: Carattere; font-size: 30px;\">L&rsquo;orgonite comporte :\u00a0<\/span><\/p>\n<ul>\n<li><span style=\"font-family: Carattere; font-size: 30px;\">Chips de pierres naturelles <a href=\"https:\/\/lumieresdeselene.com\/index.php\/produit\/amethyste-a\/\">Am\u00e9thyste<\/a><\/span><\/li>\n<li><span style=\"font-family: Carattere; font-size: 30px;\">Chips de pierres naturelles <a href=\"https:\/\/lumieresdeselene.com\/index.php\/produit\/quartz-rose-a\/\">Quartz Rose<\/a><\/span><\/li>\n<li><span style=\"font-size: 30px; font-family: Carattere;\">Cristal de roche<\/span><\/li>\n<li><span style=\"font-size: 30px; font-family: Carattere;\">Cuivre<\/span><\/li>\n<li><span style=\"font-family: Carattere; font-size: 30px;\">Aluminium<\/span><\/li>\n<li><span style=\"font-family: Carattere; font-size: 30px;\">Inclusions<\/span><\/li>\n<\/ul>\n<p><span style=\"font-family: Carattere; font-size: 30px;\">Poids environ : 75 g<\/span><\/p>\n<p><span style=\"font-family: Carattere; font-size: 30px;\">Dimensions : 5cm \/ 5 cm<\/span><\/p>\n","protected":false},"featured_media":2151,"comment_status":"open","ping_status":"closed","template":"","meta":[],"product_brand":[],"product_cat":[22],"product_tag":[35,37,33,31,36],"class_list":{"0":"post-436","1":"product","2":"type-product","3":"status-publish","4":"has-post-thumbnail","6":"product_cat-orgonites","7":"product_tag-amethyste","8":"product_tag-cristal-de-roche","9":"product_tag-ondes-negatives","10":"product_tag-orgonite","11":"product_tag-quartz-rose","13":"first","14":"instock","15":"shipping-taxable","16":"purchasable","17":"product-type-simple"},"yoast_head":"<!-- This site is optimized with the Yoast SEO plugin v27.3 - https:\/\/yoast.com\/product\/yoast-seo-wordpress\/ -->\n<title>Orgonite Apaisement Am\u00e9thyste - Cristal de Roche - Quartz Rose - H\u00e9cate Energie et Magie<\/title>\n<meta name=\"description\" content=\"L&#039;orgonite transforme les \u00e9nergies n\u00e9gatives environnantes d&#039;un lieu ou d&#039;une personne en \u00e9nergies positives gr\u00e2ce \u00e0 la combinaison des propri\u00e9t\u00e9s physiques de ses trois composants : r\u00e9sine, m\u00e9taux, quartz.\" \/>\n<meta name=\"robots\" content=\"index, follow, max-snippet:-1, max-image-preview:large, max-video-preview:-1\" \/>\n<link rel=\"canonical\" href=\"https:\/\/hecate-energie-magie.com\/index.php\/produit\/orgonite-apaisement-amethyste-cristal-de-roche-quartz-rose\/\" \/>\n<meta property=\"og:locale\" content=\"fr_FR\" \/>\n<meta property=\"og:type\" content=\"article\" \/>\n<meta property=\"og:title\" content=\"Orgonite Apaisement Am\u00e9thyste - Cristal de Roche - Quartz Rose - H\u00e9cate Energie et Magie\" \/>\n<meta property=\"og:description\" content=\"L&#039;orgonite transforme les \u00e9nergies n\u00e9gatives environnantes d&#039;un lieu ou d&#039;une personne en \u00e9nergies positives gr\u00e2ce \u00e0 la combinaison des propri\u00e9t\u00e9s physiques de ses trois composants : r\u00e9sine, m\u00e9taux, quartz.\" \/>\n<meta property=\"og:url\" content=\"https:\/\/hecate-energie-magie.com\/index.php\/produit\/orgonite-apaisement-amethyste-cristal-de-roche-quartz-rose\/\" \/>\n<meta property=\"og:site_name\" content=\"H\u00e9cate Energie et Magie\" \/>\n<meta property=\"article:publisher\" content=\"https:\/\/www.facebook.com\/profile.php?id=61557502523365\" \/>\n<meta property=\"article:modified_time\" content=\"2026-03-04T10:10:51+00:00\" \/>\n<meta property=\"og:image\" content=\"https:\/\/hecate-energie-magie.com\/wp-content\/uploads\/2024\/05\/1748947087525-1-scaled.jpg\" \/>\n\t<meta property=\"og:image:width\" content=\"2388\" \/>\n\t<meta property=\"og:image:height\" content=\"2560\" \/>\n\t<meta property=\"og:image:type\" content=\"image\/jpeg\" \/>\n<meta name=\"twitter:card\" content=\"summary_large_image\" \/>\n<meta name=\"twitter:label1\" content=\"Dur\u00e9e de lecture estim\u00e9e\" \/>\n\t<meta name=\"twitter:data1\" content=\"2 minutes\" \/>\n<script type=\"application\/ld+json\" class=\"yoast-schema-graph\">{\"@context\":\"https:\\\/\\\/schema.org\",\"@graph\":[{\"@type\":\"WebPage\",\"@id\":\"https:\\\/\\\/hecate-energie-magie.com\\\/index.php\\\/produit\\\/orgonite-apaisement-amethyste-cristal-de-roche-quartz-rose\\\/\",\"url\":\"https:\\\/\\\/hecate-energie-magie.com\\\/index.php\\\/produit\\\/orgonite-apaisement-amethyste-cristal-de-roche-quartz-rose\\\/\",\"name\":\"Orgonite Apaisement Am\u00e9thyste - Cristal de Roche - Quartz Rose - H\u00e9cate Energie et Magie\",\"isPartOf\":{\"@id\":\"https:\\\/\\\/hecate-energie-magie.com\\\/#website\"},\"primaryImageOfPage\":{\"@id\":\"https:\\\/\\\/hecate-energie-magie.com\\\/index.php\\\/produit\\\/orgonite-apaisement-amethyste-cristal-de-roche-quartz-rose\\\/#primaryimage\"},\"image\":{\"@id\":\"https:\\\/\\\/hecate-energie-magie.com\\\/index.php\\\/produit\\\/orgonite-apaisement-amethyste-cristal-de-roche-quartz-rose\\\/#primaryimage\"},\"thumbnailUrl\":\"https:\\\/\\\/i0.wp.com\\\/hecate-energie-magie.com\\\/wp-content\\\/uploads\\\/2024\\\/05\\\/1748947087525-1-scaled.jpg?fit=2388%2C2560&ssl=1\",\"datePublished\":\"2024-05-17T13:20:19+00:00\",\"dateModified\":\"2026-03-04T10:10:51+00:00\",\"description\":\"L'orgonite transforme les \u00e9nergies n\u00e9gatives environnantes d'un lieu ou d'une personne en \u00e9nergies positives gr\u00e2ce \u00e0 la combinaison des propri\u00e9t\u00e9s physiques de ses trois composants : r\u00e9sine, m\u00e9taux, quartz.\",\"breadcrumb\":{\"@id\":\"https:\\\/\\\/hecate-energie-magie.com\\\/index.php\\\/produit\\\/orgonite-apaisement-amethyste-cristal-de-roche-quartz-rose\\\/#breadcrumb\"},\"inLanguage\":\"fr-FR\",\"potentialAction\":[{\"@type\":\"ReadAction\",\"target\":[\"https:\\\/\\\/hecate-energie-magie.com\\\/index.php\\\/produit\\\/orgonite-apaisement-amethyste-cristal-de-roche-quartz-rose\\\/\"]}]},{\"@type\":\"ImageObject\",\"inLanguage\":\"fr-FR\",\"@id\":\"https:\\\/\\\/hecate-energie-magie.com\\\/index.php\\\/produit\\\/orgonite-apaisement-amethyste-cristal-de-roche-quartz-rose\\\/#primaryimage\",\"url\":\"https:\\\/\\\/i0.wp.com\\\/hecate-energie-magie.com\\\/wp-content\\\/uploads\\\/2024\\\/05\\\/1748947087525-1-scaled.jpg?fit=2388%2C2560&ssl=1\",\"contentUrl\":\"https:\\\/\\\/i0.wp.com\\\/hecate-energie-magie.com\\\/wp-content\\\/uploads\\\/2024\\\/05\\\/1748947087525-1-scaled.jpg?fit=2388%2C2560&ssl=1\",\"width\":2388,\"height\":2560,\"caption\":\"orgonite am\u00e9thyste\"},{\"@type\":\"BreadcrumbList\",\"@id\":\"https:\\\/\\\/hecate-energie-magie.com\\\/index.php\\\/produit\\\/orgonite-apaisement-amethyste-cristal-de-roche-quartz-rose\\\/#breadcrumb\",\"itemListElement\":[{\"@type\":\"ListItem\",\"position\":1,\"name\":\"Accueil\",\"item\":\"https:\\\/\\\/hecate-energie-magie.com\\\/\"},{\"@type\":\"ListItem\",\"position\":2,\"name\":\"Boutique\",\"item\":\"https:\\\/\\\/hecate-energie-magie.com\\\/index.php\\\/boutique\\\/\"},{\"@type\":\"ListItem\",\"position\":3,\"name\":\"Orgonite Apaisement Am\u00e9thyste &#8211; Cristal de Roche &#8211; Quartz Rose\"}]},{\"@type\":\"WebSite\",\"@id\":\"https:\\\/\\\/hecate-energie-magie.com\\\/#website\",\"url\":\"https:\\\/\\\/hecate-energie-magie.com\\\/\",\"name\":\"H\u00e9cate Energie et Magie\",\"description\":\"H\u00e9cate Energie et Magie\",\"publisher\":{\"@id\":\"https:\\\/\\\/hecate-energie-magie.com\\\/#organization\"},\"potentialAction\":[{\"@type\":\"SearchAction\",\"target\":{\"@type\":\"EntryPoint\",\"urlTemplate\":\"https:\\\/\\\/hecate-energie-magie.com\\\/?s={search_term_string}\"},\"query-input\":{\"@type\":\"PropertyValueSpecification\",\"valueRequired\":true,\"valueName\":\"search_term_string\"}}],\"inLanguage\":\"fr-FR\"},{\"@type\":\"Organization\",\"@id\":\"https:\\\/\\\/hecate-energie-magie.com\\\/#organization\",\"name\":\"H\u00e9cate Energie et Magie\",\"url\":\"https:\\\/\\\/hecate-energie-magie.com\\\/\",\"logo\":{\"@type\":\"ImageObject\",\"inLanguage\":\"fr-FR\",\"@id\":\"https:\\\/\\\/hecate-energie-magie.com\\\/#\\\/schema\\\/logo\\\/image\\\/\",\"url\":\"https:\\\/\\\/i0.wp.com\\\/hecate-energie-magie.com\\\/wp-content\\\/uploads\\\/2024\\\/09\\\/cropped-LOGO-HECATE.png?fit=500%2C500&ssl=1\",\"contentUrl\":\"https:\\\/\\\/i0.wp.com\\\/hecate-energie-magie.com\\\/wp-content\\\/uploads\\\/2024\\\/09\\\/cropped-LOGO-HECATE.png?fit=500%2C500&ssl=1\",\"width\":500,\"height\":500,\"caption\":\"H\u00e9cate Energie et Magie\"},\"image\":{\"@id\":\"https:\\\/\\\/hecate-energie-magie.com\\\/#\\\/schema\\\/logo\\\/image\\\/\"},\"sameAs\":[\"https:\\\/\\\/www.facebook.com\\\/profile.php?id=61557502523365\"]}]}<\/script>\n<!-- \/ Yoast SEO plugin. -->","yoast_head_json":{"title":"Orgonite Apaisement Am\u00e9thyste - Cristal de Roche - Quartz Rose - H\u00e9cate Energie et Magie","description":"L'orgonite transforme les \u00e9nergies n\u00e9gatives environnantes d'un lieu ou d'une personne en \u00e9nergies positives gr\u00e2ce \u00e0 la combinaison des propri\u00e9t\u00e9s physiques de ses trois composants : r\u00e9sine, m\u00e9taux, quartz.","robots":{"index":"index","follow":"follow","max-snippet":"max-snippet:-1","max-image-preview":"max-image-preview:large","max-video-preview":"max-video-preview:-1"},"canonical":"https:\/\/hecate-energie-magie.com\/index.php\/produit\/orgonite-apaisement-amethyste-cristal-de-roche-quartz-rose\/","og_locale":"fr_FR","og_type":"article","og_title":"Orgonite Apaisement Am\u00e9thyste - Cristal de Roche - Quartz Rose - H\u00e9cate Energie et Magie","og_description":"L'orgonite transforme les \u00e9nergies n\u00e9gatives environnantes d'un lieu ou d'une personne en \u00e9nergies positives gr\u00e2ce \u00e0 la combinaison des propri\u00e9t\u00e9s physiques de ses trois composants : r\u00e9sine, m\u00e9taux, quartz.","og_url":"https:\/\/hecate-energie-magie.com\/index.php\/produit\/orgonite-apaisement-amethyste-cristal-de-roche-quartz-rose\/","og_site_name":"H\u00e9cate Energie et Magie","article_publisher":"https:\/\/www.facebook.com\/profile.php?id=61557502523365","article_modified_time":"2026-03-04T10:10:51+00:00","og_image":[{"width":2388,"height":2560,"url":"https:\/\/hecate-energie-magie.com\/wp-content\/uploads\/2024\/05\/1748947087525-1-scaled.jpg","type":"image\/jpeg"}],"twitter_card":"summary_large_image","twitter_misc":{"Dur\u00e9e de lecture estim\u00e9e":"2 minutes"},"schema":{"@context":"https:\/\/schema.org","@graph":[{"@type":"WebPage","@id":"https:\/\/hecate-energie-magie.com\/index.php\/produit\/orgonite-apaisement-amethyste-cristal-de-roche-quartz-rose\/","url":"https:\/\/hecate-energie-magie.com\/index.php\/produit\/orgonite-apaisement-amethyste-cristal-de-roche-quartz-rose\/","name":"Orgonite Apaisement Am\u00e9thyste - Cristal de Roche - Quartz Rose - H\u00e9cate Energie et Magie","isPartOf":{"@id":"https:\/\/hecate-energie-magie.com\/#website"},"primaryImageOfPage":{"@id":"https:\/\/hecate-energie-magie.com\/index.php\/produit\/orgonite-apaisement-amethyste-cristal-de-roche-quartz-rose\/#primaryimage"},"image":{"@id":"https:\/\/hecate-energie-magie.com\/index.php\/produit\/orgonite-apaisement-amethyste-cristal-de-roche-quartz-rose\/#primaryimage"},"thumbnailUrl":"https:\/\/i0.wp.com\/hecate-energie-magie.com\/wp-content\/uploads\/2024\/05\/1748947087525-1-scaled.jpg?fit=2388%2C2560&ssl=1","datePublished":"2024-05-17T13:20:19+00:00","dateModified":"2026-03-04T10:10:51+00:00","description":"L'orgonite transforme les \u00e9nergies n\u00e9gatives environnantes d'un lieu ou d'une personne en \u00e9nergies positives gr\u00e2ce \u00e0 la combinaison des propri\u00e9t\u00e9s physiques de ses trois composants : r\u00e9sine, m\u00e9taux, quartz.","breadcrumb":{"@id":"https:\/\/hecate-energie-magie.com\/index.php\/produit\/orgonite-apaisement-amethyste-cristal-de-roche-quartz-rose\/#breadcrumb"},"inLanguage":"fr-FR","potentialAction":[{"@type":"ReadAction","target":["https:\/\/hecate-energie-magie.com\/index.php\/produit\/orgonite-apaisement-amethyste-cristal-de-roche-quartz-rose\/"]}]},{"@type":"ImageObject","inLanguage":"fr-FR","@id":"https:\/\/hecate-energie-magie.com\/index.php\/produit\/orgonite-apaisement-amethyste-cristal-de-roche-quartz-rose\/#primaryimage","url":"https:\/\/i0.wp.com\/hecate-energie-magie.com\/wp-content\/uploads\/2024\/05\/1748947087525-1-scaled.jpg?fit=2388%2C2560&ssl=1","contentUrl":"https:\/\/i0.wp.com\/hecate-energie-magie.com\/wp-content\/uploads\/2024\/05\/1748947087525-1-scaled.jpg?fit=2388%2C2560&ssl=1","width":2388,"height":2560,"caption":"orgonite am\u00e9thyste"},{"@type":"BreadcrumbList","@id":"https:\/\/hecate-energie-magie.com\/index.php\/produit\/orgonite-apaisement-amethyste-cristal-de-roche-quartz-rose\/#breadcrumb","itemListElement":[{"@type":"ListItem","position":1,"name":"Accueil","item":"https:\/\/hecate-energie-magie.com\/"},{"@type":"ListItem","position":2,"name":"Boutique","item":"https:\/\/hecate-energie-magie.com\/index.php\/boutique\/"},{"@type":"ListItem","position":3,"name":"Orgonite Apaisement Am\u00e9thyste &#8211; Cristal de Roche &#8211; Quartz Rose"}]},{"@type":"WebSite","@id":"https:\/\/hecate-energie-magie.com\/#website","url":"https:\/\/hecate-energie-magie.com\/","name":"H\u00e9cate Energie et Magie","description":"H\u00e9cate Energie et Magie","publisher":{"@id":"https:\/\/hecate-energie-magie.com\/#organization"},"potentialAction":[{"@type":"SearchAction","target":{"@type":"EntryPoint","urlTemplate":"https:\/\/hecate-energie-magie.com\/?s={search_term_string}"},"query-input":{"@type":"PropertyValueSpecification","valueRequired":true,"valueName":"search_term_string"}}],"inLanguage":"fr-FR"},{"@type":"Organization","@id":"https:\/\/hecate-energie-magie.com\/#organization","name":"H\u00e9cate Energie et Magie","url":"https:\/\/hecate-energie-magie.com\/","logo":{"@type":"ImageObject","inLanguage":"fr-FR","@id":"https:\/\/hecate-energie-magie.com\/#\/schema\/logo\/image\/","url":"https:\/\/i0.wp.com\/hecate-energie-magie.com\/wp-content\/uploads\/2024\/09\/cropped-LOGO-HECATE.png?fit=500%2C500&ssl=1","contentUrl":"https:\/\/i0.wp.com\/hecate-energie-magie.com\/wp-content\/uploads\/2024\/09\/cropped-LOGO-HECATE.png?fit=500%2C500&ssl=1","width":500,"height":500,"caption":"H\u00e9cate Energie et Magie"},"image":{"@id":"https:\/\/hecate-energie-magie.com\/#\/schema\/logo\/image\/"},"sameAs":["https:\/\/www.facebook.com\/profile.php?id=61557502523365"]}]}},"jetpack_sharing_enabled":true,"_links":{"self":[{"href":"https:\/\/hecate-energie-magie.com\/index.php\/wp-json\/wp\/v2\/product\/436","targetHints":{"allow":["GET"]}}],"collection":[{"href":"https:\/\/hecate-energie-magie.com\/index.php\/wp-json\/wp\/v2\/product"}],"about":[{"href":"https:\/\/hecate-energie-magie.com\/index.php\/wp-json\/wp\/v2\/types\/product"}],"replies":[{"embeddable":true,"href":"https:\/\/hecate-energie-magie.com\/index.php\/wp-json\/wp\/v2\/comments?post=436"}],"wp:featuredmedia":[{"embeddable":true,"href":"https:\/\/hecate-energie-magie.com\/index.php\/wp-json\/wp\/v2\/media\/2151"}],"wp:attachment":[{"href":"https:\/\/hecate-energie-magie.com\/index.php\/wp-json\/wp\/v2\/media?parent=436"}],"wp:term":[{"taxonomy":"product_brand","embeddable":true,"href":"https:\/\/hecate-energie-magie.com\/index.php\/wp-json\/wp\/v2\/product_brand?post=436"},{"taxonomy":"product_cat","embeddable":true,"href":"https:\/\/hecate-energie-magie.com\/index.php\/wp-json\/wp\/v2\/product_cat?post=436"},{"taxonomy":"product_tag","embeddable":true,"href":"https:\/\/hecate-energie-magie.com\/index.php\/wp-json\/wp\/v2\/product_tag?post=436"}],"curies":[{"name":"wp","href":"https:\/\/api.w.org\/{rel}","templated":true}]}}