{"id":458,"date":"2024-05-17T16:09:19","date_gmt":"2024-05-17T14:09:19","guid":{"rendered":"https:\/\/hecate-energie-magie.com\/?post_type=product&#038;p=458"},"modified":"2026-02-24T16:12:49","modified_gmt":"2026-02-24T15:12:49","slug":"plateau-de-purification-en-shungite-et-bronze-iii","status":"publish","type":"product","link":"https:\/\/hecate-energie-magie.com\/index.php\/produit\/plateau-de-purification-en-shungite-et-bronze-iii\/","title":{"rendered":"Plateau de purification en Shungite et Bronze III"},"content":{"rendered":"<h1 style=\"text-align: center;\"><span style=\"font-size: 35px;\"><strong><span style=\"font-family: Carattere;\">Les plateaux de purification<\/span><\/strong><\/span><\/h1>\n<p style=\"text-align: center;\"><span style=\"font-family: Carattere; font-size: 30px;\">Le plateau de purification fonctionne comme une <a href=\"https:\/\/hecate-energie-magie.com\/index.php\/produit\/orgonite-obsidienne-noire-oeil-de-tigre\/\">Orgonite<\/a> pour purifier vos min\u00e9raux et bijoux ainsi que les recharger en \u00e9nergie.<\/span><\/p>\n<p style=\"text-align: center;\"><span style=\"font-size: 30px;\"><strong><span style=\"font-family: Carattere;\">La <\/span><\/strong><span style=\"font-family: Carattere;\"><a href=\"https:\/\/lumieresdeselene.com\/index.php\/produit\/shungite-ab\/\">Shungite<\/a><\/span><strong><span style=\"font-family: Carattere;\">\u00a0:<\/span><\/strong><\/span><\/p>\n<p style=\"text-align: center;\"><span style=\"font-family: Carattere; font-size: 30px;\">A la lumi\u00e8re des \u00e9tudes scientifiques de ces 3 derni\u00e8res d\u00e9cennies il apparait que la Shungite \u00e0 un effet d\u00e9polluant aussi bien de l\u2019eau que de l\u2019air pollu\u00e9 par les ondes \u00e9lectromagn\u00e9tiques que g\u00e9n\u00e8re ordinateur, wifi, t\u00e9l\u00e9phone\u2026<\/span><\/p>\n<p style=\"text-align: center;\"><span style=\"font-family: Carattere; font-size: 30px;\">La Shungite est une pierre d\u2019excellente protection contre les ondes \u00e9lectromagn\u00e9tiques de l\u2019environnement.<\/span><\/p>\n<p style=\"text-align: center;\"><span style=\"font-family: Carattere; font-size: 30px;\">Elle aurait \u00e9galement la capacit\u00e9 de se recharger seule mais aussi de recharger les autres pierres.<\/span><\/p>\n<p style=\"text-align: center;\"><span style=\"font-family: Carattere; font-size: 30px;\">En 1996, le prix Nobel de chimie revient \u00e0 trois professeurs pour leurs recherches men\u00e9es sur les fuller\u00e8nes pr\u00e9sents dans la Shungite. Ces mol\u00e9cules riches en carbone poss\u00e8dent des vertus antioxydantes extr\u00eamement puissantes.\u00a0 Apr\u00e8s investigations, ils attestent de la v\u00e9racit\u00e9 du pouvoir de gu\u00e9rison prodigu\u00e9 par cette pierre pour diverses affections.<\/span><\/p>\n<p style=\"text-align: center;\"><span style=\"font-size: 30px;\"><strong><span style=\"font-family: Carattere;\">Le Bronze\u00a0:<\/span><\/strong><\/span><\/p>\n<p style=\"text-align: center;\"><span style=\"font-family: Carattere; font-size: 30px;\">Le bronze est un alliage de cuivre ayant l\u2019\u00e9tain comme \u00e9l\u00e9ment principal d\u2019alliage. Les caract\u00e9ristiques principales du bronze sont une bonne r\u00e9sistance \u00e0 l\u2019usure et une bonne conductivit\u00e9 \u00e9lectrique.<\/span><\/p>\n<p>&nbsp;<\/p>\n<p style=\"text-align: center;\"><span style=\"font-family: Carattere; font-size: 30px;\">Les plateaux sont fabriqu\u00e9s de fa\u00e7on artisanale, \u00e0 la main. Ils peuvent avoir des d\u00e9fauts malgr\u00e9 toutes les pr\u00e9cautions et la bienveillance apport\u00e9es lors de la fabrication. <\/span><\/p>\n<p style=\"text-align: center;\"><span style=\"font-family: Carattere; font-size: 30px;\">M\u00eame si je souhaite \u00e9galement qu\u2019ils soient parfaits, lisses, plus transparents, plus beaux, plus lumineux, et ainsi de suite il y a des imperfections in\u00e9vitables: des rayures, des effets troubles, des \u00e9clats, des fissures\u2026<\/span><\/p>\n<p style=\"text-align: center;\"><span style=\"font-family: Carattere; font-size: 30px;\">Ils sont \u00e9galement unique.\u00a0<\/span><\/p>\n<p style=\"text-align: center;\">\n","protected":false},"excerpt":{"rendered":"<h1><span style=\"font-size: 33px;\"><strong><span style=\"font-family: Carattere;\">Plateau de purification en <a href=\"https:\/\/lumieresdeselene.com\/index.php\/produit\/shungite-ab\/\">Shungite<\/a> et Bronze.<\/span><\/strong><\/span><\/h1>\n<p><span style=\"font-family: Carattere; font-size: 30px;\">Ce plateau va vous permettre de purifier et recharger vos min\u00e9raux et bijoux \u00e0 la maison.\u00a0<\/span><\/p>\n<p><span style=\"font-family: Carattere; font-size: 30px;\">Il fonctionne \u00e9galement comme une orgonite pour capter les \u00e9nergies \u00e9lectromagn\u00e9tiques n\u00e9gatives.<\/span><\/p>\n<p><span style=\"font-family: Carattere; font-size: 30px;\">Il est fait en r\u00e9sine polyester.<\/span><\/p>\n<p><span style=\"font-family: Carattere; font-size: 30px;\">Poids : environ 730g<\/span><\/p>\n<p><span style=\"font-family: Carattere; font-size: 30px;\">Dimensions : 8 cm pour les c\u00f4t\u00e9s \/ 2.7 cm d&rsquo;\u00e9paisseur \/ 16 de diam\u00e8tre environ.<\/span><\/p>\n<p>&nbsp;<\/p>\n","protected":false},"featured_media":460,"comment_status":"open","ping_status":"closed","template":"","meta":[],"product_brand":[],"product_cat":[23],"product_tag":[42,33,40,39,41],"class_list":{"0":"post-458","1":"product","2":"type-product","3":"status-publish","4":"has-post-thumbnail","6":"product_cat-plateaux-purification-rechargement","7":"product_tag-bronze","8":"product_tag-ondes-negatives","9":"product_tag-plateau","10":"product_tag-purification","11":"product_tag-shungite","12":"product_shipping_class-poids","14":"first","15":"instock","16":"shipping-taxable","17":"purchasable","18":"product-type-simple"},"yoast_head":"<!-- This site is optimized with the Yoast SEO plugin v27.3 - https:\/\/yoast.com\/product\/yoast-seo-wordpress\/ -->\n<title>Plateau de purification en Shungite et Bronze III - H\u00e9cate Energie et Magie<\/title>\n<meta name=\"description\" content=\"Le plateau de purification fonctionne comme une Orgonite pour purifier vos min\u00e9raux et bijoux ainsi que les recharger en \u00e9nergie.\" \/>\n<meta name=\"robots\" content=\"index, follow, max-snippet:-1, max-image-preview:large, max-video-preview:-1\" \/>\n<link rel=\"canonical\" href=\"https:\/\/hecate-energie-magie.com\/index.php\/produit\/plateau-de-purification-en-shungite-et-bronze-iii\/\" \/>\n<meta property=\"og:locale\" content=\"fr_FR\" \/>\n<meta property=\"og:type\" content=\"article\" \/>\n<meta property=\"og:title\" content=\"Plateau de purification en Shungite et Bronze III - H\u00e9cate Energie et Magie\" \/>\n<meta property=\"og:description\" content=\"Le plateau de purification fonctionne comme une Orgonite pour purifier vos min\u00e9raux et bijoux ainsi que les recharger en \u00e9nergie.\" \/>\n<meta property=\"og:url\" content=\"https:\/\/hecate-energie-magie.com\/index.php\/produit\/plateau-de-purification-en-shungite-et-bronze-iii\/\" \/>\n<meta property=\"og:site_name\" content=\"H\u00e9cate Energie et Magie\" \/>\n<meta property=\"article:publisher\" content=\"https:\/\/www.facebook.com\/profile.php?id=61557502523365\" \/>\n<meta property=\"article:modified_time\" content=\"2026-02-24T15:12:49+00:00\" \/>\n<meta property=\"og:image\" content=\"https:\/\/hecate-energie-magie.com\/wp-content\/uploads\/2024\/05\/1715869240959-scaled.jpg\" \/>\n\t<meta property=\"og:image:width\" content=\"1920\" \/>\n\t<meta property=\"og:image:height\" content=\"2560\" \/>\n\t<meta property=\"og:image:type\" content=\"image\/jpeg\" \/>\n<meta name=\"twitter:card\" content=\"summary_large_image\" \/>\n<meta name=\"twitter:label1\" content=\"Dur\u00e9e de lecture estim\u00e9e\" \/>\n\t<meta name=\"twitter:data1\" content=\"2 minutes\" \/>\n<script type=\"application\/ld+json\" class=\"yoast-schema-graph\">{\"@context\":\"https:\\\/\\\/schema.org\",\"@graph\":[{\"@type\":\"WebPage\",\"@id\":\"https:\\\/\\\/hecate-energie-magie.com\\\/index.php\\\/produit\\\/plateau-de-purification-en-shungite-et-bronze-iii\\\/\",\"url\":\"https:\\\/\\\/hecate-energie-magie.com\\\/index.php\\\/produit\\\/plateau-de-purification-en-shungite-et-bronze-iii\\\/\",\"name\":\"Plateau de purification en Shungite et Bronze III - H\u00e9cate Energie et Magie\",\"isPartOf\":{\"@id\":\"https:\\\/\\\/hecate-energie-magie.com\\\/#website\"},\"primaryImageOfPage\":{\"@id\":\"https:\\\/\\\/hecate-energie-magie.com\\\/index.php\\\/produit\\\/plateau-de-purification-en-shungite-et-bronze-iii\\\/#primaryimage\"},\"image\":{\"@id\":\"https:\\\/\\\/hecate-energie-magie.com\\\/index.php\\\/produit\\\/plateau-de-purification-en-shungite-et-bronze-iii\\\/#primaryimage\"},\"thumbnailUrl\":\"https:\\\/\\\/i0.wp.com\\\/hecate-energie-magie.com\\\/wp-content\\\/uploads\\\/2024\\\/05\\\/1715869240959-scaled.jpg?fit=1920%2C2560&ssl=1\",\"datePublished\":\"2024-05-17T14:09:19+00:00\",\"dateModified\":\"2026-02-24T15:12:49+00:00\",\"description\":\"Le plateau de purification fonctionne comme une Orgonite pour purifier vos min\u00e9raux et bijoux ainsi que les recharger en \u00e9nergie.\",\"breadcrumb\":{\"@id\":\"https:\\\/\\\/hecate-energie-magie.com\\\/index.php\\\/produit\\\/plateau-de-purification-en-shungite-et-bronze-iii\\\/#breadcrumb\"},\"inLanguage\":\"fr-FR\",\"potentialAction\":[{\"@type\":\"ReadAction\",\"target\":[\"https:\\\/\\\/hecate-energie-magie.com\\\/index.php\\\/produit\\\/plateau-de-purification-en-shungite-et-bronze-iii\\\/\"]}]},{\"@type\":\"ImageObject\",\"inLanguage\":\"fr-FR\",\"@id\":\"https:\\\/\\\/hecate-energie-magie.com\\\/index.php\\\/produit\\\/plateau-de-purification-en-shungite-et-bronze-iii\\\/#primaryimage\",\"url\":\"https:\\\/\\\/i0.wp.com\\\/hecate-energie-magie.com\\\/wp-content\\\/uploads\\\/2024\\\/05\\\/1715869240959-scaled.jpg?fit=1920%2C2560&ssl=1\",\"contentUrl\":\"https:\\\/\\\/i0.wp.com\\\/hecate-energie-magie.com\\\/wp-content\\\/uploads\\\/2024\\\/05\\\/1715869240959-scaled.jpg?fit=1920%2C2560&ssl=1\",\"width\":1920,\"height\":2560,\"caption\":\"Plateau de shungite et bronze 3\"},{\"@type\":\"BreadcrumbList\",\"@id\":\"https:\\\/\\\/hecate-energie-magie.com\\\/index.php\\\/produit\\\/plateau-de-purification-en-shungite-et-bronze-iii\\\/#breadcrumb\",\"itemListElement\":[{\"@type\":\"ListItem\",\"position\":1,\"name\":\"Accueil\",\"item\":\"https:\\\/\\\/hecate-energie-magie.com\\\/\"},{\"@type\":\"ListItem\",\"position\":2,\"name\":\"Boutique\",\"item\":\"https:\\\/\\\/hecate-energie-magie.com\\\/index.php\\\/boutique\\\/\"},{\"@type\":\"ListItem\",\"position\":3,\"name\":\"Plateau de purification en Shungite et Bronze III\"}]},{\"@type\":\"WebSite\",\"@id\":\"https:\\\/\\\/hecate-energie-magie.com\\\/#website\",\"url\":\"https:\\\/\\\/hecate-energie-magie.com\\\/\",\"name\":\"H\u00e9cate Energie et Magie\",\"description\":\"H\u00e9cate Energie et Magie\",\"publisher\":{\"@id\":\"https:\\\/\\\/hecate-energie-magie.com\\\/#organization\"},\"potentialAction\":[{\"@type\":\"SearchAction\",\"target\":{\"@type\":\"EntryPoint\",\"urlTemplate\":\"https:\\\/\\\/hecate-energie-magie.com\\\/?s={search_term_string}\"},\"query-input\":{\"@type\":\"PropertyValueSpecification\",\"valueRequired\":true,\"valueName\":\"search_term_string\"}}],\"inLanguage\":\"fr-FR\"},{\"@type\":\"Organization\",\"@id\":\"https:\\\/\\\/hecate-energie-magie.com\\\/#organization\",\"name\":\"H\u00e9cate Energie et Magie\",\"url\":\"https:\\\/\\\/hecate-energie-magie.com\\\/\",\"logo\":{\"@type\":\"ImageObject\",\"inLanguage\":\"fr-FR\",\"@id\":\"https:\\\/\\\/hecate-energie-magie.com\\\/#\\\/schema\\\/logo\\\/image\\\/\",\"url\":\"https:\\\/\\\/i0.wp.com\\\/hecate-energie-magie.com\\\/wp-content\\\/uploads\\\/2024\\\/09\\\/cropped-LOGO-HECATE.png?fit=500%2C500&ssl=1\",\"contentUrl\":\"https:\\\/\\\/i0.wp.com\\\/hecate-energie-magie.com\\\/wp-content\\\/uploads\\\/2024\\\/09\\\/cropped-LOGO-HECATE.png?fit=500%2C500&ssl=1\",\"width\":500,\"height\":500,\"caption\":\"H\u00e9cate Energie et Magie\"},\"image\":{\"@id\":\"https:\\\/\\\/hecate-energie-magie.com\\\/#\\\/schema\\\/logo\\\/image\\\/\"},\"sameAs\":[\"https:\\\/\\\/www.facebook.com\\\/profile.php?id=61557502523365\"]}]}<\/script>\n<!-- \/ Yoast SEO plugin. -->","yoast_head_json":{"title":"Plateau de purification en Shungite et Bronze III - H\u00e9cate Energie et Magie","description":"Le plateau de purification fonctionne comme une Orgonite pour purifier vos min\u00e9raux et bijoux ainsi que les recharger en \u00e9nergie.","robots":{"index":"index","follow":"follow","max-snippet":"max-snippet:-1","max-image-preview":"max-image-preview:large","max-video-preview":"max-video-preview:-1"},"canonical":"https:\/\/hecate-energie-magie.com\/index.php\/produit\/plateau-de-purification-en-shungite-et-bronze-iii\/","og_locale":"fr_FR","og_type":"article","og_title":"Plateau de purification en Shungite et Bronze III - H\u00e9cate Energie et Magie","og_description":"Le plateau de purification fonctionne comme une Orgonite pour purifier vos min\u00e9raux et bijoux ainsi que les recharger en \u00e9nergie.","og_url":"https:\/\/hecate-energie-magie.com\/index.php\/produit\/plateau-de-purification-en-shungite-et-bronze-iii\/","og_site_name":"H\u00e9cate Energie et Magie","article_publisher":"https:\/\/www.facebook.com\/profile.php?id=61557502523365","article_modified_time":"2026-02-24T15:12:49+00:00","og_image":[{"width":1920,"height":2560,"url":"https:\/\/hecate-energie-magie.com\/wp-content\/uploads\/2024\/05\/1715869240959-scaled.jpg","type":"image\/jpeg"}],"twitter_card":"summary_large_image","twitter_misc":{"Dur\u00e9e de lecture estim\u00e9e":"2 minutes"},"schema":{"@context":"https:\/\/schema.org","@graph":[{"@type":"WebPage","@id":"https:\/\/hecate-energie-magie.com\/index.php\/produit\/plateau-de-purification-en-shungite-et-bronze-iii\/","url":"https:\/\/hecate-energie-magie.com\/index.php\/produit\/plateau-de-purification-en-shungite-et-bronze-iii\/","name":"Plateau de purification en Shungite et Bronze III - H\u00e9cate Energie et Magie","isPartOf":{"@id":"https:\/\/hecate-energie-magie.com\/#website"},"primaryImageOfPage":{"@id":"https:\/\/hecate-energie-magie.com\/index.php\/produit\/plateau-de-purification-en-shungite-et-bronze-iii\/#primaryimage"},"image":{"@id":"https:\/\/hecate-energie-magie.com\/index.php\/produit\/plateau-de-purification-en-shungite-et-bronze-iii\/#primaryimage"},"thumbnailUrl":"https:\/\/i0.wp.com\/hecate-energie-magie.com\/wp-content\/uploads\/2024\/05\/1715869240959-scaled.jpg?fit=1920%2C2560&ssl=1","datePublished":"2024-05-17T14:09:19+00:00","dateModified":"2026-02-24T15:12:49+00:00","description":"Le plateau de purification fonctionne comme une Orgonite pour purifier vos min\u00e9raux et bijoux ainsi que les recharger en \u00e9nergie.","breadcrumb":{"@id":"https:\/\/hecate-energie-magie.com\/index.php\/produit\/plateau-de-purification-en-shungite-et-bronze-iii\/#breadcrumb"},"inLanguage":"fr-FR","potentialAction":[{"@type":"ReadAction","target":["https:\/\/hecate-energie-magie.com\/index.php\/produit\/plateau-de-purification-en-shungite-et-bronze-iii\/"]}]},{"@type":"ImageObject","inLanguage":"fr-FR","@id":"https:\/\/hecate-energie-magie.com\/index.php\/produit\/plateau-de-purification-en-shungite-et-bronze-iii\/#primaryimage","url":"https:\/\/i0.wp.com\/hecate-energie-magie.com\/wp-content\/uploads\/2024\/05\/1715869240959-scaled.jpg?fit=1920%2C2560&ssl=1","contentUrl":"https:\/\/i0.wp.com\/hecate-energie-magie.com\/wp-content\/uploads\/2024\/05\/1715869240959-scaled.jpg?fit=1920%2C2560&ssl=1","width":1920,"height":2560,"caption":"Plateau de shungite et bronze 3"},{"@type":"BreadcrumbList","@id":"https:\/\/hecate-energie-magie.com\/index.php\/produit\/plateau-de-purification-en-shungite-et-bronze-iii\/#breadcrumb","itemListElement":[{"@type":"ListItem","position":1,"name":"Accueil","item":"https:\/\/hecate-energie-magie.com\/"},{"@type":"ListItem","position":2,"name":"Boutique","item":"https:\/\/hecate-energie-magie.com\/index.php\/boutique\/"},{"@type":"ListItem","position":3,"name":"Plateau de purification en Shungite et Bronze III"}]},{"@type":"WebSite","@id":"https:\/\/hecate-energie-magie.com\/#website","url":"https:\/\/hecate-energie-magie.com\/","name":"H\u00e9cate Energie et Magie","description":"H\u00e9cate Energie et Magie","publisher":{"@id":"https:\/\/hecate-energie-magie.com\/#organization"},"potentialAction":[{"@type":"SearchAction","target":{"@type":"EntryPoint","urlTemplate":"https:\/\/hecate-energie-magie.com\/?s={search_term_string}"},"query-input":{"@type":"PropertyValueSpecification","valueRequired":true,"valueName":"search_term_string"}}],"inLanguage":"fr-FR"},{"@type":"Organization","@id":"https:\/\/hecate-energie-magie.com\/#organization","name":"H\u00e9cate Energie et Magie","url":"https:\/\/hecate-energie-magie.com\/","logo":{"@type":"ImageObject","inLanguage":"fr-FR","@id":"https:\/\/hecate-energie-magie.com\/#\/schema\/logo\/image\/","url":"https:\/\/i0.wp.com\/hecate-energie-magie.com\/wp-content\/uploads\/2024\/09\/cropped-LOGO-HECATE.png?fit=500%2C500&ssl=1","contentUrl":"https:\/\/i0.wp.com\/hecate-energie-magie.com\/wp-content\/uploads\/2024\/09\/cropped-LOGO-HECATE.png?fit=500%2C500&ssl=1","width":500,"height":500,"caption":"H\u00e9cate Energie et Magie"},"image":{"@id":"https:\/\/hecate-energie-magie.com\/#\/schema\/logo\/image\/"},"sameAs":["https:\/\/www.facebook.com\/profile.php?id=61557502523365"]}]}},"jetpack_sharing_enabled":true,"_links":{"self":[{"href":"https:\/\/hecate-energie-magie.com\/index.php\/wp-json\/wp\/v2\/product\/458","targetHints":{"allow":["GET"]}}],"collection":[{"href":"https:\/\/hecate-energie-magie.com\/index.php\/wp-json\/wp\/v2\/product"}],"about":[{"href":"https:\/\/hecate-energie-magie.com\/index.php\/wp-json\/wp\/v2\/types\/product"}],"replies":[{"embeddable":true,"href":"https:\/\/hecate-energie-magie.com\/index.php\/wp-json\/wp\/v2\/comments?post=458"}],"wp:featuredmedia":[{"embeddable":true,"href":"https:\/\/hecate-energie-magie.com\/index.php\/wp-json\/wp\/v2\/media\/460"}],"wp:attachment":[{"href":"https:\/\/hecate-energie-magie.com\/index.php\/wp-json\/wp\/v2\/media?parent=458"}],"wp:term":[{"taxonomy":"product_brand","embeddable":true,"href":"https:\/\/hecate-energie-magie.com\/index.php\/wp-json\/wp\/v2\/product_brand?post=458"},{"taxonomy":"product_cat","embeddable":true,"href":"https:\/\/hecate-energie-magie.com\/index.php\/wp-json\/wp\/v2\/product_cat?post=458"},{"taxonomy":"product_tag","embeddable":true,"href":"https:\/\/hecate-energie-magie.com\/index.php\/wp-json\/wp\/v2\/product_tag?post=458"}],"curies":[{"name":"wp","href":"https:\/\/api.w.org\/{rel}","templated":true}]}}