{"id":519,"date":"2024-05-24T13:10:50","date_gmt":"2024-05-24T11:10:50","guid":{"rendered":"https:\/\/hecate-energie-magie.com\/?post_type=product&#038;p=519"},"modified":"2025-01-29T11:51:25","modified_gmt":"2025-01-29T10:51:25","slug":"bougie-bleu-roi-guidance","status":"publish","type":"product","link":"https:\/\/hecate-energie-magie.com\/index.php\/produit\/bougie-bleu-roi-guidance\/","title":{"rendered":"Bougie Bleu Roi &#8211; Guidance"},"content":{"rendered":"<h2 style=\"text-align: center;\"><span style=\"font-size: 40px;\"><strong><span style=\"font-family: Carattere;\">Bougie Bleu Roi &#8211; Guidance <\/span><\/strong><\/span><\/h2>\n<p style=\"text-align: center;\"><span style=\"font-family: Carattere; font-size: 30px;\"><strong>\u00a0<\/strong>Associ\u00e9e \u00e0 la communication spirituelle<\/span><\/p>\n<p style=\"text-align: center;\"><span style=\"font-family: Carattere; font-size: 30px;\">Travailler en m\u00e9ditation ou en magie avec des \u00eatres c\u00e9lestes<\/span><\/p>\n<p style=\"text-align: center;\"><span style=\"font-family: Carattere; font-size: 30px;\">Renforce les capacit\u00e9s d\u2019intuition<\/span><\/p>\n<p style=\"text-align: center;\"><span style=\"font-family: Carattere; font-size: 30px;\">Apporte fid\u00e9lit\u00e9, loyaut\u00e9 et confiance<\/span><\/p>\n<p>&nbsp;<\/p>\n<p>&nbsp;<\/p>\n<p><em><span style=\"font-size: 27px; font-family: Carattere;\">Mentions importantes :<\/span><\/em><\/p>\n<p><em><span style=\"font-family: Carattere; font-size: 27px;\">Certains de nos produits doivent \u00eatre manipul\u00e9s avec pr\u00e9caution et peuvent se r\u00e9v\u00e9ler dangereux si ils ne sont pas utilis\u00e9s correctement.<\/span><\/em><br \/>\n<em><span style=\"font-family: Carattere; font-size: 27px;\">Vous trouverez ci-dessous quelques pr\u00e9cautions d\u2019utilisations.<\/span><\/em><\/p>\n<ul>\n<li><em><span style=\"font-family: Carattere; font-size: 27px;\">Ne jamais laisser la bougie ou l&rsquo;encens allum\u00e9e sans surveillance.<\/span><\/em><\/li>\n<li><em><span style=\"font-family: Carattere; font-size: 27px;\">Ne jamais laisser br\u00fbler la bougie plus de 4 heures d&rsquo;affil\u00e9e.<\/span><\/em><\/li>\n<li><em><span style=\"font-family: Carattere; font-size: 27px;\">Ne pas avaler.<\/span><\/em><\/li>\n<li><em><span style=\"font-family: Carattere; font-size: 27px;\">Tenir hors de port\u00e9e des enfants et des animaux.<\/span><\/em><\/li>\n<li><em><span style=\"font-family: Carattere; font-size: 27px;\">Toujours placer la bougie en position verticale, sur une surface plane, stable, et r\u00e9sistante au feu (ni verre, ni bois) et \u00e0 l&rsquo;\u00e9cart de tout mat\u00e9riau inflammable.<\/span><\/em><\/li>\n<li><em><span style=\"font-family: Carattere; font-size: 27px;\">Toujours placer la bougie \u00e0 l&rsquo;\u00e9cart des courants d&rsquo;air, de rideaux ou d&rsquo;une fen\u00eatre ouverte.<\/span><\/em><\/li>\n<li><em><span style=\"font-family: Carattere; font-size: 27px;\">Ne jamais placer la bougie sur des appareils \u00e9lectroniques ou pr\u00e8s d\u2019une source de chaleur.<\/span><\/em><\/li>\n<li><em><span style=\"font-family: Carattere; font-size: 27px;\">Ne pas utiliser la bougie si le contenant est ab\u00eem\u00e9.<\/span><\/em><\/li>\n<li><em><span style=\"font-family: Carattere; font-size: 27px;\">Faites uniquement br\u00fbler votre encens dans une pi\u00e8ce \u00e9quip\u00e9e d\u2019une fen\u00eatre afin de pouvoir a\u00e9rer la pi\u00e8ce.<\/span><\/em><\/li>\n<li><em><span style=\"font-family: Carattere; font-size: 27px;\">Les morceaux d\u2019encens se d\u00e9tachent au fur et \u00e0 mesure de la combustion, il convient de placer ces encens sur des r\u00e9cipients adapt\u00e9s (porte encens) qui vous permettront de tenir le b\u00e2tonnet mais aussi de r\u00e9cup\u00e9rer la cendre.<\/span><\/em><\/li>\n<\/ul>\n","protected":false},"excerpt":{"rendered":"<p><span style=\"font-size: 30px;\"><strong><span style=\"font-family: Carattere;\">Bougie Bleu Roi &#8211; Guidance (Vendue \u00e0 l&rsquo;unit\u00e9).<\/span><\/strong><\/span><\/p>\n<p><span style=\"font-family: Carattere; font-size: 30px;\">Provenance Inde.<\/span><\/p>\n<p><span style=\"font-family: Carattere; font-size: 30px;\">Teint\u00e9e masse. Longueur environ 13 cm.<\/span><\/p>\n<p>&nbsp;<\/p>\n","protected":false},"featured_media":562,"comment_status":"open","ping_status":"closed","template":"","meta":[],"product_brand":[],"product_cat":[21],"product_tag":[49,44,164,45],"class_list":{"0":"post-519","1":"product","2":"type-product","3":"status-publish","4":"has-post-thumbnail","6":"product_cat-bougies","7":"product_tag-bleu-roi","8":"product_tag-bougie","9":"product_tag-guidance","10":"product_tag-rituel","12":"first","13":"instock","14":"shipping-taxable","15":"purchasable","16":"product-type-simple"},"yoast_head":"<!-- This site is optimized with the Yoast SEO plugin v27.3 - https:\/\/yoast.com\/product\/yoast-seo-wordpress\/ -->\n<title>Bougie Bleu Roi - Guidance - H\u00e9cate Energie et Magie<\/title>\n<meta name=\"description\" content=\"Bougie Bleu Roi Guidance, provenance Inde. Teint\u00e9e masse. Longueur environ 13 cm.\" \/>\n<meta name=\"robots\" content=\"index, follow, max-snippet:-1, max-image-preview:large, max-video-preview:-1\" \/>\n<link rel=\"canonical\" href=\"https:\/\/hecate-energie-magie.com\/index.php\/produit\/bougie-bleu-roi-guidance\/\" \/>\n<meta property=\"og:locale\" content=\"fr_FR\" \/>\n<meta property=\"og:type\" content=\"article\" \/>\n<meta property=\"og:title\" content=\"Bougie Bleu Roi - Guidance - H\u00e9cate Energie et Magie\" \/>\n<meta property=\"og:description\" content=\"Bougie Bleu Roi Guidance, provenance Inde. Teint\u00e9e masse. Longueur environ 13 cm.\" \/>\n<meta property=\"og:url\" content=\"https:\/\/hecate-energie-magie.com\/index.php\/produit\/bougie-bleu-roi-guidance\/\" \/>\n<meta property=\"og:site_name\" content=\"H\u00e9cate Energie et Magie\" \/>\n<meta property=\"article:publisher\" content=\"https:\/\/www.facebook.com\/profile.php?id=61557502523365\" \/>\n<meta property=\"article:modified_time\" content=\"2025-01-29T10:51:25+00:00\" \/>\n<meta property=\"og:image\" content=\"https:\/\/hecate-energie-magie.com\/wp-content\/uploads\/2024\/05\/1716802089300-scaled.jpg\" \/>\n\t<meta property=\"og:image:width\" content=\"2299\" \/>\n\t<meta property=\"og:image:height\" content=\"2560\" \/>\n\t<meta property=\"og:image:type\" content=\"image\/jpeg\" \/>\n<meta name=\"twitter:card\" content=\"summary_large_image\" \/>\n<meta name=\"twitter:label1\" content=\"Dur\u00e9e de lecture estim\u00e9e\" \/>\n\t<meta name=\"twitter:data1\" content=\"2 minutes\" \/>\n<script type=\"application\/ld+json\" class=\"yoast-schema-graph\">{\"@context\":\"https:\\\/\\\/schema.org\",\"@graph\":[{\"@type\":\"WebPage\",\"@id\":\"https:\\\/\\\/hecate-energie-magie.com\\\/index.php\\\/produit\\\/bougie-bleu-roi-guidance\\\/\",\"url\":\"https:\\\/\\\/hecate-energie-magie.com\\\/index.php\\\/produit\\\/bougie-bleu-roi-guidance\\\/\",\"name\":\"Bougie Bleu Roi - Guidance - H\u00e9cate Energie et Magie\",\"isPartOf\":{\"@id\":\"https:\\\/\\\/hecate-energie-magie.com\\\/#website\"},\"primaryImageOfPage\":{\"@id\":\"https:\\\/\\\/hecate-energie-magie.com\\\/index.php\\\/produit\\\/bougie-bleu-roi-guidance\\\/#primaryimage\"},\"image\":{\"@id\":\"https:\\\/\\\/hecate-energie-magie.com\\\/index.php\\\/produit\\\/bougie-bleu-roi-guidance\\\/#primaryimage\"},\"thumbnailUrl\":\"https:\\\/\\\/i0.wp.com\\\/hecate-energie-magie.com\\\/wp-content\\\/uploads\\\/2024\\\/05\\\/1716802089300-scaled.jpg?fit=2299%2C2560&ssl=1\",\"datePublished\":\"2024-05-24T11:10:50+00:00\",\"dateModified\":\"2025-01-29T10:51:25+00:00\",\"description\":\"Bougie Bleu Roi Guidance, provenance Inde. Teint\u00e9e masse. Longueur environ 13 cm.\",\"breadcrumb\":{\"@id\":\"https:\\\/\\\/hecate-energie-magie.com\\\/index.php\\\/produit\\\/bougie-bleu-roi-guidance\\\/#breadcrumb\"},\"inLanguage\":\"fr-FR\",\"potentialAction\":[{\"@type\":\"ReadAction\",\"target\":[\"https:\\\/\\\/hecate-energie-magie.com\\\/index.php\\\/produit\\\/bougie-bleu-roi-guidance\\\/\"]}]},{\"@type\":\"ImageObject\",\"inLanguage\":\"fr-FR\",\"@id\":\"https:\\\/\\\/hecate-energie-magie.com\\\/index.php\\\/produit\\\/bougie-bleu-roi-guidance\\\/#primaryimage\",\"url\":\"https:\\\/\\\/i0.wp.com\\\/hecate-energie-magie.com\\\/wp-content\\\/uploads\\\/2024\\\/05\\\/1716802089300-scaled.jpg?fit=2299%2C2560&ssl=1\",\"contentUrl\":\"https:\\\/\\\/i0.wp.com\\\/hecate-energie-magie.com\\\/wp-content\\\/uploads\\\/2024\\\/05\\\/1716802089300-scaled.jpg?fit=2299%2C2560&ssl=1\",\"width\":2299,\"height\":2560,\"caption\":\"Bougie rituel bleu roi\"},{\"@type\":\"BreadcrumbList\",\"@id\":\"https:\\\/\\\/hecate-energie-magie.com\\\/index.php\\\/produit\\\/bougie-bleu-roi-guidance\\\/#breadcrumb\",\"itemListElement\":[{\"@type\":\"ListItem\",\"position\":1,\"name\":\"Accueil\",\"item\":\"https:\\\/\\\/hecate-energie-magie.com\\\/\"},{\"@type\":\"ListItem\",\"position\":2,\"name\":\"Boutique\",\"item\":\"https:\\\/\\\/hecate-energie-magie.com\\\/index.php\\\/boutique\\\/\"},{\"@type\":\"ListItem\",\"position\":3,\"name\":\"Bougie Bleu Roi &#8211; Guidance\"}]},{\"@type\":\"WebSite\",\"@id\":\"https:\\\/\\\/hecate-energie-magie.com\\\/#website\",\"url\":\"https:\\\/\\\/hecate-energie-magie.com\\\/\",\"name\":\"H\u00e9cate Energie et Magie\",\"description\":\"H\u00e9cate Energie et Magie\",\"publisher\":{\"@id\":\"https:\\\/\\\/hecate-energie-magie.com\\\/#organization\"},\"potentialAction\":[{\"@type\":\"SearchAction\",\"target\":{\"@type\":\"EntryPoint\",\"urlTemplate\":\"https:\\\/\\\/hecate-energie-magie.com\\\/?s={search_term_string}\"},\"query-input\":{\"@type\":\"PropertyValueSpecification\",\"valueRequired\":true,\"valueName\":\"search_term_string\"}}],\"inLanguage\":\"fr-FR\"},{\"@type\":\"Organization\",\"@id\":\"https:\\\/\\\/hecate-energie-magie.com\\\/#organization\",\"name\":\"H\u00e9cate Energie et Magie\",\"url\":\"https:\\\/\\\/hecate-energie-magie.com\\\/\",\"logo\":{\"@type\":\"ImageObject\",\"inLanguage\":\"fr-FR\",\"@id\":\"https:\\\/\\\/hecate-energie-magie.com\\\/#\\\/schema\\\/logo\\\/image\\\/\",\"url\":\"https:\\\/\\\/i0.wp.com\\\/hecate-energie-magie.com\\\/wp-content\\\/uploads\\\/2024\\\/09\\\/cropped-LOGO-HECATE.png?fit=500%2C500&ssl=1\",\"contentUrl\":\"https:\\\/\\\/i0.wp.com\\\/hecate-energie-magie.com\\\/wp-content\\\/uploads\\\/2024\\\/09\\\/cropped-LOGO-HECATE.png?fit=500%2C500&ssl=1\",\"width\":500,\"height\":500,\"caption\":\"H\u00e9cate Energie et Magie\"},\"image\":{\"@id\":\"https:\\\/\\\/hecate-energie-magie.com\\\/#\\\/schema\\\/logo\\\/image\\\/\"},\"sameAs\":[\"https:\\\/\\\/www.facebook.com\\\/profile.php?id=61557502523365\"]}]}<\/script>\n<!-- \/ Yoast SEO plugin. -->","yoast_head_json":{"title":"Bougie Bleu Roi - Guidance - H\u00e9cate Energie et Magie","description":"Bougie Bleu Roi Guidance, provenance Inde. Teint\u00e9e masse. Longueur environ 13 cm.","robots":{"index":"index","follow":"follow","max-snippet":"max-snippet:-1","max-image-preview":"max-image-preview:large","max-video-preview":"max-video-preview:-1"},"canonical":"https:\/\/hecate-energie-magie.com\/index.php\/produit\/bougie-bleu-roi-guidance\/","og_locale":"fr_FR","og_type":"article","og_title":"Bougie Bleu Roi - Guidance - H\u00e9cate Energie et Magie","og_description":"Bougie Bleu Roi Guidance, provenance Inde. Teint\u00e9e masse. Longueur environ 13 cm.","og_url":"https:\/\/hecate-energie-magie.com\/index.php\/produit\/bougie-bleu-roi-guidance\/","og_site_name":"H\u00e9cate Energie et Magie","article_publisher":"https:\/\/www.facebook.com\/profile.php?id=61557502523365","article_modified_time":"2025-01-29T10:51:25+00:00","og_image":[{"width":2299,"height":2560,"url":"https:\/\/hecate-energie-magie.com\/wp-content\/uploads\/2024\/05\/1716802089300-scaled.jpg","type":"image\/jpeg"}],"twitter_card":"summary_large_image","twitter_misc":{"Dur\u00e9e de lecture estim\u00e9e":"2 minutes"},"schema":{"@context":"https:\/\/schema.org","@graph":[{"@type":"WebPage","@id":"https:\/\/hecate-energie-magie.com\/index.php\/produit\/bougie-bleu-roi-guidance\/","url":"https:\/\/hecate-energie-magie.com\/index.php\/produit\/bougie-bleu-roi-guidance\/","name":"Bougie Bleu Roi - Guidance - H\u00e9cate Energie et Magie","isPartOf":{"@id":"https:\/\/hecate-energie-magie.com\/#website"},"primaryImageOfPage":{"@id":"https:\/\/hecate-energie-magie.com\/index.php\/produit\/bougie-bleu-roi-guidance\/#primaryimage"},"image":{"@id":"https:\/\/hecate-energie-magie.com\/index.php\/produit\/bougie-bleu-roi-guidance\/#primaryimage"},"thumbnailUrl":"https:\/\/i0.wp.com\/hecate-energie-magie.com\/wp-content\/uploads\/2024\/05\/1716802089300-scaled.jpg?fit=2299%2C2560&ssl=1","datePublished":"2024-05-24T11:10:50+00:00","dateModified":"2025-01-29T10:51:25+00:00","description":"Bougie Bleu Roi Guidance, provenance Inde. Teint\u00e9e masse. Longueur environ 13 cm.","breadcrumb":{"@id":"https:\/\/hecate-energie-magie.com\/index.php\/produit\/bougie-bleu-roi-guidance\/#breadcrumb"},"inLanguage":"fr-FR","potentialAction":[{"@type":"ReadAction","target":["https:\/\/hecate-energie-magie.com\/index.php\/produit\/bougie-bleu-roi-guidance\/"]}]},{"@type":"ImageObject","inLanguage":"fr-FR","@id":"https:\/\/hecate-energie-magie.com\/index.php\/produit\/bougie-bleu-roi-guidance\/#primaryimage","url":"https:\/\/i0.wp.com\/hecate-energie-magie.com\/wp-content\/uploads\/2024\/05\/1716802089300-scaled.jpg?fit=2299%2C2560&ssl=1","contentUrl":"https:\/\/i0.wp.com\/hecate-energie-magie.com\/wp-content\/uploads\/2024\/05\/1716802089300-scaled.jpg?fit=2299%2C2560&ssl=1","width":2299,"height":2560,"caption":"Bougie rituel bleu roi"},{"@type":"BreadcrumbList","@id":"https:\/\/hecate-energie-magie.com\/index.php\/produit\/bougie-bleu-roi-guidance\/#breadcrumb","itemListElement":[{"@type":"ListItem","position":1,"name":"Accueil","item":"https:\/\/hecate-energie-magie.com\/"},{"@type":"ListItem","position":2,"name":"Boutique","item":"https:\/\/hecate-energie-magie.com\/index.php\/boutique\/"},{"@type":"ListItem","position":3,"name":"Bougie Bleu Roi &#8211; Guidance"}]},{"@type":"WebSite","@id":"https:\/\/hecate-energie-magie.com\/#website","url":"https:\/\/hecate-energie-magie.com\/","name":"H\u00e9cate Energie et Magie","description":"H\u00e9cate Energie et Magie","publisher":{"@id":"https:\/\/hecate-energie-magie.com\/#organization"},"potentialAction":[{"@type":"SearchAction","target":{"@type":"EntryPoint","urlTemplate":"https:\/\/hecate-energie-magie.com\/?s={search_term_string}"},"query-input":{"@type":"PropertyValueSpecification","valueRequired":true,"valueName":"search_term_string"}}],"inLanguage":"fr-FR"},{"@type":"Organization","@id":"https:\/\/hecate-energie-magie.com\/#organization","name":"H\u00e9cate Energie et Magie","url":"https:\/\/hecate-energie-magie.com\/","logo":{"@type":"ImageObject","inLanguage":"fr-FR","@id":"https:\/\/hecate-energie-magie.com\/#\/schema\/logo\/image\/","url":"https:\/\/i0.wp.com\/hecate-energie-magie.com\/wp-content\/uploads\/2024\/09\/cropped-LOGO-HECATE.png?fit=500%2C500&ssl=1","contentUrl":"https:\/\/i0.wp.com\/hecate-energie-magie.com\/wp-content\/uploads\/2024\/09\/cropped-LOGO-HECATE.png?fit=500%2C500&ssl=1","width":500,"height":500,"caption":"H\u00e9cate Energie et Magie"},"image":{"@id":"https:\/\/hecate-energie-magie.com\/#\/schema\/logo\/image\/"},"sameAs":["https:\/\/www.facebook.com\/profile.php?id=61557502523365"]}]}},"jetpack_sharing_enabled":true,"_links":{"self":[{"href":"https:\/\/hecate-energie-magie.com\/index.php\/wp-json\/wp\/v2\/product\/519","targetHints":{"allow":["GET"]}}],"collection":[{"href":"https:\/\/hecate-energie-magie.com\/index.php\/wp-json\/wp\/v2\/product"}],"about":[{"href":"https:\/\/hecate-energie-magie.com\/index.php\/wp-json\/wp\/v2\/types\/product"}],"replies":[{"embeddable":true,"href":"https:\/\/hecate-energie-magie.com\/index.php\/wp-json\/wp\/v2\/comments?post=519"}],"wp:featuredmedia":[{"embeddable":true,"href":"https:\/\/hecate-energie-magie.com\/index.php\/wp-json\/wp\/v2\/media\/562"}],"wp:attachment":[{"href":"https:\/\/hecate-energie-magie.com\/index.php\/wp-json\/wp\/v2\/media?parent=519"}],"wp:term":[{"taxonomy":"product_brand","embeddable":true,"href":"https:\/\/hecate-energie-magie.com\/index.php\/wp-json\/wp\/v2\/product_brand?post=519"},{"taxonomy":"product_cat","embeddable":true,"href":"https:\/\/hecate-energie-magie.com\/index.php\/wp-json\/wp\/v2\/product_cat?post=519"},{"taxonomy":"product_tag","embeddable":true,"href":"https:\/\/hecate-energie-magie.com\/index.php\/wp-json\/wp\/v2\/product_tag?post=519"}],"curies":[{"name":"wp","href":"https:\/\/api.w.org\/{rel}","templated":true}]}}