{"id":521,"date":"2024-05-24T13:25:30","date_gmt":"2024-05-24T11:25:30","guid":{"rendered":"https:\/\/hecate-energie-magie.com\/?post_type=product&#038;p=521"},"modified":"2026-03-19T16:44:41","modified_gmt":"2026-03-19T15:44:41","slug":"sauge-sang-de-dragon","status":"publish","type":"product","link":"https:\/\/hecate-energie-magie.com\/index.php\/produit\/sauge-sang-de-dragon\/","title":{"rendered":"Sauge Sang de Dragon"},"content":{"rendered":"<h1 style=\"text-align: center;\"><span style=\"font-size: 35px;\"><span style=\"font-family: Carattere;\"><strong>Sauge <\/strong><\/span><span style=\"font-family: Carattere;\"><strong>Sang de Dragon <\/strong><\/span><\/span><\/h1>\n<p style=\"text-align: center;\"><span style=\"font-family: Carattere; font-size: 30px;\">Puissant m\u00e9lange de la sauge blanche et du sang de dragon pour les rituels de purification et de protection<\/span><\/p>\n<p style=\"text-align: center;\"><span style=\"font-family: Carattere; font-size: 30px;\">Le sang de dragon est le plus puissant des encens<\/span><\/p>\n<p style=\"text-align: center;\"><span style=\"font-family: Carattere; font-size: 30px;\">Chasse les \u00e9nergies n\u00e9gatives, mauvais esprits et entit\u00e9s malveillantes<\/span><\/p>\n<p style=\"text-align: center;\"><span style=\"font-family: Carattere; font-size: 30px;\">Purifie l\u2019aura, la maison et les objets<\/span><\/p>\n<p>&nbsp;<\/p>\n<p style=\"text-align: center;\"><span style=\"font-family: Carattere; font-size: 30px;\">Le Sang de Dragon est une gomme qui provient d\u2019un arbre originaire de l\u2019Oc\u00e9an Indien nomm\u00e9 Dracaena Draco ou Dragonnier.<\/span><\/p>\n<p style=\"text-align: center;\"><span style=\"font-family: Carattere; font-size: 30px;\">Les pharmacologues de l&rsquo;Antiquit\u00e9 comme\u00a0Dioscoride utilisaient les propri\u00e9t\u00e9s de ces r\u00e9sines, qu&rsquo;ils nommaient\u00a0\u00ab\u00a0sang de dragon\u00a0\u00bb, comme antih\u00e9morragique et antibact\u00e9rien, pour traiter les plaies.<\/span><\/p>\n<p>&nbsp;<\/p>\n<p>&nbsp;<\/p>\n<p><em><span style=\"font-family: Carattere; font-size: 27px;\">Mentions importantes :\u00a0<\/span><\/em><\/p>\n<p><em><span style=\"font-family: Carattere; font-size: 27px;\">Proc\u00e9dez \u00e9tapes par \u00e9tapes. Ouvrez les fen\u00eatres. Pour allumer le b\u00e2ton, il vous suffit d&rsquo;allumer une extr\u00e9mit\u00e9. Une fois que quelques flammes apparaissent, agitez le b\u00e2ton en l&rsquo;air pour \u00e9teindre les flammes. La braise d\u00e9gagera alors de la fum\u00e9e. C&rsquo;est de cette fum\u00e9e dont vous aurez besoin lors de vos rituels. Il vous faudra \u00e9galement un r\u00e9cipient pour poser le b\u00e2ton, en d\u00e9gager la cendre et surtout l&rsquo;\u00e9teindre. <\/span><\/em><\/p>\n<p><em><span style=\"font-family: Carattere; font-size: 27px;\">Nous vous conseillons d&rsquo;utiliser une <a href=\"https:\/\/hecate-energie-magie.com\/index.php\/produit\/coquille-dormeau-naturelle\/\"><strong>Coquille d&rsquo;Ormeau<\/strong><\/a> ou un bol \u00e0 d\u00e9faut. Pour \u00e9teindre le b\u00e2ton, \u00e9crasez le bout en braises au fond de votre r\u00e9cipient.<\/span><\/em><\/p>\n<p><em><span style=\"font-size: 27px; font-family: Carattere;\"><strong>Certains de nos produits doivent \u00eatre manipul\u00e9s avec pr\u00e9caution et peuvent se r\u00e9v\u00e9ler dangereux s\u2019ils ne sont pas utilis\u00e9s correctement.<br \/>\nVous trouverez ci-dessous quelques pr\u00e9cautions d\u2019utilisations.<\/strong><\/span><\/em><\/p>\n<ul>\n<li><em><span style=\"font-size: 27px; font-family: Carattere;\">Ne jamais laisser la bougie ou l&rsquo;encens allum\u00e9e sans surveillance.<\/span><\/em><\/li>\n<li><em><span style=\"font-size: 27px; font-family: Carattere;\">Ne pas avaler.<\/span><\/em><\/li>\n<li><em><span style=\"font-size: 27px; font-family: Carattere;\">Tenir hors de port\u00e9e des enfants et des animaux.<\/span><\/em><\/li>\n<li><em><span style=\"font-size: 27px; font-family: Carattere;\">Ne jamais placer la bougie ou l&rsquo;encens sur des appareils \u00e9lectroniques ou pr\u00e8s d\u2019une source de chaleur.<\/span><\/em><\/li>\n<li><em><span style=\"font-size: 27px; font-family: Carattere;\">Faites uniquement br\u00fbler votre encens dans une pi\u00e8ce \u00e9quip\u00e9e d\u2019une fen\u00eatre afin de pouvoir a\u00e9rer la pi\u00e8ce.<\/span><\/em><\/li>\n<li><em><span style=\"font-size: 27px; font-family: Carattere;\">Les morceaux d\u2019encens se d\u00e9tachent au fur et \u00e0 mesure de la combustion, il convient de placer ces encens sur des r\u00e9cipients adapt\u00e9s (porte encens) qui vous permettront de tenir le b\u00e2tonnet mais aussi de r\u00e9cup\u00e9rer la cendre.<\/span><\/em><\/li>\n<\/ul>\n<p><span style=\"font-size: 21px;\">(Photos non contractuelles)<\/span><\/p>\n","protected":false},"excerpt":{"rendered":"<h1><span style=\"font-size: 33px;\"><strong><span style=\"font-family: Carattere;\">Sauge Sang de Dragon.<\/span><\/strong><\/span><\/h1>\n<p><span style=\"font-family: Carattere; font-size: 30px;\">Fagot d&rsquo;environ 11 cm \/ entre 20 et 30 g (Vendu \u00e0 l&rsquo;unit\u00e9).<\/span><\/p>\n<p><span style=\"font-family: Carattere; font-size: 30px;\">Provenance Etats-Unis.<\/span><\/p>\n","protected":false},"featured_media":1821,"comment_status":"open","ping_status":"closed","template":"","meta":[],"product_brand":[],"product_cat":[68],"product_tag":[53,39,52,51],"class_list":{"0":"post-521","1":"product","2":"type-product","3":"status-publish","4":"has-post-thumbnail","6":"product_cat-sauges","7":"product_tag-fumigation","8":"product_tag-purification","9":"product_tag-sang-de-dragon","10":"product_tag-sauge","12":"first","13":"instock","14":"shipping-taxable","15":"purchasable","16":"product-type-simple"},"yoast_head":"<!-- This site is optimized with the Yoast SEO plugin v27.3 - https:\/\/yoast.com\/product\/yoast-seo-wordpress\/ -->\n<title>Sauge Sang de Dragon - H\u00e9cate Energie et Magie<\/title>\n<meta name=\"description\" content=\"La Sauge Sang de Dragon est un puissant m\u00e9lange de la sauge blanche et du sang de dragon pour les rituels de purification et de protection.\" \/>\n<meta name=\"robots\" content=\"index, follow, max-snippet:-1, max-image-preview:large, max-video-preview:-1\" \/>\n<link rel=\"canonical\" href=\"https:\/\/hecate-energie-magie.com\/index.php\/produit\/sauge-sang-de-dragon\/\" \/>\n<meta property=\"og:locale\" content=\"fr_FR\" \/>\n<meta property=\"og:type\" content=\"article\" \/>\n<meta property=\"og:title\" content=\"Sauge Sang de Dragon - H\u00e9cate Energie et Magie\" \/>\n<meta property=\"og:description\" content=\"La Sauge Sang de Dragon est un puissant m\u00e9lange de la sauge blanche et du sang de dragon pour les rituels de purification et de protection.\" \/>\n<meta property=\"og:url\" content=\"https:\/\/hecate-energie-magie.com\/index.php\/produit\/sauge-sang-de-dragon\/\" \/>\n<meta property=\"og:site_name\" content=\"H\u00e9cate Energie et Magie\" \/>\n<meta property=\"article:publisher\" content=\"https:\/\/www.facebook.com\/profile.php?id=61557502523365\" \/>\n<meta property=\"article:modified_time\" content=\"2026-03-19T15:44:41+00:00\" \/>\n<meta property=\"og:image\" content=\"https:\/\/hecate-energie-magie.com\/wp-content\/uploads\/2024\/05\/1726136402033-1-scaled.jpg\" \/>\n\t<meta property=\"og:image:width\" content=\"2560\" \/>\n\t<meta property=\"og:image:height\" content=\"1920\" \/>\n\t<meta property=\"og:image:type\" content=\"image\/jpeg\" \/>\n<meta name=\"twitter:card\" content=\"summary_large_image\" \/>\n<meta name=\"twitter:label1\" content=\"Dur\u00e9e de lecture estim\u00e9e\" \/>\n\t<meta name=\"twitter:data1\" content=\"2 minutes\" \/>\n<script type=\"application\/ld+json\" class=\"yoast-schema-graph\">{\"@context\":\"https:\\\/\\\/schema.org\",\"@graph\":[{\"@type\":\"WebPage\",\"@id\":\"https:\\\/\\\/hecate-energie-magie.com\\\/index.php\\\/produit\\\/sauge-sang-de-dragon\\\/\",\"url\":\"https:\\\/\\\/hecate-energie-magie.com\\\/index.php\\\/produit\\\/sauge-sang-de-dragon\\\/\",\"name\":\"Sauge Sang de Dragon - H\u00e9cate Energie et Magie\",\"isPartOf\":{\"@id\":\"https:\\\/\\\/hecate-energie-magie.com\\\/#website\"},\"primaryImageOfPage\":{\"@id\":\"https:\\\/\\\/hecate-energie-magie.com\\\/index.php\\\/produit\\\/sauge-sang-de-dragon\\\/#primaryimage\"},\"image\":{\"@id\":\"https:\\\/\\\/hecate-energie-magie.com\\\/index.php\\\/produit\\\/sauge-sang-de-dragon\\\/#primaryimage\"},\"thumbnailUrl\":\"https:\\\/\\\/i0.wp.com\\\/hecate-energie-magie.com\\\/wp-content\\\/uploads\\\/2024\\\/05\\\/1726136402033-1-scaled.jpg?fit=2560%2C1920&ssl=1\",\"datePublished\":\"2024-05-24T11:25:30+00:00\",\"dateModified\":\"2026-03-19T15:44:41+00:00\",\"description\":\"La Sauge Sang de Dragon est un puissant m\u00e9lange de la sauge blanche et du sang de dragon pour les rituels de purification et de protection.\",\"breadcrumb\":{\"@id\":\"https:\\\/\\\/hecate-energie-magie.com\\\/index.php\\\/produit\\\/sauge-sang-de-dragon\\\/#breadcrumb\"},\"inLanguage\":\"fr-FR\",\"potentialAction\":[{\"@type\":\"ReadAction\",\"target\":[\"https:\\\/\\\/hecate-energie-magie.com\\\/index.php\\\/produit\\\/sauge-sang-de-dragon\\\/\"]}]},{\"@type\":\"ImageObject\",\"inLanguage\":\"fr-FR\",\"@id\":\"https:\\\/\\\/hecate-energie-magie.com\\\/index.php\\\/produit\\\/sauge-sang-de-dragon\\\/#primaryimage\",\"url\":\"https:\\\/\\\/i0.wp.com\\\/hecate-energie-magie.com\\\/wp-content\\\/uploads\\\/2024\\\/05\\\/1726136402033-1-scaled.jpg?fit=2560%2C1920&ssl=1\",\"contentUrl\":\"https:\\\/\\\/i0.wp.com\\\/hecate-energie-magie.com\\\/wp-content\\\/uploads\\\/2024\\\/05\\\/1726136402033-1-scaled.jpg?fit=2560%2C1920&ssl=1\",\"width\":2560,\"height\":1920,\"caption\":\"sauge sang dragon\"},{\"@type\":\"BreadcrumbList\",\"@id\":\"https:\\\/\\\/hecate-energie-magie.com\\\/index.php\\\/produit\\\/sauge-sang-de-dragon\\\/#breadcrumb\",\"itemListElement\":[{\"@type\":\"ListItem\",\"position\":1,\"name\":\"Accueil\",\"item\":\"https:\\\/\\\/hecate-energie-magie.com\\\/\"},{\"@type\":\"ListItem\",\"position\":2,\"name\":\"Boutique\",\"item\":\"https:\\\/\\\/hecate-energie-magie.com\\\/index.php\\\/boutique\\\/\"},{\"@type\":\"ListItem\",\"position\":3,\"name\":\"Sauge Sang de Dragon\"}]},{\"@type\":\"WebSite\",\"@id\":\"https:\\\/\\\/hecate-energie-magie.com\\\/#website\",\"url\":\"https:\\\/\\\/hecate-energie-magie.com\\\/\",\"name\":\"H\u00e9cate Energie et Magie\",\"description\":\"H\u00e9cate Energie et Magie\",\"publisher\":{\"@id\":\"https:\\\/\\\/hecate-energie-magie.com\\\/#organization\"},\"potentialAction\":[{\"@type\":\"SearchAction\",\"target\":{\"@type\":\"EntryPoint\",\"urlTemplate\":\"https:\\\/\\\/hecate-energie-magie.com\\\/?s={search_term_string}\"},\"query-input\":{\"@type\":\"PropertyValueSpecification\",\"valueRequired\":true,\"valueName\":\"search_term_string\"}}],\"inLanguage\":\"fr-FR\"},{\"@type\":\"Organization\",\"@id\":\"https:\\\/\\\/hecate-energie-magie.com\\\/#organization\",\"name\":\"H\u00e9cate Energie et Magie\",\"url\":\"https:\\\/\\\/hecate-energie-magie.com\\\/\",\"logo\":{\"@type\":\"ImageObject\",\"inLanguage\":\"fr-FR\",\"@id\":\"https:\\\/\\\/hecate-energie-magie.com\\\/#\\\/schema\\\/logo\\\/image\\\/\",\"url\":\"https:\\\/\\\/i0.wp.com\\\/hecate-energie-magie.com\\\/wp-content\\\/uploads\\\/2024\\\/09\\\/cropped-LOGO-HECATE.png?fit=500%2C500&ssl=1\",\"contentUrl\":\"https:\\\/\\\/i0.wp.com\\\/hecate-energie-magie.com\\\/wp-content\\\/uploads\\\/2024\\\/09\\\/cropped-LOGO-HECATE.png?fit=500%2C500&ssl=1\",\"width\":500,\"height\":500,\"caption\":\"H\u00e9cate Energie et Magie\"},\"image\":{\"@id\":\"https:\\\/\\\/hecate-energie-magie.com\\\/#\\\/schema\\\/logo\\\/image\\\/\"},\"sameAs\":[\"https:\\\/\\\/www.facebook.com\\\/profile.php?id=61557502523365\"]}]}<\/script>\n<!-- \/ Yoast SEO plugin. -->","yoast_head_json":{"title":"Sauge Sang de Dragon - H\u00e9cate Energie et Magie","description":"La Sauge Sang de Dragon est un puissant m\u00e9lange de la sauge blanche et du sang de dragon pour les rituels de purification et de protection.","robots":{"index":"index","follow":"follow","max-snippet":"max-snippet:-1","max-image-preview":"max-image-preview:large","max-video-preview":"max-video-preview:-1"},"canonical":"https:\/\/hecate-energie-magie.com\/index.php\/produit\/sauge-sang-de-dragon\/","og_locale":"fr_FR","og_type":"article","og_title":"Sauge Sang de Dragon - H\u00e9cate Energie et Magie","og_description":"La Sauge Sang de Dragon est un puissant m\u00e9lange de la sauge blanche et du sang de dragon pour les rituels de purification et de protection.","og_url":"https:\/\/hecate-energie-magie.com\/index.php\/produit\/sauge-sang-de-dragon\/","og_site_name":"H\u00e9cate Energie et Magie","article_publisher":"https:\/\/www.facebook.com\/profile.php?id=61557502523365","article_modified_time":"2026-03-19T15:44:41+00:00","og_image":[{"width":2560,"height":1920,"url":"https:\/\/hecate-energie-magie.com\/wp-content\/uploads\/2024\/05\/1726136402033-1-scaled.jpg","type":"image\/jpeg"}],"twitter_card":"summary_large_image","twitter_misc":{"Dur\u00e9e de lecture estim\u00e9e":"2 minutes"},"schema":{"@context":"https:\/\/schema.org","@graph":[{"@type":"WebPage","@id":"https:\/\/hecate-energie-magie.com\/index.php\/produit\/sauge-sang-de-dragon\/","url":"https:\/\/hecate-energie-magie.com\/index.php\/produit\/sauge-sang-de-dragon\/","name":"Sauge Sang de Dragon - H\u00e9cate Energie et Magie","isPartOf":{"@id":"https:\/\/hecate-energie-magie.com\/#website"},"primaryImageOfPage":{"@id":"https:\/\/hecate-energie-magie.com\/index.php\/produit\/sauge-sang-de-dragon\/#primaryimage"},"image":{"@id":"https:\/\/hecate-energie-magie.com\/index.php\/produit\/sauge-sang-de-dragon\/#primaryimage"},"thumbnailUrl":"https:\/\/i0.wp.com\/hecate-energie-magie.com\/wp-content\/uploads\/2024\/05\/1726136402033-1-scaled.jpg?fit=2560%2C1920&ssl=1","datePublished":"2024-05-24T11:25:30+00:00","dateModified":"2026-03-19T15:44:41+00:00","description":"La Sauge Sang de Dragon est un puissant m\u00e9lange de la sauge blanche et du sang de dragon pour les rituels de purification et de protection.","breadcrumb":{"@id":"https:\/\/hecate-energie-magie.com\/index.php\/produit\/sauge-sang-de-dragon\/#breadcrumb"},"inLanguage":"fr-FR","potentialAction":[{"@type":"ReadAction","target":["https:\/\/hecate-energie-magie.com\/index.php\/produit\/sauge-sang-de-dragon\/"]}]},{"@type":"ImageObject","inLanguage":"fr-FR","@id":"https:\/\/hecate-energie-magie.com\/index.php\/produit\/sauge-sang-de-dragon\/#primaryimage","url":"https:\/\/i0.wp.com\/hecate-energie-magie.com\/wp-content\/uploads\/2024\/05\/1726136402033-1-scaled.jpg?fit=2560%2C1920&ssl=1","contentUrl":"https:\/\/i0.wp.com\/hecate-energie-magie.com\/wp-content\/uploads\/2024\/05\/1726136402033-1-scaled.jpg?fit=2560%2C1920&ssl=1","width":2560,"height":1920,"caption":"sauge sang dragon"},{"@type":"BreadcrumbList","@id":"https:\/\/hecate-energie-magie.com\/index.php\/produit\/sauge-sang-de-dragon\/#breadcrumb","itemListElement":[{"@type":"ListItem","position":1,"name":"Accueil","item":"https:\/\/hecate-energie-magie.com\/"},{"@type":"ListItem","position":2,"name":"Boutique","item":"https:\/\/hecate-energie-magie.com\/index.php\/boutique\/"},{"@type":"ListItem","position":3,"name":"Sauge Sang de Dragon"}]},{"@type":"WebSite","@id":"https:\/\/hecate-energie-magie.com\/#website","url":"https:\/\/hecate-energie-magie.com\/","name":"H\u00e9cate Energie et Magie","description":"H\u00e9cate Energie et Magie","publisher":{"@id":"https:\/\/hecate-energie-magie.com\/#organization"},"potentialAction":[{"@type":"SearchAction","target":{"@type":"EntryPoint","urlTemplate":"https:\/\/hecate-energie-magie.com\/?s={search_term_string}"},"query-input":{"@type":"PropertyValueSpecification","valueRequired":true,"valueName":"search_term_string"}}],"inLanguage":"fr-FR"},{"@type":"Organization","@id":"https:\/\/hecate-energie-magie.com\/#organization","name":"H\u00e9cate Energie et Magie","url":"https:\/\/hecate-energie-magie.com\/","logo":{"@type":"ImageObject","inLanguage":"fr-FR","@id":"https:\/\/hecate-energie-magie.com\/#\/schema\/logo\/image\/","url":"https:\/\/i0.wp.com\/hecate-energie-magie.com\/wp-content\/uploads\/2024\/09\/cropped-LOGO-HECATE.png?fit=500%2C500&ssl=1","contentUrl":"https:\/\/i0.wp.com\/hecate-energie-magie.com\/wp-content\/uploads\/2024\/09\/cropped-LOGO-HECATE.png?fit=500%2C500&ssl=1","width":500,"height":500,"caption":"H\u00e9cate Energie et Magie"},"image":{"@id":"https:\/\/hecate-energie-magie.com\/#\/schema\/logo\/image\/"},"sameAs":["https:\/\/www.facebook.com\/profile.php?id=61557502523365"]}]}},"jetpack_sharing_enabled":true,"_links":{"self":[{"href":"https:\/\/hecate-energie-magie.com\/index.php\/wp-json\/wp\/v2\/product\/521","targetHints":{"allow":["GET"]}}],"collection":[{"href":"https:\/\/hecate-energie-magie.com\/index.php\/wp-json\/wp\/v2\/product"}],"about":[{"href":"https:\/\/hecate-energie-magie.com\/index.php\/wp-json\/wp\/v2\/types\/product"}],"replies":[{"embeddable":true,"href":"https:\/\/hecate-energie-magie.com\/index.php\/wp-json\/wp\/v2\/comments?post=521"}],"wp:featuredmedia":[{"embeddable":true,"href":"https:\/\/hecate-energie-magie.com\/index.php\/wp-json\/wp\/v2\/media\/1821"}],"wp:attachment":[{"href":"https:\/\/hecate-energie-magie.com\/index.php\/wp-json\/wp\/v2\/media?parent=521"}],"wp:term":[{"taxonomy":"product_brand","embeddable":true,"href":"https:\/\/hecate-energie-magie.com\/index.php\/wp-json\/wp\/v2\/product_brand?post=521"},{"taxonomy":"product_cat","embeddable":true,"href":"https:\/\/hecate-energie-magie.com\/index.php\/wp-json\/wp\/v2\/product_cat?post=521"},{"taxonomy":"product_tag","embeddable":true,"href":"https:\/\/hecate-energie-magie.com\/index.php\/wp-json\/wp\/v2\/product_tag?post=521"}],"curies":[{"name":"wp","href":"https:\/\/api.w.org\/{rel}","templated":true}]}}