{"id":531,"date":"2024-05-24T15:31:45","date_gmt":"2024-05-24T13:31:45","guid":{"rendered":"https:\/\/hecate-energie-magie.com\/?post_type=product&#038;p=531"},"modified":"2026-03-01T16:31:44","modified_gmt":"2026-03-01T15:31:44","slug":"palo-santo","status":"publish","type":"product","link":"https:\/\/hecate-energie-magie.com\/index.php\/produit\/palo-santo\/","title":{"rendered":"Palo Santo"},"content":{"rendered":"<h2 style=\"text-align: center;\"><strong><span style=\"font-family: Carattere; font-size: 40px;\">Le Palo Santo <\/span><\/strong><\/h2>\n<p style=\"text-align: center;\"><span style=\"font-family: Carattere; font-size: 30px;\">Egalement appel\u00e9 \u00ab Bois sacr\u00e9 \u00bb, est un puissant encens <strong><a href=\"https:\/\/hecate-energie-magie.com\/index.php\/produit\/sauge-blanche-apiana-californie\/\">purificateur, <\/a><\/strong>il \u00e9limine l\u2019\u00e9nergie n\u00e9gative pour restaurer la tranquillit\u00e9 et le calme.<\/span><\/p>\n<p style=\"text-align: center;\"><span style=\"font-family: Carattere; font-size: 30px;\"><em>Il provient de l&rsquo;arbre Bursera Graveolens qui pousse dans divers pays d&rsquo;Am\u00e9rique du sud notamment au P\u00e9rou. Il est r\u00e9colt\u00e9 une fois le bois mort tomb\u00e9.<\/em><\/span><\/p>\n<p style=\"text-align: center;\"><span style=\"font-family: Carattere; font-size: 30px;\">Utilis\u00e9 par les Chamans Incas et Mayas pour leurs rituels de purification, ils s&rsquo;en servent \u00e9galement pour ses propri\u00e9t\u00e9s anti-inflammatoires naturelles.<\/span><\/p>\n<p>&nbsp;<\/p>\n<p style=\"text-align: center;\"><span style=\"font-family: Carattere; font-size: 30px;\"><em><strong>Utilisation :<\/strong><\/em><\/span><\/p>\n<p style=\"text-align: center;\"><span style=\"font-family: Carattere; font-size: 30px;\">Allumer un b\u00e2tonnet puis le laisser br\u00fbler pendant une minute tout en soufflant sur la flamme afin que le bois s\u2019embrase et fume, par la suite secouer le pour que la flamme s\u2019\u00e9teigne et promenez vous dans l\u2019espace dans lequel vous souhaitez nettoyer l\u2019\u00e9nergie.<\/span><\/p>\n<p style=\"text-align: center;\"><span style=\"font-family: Carattere; font-size: 30px;\">Pour finir, placer le b\u00e2ton de Palo Santo dans un r\u00e9cipient non inflammable puis laissez le finir de br\u00fbler.<\/span><\/p>\n<p style=\"text-align: center;\"><span style=\"font-family: Carattere; font-size: 30px;\">Un b\u00e2tonnet peut-\u00eatre utilis\u00e9 plusieurs fois.<\/span><\/p>\n<p>&nbsp;<\/p>\n<p><span style=\"font-size: 27px; font-family: Carattere;\"><strong>Certains de nos produits doivent \u00eatre manipul\u00e9s avec pr\u00e9caution et peuvent se r\u00e9v\u00e9ler dangereux s\u2019ils ne sont pas utilis\u00e9s correctement.<br \/>\nVous trouverez ci-dessous quelques pr\u00e9cautions d\u2019utilisations.<\/strong><\/span><\/p>\n<ul>\n<li><span style=\"font-size: 27px; font-family: Carattere;\">Ne jamais laisser la bougie ou l&rsquo;encens allum\u00e9e sans surveillance.<\/span><\/li>\n<li><span style=\"font-size: 27px; font-family: Carattere;\">Ne pas avaler.<\/span><\/li>\n<li><span style=\"font-size: 27px; font-family: Carattere;\">Tenir hors de port\u00e9e des enfants et des animaux.<\/span><\/li>\n<li><span style=\"font-size: 27px; font-family: Carattere;\">Ne jamais placer la bougie ou l&rsquo;encens sur des appareils \u00e9lectroniques ou pr\u00e8s d\u2019une source de chaleur.<\/span><\/li>\n<li><span style=\"font-size: 27px; font-family: Carattere;\">Faites uniquement br\u00fbler votre encens dans une pi\u00e8ce \u00e9quip\u00e9e d\u2019une fen\u00eatre afin de pouvoir a\u00e9rer la pi\u00e8ce.<\/span><\/li>\n<li><span style=\"font-size: 27px; font-family: Carattere;\">Les morceaux d\u2019encens se d\u00e9tachent au fur et \u00e0 mesure de la combustion, il convient de placer ces encens sur des r\u00e9cipients adapt\u00e9s (porte encens) qui vous permettront de tenir le b\u00e2tonnet mais aussi de r\u00e9cup\u00e9rer la cendre.<\/span><\/li>\n<\/ul>\n<p>&nbsp;<\/p>\n<p><span style=\"font-size: 24px; font-family: Carattere;\">(Photos non contractuelles)<\/span><\/p>\n","protected":false},"excerpt":{"rendered":"<p><strong><span style=\"font-family: Carattere; font-size: 30px;\">Palo Santo (Vendu \u00e0 l&rsquo;unit\u00e9)<\/span><\/strong><\/p>\n<p><span style=\"font-family: Carattere; font-size: 30px;\">Provenance P\u00e9rou.<\/span><\/p>\n","protected":false},"featured_media":539,"comment_status":"open","ping_status":"closed","template":"","meta":[],"product_brand":[],"product_cat":[69],"product_tag":[55,62,39],"class_list":{"0":"post-531","1":"product","2":"type-product","3":"status-publish","4":"has-post-thumbnail","6":"product_cat-palo-santo","7":"product_tag-encens","8":"product_tag-palo-santo","9":"product_tag-purification","11":"first","12":"instock","13":"shipping-taxable","14":"purchasable","15":"product-type-simple"},"yoast_head":"<!-- This site is optimized with the Yoast SEO plugin v27.3 - https:\/\/yoast.com\/product\/yoast-seo-wordpress\/ -->\n<title>Palo Santo - H\u00e9cate Energie et Magie<\/title>\n<meta name=\"description\" content=\"Le Palo Santo, \u00e9galement appel\u00e9 \u00ab Bois sacr\u00e9 \u00bb, est un puissant encens purificateur, il \u00e9limine l\u2019\u00e9nergie n\u00e9gative pour restaurer la tranquillit\u00e9 et le calme.\" \/>\n<meta name=\"robots\" content=\"index, follow, max-snippet:-1, max-image-preview:large, max-video-preview:-1\" \/>\n<link rel=\"canonical\" href=\"https:\/\/hecate-energie-magie.com\/index.php\/produit\/palo-santo\/\" \/>\n<meta property=\"og:locale\" content=\"fr_FR\" \/>\n<meta property=\"og:type\" content=\"article\" \/>\n<meta property=\"og:title\" content=\"Palo Santo - H\u00e9cate Energie et Magie\" \/>\n<meta property=\"og:description\" content=\"Le Palo Santo, \u00e9galement appel\u00e9 \u00ab Bois sacr\u00e9 \u00bb, est un puissant encens purificateur, il \u00e9limine l\u2019\u00e9nergie n\u00e9gative pour restaurer la tranquillit\u00e9 et le calme.\" \/>\n<meta property=\"og:url\" content=\"https:\/\/hecate-energie-magie.com\/index.php\/produit\/palo-santo\/\" \/>\n<meta property=\"og:site_name\" content=\"H\u00e9cate Energie et Magie\" \/>\n<meta property=\"article:publisher\" content=\"https:\/\/www.facebook.com\/profile.php?id=61557502523365\" \/>\n<meta property=\"article:modified_time\" content=\"2026-03-01T15:31:44+00:00\" \/>\n<meta property=\"og:image\" content=\"https:\/\/hecate-energie-magie.com\/wp-content\/uploads\/2024\/05\/IMG_2182-scaled.jpg\" \/>\n\t<meta property=\"og:image:width\" content=\"2560\" \/>\n\t<meta property=\"og:image:height\" content=\"2430\" \/>\n\t<meta property=\"og:image:type\" content=\"image\/jpeg\" \/>\n<meta name=\"twitter:card\" content=\"summary_large_image\" \/>\n<meta name=\"twitter:label1\" content=\"Dur\u00e9e de lecture estim\u00e9e\" \/>\n\t<meta name=\"twitter:data1\" content=\"2 minutes\" \/>\n<script type=\"application\/ld+json\" class=\"yoast-schema-graph\">{\"@context\":\"https:\\\/\\\/schema.org\",\"@graph\":[{\"@type\":\"WebPage\",\"@id\":\"https:\\\/\\\/hecate-energie-magie.com\\\/index.php\\\/produit\\\/palo-santo\\\/\",\"url\":\"https:\\\/\\\/hecate-energie-magie.com\\\/index.php\\\/produit\\\/palo-santo\\\/\",\"name\":\"Palo Santo - H\u00e9cate Energie et Magie\",\"isPartOf\":{\"@id\":\"https:\\\/\\\/hecate-energie-magie.com\\\/#website\"},\"primaryImageOfPage\":{\"@id\":\"https:\\\/\\\/hecate-energie-magie.com\\\/index.php\\\/produit\\\/palo-santo\\\/#primaryimage\"},\"image\":{\"@id\":\"https:\\\/\\\/hecate-energie-magie.com\\\/index.php\\\/produit\\\/palo-santo\\\/#primaryimage\"},\"thumbnailUrl\":\"https:\\\/\\\/i0.wp.com\\\/hecate-energie-magie.com\\\/wp-content\\\/uploads\\\/2024\\\/05\\\/IMG_2182-scaled.jpg?fit=2560%2C2430&ssl=1\",\"datePublished\":\"2024-05-24T13:31:45+00:00\",\"dateModified\":\"2026-03-01T15:31:44+00:00\",\"description\":\"Le Palo Santo, \u00e9galement appel\u00e9 \u00ab Bois sacr\u00e9 \u00bb, est un puissant encens purificateur, il \u00e9limine l\u2019\u00e9nergie n\u00e9gative pour restaurer la tranquillit\u00e9 et le calme.\",\"breadcrumb\":{\"@id\":\"https:\\\/\\\/hecate-energie-magie.com\\\/index.php\\\/produit\\\/palo-santo\\\/#breadcrumb\"},\"inLanguage\":\"fr-FR\",\"potentialAction\":[{\"@type\":\"ReadAction\",\"target\":[\"https:\\\/\\\/hecate-energie-magie.com\\\/index.php\\\/produit\\\/palo-santo\\\/\"]}]},{\"@type\":\"ImageObject\",\"inLanguage\":\"fr-FR\",\"@id\":\"https:\\\/\\\/hecate-energie-magie.com\\\/index.php\\\/produit\\\/palo-santo\\\/#primaryimage\",\"url\":\"https:\\\/\\\/i0.wp.com\\\/hecate-energie-magie.com\\\/wp-content\\\/uploads\\\/2024\\\/05\\\/IMG_2182-scaled.jpg?fit=2560%2C2430&ssl=1\",\"contentUrl\":\"https:\\\/\\\/i0.wp.com\\\/hecate-energie-magie.com\\\/wp-content\\\/uploads\\\/2024\\\/05\\\/IMG_2182-scaled.jpg?fit=2560%2C2430&ssl=1\",\"width\":2560,\"height\":2430,\"caption\":\"Palo Santo\"},{\"@type\":\"BreadcrumbList\",\"@id\":\"https:\\\/\\\/hecate-energie-magie.com\\\/index.php\\\/produit\\\/palo-santo\\\/#breadcrumb\",\"itemListElement\":[{\"@type\":\"ListItem\",\"position\":1,\"name\":\"Accueil\",\"item\":\"https:\\\/\\\/hecate-energie-magie.com\\\/\"},{\"@type\":\"ListItem\",\"position\":2,\"name\":\"Boutique\",\"item\":\"https:\\\/\\\/hecate-energie-magie.com\\\/index.php\\\/boutique\\\/\"},{\"@type\":\"ListItem\",\"position\":3,\"name\":\"Palo Santo\"}]},{\"@type\":\"WebSite\",\"@id\":\"https:\\\/\\\/hecate-energie-magie.com\\\/#website\",\"url\":\"https:\\\/\\\/hecate-energie-magie.com\\\/\",\"name\":\"H\u00e9cate Energie et Magie\",\"description\":\"H\u00e9cate Energie et Magie\",\"publisher\":{\"@id\":\"https:\\\/\\\/hecate-energie-magie.com\\\/#organization\"},\"potentialAction\":[{\"@type\":\"SearchAction\",\"target\":{\"@type\":\"EntryPoint\",\"urlTemplate\":\"https:\\\/\\\/hecate-energie-magie.com\\\/?s={search_term_string}\"},\"query-input\":{\"@type\":\"PropertyValueSpecification\",\"valueRequired\":true,\"valueName\":\"search_term_string\"}}],\"inLanguage\":\"fr-FR\"},{\"@type\":\"Organization\",\"@id\":\"https:\\\/\\\/hecate-energie-magie.com\\\/#organization\",\"name\":\"H\u00e9cate Energie et Magie\",\"url\":\"https:\\\/\\\/hecate-energie-magie.com\\\/\",\"logo\":{\"@type\":\"ImageObject\",\"inLanguage\":\"fr-FR\",\"@id\":\"https:\\\/\\\/hecate-energie-magie.com\\\/#\\\/schema\\\/logo\\\/image\\\/\",\"url\":\"https:\\\/\\\/i0.wp.com\\\/hecate-energie-magie.com\\\/wp-content\\\/uploads\\\/2024\\\/09\\\/cropped-LOGO-HECATE.png?fit=500%2C500&ssl=1\",\"contentUrl\":\"https:\\\/\\\/i0.wp.com\\\/hecate-energie-magie.com\\\/wp-content\\\/uploads\\\/2024\\\/09\\\/cropped-LOGO-HECATE.png?fit=500%2C500&ssl=1\",\"width\":500,\"height\":500,\"caption\":\"H\u00e9cate Energie et Magie\"},\"image\":{\"@id\":\"https:\\\/\\\/hecate-energie-magie.com\\\/#\\\/schema\\\/logo\\\/image\\\/\"},\"sameAs\":[\"https:\\\/\\\/www.facebook.com\\\/profile.php?id=61557502523365\"]}]}<\/script>\n<!-- \/ Yoast SEO plugin. -->","yoast_head_json":{"title":"Palo Santo - H\u00e9cate Energie et Magie","description":"Le Palo Santo, \u00e9galement appel\u00e9 \u00ab Bois sacr\u00e9 \u00bb, est un puissant encens purificateur, il \u00e9limine l\u2019\u00e9nergie n\u00e9gative pour restaurer la tranquillit\u00e9 et le calme.","robots":{"index":"index","follow":"follow","max-snippet":"max-snippet:-1","max-image-preview":"max-image-preview:large","max-video-preview":"max-video-preview:-1"},"canonical":"https:\/\/hecate-energie-magie.com\/index.php\/produit\/palo-santo\/","og_locale":"fr_FR","og_type":"article","og_title":"Palo Santo - H\u00e9cate Energie et Magie","og_description":"Le Palo Santo, \u00e9galement appel\u00e9 \u00ab Bois sacr\u00e9 \u00bb, est un puissant encens purificateur, il \u00e9limine l\u2019\u00e9nergie n\u00e9gative pour restaurer la tranquillit\u00e9 et le calme.","og_url":"https:\/\/hecate-energie-magie.com\/index.php\/produit\/palo-santo\/","og_site_name":"H\u00e9cate Energie et Magie","article_publisher":"https:\/\/www.facebook.com\/profile.php?id=61557502523365","article_modified_time":"2026-03-01T15:31:44+00:00","og_image":[{"width":2560,"height":2430,"url":"https:\/\/hecate-energie-magie.com\/wp-content\/uploads\/2024\/05\/IMG_2182-scaled.jpg","type":"image\/jpeg"}],"twitter_card":"summary_large_image","twitter_misc":{"Dur\u00e9e de lecture estim\u00e9e":"2 minutes"},"schema":{"@context":"https:\/\/schema.org","@graph":[{"@type":"WebPage","@id":"https:\/\/hecate-energie-magie.com\/index.php\/produit\/palo-santo\/","url":"https:\/\/hecate-energie-magie.com\/index.php\/produit\/palo-santo\/","name":"Palo Santo - H\u00e9cate Energie et Magie","isPartOf":{"@id":"https:\/\/hecate-energie-magie.com\/#website"},"primaryImageOfPage":{"@id":"https:\/\/hecate-energie-magie.com\/index.php\/produit\/palo-santo\/#primaryimage"},"image":{"@id":"https:\/\/hecate-energie-magie.com\/index.php\/produit\/palo-santo\/#primaryimage"},"thumbnailUrl":"https:\/\/i0.wp.com\/hecate-energie-magie.com\/wp-content\/uploads\/2024\/05\/IMG_2182-scaled.jpg?fit=2560%2C2430&ssl=1","datePublished":"2024-05-24T13:31:45+00:00","dateModified":"2026-03-01T15:31:44+00:00","description":"Le Palo Santo, \u00e9galement appel\u00e9 \u00ab Bois sacr\u00e9 \u00bb, est un puissant encens purificateur, il \u00e9limine l\u2019\u00e9nergie n\u00e9gative pour restaurer la tranquillit\u00e9 et le calme.","breadcrumb":{"@id":"https:\/\/hecate-energie-magie.com\/index.php\/produit\/palo-santo\/#breadcrumb"},"inLanguage":"fr-FR","potentialAction":[{"@type":"ReadAction","target":["https:\/\/hecate-energie-magie.com\/index.php\/produit\/palo-santo\/"]}]},{"@type":"ImageObject","inLanguage":"fr-FR","@id":"https:\/\/hecate-energie-magie.com\/index.php\/produit\/palo-santo\/#primaryimage","url":"https:\/\/i0.wp.com\/hecate-energie-magie.com\/wp-content\/uploads\/2024\/05\/IMG_2182-scaled.jpg?fit=2560%2C2430&ssl=1","contentUrl":"https:\/\/i0.wp.com\/hecate-energie-magie.com\/wp-content\/uploads\/2024\/05\/IMG_2182-scaled.jpg?fit=2560%2C2430&ssl=1","width":2560,"height":2430,"caption":"Palo Santo"},{"@type":"BreadcrumbList","@id":"https:\/\/hecate-energie-magie.com\/index.php\/produit\/palo-santo\/#breadcrumb","itemListElement":[{"@type":"ListItem","position":1,"name":"Accueil","item":"https:\/\/hecate-energie-magie.com\/"},{"@type":"ListItem","position":2,"name":"Boutique","item":"https:\/\/hecate-energie-magie.com\/index.php\/boutique\/"},{"@type":"ListItem","position":3,"name":"Palo Santo"}]},{"@type":"WebSite","@id":"https:\/\/hecate-energie-magie.com\/#website","url":"https:\/\/hecate-energie-magie.com\/","name":"H\u00e9cate Energie et Magie","description":"H\u00e9cate Energie et Magie","publisher":{"@id":"https:\/\/hecate-energie-magie.com\/#organization"},"potentialAction":[{"@type":"SearchAction","target":{"@type":"EntryPoint","urlTemplate":"https:\/\/hecate-energie-magie.com\/?s={search_term_string}"},"query-input":{"@type":"PropertyValueSpecification","valueRequired":true,"valueName":"search_term_string"}}],"inLanguage":"fr-FR"},{"@type":"Organization","@id":"https:\/\/hecate-energie-magie.com\/#organization","name":"H\u00e9cate Energie et Magie","url":"https:\/\/hecate-energie-magie.com\/","logo":{"@type":"ImageObject","inLanguage":"fr-FR","@id":"https:\/\/hecate-energie-magie.com\/#\/schema\/logo\/image\/","url":"https:\/\/i0.wp.com\/hecate-energie-magie.com\/wp-content\/uploads\/2024\/09\/cropped-LOGO-HECATE.png?fit=500%2C500&ssl=1","contentUrl":"https:\/\/i0.wp.com\/hecate-energie-magie.com\/wp-content\/uploads\/2024\/09\/cropped-LOGO-HECATE.png?fit=500%2C500&ssl=1","width":500,"height":500,"caption":"H\u00e9cate Energie et Magie"},"image":{"@id":"https:\/\/hecate-energie-magie.com\/#\/schema\/logo\/image\/"},"sameAs":["https:\/\/www.facebook.com\/profile.php?id=61557502523365"]}]}},"jetpack_sharing_enabled":true,"_links":{"self":[{"href":"https:\/\/hecate-energie-magie.com\/index.php\/wp-json\/wp\/v2\/product\/531","targetHints":{"allow":["GET"]}}],"collection":[{"href":"https:\/\/hecate-energie-magie.com\/index.php\/wp-json\/wp\/v2\/product"}],"about":[{"href":"https:\/\/hecate-energie-magie.com\/index.php\/wp-json\/wp\/v2\/types\/product"}],"replies":[{"embeddable":true,"href":"https:\/\/hecate-energie-magie.com\/index.php\/wp-json\/wp\/v2\/comments?post=531"}],"wp:featuredmedia":[{"embeddable":true,"href":"https:\/\/hecate-energie-magie.com\/index.php\/wp-json\/wp\/v2\/media\/539"}],"wp:attachment":[{"href":"https:\/\/hecate-energie-magie.com\/index.php\/wp-json\/wp\/v2\/media?parent=531"}],"wp:term":[{"taxonomy":"product_brand","embeddable":true,"href":"https:\/\/hecate-energie-magie.com\/index.php\/wp-json\/wp\/v2\/product_brand?post=531"},{"taxonomy":"product_cat","embeddable":true,"href":"https:\/\/hecate-energie-magie.com\/index.php\/wp-json\/wp\/v2\/product_cat?post=531"},{"taxonomy":"product_tag","embeddable":true,"href":"https:\/\/hecate-energie-magie.com\/index.php\/wp-json\/wp\/v2\/product_tag?post=531"}],"curies":[{"name":"wp","href":"https:\/\/api.w.org\/{rel}","templated":true}]}}