{"id":605,"date":"2024-05-28T10:49:23","date_gmt":"2024-05-28T08:49:23","guid":{"rendered":"https:\/\/hecate-energie-magie.com\/?post_type=product&#038;p=605"},"modified":"2025-01-24T16:49:36","modified_gmt":"2025-01-24T15:49:36","slug":"pentacle-bois","status":"publish","type":"product","link":"https:\/\/hecate-energie-magie.com\/index.php\/produit\/pentacle-bois\/","title":{"rendered":"Pentacle"},"content":{"rendered":"<h2 style=\"text-align: center;\"><strong><span style=\"font-family: Carattere; font-size: 40px;\">Le pentacle<\/span><\/strong><\/h2>\n<p style=\"text-align: center;\"><span style=\"font-size: 30px;\"><span style=\"font-family: Carattere;\">\u00a0<\/span><span style=\"font-family: Carattere;\">Le pentacle est un talisman utilis\u00e9 pour les rituels magiques et\/ou la protection.<\/span><\/span><\/p>\n<p style=\"text-align: center;\"><span style=\"font-family: Carattere; font-size: 30px;\">Le pentacle symbolise la Terre, les cinq branches correspondent aux \u00e9l\u00e9ments : eau, terre, feu, air et esprit (branche du haut).<\/span><\/p>\n<p style=\"text-align: center;\"><span style=\"font-family: Carattere; font-size: 30px;\">Les Sum\u00e9riens, qui habitaient pr\u00e8s de l\u2019Euphrate il y a plus de 6000 ans, sont \u00e0 l\u2019origine de l\u2019invention du pentacle.\u00a0<\/span><\/p>\n<p style=\"text-align: center;\"><span style=\"font-family: Carattere; font-size: 30px;\">Les vestiges datant de 2700 avant JC en attestent son utilisation. Ce symbole est consid\u00e9r\u00e9 comme l\u2019un des plus anciens de l\u2019humanit\u00e9.<\/span><\/p>\n<p style=\"text-align: center;\"><span style=\"font-family: Carattere; font-size: 30px;\">En magie moderne, il est consid\u00e9r\u00e9 comme un moyen de protection, un symbole de puissance pour la wicca et est utilis\u00e9 pour invoquer et bannir des esprits, ainsi que pour appeler les \u00e9l\u00e9ments, gu\u00e9rir, recevoir et canaliser les \u00e9nergies. <\/span><\/p>\n<p style=\"text-align: center;\"><span style=\"font-family: Carattere; font-size: 30px;\">La pointe du pentacle pointant vers le haut repr\u00e9sente l\u2019esprit et le divin.<\/span><\/p>\n<p style=\"text-align: center;\"><span style=\"font-family: Carattere; font-size: 30px;\">Symbole spirituel puissant, cet embl\u00e8me \u00e9sot\u00e9rique a \u00e9t\u00e9 v\u00e9n\u00e9r\u00e9 par de nombreuses cultures anciennes, telles que les \u00c9gyptiens, les Grecs, les Babyloniens, les Chinois, les Indiens et les Mayas.<\/span><\/p>\n<p style=\"text-align: center;\"><span style=\"font-family: Carattere; font-size: 30px;\">Le pentacle peut \u00eatre interpr\u00e9t\u00e9 de diff\u00e9rentes mani\u00e8res symboliques, telles que la vie, l\u2019amour, la lumi\u00e8re, l\u2019unit\u00e9, etc. <\/span><\/p>\n<p style=\"text-align: center;\"><span style=\"font-size: 30px;\"><span style=\"font-family: Carattere;\">Il a toujours \u00e9t\u00e9 associ\u00e9 \u00e0 des pouvoirs protecteurs divins et utilis\u00e9 pour se prot\u00e9ger des forces du mal, des d\u00e9mons et de la magie noire <\/span><span style=\"font-family: Carattere;\">ou renforcer les rituels et sorts magiques.<\/span><\/span><\/p>\n<p style=\"text-align: center;\"><span style=\"font-family: Carattere; font-size: 30px;\">Il peut \u00eatre combin\u00e9 \u00e0 d&rsquo;autres symboles magiques tels que des runes ou la lithoth\u00e9rapie gr\u00e2ce au pouvoir des pierres afin de concentrer leur pouvoir dans un but pr\u00e9cis. <\/span><\/p>\n<p style=\"text-align: center;\"><span style=\"font-family: Carattere; font-size: 30px;\">Il servira \u00e9galement de plaque de rechargement pour vos min\u00e9raux.<\/span><\/p>\n<p style=\"text-align: center;\"><span style=\"font-family: Carattere; font-size: 30px;\">Cette relique est \u00e9galement tr\u00e8s appr\u00e9ci\u00e9e en tant que talisman pour ses pouvoirs protecteurs.<\/span><\/p>\n<p>&nbsp;<\/p>\n<p style=\"text-align: center;\"><span style=\"font-family: Carattere; font-size: 30px;\">Ainsi, \u201cpentacle\u201d fait r\u00e9f\u00e9rence \u00e0 un \u201cpentagramme inscrit dans un cercle\u201d<\/span><\/p>\n<p style=\"text-align: center;\">\n","protected":false},"excerpt":{"rendered":"<p><span style=\"font-family: Carattere; font-size: 30px;\">Pentacle grav\u00e9 sur bois de diam\u00e8tre 15 cm.<\/span><\/p>\n<p><span style=\"font-family: Carattere; font-size: 27px;\"><span style=\"font-size: 30px;\">Provenance Inde<\/span>.<\/span><\/p>\n","protected":false},"featured_media":606,"comment_status":"open","ping_status":"closed","template":"","meta":[],"product_brand":[],"product_cat":[43],"product_tag":[72,71,73,45],"class_list":{"0":"post-605","1":"product","2":"type-product","3":"status-publish","4":"has-post-thumbnail","6":"product_cat-geometrie-sacree","7":"product_tag-geometrie-sacree","8":"product_tag-pentacle","9":"product_tag-protection","10":"product_tag-rituel","12":"first","13":"instock","14":"shipping-taxable","15":"purchasable","16":"product-type-simple"},"yoast_head":"<!-- This site is optimized with the Yoast SEO plugin v27.3 - https:\/\/yoast.com\/product\/yoast-seo-wordpress\/ -->\n<title>Pentacle - H\u00e9cate Energie et Magie<\/title>\n<meta name=\"description\" content=\"Le Pentacle est un symbole spirituel puissant, cet embl\u00e8me \u00e9sot\u00e9rique a \u00e9t\u00e9 v\u00e9n\u00e9r\u00e9 par de nombreuses cultures anciennes, telles que les \u00c9gyptiens, les Grecs, les Babyloniens, les Chinois, les Indiens et les Mayas.\" \/>\n<meta name=\"robots\" content=\"index, follow, max-snippet:-1, max-image-preview:large, max-video-preview:-1\" \/>\n<link rel=\"canonical\" href=\"https:\/\/hecate-energie-magie.com\/index.php\/produit\/pentacle-bois\/\" \/>\n<meta property=\"og:locale\" content=\"fr_FR\" \/>\n<meta property=\"og:type\" content=\"article\" \/>\n<meta property=\"og:title\" content=\"Pentacle - H\u00e9cate Energie et Magie\" \/>\n<meta property=\"og:description\" content=\"Le Pentacle est un symbole spirituel puissant, cet embl\u00e8me \u00e9sot\u00e9rique a \u00e9t\u00e9 v\u00e9n\u00e9r\u00e9 par de nombreuses cultures anciennes, telles que les \u00c9gyptiens, les Grecs, les Babyloniens, les Chinois, les Indiens et les Mayas.\" \/>\n<meta property=\"og:url\" content=\"https:\/\/hecate-energie-magie.com\/index.php\/produit\/pentacle-bois\/\" \/>\n<meta property=\"og:site_name\" content=\"H\u00e9cate Energie et Magie\" \/>\n<meta property=\"article:publisher\" content=\"https:\/\/www.facebook.com\/profile.php?id=61557502523365\" \/>\n<meta property=\"article:modified_time\" content=\"2025-01-24T15:49:36+00:00\" \/>\n<meta property=\"og:image\" content=\"https:\/\/hecate-energie-magie.com\/wp-content\/uploads\/2024\/05\/1716802074204-scaled.jpg\" \/>\n\t<meta property=\"og:image:width\" content=\"2522\" \/>\n\t<meta property=\"og:image:height\" content=\"2560\" \/>\n\t<meta property=\"og:image:type\" content=\"image\/jpeg\" \/>\n<meta name=\"twitter:card\" content=\"summary_large_image\" \/>\n<meta name=\"twitter:label1\" content=\"Dur\u00e9e de lecture estim\u00e9e\" \/>\n\t<meta name=\"twitter:data1\" content=\"2 minutes\" \/>\n<script type=\"application\/ld+json\" class=\"yoast-schema-graph\">{\"@context\":\"https:\\\/\\\/schema.org\",\"@graph\":[{\"@type\":\"WebPage\",\"@id\":\"https:\\\/\\\/hecate-energie-magie.com\\\/index.php\\\/produit\\\/pentacle-bois\\\/\",\"url\":\"https:\\\/\\\/hecate-energie-magie.com\\\/index.php\\\/produit\\\/pentacle-bois\\\/\",\"name\":\"Pentacle - H\u00e9cate Energie et Magie\",\"isPartOf\":{\"@id\":\"https:\\\/\\\/hecate-energie-magie.com\\\/#website\"},\"primaryImageOfPage\":{\"@id\":\"https:\\\/\\\/hecate-energie-magie.com\\\/index.php\\\/produit\\\/pentacle-bois\\\/#primaryimage\"},\"image\":{\"@id\":\"https:\\\/\\\/hecate-energie-magie.com\\\/index.php\\\/produit\\\/pentacle-bois\\\/#primaryimage\"},\"thumbnailUrl\":\"https:\\\/\\\/i0.wp.com\\\/hecate-energie-magie.com\\\/wp-content\\\/uploads\\\/2024\\\/05\\\/1716802074204-scaled.jpg?fit=2522%2C2560&ssl=1\",\"datePublished\":\"2024-05-28T08:49:23+00:00\",\"dateModified\":\"2025-01-24T15:49:36+00:00\",\"description\":\"Le Pentacle est un symbole spirituel puissant, cet embl\u00e8me \u00e9sot\u00e9rique a \u00e9t\u00e9 v\u00e9n\u00e9r\u00e9 par de nombreuses cultures anciennes, telles que les \u00c9gyptiens, les Grecs, les Babyloniens, les Chinois, les Indiens et les Mayas.\",\"breadcrumb\":{\"@id\":\"https:\\\/\\\/hecate-energie-magie.com\\\/index.php\\\/produit\\\/pentacle-bois\\\/#breadcrumb\"},\"inLanguage\":\"fr-FR\",\"potentialAction\":[{\"@type\":\"ReadAction\",\"target\":[\"https:\\\/\\\/hecate-energie-magie.com\\\/index.php\\\/produit\\\/pentacle-bois\\\/\"]}]},{\"@type\":\"ImageObject\",\"inLanguage\":\"fr-FR\",\"@id\":\"https:\\\/\\\/hecate-energie-magie.com\\\/index.php\\\/produit\\\/pentacle-bois\\\/#primaryimage\",\"url\":\"https:\\\/\\\/i0.wp.com\\\/hecate-energie-magie.com\\\/wp-content\\\/uploads\\\/2024\\\/05\\\/1716802074204-scaled.jpg?fit=2522%2C2560&ssl=1\",\"contentUrl\":\"https:\\\/\\\/i0.wp.com\\\/hecate-energie-magie.com\\\/wp-content\\\/uploads\\\/2024\\\/05\\\/1716802074204-scaled.jpg?fit=2522%2C2560&ssl=1\",\"width\":2522,\"height\":2560,\"caption\":\"Pentacle\"},{\"@type\":\"BreadcrumbList\",\"@id\":\"https:\\\/\\\/hecate-energie-magie.com\\\/index.php\\\/produit\\\/pentacle-bois\\\/#breadcrumb\",\"itemListElement\":[{\"@type\":\"ListItem\",\"position\":1,\"name\":\"Accueil\",\"item\":\"https:\\\/\\\/hecate-energie-magie.com\\\/\"},{\"@type\":\"ListItem\",\"position\":2,\"name\":\"Boutique\",\"item\":\"https:\\\/\\\/hecate-energie-magie.com\\\/index.php\\\/boutique\\\/\"},{\"@type\":\"ListItem\",\"position\":3,\"name\":\"Pentacle\"}]},{\"@type\":\"WebSite\",\"@id\":\"https:\\\/\\\/hecate-energie-magie.com\\\/#website\",\"url\":\"https:\\\/\\\/hecate-energie-magie.com\\\/\",\"name\":\"H\u00e9cate Energie et Magie\",\"description\":\"H\u00e9cate Energie et Magie\",\"publisher\":{\"@id\":\"https:\\\/\\\/hecate-energie-magie.com\\\/#organization\"},\"potentialAction\":[{\"@type\":\"SearchAction\",\"target\":{\"@type\":\"EntryPoint\",\"urlTemplate\":\"https:\\\/\\\/hecate-energie-magie.com\\\/?s={search_term_string}\"},\"query-input\":{\"@type\":\"PropertyValueSpecification\",\"valueRequired\":true,\"valueName\":\"search_term_string\"}}],\"inLanguage\":\"fr-FR\"},{\"@type\":\"Organization\",\"@id\":\"https:\\\/\\\/hecate-energie-magie.com\\\/#organization\",\"name\":\"H\u00e9cate Energie et Magie\",\"url\":\"https:\\\/\\\/hecate-energie-magie.com\\\/\",\"logo\":{\"@type\":\"ImageObject\",\"inLanguage\":\"fr-FR\",\"@id\":\"https:\\\/\\\/hecate-energie-magie.com\\\/#\\\/schema\\\/logo\\\/image\\\/\",\"url\":\"https:\\\/\\\/i0.wp.com\\\/hecate-energie-magie.com\\\/wp-content\\\/uploads\\\/2024\\\/09\\\/cropped-LOGO-HECATE.png?fit=500%2C500&ssl=1\",\"contentUrl\":\"https:\\\/\\\/i0.wp.com\\\/hecate-energie-magie.com\\\/wp-content\\\/uploads\\\/2024\\\/09\\\/cropped-LOGO-HECATE.png?fit=500%2C500&ssl=1\",\"width\":500,\"height\":500,\"caption\":\"H\u00e9cate Energie et Magie\"},\"image\":{\"@id\":\"https:\\\/\\\/hecate-energie-magie.com\\\/#\\\/schema\\\/logo\\\/image\\\/\"},\"sameAs\":[\"https:\\\/\\\/www.facebook.com\\\/profile.php?id=61557502523365\"]}]}<\/script>\n<!-- \/ Yoast SEO plugin. -->","yoast_head_json":{"title":"Pentacle - H\u00e9cate Energie et Magie","description":"Le Pentacle est un symbole spirituel puissant, cet embl\u00e8me \u00e9sot\u00e9rique a \u00e9t\u00e9 v\u00e9n\u00e9r\u00e9 par de nombreuses cultures anciennes, telles que les \u00c9gyptiens, les Grecs, les Babyloniens, les Chinois, les Indiens et les Mayas.","robots":{"index":"index","follow":"follow","max-snippet":"max-snippet:-1","max-image-preview":"max-image-preview:large","max-video-preview":"max-video-preview:-1"},"canonical":"https:\/\/hecate-energie-magie.com\/index.php\/produit\/pentacle-bois\/","og_locale":"fr_FR","og_type":"article","og_title":"Pentacle - H\u00e9cate Energie et Magie","og_description":"Le Pentacle est un symbole spirituel puissant, cet embl\u00e8me \u00e9sot\u00e9rique a \u00e9t\u00e9 v\u00e9n\u00e9r\u00e9 par de nombreuses cultures anciennes, telles que les \u00c9gyptiens, les Grecs, les Babyloniens, les Chinois, les Indiens et les Mayas.","og_url":"https:\/\/hecate-energie-magie.com\/index.php\/produit\/pentacle-bois\/","og_site_name":"H\u00e9cate Energie et Magie","article_publisher":"https:\/\/www.facebook.com\/profile.php?id=61557502523365","article_modified_time":"2025-01-24T15:49:36+00:00","og_image":[{"width":2522,"height":2560,"url":"https:\/\/hecate-energie-magie.com\/wp-content\/uploads\/2024\/05\/1716802074204-scaled.jpg","type":"image\/jpeg"}],"twitter_card":"summary_large_image","twitter_misc":{"Dur\u00e9e de lecture estim\u00e9e":"2 minutes"},"schema":{"@context":"https:\/\/schema.org","@graph":[{"@type":"WebPage","@id":"https:\/\/hecate-energie-magie.com\/index.php\/produit\/pentacle-bois\/","url":"https:\/\/hecate-energie-magie.com\/index.php\/produit\/pentacle-bois\/","name":"Pentacle - H\u00e9cate Energie et Magie","isPartOf":{"@id":"https:\/\/hecate-energie-magie.com\/#website"},"primaryImageOfPage":{"@id":"https:\/\/hecate-energie-magie.com\/index.php\/produit\/pentacle-bois\/#primaryimage"},"image":{"@id":"https:\/\/hecate-energie-magie.com\/index.php\/produit\/pentacle-bois\/#primaryimage"},"thumbnailUrl":"https:\/\/i0.wp.com\/hecate-energie-magie.com\/wp-content\/uploads\/2024\/05\/1716802074204-scaled.jpg?fit=2522%2C2560&ssl=1","datePublished":"2024-05-28T08:49:23+00:00","dateModified":"2025-01-24T15:49:36+00:00","description":"Le Pentacle est un symbole spirituel puissant, cet embl\u00e8me \u00e9sot\u00e9rique a \u00e9t\u00e9 v\u00e9n\u00e9r\u00e9 par de nombreuses cultures anciennes, telles que les \u00c9gyptiens, les Grecs, les Babyloniens, les Chinois, les Indiens et les Mayas.","breadcrumb":{"@id":"https:\/\/hecate-energie-magie.com\/index.php\/produit\/pentacle-bois\/#breadcrumb"},"inLanguage":"fr-FR","potentialAction":[{"@type":"ReadAction","target":["https:\/\/hecate-energie-magie.com\/index.php\/produit\/pentacle-bois\/"]}]},{"@type":"ImageObject","inLanguage":"fr-FR","@id":"https:\/\/hecate-energie-magie.com\/index.php\/produit\/pentacle-bois\/#primaryimage","url":"https:\/\/i0.wp.com\/hecate-energie-magie.com\/wp-content\/uploads\/2024\/05\/1716802074204-scaled.jpg?fit=2522%2C2560&ssl=1","contentUrl":"https:\/\/i0.wp.com\/hecate-energie-magie.com\/wp-content\/uploads\/2024\/05\/1716802074204-scaled.jpg?fit=2522%2C2560&ssl=1","width":2522,"height":2560,"caption":"Pentacle"},{"@type":"BreadcrumbList","@id":"https:\/\/hecate-energie-magie.com\/index.php\/produit\/pentacle-bois\/#breadcrumb","itemListElement":[{"@type":"ListItem","position":1,"name":"Accueil","item":"https:\/\/hecate-energie-magie.com\/"},{"@type":"ListItem","position":2,"name":"Boutique","item":"https:\/\/hecate-energie-magie.com\/index.php\/boutique\/"},{"@type":"ListItem","position":3,"name":"Pentacle"}]},{"@type":"WebSite","@id":"https:\/\/hecate-energie-magie.com\/#website","url":"https:\/\/hecate-energie-magie.com\/","name":"H\u00e9cate Energie et Magie","description":"H\u00e9cate Energie et Magie","publisher":{"@id":"https:\/\/hecate-energie-magie.com\/#organization"},"potentialAction":[{"@type":"SearchAction","target":{"@type":"EntryPoint","urlTemplate":"https:\/\/hecate-energie-magie.com\/?s={search_term_string}"},"query-input":{"@type":"PropertyValueSpecification","valueRequired":true,"valueName":"search_term_string"}}],"inLanguage":"fr-FR"},{"@type":"Organization","@id":"https:\/\/hecate-energie-magie.com\/#organization","name":"H\u00e9cate Energie et Magie","url":"https:\/\/hecate-energie-magie.com\/","logo":{"@type":"ImageObject","inLanguage":"fr-FR","@id":"https:\/\/hecate-energie-magie.com\/#\/schema\/logo\/image\/","url":"https:\/\/i0.wp.com\/hecate-energie-magie.com\/wp-content\/uploads\/2024\/09\/cropped-LOGO-HECATE.png?fit=500%2C500&ssl=1","contentUrl":"https:\/\/i0.wp.com\/hecate-energie-magie.com\/wp-content\/uploads\/2024\/09\/cropped-LOGO-HECATE.png?fit=500%2C500&ssl=1","width":500,"height":500,"caption":"H\u00e9cate Energie et Magie"},"image":{"@id":"https:\/\/hecate-energie-magie.com\/#\/schema\/logo\/image\/"},"sameAs":["https:\/\/www.facebook.com\/profile.php?id=61557502523365"]}]}},"jetpack_sharing_enabled":true,"_links":{"self":[{"href":"https:\/\/hecate-energie-magie.com\/index.php\/wp-json\/wp\/v2\/product\/605","targetHints":{"allow":["GET"]}}],"collection":[{"href":"https:\/\/hecate-energie-magie.com\/index.php\/wp-json\/wp\/v2\/product"}],"about":[{"href":"https:\/\/hecate-energie-magie.com\/index.php\/wp-json\/wp\/v2\/types\/product"}],"replies":[{"embeddable":true,"href":"https:\/\/hecate-energie-magie.com\/index.php\/wp-json\/wp\/v2\/comments?post=605"}],"wp:featuredmedia":[{"embeddable":true,"href":"https:\/\/hecate-energie-magie.com\/index.php\/wp-json\/wp\/v2\/media\/606"}],"wp:attachment":[{"href":"https:\/\/hecate-energie-magie.com\/index.php\/wp-json\/wp\/v2\/media?parent=605"}],"wp:term":[{"taxonomy":"product_brand","embeddable":true,"href":"https:\/\/hecate-energie-magie.com\/index.php\/wp-json\/wp\/v2\/product_brand?post=605"},{"taxonomy":"product_cat","embeddable":true,"href":"https:\/\/hecate-energie-magie.com\/index.php\/wp-json\/wp\/v2\/product_cat?post=605"},{"taxonomy":"product_tag","embeddable":true,"href":"https:\/\/hecate-energie-magie.com\/index.php\/wp-json\/wp\/v2\/product_tag?post=605"}],"curies":[{"name":"wp","href":"https:\/\/api.w.org\/{rel}","templated":true}]}}