{"id":609,"date":"2024-05-28T11:27:49","date_gmt":"2024-05-28T09:27:49","guid":{"rendered":"https:\/\/hecate-energie-magie.com\/?post_type=product&#038;p=609"},"modified":"2025-02-15T15:31:08","modified_gmt":"2025-02-15T14:31:08","slug":"metatron","status":"publish","type":"product","link":"https:\/\/hecate-energie-magie.com\/index.php\/produit\/metatron\/","title":{"rendered":"M\u00e9tatron"},"content":{"rendered":"<h2 style=\"text-align: center;\"><strong><span style=\"font-family: Carattere; font-size: 40px;\">Le Cube de M\u00e9tatron<\/span><\/strong><\/h2>\n<p style=\"text-align: center;\"><span style=\"font-family: Carattere; font-size: 30px;\">A travers les 13 cercles et les 78 lignes qui le compose, d\u00e9tient une signification particuli\u00e8rement profonde car il regroupe de nombreux symboles et formes essentiels \u00e0 notre monde. <\/span><\/p>\n<p style=\"text-align: center;\"><span style=\"font-family: Carattere; font-size: 30px;\">En effet, le cube de M\u00e9tatron contient les formes sacr\u00e9es de la Fleur de Vie, \u00e0 savoir la Graine de Vie et le Merkabah, les cinq solides de Platon ainsi que le nombre d\u2019or, le tout repr\u00e9sent\u00e9 sur une seule et m\u00eame figure g\u00e9om\u00e9trique.<\/span><\/p>\n<p style=\"text-align: center;\"><span style=\"font-family: Carattere; font-size: 30px;\">Il est un symbole spirituel r\u00e9put\u00e9 pour sa capacit\u00e9 \u00e0 \u00e9loigner les mauvaises \u00e9nergies. <\/span><\/p>\n<p style=\"text-align: center;\"><span style=\"font-family: Carattere; font-size: 30px;\">Consid\u00e9r\u00e9 comme la protection la plus puissante contre les ondes n\u00e9gatives dans le domaine de la spiritualit\u00e9, il poss\u00e8de un taux vibratoire \u00e9lev\u00e9 qui permet de tenir \u00e0 distance les \u00e9nergies ind\u00e9sirables. <\/span><\/p>\n<p style=\"text-align: center;\"><span style=\"font-family: Carattere; font-size: 30px;\">Cet objet \u00e9nerg\u00e9tique concentr\u00e9 peut \u00eatre utilis\u00e9 lorsque l\u2019on ressent le besoin d\u2019harmonie et de paix int\u00e9rieure ou pour purifier et prot\u00e9ger les lieux de vie en r\u00e9\u00e9quilibrant les \u00e9nergies de votre habitat. <\/span><\/p>\n<p style=\"text-align: center;\"><span style=\"font-family: Carattere; font-size: 30px;\">En outre, le Cube de M\u00e9tatron est associ\u00e9 \u00e0 l\u2019Archange M\u00e9tatron, qui peut aider \u00e0 renforcer la connexion \u00e0 Dieu et \u00e0 d\u00e9velopper l\u2019\u00e9veil spirituel.\u00a0<\/span><\/p>\n<p style=\"text-align: center;\"><span style=\"font-family: Carattere; font-size: 30px;\">Le Cube de M\u00e9tatron peut \u00e9galement \u00eatre utilis\u00e9 pour nettoyer et recharger les pierres en lithoth\u00e9rapie gr\u00e2ce \u00e0 son taux vibratoire \u00e9lev\u00e9.<\/span><\/p>\n<p>&nbsp;<\/p>\n","protected":false},"excerpt":{"rendered":"<p><span style=\"font-family: Carattere; font-size: 30px;\">M\u00e9tatron sculpt\u00e9 bois diam\u00e8tre 10 cm.<\/span><\/p>\n<p><span style=\"font-family: Carattere; font-size: 30px;\">Provenance Inde.<\/span><\/p>\n<p>&nbsp;<\/p>\n","protected":false},"featured_media":610,"comment_status":"open","ping_status":"closed","template":"","meta":[],"product_brand":[],"product_cat":[43],"product_tag":[72,74,73,39],"class_list":{"0":"post-609","1":"product","2":"type-product","3":"status-publish","4":"has-post-thumbnail","6":"product_cat-geometrie-sacree","7":"product_tag-geometrie-sacree","8":"product_tag-metatron","9":"product_tag-protection","10":"product_tag-purification","12":"first","13":"instock","14":"shipping-taxable","15":"purchasable","16":"product-type-simple"},"yoast_head":"<!-- This site is optimized with the Yoast SEO plugin v27.3 - https:\/\/yoast.com\/product\/yoast-seo-wordpress\/ -->\n<title>M\u00e9tatron - H\u00e9cate Energie et Magie<\/title>\n<meta name=\"description\" content=\"Le cube de M\u00e9tatron est consid\u00e9r\u00e9 comme la protection la plus puissante contre les ondes n\u00e9gatives dans le domaine de la spiritualit\u00e9, il poss\u00e8de un taux vibratoire \u00e9lev\u00e9 qui permet de tenir \u00e0 distance les \u00e9nergies ind\u00e9sirables.\" \/>\n<meta name=\"robots\" content=\"index, follow, max-snippet:-1, max-image-preview:large, max-video-preview:-1\" \/>\n<link rel=\"canonical\" href=\"https:\/\/hecate-energie-magie.com\/index.php\/produit\/metatron\/\" \/>\n<meta property=\"og:locale\" content=\"fr_FR\" \/>\n<meta property=\"og:type\" content=\"article\" \/>\n<meta property=\"og:title\" content=\"M\u00e9tatron - H\u00e9cate Energie et Magie\" \/>\n<meta property=\"og:description\" content=\"Le cube de M\u00e9tatron est consid\u00e9r\u00e9 comme la protection la plus puissante contre les ondes n\u00e9gatives dans le domaine de la spiritualit\u00e9, il poss\u00e8de un taux vibratoire \u00e9lev\u00e9 qui permet de tenir \u00e0 distance les \u00e9nergies ind\u00e9sirables.\" \/>\n<meta property=\"og:url\" content=\"https:\/\/hecate-energie-magie.com\/index.php\/produit\/metatron\/\" \/>\n<meta property=\"og:site_name\" content=\"H\u00e9cate Energie et Magie\" \/>\n<meta property=\"article:publisher\" content=\"https:\/\/www.facebook.com\/profile.php?id=61557502523365\" \/>\n<meta property=\"article:modified_time\" content=\"2025-02-15T14:31:08+00:00\" \/>\n<meta property=\"og:image\" content=\"https:\/\/hecate-energie-magie.com\/wp-content\/uploads\/2024\/05\/1716802148346-scaled.jpg\" \/>\n\t<meta property=\"og:image:width\" content=\"2264\" \/>\n\t<meta property=\"og:image:height\" content=\"2560\" \/>\n\t<meta property=\"og:image:type\" content=\"image\/jpeg\" \/>\n<meta name=\"twitter:card\" content=\"summary_large_image\" \/>\n<meta name=\"twitter:label1\" content=\"Dur\u00e9e de lecture estim\u00e9e\" \/>\n\t<meta name=\"twitter:data1\" content=\"2 minutes\" \/>\n<script type=\"application\/ld+json\" class=\"yoast-schema-graph\">{\"@context\":\"https:\\\/\\\/schema.org\",\"@graph\":[{\"@type\":\"WebPage\",\"@id\":\"https:\\\/\\\/hecate-energie-magie.com\\\/index.php\\\/produit\\\/metatron\\\/\",\"url\":\"https:\\\/\\\/hecate-energie-magie.com\\\/index.php\\\/produit\\\/metatron\\\/\",\"name\":\"M\u00e9tatron - H\u00e9cate Energie et Magie\",\"isPartOf\":{\"@id\":\"https:\\\/\\\/hecate-energie-magie.com\\\/#website\"},\"primaryImageOfPage\":{\"@id\":\"https:\\\/\\\/hecate-energie-magie.com\\\/index.php\\\/produit\\\/metatron\\\/#primaryimage\"},\"image\":{\"@id\":\"https:\\\/\\\/hecate-energie-magie.com\\\/index.php\\\/produit\\\/metatron\\\/#primaryimage\"},\"thumbnailUrl\":\"https:\\\/\\\/i0.wp.com\\\/hecate-energie-magie.com\\\/wp-content\\\/uploads\\\/2024\\\/05\\\/1716802148346-scaled.jpg?fit=2264%2C2560&ssl=1\",\"datePublished\":\"2024-05-28T09:27:49+00:00\",\"dateModified\":\"2025-02-15T14:31:08+00:00\",\"description\":\"Le cube de M\u00e9tatron est consid\u00e9r\u00e9 comme la protection la plus puissante contre les ondes n\u00e9gatives dans le domaine de la spiritualit\u00e9, il poss\u00e8de un taux vibratoire \u00e9lev\u00e9 qui permet de tenir \u00e0 distance les \u00e9nergies ind\u00e9sirables.\",\"breadcrumb\":{\"@id\":\"https:\\\/\\\/hecate-energie-magie.com\\\/index.php\\\/produit\\\/metatron\\\/#breadcrumb\"},\"inLanguage\":\"fr-FR\",\"potentialAction\":[{\"@type\":\"ReadAction\",\"target\":[\"https:\\\/\\\/hecate-energie-magie.com\\\/index.php\\\/produit\\\/metatron\\\/\"]}]},{\"@type\":\"ImageObject\",\"inLanguage\":\"fr-FR\",\"@id\":\"https:\\\/\\\/hecate-energie-magie.com\\\/index.php\\\/produit\\\/metatron\\\/#primaryimage\",\"url\":\"https:\\\/\\\/i0.wp.com\\\/hecate-energie-magie.com\\\/wp-content\\\/uploads\\\/2024\\\/05\\\/1716802148346-scaled.jpg?fit=2264%2C2560&ssl=1\",\"contentUrl\":\"https:\\\/\\\/i0.wp.com\\\/hecate-energie-magie.com\\\/wp-content\\\/uploads\\\/2024\\\/05\\\/1716802148346-scaled.jpg?fit=2264%2C2560&ssl=1\",\"width\":2264,\"height\":2560,\"caption\":\"M\u00e9tatron\"},{\"@type\":\"BreadcrumbList\",\"@id\":\"https:\\\/\\\/hecate-energie-magie.com\\\/index.php\\\/produit\\\/metatron\\\/#breadcrumb\",\"itemListElement\":[{\"@type\":\"ListItem\",\"position\":1,\"name\":\"Accueil\",\"item\":\"https:\\\/\\\/hecate-energie-magie.com\\\/\"},{\"@type\":\"ListItem\",\"position\":2,\"name\":\"Boutique\",\"item\":\"https:\\\/\\\/hecate-energie-magie.com\\\/index.php\\\/boutique\\\/\"},{\"@type\":\"ListItem\",\"position\":3,\"name\":\"M\u00e9tatron\"}]},{\"@type\":\"WebSite\",\"@id\":\"https:\\\/\\\/hecate-energie-magie.com\\\/#website\",\"url\":\"https:\\\/\\\/hecate-energie-magie.com\\\/\",\"name\":\"H\u00e9cate Energie et Magie\",\"description\":\"H\u00e9cate Energie et Magie\",\"publisher\":{\"@id\":\"https:\\\/\\\/hecate-energie-magie.com\\\/#organization\"},\"potentialAction\":[{\"@type\":\"SearchAction\",\"target\":{\"@type\":\"EntryPoint\",\"urlTemplate\":\"https:\\\/\\\/hecate-energie-magie.com\\\/?s={search_term_string}\"},\"query-input\":{\"@type\":\"PropertyValueSpecification\",\"valueRequired\":true,\"valueName\":\"search_term_string\"}}],\"inLanguage\":\"fr-FR\"},{\"@type\":\"Organization\",\"@id\":\"https:\\\/\\\/hecate-energie-magie.com\\\/#organization\",\"name\":\"H\u00e9cate Energie et Magie\",\"url\":\"https:\\\/\\\/hecate-energie-magie.com\\\/\",\"logo\":{\"@type\":\"ImageObject\",\"inLanguage\":\"fr-FR\",\"@id\":\"https:\\\/\\\/hecate-energie-magie.com\\\/#\\\/schema\\\/logo\\\/image\\\/\",\"url\":\"https:\\\/\\\/i0.wp.com\\\/hecate-energie-magie.com\\\/wp-content\\\/uploads\\\/2024\\\/09\\\/cropped-LOGO-HECATE.png?fit=500%2C500&ssl=1\",\"contentUrl\":\"https:\\\/\\\/i0.wp.com\\\/hecate-energie-magie.com\\\/wp-content\\\/uploads\\\/2024\\\/09\\\/cropped-LOGO-HECATE.png?fit=500%2C500&ssl=1\",\"width\":500,\"height\":500,\"caption\":\"H\u00e9cate Energie et Magie\"},\"image\":{\"@id\":\"https:\\\/\\\/hecate-energie-magie.com\\\/#\\\/schema\\\/logo\\\/image\\\/\"},\"sameAs\":[\"https:\\\/\\\/www.facebook.com\\\/profile.php?id=61557502523365\"]}]}<\/script>\n<!-- \/ Yoast SEO plugin. -->","yoast_head_json":{"title":"M\u00e9tatron - H\u00e9cate Energie et Magie","description":"Le cube de M\u00e9tatron est consid\u00e9r\u00e9 comme la protection la plus puissante contre les ondes n\u00e9gatives dans le domaine de la spiritualit\u00e9, il poss\u00e8de un taux vibratoire \u00e9lev\u00e9 qui permet de tenir \u00e0 distance les \u00e9nergies ind\u00e9sirables.","robots":{"index":"index","follow":"follow","max-snippet":"max-snippet:-1","max-image-preview":"max-image-preview:large","max-video-preview":"max-video-preview:-1"},"canonical":"https:\/\/hecate-energie-magie.com\/index.php\/produit\/metatron\/","og_locale":"fr_FR","og_type":"article","og_title":"M\u00e9tatron - H\u00e9cate Energie et Magie","og_description":"Le cube de M\u00e9tatron est consid\u00e9r\u00e9 comme la protection la plus puissante contre les ondes n\u00e9gatives dans le domaine de la spiritualit\u00e9, il poss\u00e8de un taux vibratoire \u00e9lev\u00e9 qui permet de tenir \u00e0 distance les \u00e9nergies ind\u00e9sirables.","og_url":"https:\/\/hecate-energie-magie.com\/index.php\/produit\/metatron\/","og_site_name":"H\u00e9cate Energie et Magie","article_publisher":"https:\/\/www.facebook.com\/profile.php?id=61557502523365","article_modified_time":"2025-02-15T14:31:08+00:00","og_image":[{"width":2264,"height":2560,"url":"https:\/\/hecate-energie-magie.com\/wp-content\/uploads\/2024\/05\/1716802148346-scaled.jpg","type":"image\/jpeg"}],"twitter_card":"summary_large_image","twitter_misc":{"Dur\u00e9e de lecture estim\u00e9e":"2 minutes"},"schema":{"@context":"https:\/\/schema.org","@graph":[{"@type":"WebPage","@id":"https:\/\/hecate-energie-magie.com\/index.php\/produit\/metatron\/","url":"https:\/\/hecate-energie-magie.com\/index.php\/produit\/metatron\/","name":"M\u00e9tatron - H\u00e9cate Energie et Magie","isPartOf":{"@id":"https:\/\/hecate-energie-magie.com\/#website"},"primaryImageOfPage":{"@id":"https:\/\/hecate-energie-magie.com\/index.php\/produit\/metatron\/#primaryimage"},"image":{"@id":"https:\/\/hecate-energie-magie.com\/index.php\/produit\/metatron\/#primaryimage"},"thumbnailUrl":"https:\/\/i0.wp.com\/hecate-energie-magie.com\/wp-content\/uploads\/2024\/05\/1716802148346-scaled.jpg?fit=2264%2C2560&ssl=1","datePublished":"2024-05-28T09:27:49+00:00","dateModified":"2025-02-15T14:31:08+00:00","description":"Le cube de M\u00e9tatron est consid\u00e9r\u00e9 comme la protection la plus puissante contre les ondes n\u00e9gatives dans le domaine de la spiritualit\u00e9, il poss\u00e8de un taux vibratoire \u00e9lev\u00e9 qui permet de tenir \u00e0 distance les \u00e9nergies ind\u00e9sirables.","breadcrumb":{"@id":"https:\/\/hecate-energie-magie.com\/index.php\/produit\/metatron\/#breadcrumb"},"inLanguage":"fr-FR","potentialAction":[{"@type":"ReadAction","target":["https:\/\/hecate-energie-magie.com\/index.php\/produit\/metatron\/"]}]},{"@type":"ImageObject","inLanguage":"fr-FR","@id":"https:\/\/hecate-energie-magie.com\/index.php\/produit\/metatron\/#primaryimage","url":"https:\/\/i0.wp.com\/hecate-energie-magie.com\/wp-content\/uploads\/2024\/05\/1716802148346-scaled.jpg?fit=2264%2C2560&ssl=1","contentUrl":"https:\/\/i0.wp.com\/hecate-energie-magie.com\/wp-content\/uploads\/2024\/05\/1716802148346-scaled.jpg?fit=2264%2C2560&ssl=1","width":2264,"height":2560,"caption":"M\u00e9tatron"},{"@type":"BreadcrumbList","@id":"https:\/\/hecate-energie-magie.com\/index.php\/produit\/metatron\/#breadcrumb","itemListElement":[{"@type":"ListItem","position":1,"name":"Accueil","item":"https:\/\/hecate-energie-magie.com\/"},{"@type":"ListItem","position":2,"name":"Boutique","item":"https:\/\/hecate-energie-magie.com\/index.php\/boutique\/"},{"@type":"ListItem","position":3,"name":"M\u00e9tatron"}]},{"@type":"WebSite","@id":"https:\/\/hecate-energie-magie.com\/#website","url":"https:\/\/hecate-energie-magie.com\/","name":"H\u00e9cate Energie et Magie","description":"H\u00e9cate Energie et Magie","publisher":{"@id":"https:\/\/hecate-energie-magie.com\/#organization"},"potentialAction":[{"@type":"SearchAction","target":{"@type":"EntryPoint","urlTemplate":"https:\/\/hecate-energie-magie.com\/?s={search_term_string}"},"query-input":{"@type":"PropertyValueSpecification","valueRequired":true,"valueName":"search_term_string"}}],"inLanguage":"fr-FR"},{"@type":"Organization","@id":"https:\/\/hecate-energie-magie.com\/#organization","name":"H\u00e9cate Energie et Magie","url":"https:\/\/hecate-energie-magie.com\/","logo":{"@type":"ImageObject","inLanguage":"fr-FR","@id":"https:\/\/hecate-energie-magie.com\/#\/schema\/logo\/image\/","url":"https:\/\/i0.wp.com\/hecate-energie-magie.com\/wp-content\/uploads\/2024\/09\/cropped-LOGO-HECATE.png?fit=500%2C500&ssl=1","contentUrl":"https:\/\/i0.wp.com\/hecate-energie-magie.com\/wp-content\/uploads\/2024\/09\/cropped-LOGO-HECATE.png?fit=500%2C500&ssl=1","width":500,"height":500,"caption":"H\u00e9cate Energie et Magie"},"image":{"@id":"https:\/\/hecate-energie-magie.com\/#\/schema\/logo\/image\/"},"sameAs":["https:\/\/www.facebook.com\/profile.php?id=61557502523365"]}]}},"jetpack_sharing_enabled":true,"_links":{"self":[{"href":"https:\/\/hecate-energie-magie.com\/index.php\/wp-json\/wp\/v2\/product\/609","targetHints":{"allow":["GET"]}}],"collection":[{"href":"https:\/\/hecate-energie-magie.com\/index.php\/wp-json\/wp\/v2\/product"}],"about":[{"href":"https:\/\/hecate-energie-magie.com\/index.php\/wp-json\/wp\/v2\/types\/product"}],"replies":[{"embeddable":true,"href":"https:\/\/hecate-energie-magie.com\/index.php\/wp-json\/wp\/v2\/comments?post=609"}],"wp:featuredmedia":[{"embeddable":true,"href":"https:\/\/hecate-energie-magie.com\/index.php\/wp-json\/wp\/v2\/media\/610"}],"wp:attachment":[{"href":"https:\/\/hecate-energie-magie.com\/index.php\/wp-json\/wp\/v2\/media?parent=609"}],"wp:term":[{"taxonomy":"product_brand","embeddable":true,"href":"https:\/\/hecate-energie-magie.com\/index.php\/wp-json\/wp\/v2\/product_brand?post=609"},{"taxonomy":"product_cat","embeddable":true,"href":"https:\/\/hecate-energie-magie.com\/index.php\/wp-json\/wp\/v2\/product_cat?post=609"},{"taxonomy":"product_tag","embeddable":true,"href":"https:\/\/hecate-energie-magie.com\/index.php\/wp-json\/wp\/v2\/product_tag?post=609"}],"curies":[{"name":"wp","href":"https:\/\/api.w.org\/{rel}","templated":true}]}}