{"id":667,"date":"2024-06-10T12:10:54","date_gmt":"2024-06-10T10:10:54","guid":{"rendered":"https:\/\/hecate-energie-magie.com\/?post_type=product&#038;p=667"},"modified":"2025-06-16T11:16:51","modified_gmt":"2025-06-16T09:16:51","slug":"lune-fee-shungite-brute","status":"publish","type":"product","link":"https:\/\/hecate-energie-magie.com\/index.php\/produit\/lune-fee-shungite-brute\/","title":{"rendered":"Lune F\u00e9e &#8211; Shungite brute"},"content":{"rendered":"<h1 style=\"text-align: center;\"><span style=\"font-size: 30px;\"><strong><span style=\"font-family: Carattere; font-size: 40px;\">Lune F\u00e9e Shungite et Cuivre<\/span><\/strong><\/span><\/h1>\n<p style=\"text-align: center;\"><span style=\"font-size: 35px; font-family: Carattere;\">Vertus de la Shungite :<\/span><\/p>\n<p style=\"text-align: center;\"><span style=\"font-size: 35px; font-family: Carattere;\">Pierre d\u2019ancrage.<\/span><\/p>\n<p style=\"text-align: center;\"><span style=\"font-size: 35px; font-family: Carattere;\">Absorbe les \u00e9nergies n\u00e9gatives.<\/span><\/p>\n<p style=\"text-align: center;\"><span style=\"font-size: 35px; font-family: Carattere;\">Red\u00e9marre et harmonise les\u00a0chakras.<\/span><\/p>\n<p>&nbsp;<\/p>\n<p style=\"text-align: center;\"><em><span style=\"font-family: Carattere; font-size: 30px;\">Les produits en r\u00e9sines sont fabriqu\u00e9s de fa\u00e7on artisanale, \u00e0 la main. Ils peuvent avoir des d\u00e9fauts malgr\u00e9 toutes les pr\u00e9cautions et la bienveillance apport\u00e9es lors de la fabrication. M\u00eame si je souhaite \u00e9galement que tout soit parfait, lisse, plus transparent, plus lumineux, et ainsi de suite il y a des imperfections in\u00e9vitables : des rayures, des effets troubles, des \u00e9clats, des fissures\u2026<\/span><\/em><\/p>\n<p style=\"text-align: center;\"><em><span style=\"font-family: Carattere; font-size: 30px;\">Ils sont \u00e9galement uniques.\u00a0<\/span><\/em><\/p>\n","protected":false},"excerpt":{"rendered":"<p><strong><span style=\"font-family: Carattere; font-size: 30px;\">Lune F\u00e9e Shungite brute et Cuivre<\/span><\/strong><\/p>\n<p><span style=\"font-family: Carattere; font-size: 30px;\">Fabriqu\u00e9e \u00e0 la main, de fa\u00e7on artisanale :<\/span><\/p>\n<ul>\n<li><span style=\"font-family: Carattere; font-size: 30px;\">R\u00e9sine (polyester)<\/span><\/li>\n<li><span style=\"font-family: Carattere; font-size: 30px;\"><strong><a href=\"https:\/\/lumieresdeselene.com\/index.php\/produit\/shungite-ab\/\">Shungite<\/a> <\/strong>brute<\/span><\/li>\n<li><span style=\"font-family: Carattere; font-size: 30px;\">Cuivre<\/span><\/li>\n<\/ul>\n<p><span style=\"font-family: Carattere; font-size: 30px;\">Produit unique.<\/span><\/p>\n","protected":false},"featured_media":669,"comment_status":"open","ping_status":"closed","template":"","meta":[],"product_brand":[],"product_cat":[24],"product_tag":[80,79,78,77,41],"class_list":{"0":"post-667","1":"product","2":"type-product","3":"status-publish","4":"has-post-thumbnail","6":"product_cat-decorations-en-pierres-naturelles-resine","7":"product_tag-cuivre","8":"product_tag-fee","9":"product_tag-lune","10":"product_tag-resine","11":"product_tag-shungite","13":"first","14":"instock","15":"shipping-taxable","16":"purchasable","17":"product-type-simple"},"yoast_head":"<!-- This site is optimized with the Yoast SEO plugin v27.3 - https:\/\/yoast.com\/product\/yoast-seo-wordpress\/ -->\n<title>Lune F\u00e9e - Shungite brute - H\u00e9cate Energie et Magie<\/title>\n<meta name=\"description\" content=\"Lune F\u00e9e Shungite et Cuivre, fabriqu\u00e9e \u00e0 la main, de fa\u00e7on artisanale, en r\u00e9sine et pierres naturelles brutes.\" \/>\n<meta name=\"robots\" content=\"index, follow, max-snippet:-1, max-image-preview:large, max-video-preview:-1\" \/>\n<link rel=\"canonical\" href=\"https:\/\/hecate-energie-magie.com\/index.php\/produit\/lune-fee-shungite-brute\/\" \/>\n<meta property=\"og:locale\" content=\"fr_FR\" \/>\n<meta property=\"og:type\" content=\"article\" \/>\n<meta property=\"og:title\" content=\"Lune F\u00e9e - Shungite brute - H\u00e9cate Energie et Magie\" \/>\n<meta property=\"og:description\" content=\"Lune F\u00e9e Shungite et Cuivre, fabriqu\u00e9e \u00e0 la main, de fa\u00e7on artisanale, en r\u00e9sine et pierres naturelles brutes.\" \/>\n<meta property=\"og:url\" content=\"https:\/\/hecate-energie-magie.com\/index.php\/produit\/lune-fee-shungite-brute\/\" \/>\n<meta property=\"og:site_name\" content=\"H\u00e9cate Energie et Magie\" \/>\n<meta property=\"article:publisher\" content=\"https:\/\/www.facebook.com\/profile.php?id=61557502523365\" \/>\n<meta property=\"article:modified_time\" content=\"2025-06-16T09:16:51+00:00\" \/>\n<meta property=\"og:image\" content=\"https:\/\/hecate-energie-magie.com\/wp-content\/uploads\/2024\/06\/20240607_124724-scaled.jpg\" \/>\n\t<meta property=\"og:image:width\" content=\"2560\" \/>\n\t<meta property=\"og:image:height\" content=\"1920\" \/>\n\t<meta property=\"og:image:type\" content=\"image\/jpeg\" \/>\n<meta name=\"twitter:card\" content=\"summary_large_image\" \/>\n<meta name=\"twitter:label1\" content=\"Dur\u00e9e de lecture estim\u00e9e\" \/>\n\t<meta name=\"twitter:data1\" content=\"1 minute\" \/>\n<script type=\"application\/ld+json\" class=\"yoast-schema-graph\">{\"@context\":\"https:\\\/\\\/schema.org\",\"@graph\":[{\"@type\":\"WebPage\",\"@id\":\"https:\\\/\\\/hecate-energie-magie.com\\\/index.php\\\/produit\\\/lune-fee-shungite-brute\\\/\",\"url\":\"https:\\\/\\\/hecate-energie-magie.com\\\/index.php\\\/produit\\\/lune-fee-shungite-brute\\\/\",\"name\":\"Lune F\u00e9e - Shungite brute - H\u00e9cate Energie et Magie\",\"isPartOf\":{\"@id\":\"https:\\\/\\\/hecate-energie-magie.com\\\/#website\"},\"primaryImageOfPage\":{\"@id\":\"https:\\\/\\\/hecate-energie-magie.com\\\/index.php\\\/produit\\\/lune-fee-shungite-brute\\\/#primaryimage\"},\"image\":{\"@id\":\"https:\\\/\\\/hecate-energie-magie.com\\\/index.php\\\/produit\\\/lune-fee-shungite-brute\\\/#primaryimage\"},\"thumbnailUrl\":\"https:\\\/\\\/i0.wp.com\\\/hecate-energie-magie.com\\\/wp-content\\\/uploads\\\/2024\\\/06\\\/20240607_124724-scaled.jpg?fit=2560%2C1920&ssl=1\",\"datePublished\":\"2024-06-10T10:10:54+00:00\",\"dateModified\":\"2025-06-16T09:16:51+00:00\",\"description\":\"Lune F\u00e9e Shungite et Cuivre, fabriqu\u00e9e \u00e0 la main, de fa\u00e7on artisanale, en r\u00e9sine et pierres naturelles brutes.\",\"breadcrumb\":{\"@id\":\"https:\\\/\\\/hecate-energie-magie.com\\\/index.php\\\/produit\\\/lune-fee-shungite-brute\\\/#breadcrumb\"},\"inLanguage\":\"fr-FR\",\"potentialAction\":[{\"@type\":\"ReadAction\",\"target\":[\"https:\\\/\\\/hecate-energie-magie.com\\\/index.php\\\/produit\\\/lune-fee-shungite-brute\\\/\"]}]},{\"@type\":\"ImageObject\",\"inLanguage\":\"fr-FR\",\"@id\":\"https:\\\/\\\/hecate-energie-magie.com\\\/index.php\\\/produit\\\/lune-fee-shungite-brute\\\/#primaryimage\",\"url\":\"https:\\\/\\\/i0.wp.com\\\/hecate-energie-magie.com\\\/wp-content\\\/uploads\\\/2024\\\/06\\\/20240607_124724-scaled.jpg?fit=2560%2C1920&ssl=1\",\"contentUrl\":\"https:\\\/\\\/i0.wp.com\\\/hecate-energie-magie.com\\\/wp-content\\\/uploads\\\/2024\\\/06\\\/20240607_124724-scaled.jpg?fit=2560%2C1920&ssl=1\",\"width\":2560,\"height\":1920,\"caption\":\"Lune f\u00e9e Shungite\"},{\"@type\":\"BreadcrumbList\",\"@id\":\"https:\\\/\\\/hecate-energie-magie.com\\\/index.php\\\/produit\\\/lune-fee-shungite-brute\\\/#breadcrumb\",\"itemListElement\":[{\"@type\":\"ListItem\",\"position\":1,\"name\":\"Accueil\",\"item\":\"https:\\\/\\\/hecate-energie-magie.com\\\/\"},{\"@type\":\"ListItem\",\"position\":2,\"name\":\"Boutique\",\"item\":\"https:\\\/\\\/hecate-energie-magie.com\\\/index.php\\\/boutique\\\/\"},{\"@type\":\"ListItem\",\"position\":3,\"name\":\"Lune F\u00e9e &#8211; Shungite brute\"}]},{\"@type\":\"WebSite\",\"@id\":\"https:\\\/\\\/hecate-energie-magie.com\\\/#website\",\"url\":\"https:\\\/\\\/hecate-energie-magie.com\\\/\",\"name\":\"H\u00e9cate Energie et Magie\",\"description\":\"H\u00e9cate Energie et Magie\",\"publisher\":{\"@id\":\"https:\\\/\\\/hecate-energie-magie.com\\\/#organization\"},\"potentialAction\":[{\"@type\":\"SearchAction\",\"target\":{\"@type\":\"EntryPoint\",\"urlTemplate\":\"https:\\\/\\\/hecate-energie-magie.com\\\/?s={search_term_string}\"},\"query-input\":{\"@type\":\"PropertyValueSpecification\",\"valueRequired\":true,\"valueName\":\"search_term_string\"}}],\"inLanguage\":\"fr-FR\"},{\"@type\":\"Organization\",\"@id\":\"https:\\\/\\\/hecate-energie-magie.com\\\/#organization\",\"name\":\"H\u00e9cate Energie et Magie\",\"url\":\"https:\\\/\\\/hecate-energie-magie.com\\\/\",\"logo\":{\"@type\":\"ImageObject\",\"inLanguage\":\"fr-FR\",\"@id\":\"https:\\\/\\\/hecate-energie-magie.com\\\/#\\\/schema\\\/logo\\\/image\\\/\",\"url\":\"https:\\\/\\\/i0.wp.com\\\/hecate-energie-magie.com\\\/wp-content\\\/uploads\\\/2024\\\/09\\\/cropped-LOGO-HECATE.png?fit=500%2C500&ssl=1\",\"contentUrl\":\"https:\\\/\\\/i0.wp.com\\\/hecate-energie-magie.com\\\/wp-content\\\/uploads\\\/2024\\\/09\\\/cropped-LOGO-HECATE.png?fit=500%2C500&ssl=1\",\"width\":500,\"height\":500,\"caption\":\"H\u00e9cate Energie et Magie\"},\"image\":{\"@id\":\"https:\\\/\\\/hecate-energie-magie.com\\\/#\\\/schema\\\/logo\\\/image\\\/\"},\"sameAs\":[\"https:\\\/\\\/www.facebook.com\\\/profile.php?id=61557502523365\"]}]}<\/script>\n<!-- \/ Yoast SEO plugin. -->","yoast_head_json":{"title":"Lune F\u00e9e - Shungite brute - H\u00e9cate Energie et Magie","description":"Lune F\u00e9e Shungite et Cuivre, fabriqu\u00e9e \u00e0 la main, de fa\u00e7on artisanale, en r\u00e9sine et pierres naturelles brutes.","robots":{"index":"index","follow":"follow","max-snippet":"max-snippet:-1","max-image-preview":"max-image-preview:large","max-video-preview":"max-video-preview:-1"},"canonical":"https:\/\/hecate-energie-magie.com\/index.php\/produit\/lune-fee-shungite-brute\/","og_locale":"fr_FR","og_type":"article","og_title":"Lune F\u00e9e - Shungite brute - H\u00e9cate Energie et Magie","og_description":"Lune F\u00e9e Shungite et Cuivre, fabriqu\u00e9e \u00e0 la main, de fa\u00e7on artisanale, en r\u00e9sine et pierres naturelles brutes.","og_url":"https:\/\/hecate-energie-magie.com\/index.php\/produit\/lune-fee-shungite-brute\/","og_site_name":"H\u00e9cate Energie et Magie","article_publisher":"https:\/\/www.facebook.com\/profile.php?id=61557502523365","article_modified_time":"2025-06-16T09:16:51+00:00","og_image":[{"width":2560,"height":1920,"url":"https:\/\/hecate-energie-magie.com\/wp-content\/uploads\/2024\/06\/20240607_124724-scaled.jpg","type":"image\/jpeg"}],"twitter_card":"summary_large_image","twitter_misc":{"Dur\u00e9e de lecture estim\u00e9e":"1 minute"},"schema":{"@context":"https:\/\/schema.org","@graph":[{"@type":"WebPage","@id":"https:\/\/hecate-energie-magie.com\/index.php\/produit\/lune-fee-shungite-brute\/","url":"https:\/\/hecate-energie-magie.com\/index.php\/produit\/lune-fee-shungite-brute\/","name":"Lune F\u00e9e - Shungite brute - H\u00e9cate Energie et Magie","isPartOf":{"@id":"https:\/\/hecate-energie-magie.com\/#website"},"primaryImageOfPage":{"@id":"https:\/\/hecate-energie-magie.com\/index.php\/produit\/lune-fee-shungite-brute\/#primaryimage"},"image":{"@id":"https:\/\/hecate-energie-magie.com\/index.php\/produit\/lune-fee-shungite-brute\/#primaryimage"},"thumbnailUrl":"https:\/\/i0.wp.com\/hecate-energie-magie.com\/wp-content\/uploads\/2024\/06\/20240607_124724-scaled.jpg?fit=2560%2C1920&ssl=1","datePublished":"2024-06-10T10:10:54+00:00","dateModified":"2025-06-16T09:16:51+00:00","description":"Lune F\u00e9e Shungite et Cuivre, fabriqu\u00e9e \u00e0 la main, de fa\u00e7on artisanale, en r\u00e9sine et pierres naturelles brutes.","breadcrumb":{"@id":"https:\/\/hecate-energie-magie.com\/index.php\/produit\/lune-fee-shungite-brute\/#breadcrumb"},"inLanguage":"fr-FR","potentialAction":[{"@type":"ReadAction","target":["https:\/\/hecate-energie-magie.com\/index.php\/produit\/lune-fee-shungite-brute\/"]}]},{"@type":"ImageObject","inLanguage":"fr-FR","@id":"https:\/\/hecate-energie-magie.com\/index.php\/produit\/lune-fee-shungite-brute\/#primaryimage","url":"https:\/\/i0.wp.com\/hecate-energie-magie.com\/wp-content\/uploads\/2024\/06\/20240607_124724-scaled.jpg?fit=2560%2C1920&ssl=1","contentUrl":"https:\/\/i0.wp.com\/hecate-energie-magie.com\/wp-content\/uploads\/2024\/06\/20240607_124724-scaled.jpg?fit=2560%2C1920&ssl=1","width":2560,"height":1920,"caption":"Lune f\u00e9e Shungite"},{"@type":"BreadcrumbList","@id":"https:\/\/hecate-energie-magie.com\/index.php\/produit\/lune-fee-shungite-brute\/#breadcrumb","itemListElement":[{"@type":"ListItem","position":1,"name":"Accueil","item":"https:\/\/hecate-energie-magie.com\/"},{"@type":"ListItem","position":2,"name":"Boutique","item":"https:\/\/hecate-energie-magie.com\/index.php\/boutique\/"},{"@type":"ListItem","position":3,"name":"Lune F\u00e9e &#8211; Shungite brute"}]},{"@type":"WebSite","@id":"https:\/\/hecate-energie-magie.com\/#website","url":"https:\/\/hecate-energie-magie.com\/","name":"H\u00e9cate Energie et Magie","description":"H\u00e9cate Energie et Magie","publisher":{"@id":"https:\/\/hecate-energie-magie.com\/#organization"},"potentialAction":[{"@type":"SearchAction","target":{"@type":"EntryPoint","urlTemplate":"https:\/\/hecate-energie-magie.com\/?s={search_term_string}"},"query-input":{"@type":"PropertyValueSpecification","valueRequired":true,"valueName":"search_term_string"}}],"inLanguage":"fr-FR"},{"@type":"Organization","@id":"https:\/\/hecate-energie-magie.com\/#organization","name":"H\u00e9cate Energie et Magie","url":"https:\/\/hecate-energie-magie.com\/","logo":{"@type":"ImageObject","inLanguage":"fr-FR","@id":"https:\/\/hecate-energie-magie.com\/#\/schema\/logo\/image\/","url":"https:\/\/i0.wp.com\/hecate-energie-magie.com\/wp-content\/uploads\/2024\/09\/cropped-LOGO-HECATE.png?fit=500%2C500&ssl=1","contentUrl":"https:\/\/i0.wp.com\/hecate-energie-magie.com\/wp-content\/uploads\/2024\/09\/cropped-LOGO-HECATE.png?fit=500%2C500&ssl=1","width":500,"height":500,"caption":"H\u00e9cate Energie et Magie"},"image":{"@id":"https:\/\/hecate-energie-magie.com\/#\/schema\/logo\/image\/"},"sameAs":["https:\/\/www.facebook.com\/profile.php?id=61557502523365"]}]}},"jetpack_sharing_enabled":true,"_links":{"self":[{"href":"https:\/\/hecate-energie-magie.com\/index.php\/wp-json\/wp\/v2\/product\/667","targetHints":{"allow":["GET"]}}],"collection":[{"href":"https:\/\/hecate-energie-magie.com\/index.php\/wp-json\/wp\/v2\/product"}],"about":[{"href":"https:\/\/hecate-energie-magie.com\/index.php\/wp-json\/wp\/v2\/types\/product"}],"replies":[{"embeddable":true,"href":"https:\/\/hecate-energie-magie.com\/index.php\/wp-json\/wp\/v2\/comments?post=667"}],"wp:featuredmedia":[{"embeddable":true,"href":"https:\/\/hecate-energie-magie.com\/index.php\/wp-json\/wp\/v2\/media\/669"}],"wp:attachment":[{"href":"https:\/\/hecate-energie-magie.com\/index.php\/wp-json\/wp\/v2\/media?parent=667"}],"wp:term":[{"taxonomy":"product_brand","embeddable":true,"href":"https:\/\/hecate-energie-magie.com\/index.php\/wp-json\/wp\/v2\/product_brand?post=667"},{"taxonomy":"product_cat","embeddable":true,"href":"https:\/\/hecate-energie-magie.com\/index.php\/wp-json\/wp\/v2\/product_cat?post=667"},{"taxonomy":"product_tag","embeddable":true,"href":"https:\/\/hecate-energie-magie.com\/index.php\/wp-json\/wp\/v2\/product_tag?post=667"}],"curies":[{"name":"wp","href":"https:\/\/api.w.org\/{rel}","templated":true}]}}