{"id":685,"date":"2024-06-10T12:54:37","date_gmt":"2024-06-10T10:54:37","guid":{"rendered":"https:\/\/hecate-energie-magie.com\/?post_type=product&#038;p=685"},"modified":"2025-06-04T11:10:43","modified_gmt":"2025-06-04T09:10:43","slug":"pendentif-quartz-rose","status":"publish","type":"product","link":"https:\/\/hecate-energie-magie.com\/index.php\/produit\/pendentif-quartz-rose\/","title":{"rendered":"Pendentif Quartz Rose"},"content":{"rendered":"<p style=\"text-align: center;\"><span style=\"font-size: 40px; font-family: Carattere;\">Vertus du Quartz Rose :<\/span><\/p>\n<p style=\"text-align: center;\"><span style=\"font-size: 40px; font-family: Carattere;\">R\u00e9put\u00e9e pour \u00eatre la pierre du c\u0153ur.<\/span><\/p>\n<p style=\"text-align: center;\"><span style=\"font-size: 40px; font-family: Carattere;\">Apaisante et s\u00e9curisante. <\/span><\/p>\n<p style=\"text-align: center;\"><span style=\"font-size: 40px; font-family: Carattere;\">Permet de soigner les blessures affectives profondes, les peines de c\u0153ur et les traumatismes li\u00e9s \u00e0 l\u2019enfance.<\/span><\/p>\n<p style=\"text-align: center;\"><span style=\"font-size: 40px; font-family: Carattere;\">Favoriser l\u2019acceptation de soi et des autres.<\/span><\/p>\n<p>&nbsp;<\/p>\n<p style=\"text-align: center;\"><em><span style=\"font-family: Carattere; font-size: 30px;\">Les produits en r\u00e9sines sont fabriqu\u00e9s de fa\u00e7on artisanale, \u00e0 la main. Ils peuvent avoir des d\u00e9fauts malgr\u00e9 toutes les pr\u00e9cautions et la bienveillance apport\u00e9es lors de la fabrication. M\u00eame si je souhaite \u00e9galement que tout soit parfait, lisse, plus transparent, plus lumineux, et ainsi de suite il y a des imperfections in\u00e9vitables : des rayures, des effets troubles, des \u00e9clats, des fissures\u2026<\/span><\/em><\/p>\n<p style=\"text-align: center;\"><em><span style=\"font-family: Carattere; font-size: 30px;\">Ils sont \u00e9galement uniques.\u00a0<\/span><\/em><\/p>\n","protected":false},"excerpt":{"rendered":"<p><strong><span style=\"font-family: Carattere; font-size: 30px;\">Pendentif quartz rose\u00a0<\/span><\/strong><\/p>\n<p><span style=\"font-family: Carattere; font-size: 30px;\">Fabriqu\u00e9 \u00e0 la main, de fa\u00e7on artisanale :<\/span><\/p>\n<ul>\n<li><span style=\"font-family: Carattere; font-size: 30px;\">R\u00e9sine (polyester)<\/span><\/li>\n<li><span style=\"font-family: Carattere; font-size: 30px;\">Chips de pierres naturelles <a href=\"https:\/\/lumieresdeselene.com\/index.php\/produit\/quartz-rose-a\/\">Quartz Rose<\/a><\/span><\/li>\n<li><span style=\"font-family: Carattere; font-size: 30px;\">Fil nylon violet<\/span><\/li>\n<li><span style=\"font-family: Carattere; font-size: 30px;\">Breloques Etoile<\/span><\/li>\n<li><span style=\"font-family: Carattere; font-size: 30px;\">Breloque<\/span><\/li>\n<\/ul>\n<p><span style=\"font-family: Carattere; font-size: 30px;\">Dimensions pendentif : 2, 4 cm \/ 3, 7 cm environ.<\/span><\/p>\n<p><span style=\"font-family: Carattere; font-size: 30px;\">Cordon macram\u00e9 en fil nylon violet avec n\u0153ud coulissant r\u00e9glable, longueur max 32 cm.<\/span><\/p>\n<p><span style=\"font-family: Carattere; font-size: 30px;\">Produit unique.<\/span><\/p>\n","protected":false},"featured_media":1725,"comment_status":"open","ping_status":"closed","template":"","meta":[],"product_brand":[],"product_cat":[85],"product_tag":[86,36,77],"class_list":{"0":"post-685","1":"product","2":"type-product","3":"status-publish","4":"has-post-thumbnail","6":"product_cat-pendentifs-resine-et-pierres-naturelles","7":"product_tag-pendentif","8":"product_tag-quartz-rose","9":"product_tag-resine","11":"first","12":"instock","13":"shipping-taxable","14":"purchasable","15":"product-type-simple"},"yoast_head":"<!-- This site is optimized with the Yoast SEO plugin v27.3 - https:\/\/yoast.com\/product\/yoast-seo-wordpress\/ -->\n<title>Pendentif Quartz Rose - H\u00e9cate Energie et Magie<\/title>\n<meta name=\"description\" content=\"Pendentif Quartz rose, fabriqu\u00e9 \u00e0 la main, de fa\u00e7on artisanale, en r\u00e9sine et pierres naturelles.\" \/>\n<meta name=\"robots\" content=\"index, follow, max-snippet:-1, max-image-preview:large, max-video-preview:-1\" \/>\n<link rel=\"canonical\" href=\"https:\/\/hecate-energie-magie.com\/index.php\/produit\/pendentif-quartz-rose\/\" \/>\n<meta property=\"og:locale\" content=\"fr_FR\" \/>\n<meta property=\"og:type\" content=\"article\" \/>\n<meta property=\"og:title\" content=\"Pendentif Quartz Rose - H\u00e9cate Energie et Magie\" \/>\n<meta property=\"og:description\" content=\"Pendentif Quartz rose, fabriqu\u00e9 \u00e0 la main, de fa\u00e7on artisanale, en r\u00e9sine et pierres naturelles.\" \/>\n<meta property=\"og:url\" content=\"https:\/\/hecate-energie-magie.com\/index.php\/produit\/pendentif-quartz-rose\/\" \/>\n<meta property=\"og:site_name\" content=\"H\u00e9cate Energie et Magie\" \/>\n<meta property=\"article:publisher\" content=\"https:\/\/www.facebook.com\/profile.php?id=61557502523365\" \/>\n<meta property=\"article:modified_time\" content=\"2025-06-04T09:10:43+00:00\" \/>\n<meta property=\"og:image\" content=\"https:\/\/hecate-energie-magie.com\/wp-content\/uploads\/2024\/06\/1748873425979-scaled.jpg\" \/>\n\t<meta property=\"og:image:width\" content=\"1882\" \/>\n\t<meta property=\"og:image:height\" content=\"2560\" \/>\n\t<meta property=\"og:image:type\" content=\"image\/jpeg\" \/>\n<meta name=\"twitter:card\" content=\"summary_large_image\" \/>\n<meta name=\"twitter:label1\" content=\"Dur\u00e9e de lecture estim\u00e9e\" \/>\n\t<meta name=\"twitter:data1\" content=\"1 minute\" \/>\n<script type=\"application\/ld+json\" class=\"yoast-schema-graph\">{\"@context\":\"https:\\\/\\\/schema.org\",\"@graph\":[{\"@type\":\"WebPage\",\"@id\":\"https:\\\/\\\/hecate-energie-magie.com\\\/index.php\\\/produit\\\/pendentif-quartz-rose\\\/\",\"url\":\"https:\\\/\\\/hecate-energie-magie.com\\\/index.php\\\/produit\\\/pendentif-quartz-rose\\\/\",\"name\":\"Pendentif Quartz Rose - H\u00e9cate Energie et Magie\",\"isPartOf\":{\"@id\":\"https:\\\/\\\/hecate-energie-magie.com\\\/#website\"},\"primaryImageOfPage\":{\"@id\":\"https:\\\/\\\/hecate-energie-magie.com\\\/index.php\\\/produit\\\/pendentif-quartz-rose\\\/#primaryimage\"},\"image\":{\"@id\":\"https:\\\/\\\/hecate-energie-magie.com\\\/index.php\\\/produit\\\/pendentif-quartz-rose\\\/#primaryimage\"},\"thumbnailUrl\":\"https:\\\/\\\/i0.wp.com\\\/hecate-energie-magie.com\\\/wp-content\\\/uploads\\\/2024\\\/06\\\/1748873425979-scaled.jpg?fit=1882%2C2560&ssl=1\",\"datePublished\":\"2024-06-10T10:54:37+00:00\",\"dateModified\":\"2025-06-04T09:10:43+00:00\",\"description\":\"Pendentif Quartz rose, fabriqu\u00e9 \u00e0 la main, de fa\u00e7on artisanale, en r\u00e9sine et pierres naturelles.\",\"breadcrumb\":{\"@id\":\"https:\\\/\\\/hecate-energie-magie.com\\\/index.php\\\/produit\\\/pendentif-quartz-rose\\\/#breadcrumb\"},\"inLanguage\":\"fr-FR\",\"potentialAction\":[{\"@type\":\"ReadAction\",\"target\":[\"https:\\\/\\\/hecate-energie-magie.com\\\/index.php\\\/produit\\\/pendentif-quartz-rose\\\/\"]}]},{\"@type\":\"ImageObject\",\"inLanguage\":\"fr-FR\",\"@id\":\"https:\\\/\\\/hecate-energie-magie.com\\\/index.php\\\/produit\\\/pendentif-quartz-rose\\\/#primaryimage\",\"url\":\"https:\\\/\\\/i0.wp.com\\\/hecate-energie-magie.com\\\/wp-content\\\/uploads\\\/2024\\\/06\\\/1748873425979-scaled.jpg?fit=1882%2C2560&ssl=1\",\"contentUrl\":\"https:\\\/\\\/i0.wp.com\\\/hecate-energie-magie.com\\\/wp-content\\\/uploads\\\/2024\\\/06\\\/1748873425979-scaled.jpg?fit=1882%2C2560&ssl=1\",\"width\":1882,\"height\":2560,\"caption\":\"Pendentif Quartz rose\"},{\"@type\":\"BreadcrumbList\",\"@id\":\"https:\\\/\\\/hecate-energie-magie.com\\\/index.php\\\/produit\\\/pendentif-quartz-rose\\\/#breadcrumb\",\"itemListElement\":[{\"@type\":\"ListItem\",\"position\":1,\"name\":\"Accueil\",\"item\":\"https:\\\/\\\/hecate-energie-magie.com\\\/\"},{\"@type\":\"ListItem\",\"position\":2,\"name\":\"Boutique\",\"item\":\"https:\\\/\\\/hecate-energie-magie.com\\\/index.php\\\/boutique\\\/\"},{\"@type\":\"ListItem\",\"position\":3,\"name\":\"Pendentif Quartz Rose\"}]},{\"@type\":\"WebSite\",\"@id\":\"https:\\\/\\\/hecate-energie-magie.com\\\/#website\",\"url\":\"https:\\\/\\\/hecate-energie-magie.com\\\/\",\"name\":\"H\u00e9cate Energie et Magie\",\"description\":\"H\u00e9cate Energie et Magie\",\"publisher\":{\"@id\":\"https:\\\/\\\/hecate-energie-magie.com\\\/#organization\"},\"potentialAction\":[{\"@type\":\"SearchAction\",\"target\":{\"@type\":\"EntryPoint\",\"urlTemplate\":\"https:\\\/\\\/hecate-energie-magie.com\\\/?s={search_term_string}\"},\"query-input\":{\"@type\":\"PropertyValueSpecification\",\"valueRequired\":true,\"valueName\":\"search_term_string\"}}],\"inLanguage\":\"fr-FR\"},{\"@type\":\"Organization\",\"@id\":\"https:\\\/\\\/hecate-energie-magie.com\\\/#organization\",\"name\":\"H\u00e9cate Energie et Magie\",\"url\":\"https:\\\/\\\/hecate-energie-magie.com\\\/\",\"logo\":{\"@type\":\"ImageObject\",\"inLanguage\":\"fr-FR\",\"@id\":\"https:\\\/\\\/hecate-energie-magie.com\\\/#\\\/schema\\\/logo\\\/image\\\/\",\"url\":\"https:\\\/\\\/i0.wp.com\\\/hecate-energie-magie.com\\\/wp-content\\\/uploads\\\/2024\\\/09\\\/cropped-LOGO-HECATE.png?fit=500%2C500&ssl=1\",\"contentUrl\":\"https:\\\/\\\/i0.wp.com\\\/hecate-energie-magie.com\\\/wp-content\\\/uploads\\\/2024\\\/09\\\/cropped-LOGO-HECATE.png?fit=500%2C500&ssl=1\",\"width\":500,\"height\":500,\"caption\":\"H\u00e9cate Energie et Magie\"},\"image\":{\"@id\":\"https:\\\/\\\/hecate-energie-magie.com\\\/#\\\/schema\\\/logo\\\/image\\\/\"},\"sameAs\":[\"https:\\\/\\\/www.facebook.com\\\/profile.php?id=61557502523365\"]}]}<\/script>\n<!-- \/ Yoast SEO plugin. -->","yoast_head_json":{"title":"Pendentif Quartz Rose - H\u00e9cate Energie et Magie","description":"Pendentif Quartz rose, fabriqu\u00e9 \u00e0 la main, de fa\u00e7on artisanale, en r\u00e9sine et pierres naturelles.","robots":{"index":"index","follow":"follow","max-snippet":"max-snippet:-1","max-image-preview":"max-image-preview:large","max-video-preview":"max-video-preview:-1"},"canonical":"https:\/\/hecate-energie-magie.com\/index.php\/produit\/pendentif-quartz-rose\/","og_locale":"fr_FR","og_type":"article","og_title":"Pendentif Quartz Rose - H\u00e9cate Energie et Magie","og_description":"Pendentif Quartz rose, fabriqu\u00e9 \u00e0 la main, de fa\u00e7on artisanale, en r\u00e9sine et pierres naturelles.","og_url":"https:\/\/hecate-energie-magie.com\/index.php\/produit\/pendentif-quartz-rose\/","og_site_name":"H\u00e9cate Energie et Magie","article_publisher":"https:\/\/www.facebook.com\/profile.php?id=61557502523365","article_modified_time":"2025-06-04T09:10:43+00:00","og_image":[{"width":1882,"height":2560,"url":"https:\/\/hecate-energie-magie.com\/wp-content\/uploads\/2024\/06\/1748873425979-scaled.jpg","type":"image\/jpeg"}],"twitter_card":"summary_large_image","twitter_misc":{"Dur\u00e9e de lecture estim\u00e9e":"1 minute"},"schema":{"@context":"https:\/\/schema.org","@graph":[{"@type":"WebPage","@id":"https:\/\/hecate-energie-magie.com\/index.php\/produit\/pendentif-quartz-rose\/","url":"https:\/\/hecate-energie-magie.com\/index.php\/produit\/pendentif-quartz-rose\/","name":"Pendentif Quartz Rose - H\u00e9cate Energie et Magie","isPartOf":{"@id":"https:\/\/hecate-energie-magie.com\/#website"},"primaryImageOfPage":{"@id":"https:\/\/hecate-energie-magie.com\/index.php\/produit\/pendentif-quartz-rose\/#primaryimage"},"image":{"@id":"https:\/\/hecate-energie-magie.com\/index.php\/produit\/pendentif-quartz-rose\/#primaryimage"},"thumbnailUrl":"https:\/\/i0.wp.com\/hecate-energie-magie.com\/wp-content\/uploads\/2024\/06\/1748873425979-scaled.jpg?fit=1882%2C2560&ssl=1","datePublished":"2024-06-10T10:54:37+00:00","dateModified":"2025-06-04T09:10:43+00:00","description":"Pendentif Quartz rose, fabriqu\u00e9 \u00e0 la main, de fa\u00e7on artisanale, en r\u00e9sine et pierres naturelles.","breadcrumb":{"@id":"https:\/\/hecate-energie-magie.com\/index.php\/produit\/pendentif-quartz-rose\/#breadcrumb"},"inLanguage":"fr-FR","potentialAction":[{"@type":"ReadAction","target":["https:\/\/hecate-energie-magie.com\/index.php\/produit\/pendentif-quartz-rose\/"]}]},{"@type":"ImageObject","inLanguage":"fr-FR","@id":"https:\/\/hecate-energie-magie.com\/index.php\/produit\/pendentif-quartz-rose\/#primaryimage","url":"https:\/\/i0.wp.com\/hecate-energie-magie.com\/wp-content\/uploads\/2024\/06\/1748873425979-scaled.jpg?fit=1882%2C2560&ssl=1","contentUrl":"https:\/\/i0.wp.com\/hecate-energie-magie.com\/wp-content\/uploads\/2024\/06\/1748873425979-scaled.jpg?fit=1882%2C2560&ssl=1","width":1882,"height":2560,"caption":"Pendentif Quartz rose"},{"@type":"BreadcrumbList","@id":"https:\/\/hecate-energie-magie.com\/index.php\/produit\/pendentif-quartz-rose\/#breadcrumb","itemListElement":[{"@type":"ListItem","position":1,"name":"Accueil","item":"https:\/\/hecate-energie-magie.com\/"},{"@type":"ListItem","position":2,"name":"Boutique","item":"https:\/\/hecate-energie-magie.com\/index.php\/boutique\/"},{"@type":"ListItem","position":3,"name":"Pendentif Quartz Rose"}]},{"@type":"WebSite","@id":"https:\/\/hecate-energie-magie.com\/#website","url":"https:\/\/hecate-energie-magie.com\/","name":"H\u00e9cate Energie et Magie","description":"H\u00e9cate Energie et Magie","publisher":{"@id":"https:\/\/hecate-energie-magie.com\/#organization"},"potentialAction":[{"@type":"SearchAction","target":{"@type":"EntryPoint","urlTemplate":"https:\/\/hecate-energie-magie.com\/?s={search_term_string}"},"query-input":{"@type":"PropertyValueSpecification","valueRequired":true,"valueName":"search_term_string"}}],"inLanguage":"fr-FR"},{"@type":"Organization","@id":"https:\/\/hecate-energie-magie.com\/#organization","name":"H\u00e9cate Energie et Magie","url":"https:\/\/hecate-energie-magie.com\/","logo":{"@type":"ImageObject","inLanguage":"fr-FR","@id":"https:\/\/hecate-energie-magie.com\/#\/schema\/logo\/image\/","url":"https:\/\/i0.wp.com\/hecate-energie-magie.com\/wp-content\/uploads\/2024\/09\/cropped-LOGO-HECATE.png?fit=500%2C500&ssl=1","contentUrl":"https:\/\/i0.wp.com\/hecate-energie-magie.com\/wp-content\/uploads\/2024\/09\/cropped-LOGO-HECATE.png?fit=500%2C500&ssl=1","width":500,"height":500,"caption":"H\u00e9cate Energie et Magie"},"image":{"@id":"https:\/\/hecate-energie-magie.com\/#\/schema\/logo\/image\/"},"sameAs":["https:\/\/www.facebook.com\/profile.php?id=61557502523365"]}]}},"jetpack_sharing_enabled":true,"_links":{"self":[{"href":"https:\/\/hecate-energie-magie.com\/index.php\/wp-json\/wp\/v2\/product\/685","targetHints":{"allow":["GET"]}}],"collection":[{"href":"https:\/\/hecate-energie-magie.com\/index.php\/wp-json\/wp\/v2\/product"}],"about":[{"href":"https:\/\/hecate-energie-magie.com\/index.php\/wp-json\/wp\/v2\/types\/product"}],"replies":[{"embeddable":true,"href":"https:\/\/hecate-energie-magie.com\/index.php\/wp-json\/wp\/v2\/comments?post=685"}],"wp:featuredmedia":[{"embeddable":true,"href":"https:\/\/hecate-energie-magie.com\/index.php\/wp-json\/wp\/v2\/media\/1725"}],"wp:attachment":[{"href":"https:\/\/hecate-energie-magie.com\/index.php\/wp-json\/wp\/v2\/media?parent=685"}],"wp:term":[{"taxonomy":"product_brand","embeddable":true,"href":"https:\/\/hecate-energie-magie.com\/index.php\/wp-json\/wp\/v2\/product_brand?post=685"},{"taxonomy":"product_cat","embeddable":true,"href":"https:\/\/hecate-energie-magie.com\/index.php\/wp-json\/wp\/v2\/product_cat?post=685"},{"taxonomy":"product_tag","embeddable":true,"href":"https:\/\/hecate-energie-magie.com\/index.php\/wp-json\/wp\/v2\/product_tag?post=685"}],"curies":[{"name":"wp","href":"https:\/\/api.w.org\/{rel}","templated":true}]}}