{"id":960,"date":"2024-09-13T13:25:28","date_gmt":"2024-09-13T11:25:28","guid":{"rendered":"https:\/\/hecate-energie-magie.com\/?post_type=product&#038;p=960"},"modified":"2025-10-02T13:21:33","modified_gmt":"2025-10-02T11:21:33","slug":"encens-tribal-soul-sauge-blanche-palo-santo","status":"publish","type":"product","link":"https:\/\/hecate-energie-magie.com\/index.php\/produit\/encens-tribal-soul-sauge-blanche-palo-santo\/","title":{"rendered":"Encens Tribal Soul Sauge Blanche &#038; Palo Santo"},"content":{"rendered":"<h2 style=\"text-align: center;\"><span style=\"font-family: Carattere; font-size: 40px;\"><strong>Encens Tribal Soul Sauge blanche &amp; Palo santo<\/strong><\/span><\/h2>\n<p style=\"text-align: center;\"><span style=\"font-family: Carattere; font-size: 30px;\">Les <strong><a href=\"https:\/\/hecate-energie-magie.com\/index.php\/produit\/encens-tribal-soul-nettoyage-energetique\/\">encens Tribal Soul<\/a><\/strong> sont naturels et roul\u00e9s main \u00e0 partir d&rsquo;extraits de v\u00e9g\u00e9taux dans le plus grand respect de la tradition am\u00e9rindienne.\u00a0<\/span><\/p>\n<p style=\"text-align: center;\"><span style=\"font-family: Carattere; font-size: 30px;\">Des extraits naturels de <strong><a href=\"https:\/\/hecate-energie-magie.com\/index.php\/produit\/sauge-blanche-apiana-californie\/\">sauge blanche<\/a><\/strong> et <strong><a href=\"https:\/\/hecate-energie-magie.com\/index.php\/produit\/palo-santo\/\">palo santo<\/a><\/strong> habilement m\u00e9lang\u00e9s pour une fumigation des plus originales.<\/span><\/p>\n<p>&nbsp;<\/p>\n<p style=\"text-align: center;\"><span style=\"font-size: 30px; font-family: Carattere;\">Pour allumer le b\u00e2ton, il vous suffit d&rsquo;allumer une extr\u00e9mit\u00e9. Une fois que quelques flammes apparaissent, agitez le b\u00e2ton en l&rsquo;air pour \u00e9teindre les flammes. La braise d\u00e9gagera alors de la fum\u00e9e. Il vous faudra \u00e9galement un r\u00e9cipient (type <strong><a href=\"https:\/\/hecate-energie-magie.com\/index.php\/produit\/porte-encens-bois\/\">porte encens<\/a><\/strong>)pour poser le b\u00e2ton, en d\u00e9gager la cendre et surtout l&rsquo;\u00e9teindre.<\/span><\/p>\n<p>&nbsp;<\/p>\n<p><span style=\"font-size: 27px; font-family: Carattere;\"><strong>Certains de nos produits doivent \u00eatre manipul\u00e9s avec pr\u00e9caution et peuvent se r\u00e9v\u00e9ler dangereux s\u2019ils ne sont pas utilis\u00e9s correctement.<br \/>\nVous trouverez ci-dessous quelques pr\u00e9cautions d\u2019utilisations.<\/strong><\/span><\/p>\n<ul>\n<li><span style=\"font-size: 27px; font-family: Carattere;\">Ne jamais laisser la bougie ou l&rsquo;encens allum\u00e9e sans surveillance.<\/span><\/li>\n<li><span style=\"font-size: 27px; font-family: Carattere;\">Ne pas avaler.<\/span><\/li>\n<li><span style=\"font-size: 27px; font-family: Carattere;\">Tenir hors de port\u00e9e des enfants et des animaux.<\/span><\/li>\n<li><span style=\"font-size: 27px; font-family: Carattere;\">Ne jamais placer la bougie ou l&rsquo;encens sur des appareils \u00e9lectroniques ou pr\u00e8s d\u2019une source de chaleur.<\/span><\/li>\n<li><span style=\"font-size: 27px; font-family: Carattere;\">Faites uniquement br\u00fbler votre encens dans une pi\u00e8ce \u00e9quip\u00e9e d\u2019une fen\u00eatre afin de pouvoir a\u00e9rer la pi\u00e8ce.<\/span><\/li>\n<li><span style=\"font-size: 27px; font-family: Carattere;\">Les morceaux d\u2019encens se d\u00e9tachent au fur et \u00e0 mesure de la combustion, il convient de placer ces encens sur des r\u00e9cipients adapt\u00e9s (porte encens) qui vous permettront de tenir le b\u00e2tonnet mais aussi de r\u00e9cup\u00e9rer la cendre.<\/span><\/li>\n<\/ul>\n","protected":false},"excerpt":{"rendered":"<p><span style=\"font-family: Carattere; font-size: 30px;\">Encens Tribal Soul Sauge Blanche &amp; Palo Santo<\/span><\/p>\n<p><span style=\"font-family: Carattere; font-size: 30px;\">Paquet de 15g environ.<\/span><\/p>\n<p><span style=\"font-family: Carattere; font-size: 30px;\">Provenance Inde.<\/span><\/p>\n","protected":false},"featured_media":961,"comment_status":"open","ping_status":"closed","template":"","meta":[],"product_brand":[],"product_cat":[70],"product_tag":[55,98,39,61,97,96],"class_list":{"0":"post-960","1":"product","2":"type-product","3":"status-publish","4":"has-post-thumbnail","6":"product_cat-encens","7":"product_tag-encens","8":"product_tag-palo","9":"product_tag-purification","10":"product_tag-relaxation","11":"product_tag-sauge-blanche","12":"product_tag-tribal-soul","14":"first","15":"instock","16":"shipping-taxable","17":"purchasable","18":"product-type-simple"},"yoast_head":"<!-- This site is optimized with the Yoast SEO plugin v27.3 - https:\/\/yoast.com\/product\/yoast-seo-wordpress\/ -->\n<title>Encens Tribal Soul Sauge Blanche &amp; Palo Santo - H\u00e9cate Energie et Magie<\/title>\n<meta name=\"description\" content=\"Les encens Tribal Soul Sauge blanche &amp; palo santo sont naturels et roul\u00e9s main \u00e0 partir d&#039;extraits de v\u00e9g\u00e9taux dans le plus grand respect de la tradition am\u00e9rindienne.\u00a0Des extraits naturels de sauge blanche et palo santo habilement m\u00e9lang\u00e9s pour une fumigation des plus originales.\" \/>\n<meta name=\"robots\" content=\"index, follow, max-snippet:-1, max-image-preview:large, max-video-preview:-1\" \/>\n<link rel=\"canonical\" href=\"https:\/\/hecate-energie-magie.com\/index.php\/produit\/encens-tribal-soul-sauge-blanche-palo-santo\/\" \/>\n<meta property=\"og:locale\" content=\"fr_FR\" \/>\n<meta property=\"og:type\" content=\"article\" \/>\n<meta property=\"og:title\" content=\"Encens Tribal Soul Sauge Blanche &amp; Palo Santo - H\u00e9cate Energie et Magie\" \/>\n<meta property=\"og:description\" content=\"Les encens Tribal Soul Sauge blanche &amp; palo santo sont naturels et roul\u00e9s main \u00e0 partir d&#039;extraits de v\u00e9g\u00e9taux dans le plus grand respect de la tradition am\u00e9rindienne.\u00a0Des extraits naturels de sauge blanche et palo santo habilement m\u00e9lang\u00e9s pour une fumigation des plus originales.\" \/>\n<meta property=\"og:url\" content=\"https:\/\/hecate-energie-magie.com\/index.php\/produit\/encens-tribal-soul-sauge-blanche-palo-santo\/\" \/>\n<meta property=\"og:site_name\" content=\"H\u00e9cate Energie et Magie\" \/>\n<meta property=\"article:publisher\" content=\"https:\/\/www.facebook.com\/profile.php?id=61557502523365\" \/>\n<meta property=\"article:modified_time\" content=\"2025-10-02T11:21:33+00:00\" \/>\n<meta property=\"og:image\" content=\"https:\/\/hecate-energie-magie.com\/wp-content\/uploads\/2024\/09\/20240912_112943-scaled.jpg\" \/>\n\t<meta property=\"og:image:width\" content=\"2560\" \/>\n\t<meta property=\"og:image:height\" content=\"1920\" \/>\n\t<meta property=\"og:image:type\" content=\"image\/jpeg\" \/>\n<meta name=\"twitter:card\" content=\"summary_large_image\" \/>\n<meta name=\"twitter:label1\" content=\"Dur\u00e9e de lecture estim\u00e9e\" \/>\n\t<meta name=\"twitter:data1\" content=\"2 minutes\" \/>\n<script type=\"application\/ld+json\" class=\"yoast-schema-graph\">{\"@context\":\"https:\\\/\\\/schema.org\",\"@graph\":[{\"@type\":\"WebPage\",\"@id\":\"https:\\\/\\\/hecate-energie-magie.com\\\/index.php\\\/produit\\\/encens-tribal-soul-sauge-blanche-palo-santo\\\/\",\"url\":\"https:\\\/\\\/hecate-energie-magie.com\\\/index.php\\\/produit\\\/encens-tribal-soul-sauge-blanche-palo-santo\\\/\",\"name\":\"Encens Tribal Soul Sauge Blanche & Palo Santo - H\u00e9cate Energie et Magie\",\"isPartOf\":{\"@id\":\"https:\\\/\\\/hecate-energie-magie.com\\\/#website\"},\"primaryImageOfPage\":{\"@id\":\"https:\\\/\\\/hecate-energie-magie.com\\\/index.php\\\/produit\\\/encens-tribal-soul-sauge-blanche-palo-santo\\\/#primaryimage\"},\"image\":{\"@id\":\"https:\\\/\\\/hecate-energie-magie.com\\\/index.php\\\/produit\\\/encens-tribal-soul-sauge-blanche-palo-santo\\\/#primaryimage\"},\"thumbnailUrl\":\"https:\\\/\\\/i0.wp.com\\\/hecate-energie-magie.com\\\/wp-content\\\/uploads\\\/2024\\\/09\\\/20240912_112943-scaled.jpg?fit=2560%2C1920&ssl=1\",\"datePublished\":\"2024-09-13T11:25:28+00:00\",\"dateModified\":\"2025-10-02T11:21:33+00:00\",\"description\":\"Les encens Tribal Soul Sauge blanche & palo santo sont naturels et roul\u00e9s main \u00e0 partir d'extraits de v\u00e9g\u00e9taux dans le plus grand respect de la tradition am\u00e9rindienne.\u00a0Des extraits naturels de sauge blanche et palo santo habilement m\u00e9lang\u00e9s pour une fumigation des plus originales.\",\"breadcrumb\":{\"@id\":\"https:\\\/\\\/hecate-energie-magie.com\\\/index.php\\\/produit\\\/encens-tribal-soul-sauge-blanche-palo-santo\\\/#breadcrumb\"},\"inLanguage\":\"fr-FR\",\"potentialAction\":[{\"@type\":\"ReadAction\",\"target\":[\"https:\\\/\\\/hecate-energie-magie.com\\\/index.php\\\/produit\\\/encens-tribal-soul-sauge-blanche-palo-santo\\\/\"]}]},{\"@type\":\"ImageObject\",\"inLanguage\":\"fr-FR\",\"@id\":\"https:\\\/\\\/hecate-energie-magie.com\\\/index.php\\\/produit\\\/encens-tribal-soul-sauge-blanche-palo-santo\\\/#primaryimage\",\"url\":\"https:\\\/\\\/i0.wp.com\\\/hecate-energie-magie.com\\\/wp-content\\\/uploads\\\/2024\\\/09\\\/20240912_112943-scaled.jpg?fit=2560%2C1920&ssl=1\",\"contentUrl\":\"https:\\\/\\\/i0.wp.com\\\/hecate-energie-magie.com\\\/wp-content\\\/uploads\\\/2024\\\/09\\\/20240912_112943-scaled.jpg?fit=2560%2C1920&ssl=1\",\"width\":2560,\"height\":1920,\"caption\":\"encens tribal soul sauge blanche & palo santo\"},{\"@type\":\"BreadcrumbList\",\"@id\":\"https:\\\/\\\/hecate-energie-magie.com\\\/index.php\\\/produit\\\/encens-tribal-soul-sauge-blanche-palo-santo\\\/#breadcrumb\",\"itemListElement\":[{\"@type\":\"ListItem\",\"position\":1,\"name\":\"Accueil\",\"item\":\"https:\\\/\\\/hecate-energie-magie.com\\\/\"},{\"@type\":\"ListItem\",\"position\":2,\"name\":\"Boutique\",\"item\":\"https:\\\/\\\/hecate-energie-magie.com\\\/index.php\\\/boutique\\\/\"},{\"@type\":\"ListItem\",\"position\":3,\"name\":\"Encens Tribal Soul Sauge Blanche &#038; Palo Santo\"}]},{\"@type\":\"WebSite\",\"@id\":\"https:\\\/\\\/hecate-energie-magie.com\\\/#website\",\"url\":\"https:\\\/\\\/hecate-energie-magie.com\\\/\",\"name\":\"H\u00e9cate Energie et Magie\",\"description\":\"H\u00e9cate Energie et Magie\",\"publisher\":{\"@id\":\"https:\\\/\\\/hecate-energie-magie.com\\\/#organization\"},\"potentialAction\":[{\"@type\":\"SearchAction\",\"target\":{\"@type\":\"EntryPoint\",\"urlTemplate\":\"https:\\\/\\\/hecate-energie-magie.com\\\/?s={search_term_string}\"},\"query-input\":{\"@type\":\"PropertyValueSpecification\",\"valueRequired\":true,\"valueName\":\"search_term_string\"}}],\"inLanguage\":\"fr-FR\"},{\"@type\":\"Organization\",\"@id\":\"https:\\\/\\\/hecate-energie-magie.com\\\/#organization\",\"name\":\"H\u00e9cate Energie et Magie\",\"url\":\"https:\\\/\\\/hecate-energie-magie.com\\\/\",\"logo\":{\"@type\":\"ImageObject\",\"inLanguage\":\"fr-FR\",\"@id\":\"https:\\\/\\\/hecate-energie-magie.com\\\/#\\\/schema\\\/logo\\\/image\\\/\",\"url\":\"https:\\\/\\\/i0.wp.com\\\/hecate-energie-magie.com\\\/wp-content\\\/uploads\\\/2024\\\/09\\\/cropped-LOGO-HECATE.png?fit=500%2C500&ssl=1\",\"contentUrl\":\"https:\\\/\\\/i0.wp.com\\\/hecate-energie-magie.com\\\/wp-content\\\/uploads\\\/2024\\\/09\\\/cropped-LOGO-HECATE.png?fit=500%2C500&ssl=1\",\"width\":500,\"height\":500,\"caption\":\"H\u00e9cate Energie et Magie\"},\"image\":{\"@id\":\"https:\\\/\\\/hecate-energie-magie.com\\\/#\\\/schema\\\/logo\\\/image\\\/\"},\"sameAs\":[\"https:\\\/\\\/www.facebook.com\\\/profile.php?id=61557502523365\"]}]}<\/script>\n<!-- \/ Yoast SEO plugin. -->","yoast_head_json":{"title":"Encens Tribal Soul Sauge Blanche & Palo Santo - H\u00e9cate Energie et Magie","description":"Les encens Tribal Soul Sauge blanche & palo santo sont naturels et roul\u00e9s main \u00e0 partir d'extraits de v\u00e9g\u00e9taux dans le plus grand respect de la tradition am\u00e9rindienne.\u00a0Des extraits naturels de sauge blanche et palo santo habilement m\u00e9lang\u00e9s pour une fumigation des plus originales.","robots":{"index":"index","follow":"follow","max-snippet":"max-snippet:-1","max-image-preview":"max-image-preview:large","max-video-preview":"max-video-preview:-1"},"canonical":"https:\/\/hecate-energie-magie.com\/index.php\/produit\/encens-tribal-soul-sauge-blanche-palo-santo\/","og_locale":"fr_FR","og_type":"article","og_title":"Encens Tribal Soul Sauge Blanche & Palo Santo - H\u00e9cate Energie et Magie","og_description":"Les encens Tribal Soul Sauge blanche & palo santo sont naturels et roul\u00e9s main \u00e0 partir d'extraits de v\u00e9g\u00e9taux dans le plus grand respect de la tradition am\u00e9rindienne.\u00a0Des extraits naturels de sauge blanche et palo santo habilement m\u00e9lang\u00e9s pour une fumigation des plus originales.","og_url":"https:\/\/hecate-energie-magie.com\/index.php\/produit\/encens-tribal-soul-sauge-blanche-palo-santo\/","og_site_name":"H\u00e9cate Energie et Magie","article_publisher":"https:\/\/www.facebook.com\/profile.php?id=61557502523365","article_modified_time":"2025-10-02T11:21:33+00:00","og_image":[{"width":2560,"height":1920,"url":"https:\/\/hecate-energie-magie.com\/wp-content\/uploads\/2024\/09\/20240912_112943-scaled.jpg","type":"image\/jpeg"}],"twitter_card":"summary_large_image","twitter_misc":{"Dur\u00e9e de lecture estim\u00e9e":"2 minutes"},"schema":{"@context":"https:\/\/schema.org","@graph":[{"@type":"WebPage","@id":"https:\/\/hecate-energie-magie.com\/index.php\/produit\/encens-tribal-soul-sauge-blanche-palo-santo\/","url":"https:\/\/hecate-energie-magie.com\/index.php\/produit\/encens-tribal-soul-sauge-blanche-palo-santo\/","name":"Encens Tribal Soul Sauge Blanche & Palo Santo - H\u00e9cate Energie et Magie","isPartOf":{"@id":"https:\/\/hecate-energie-magie.com\/#website"},"primaryImageOfPage":{"@id":"https:\/\/hecate-energie-magie.com\/index.php\/produit\/encens-tribal-soul-sauge-blanche-palo-santo\/#primaryimage"},"image":{"@id":"https:\/\/hecate-energie-magie.com\/index.php\/produit\/encens-tribal-soul-sauge-blanche-palo-santo\/#primaryimage"},"thumbnailUrl":"https:\/\/i0.wp.com\/hecate-energie-magie.com\/wp-content\/uploads\/2024\/09\/20240912_112943-scaled.jpg?fit=2560%2C1920&ssl=1","datePublished":"2024-09-13T11:25:28+00:00","dateModified":"2025-10-02T11:21:33+00:00","description":"Les encens Tribal Soul Sauge blanche & palo santo sont naturels et roul\u00e9s main \u00e0 partir d'extraits de v\u00e9g\u00e9taux dans le plus grand respect de la tradition am\u00e9rindienne.\u00a0Des extraits naturels de sauge blanche et palo santo habilement m\u00e9lang\u00e9s pour une fumigation des plus originales.","breadcrumb":{"@id":"https:\/\/hecate-energie-magie.com\/index.php\/produit\/encens-tribal-soul-sauge-blanche-palo-santo\/#breadcrumb"},"inLanguage":"fr-FR","potentialAction":[{"@type":"ReadAction","target":["https:\/\/hecate-energie-magie.com\/index.php\/produit\/encens-tribal-soul-sauge-blanche-palo-santo\/"]}]},{"@type":"ImageObject","inLanguage":"fr-FR","@id":"https:\/\/hecate-energie-magie.com\/index.php\/produit\/encens-tribal-soul-sauge-blanche-palo-santo\/#primaryimage","url":"https:\/\/i0.wp.com\/hecate-energie-magie.com\/wp-content\/uploads\/2024\/09\/20240912_112943-scaled.jpg?fit=2560%2C1920&ssl=1","contentUrl":"https:\/\/i0.wp.com\/hecate-energie-magie.com\/wp-content\/uploads\/2024\/09\/20240912_112943-scaled.jpg?fit=2560%2C1920&ssl=1","width":2560,"height":1920,"caption":"encens tribal soul sauge blanche & palo santo"},{"@type":"BreadcrumbList","@id":"https:\/\/hecate-energie-magie.com\/index.php\/produit\/encens-tribal-soul-sauge-blanche-palo-santo\/#breadcrumb","itemListElement":[{"@type":"ListItem","position":1,"name":"Accueil","item":"https:\/\/hecate-energie-magie.com\/"},{"@type":"ListItem","position":2,"name":"Boutique","item":"https:\/\/hecate-energie-magie.com\/index.php\/boutique\/"},{"@type":"ListItem","position":3,"name":"Encens Tribal Soul Sauge Blanche &#038; Palo Santo"}]},{"@type":"WebSite","@id":"https:\/\/hecate-energie-magie.com\/#website","url":"https:\/\/hecate-energie-magie.com\/","name":"H\u00e9cate Energie et Magie","description":"H\u00e9cate Energie et Magie","publisher":{"@id":"https:\/\/hecate-energie-magie.com\/#organization"},"potentialAction":[{"@type":"SearchAction","target":{"@type":"EntryPoint","urlTemplate":"https:\/\/hecate-energie-magie.com\/?s={search_term_string}"},"query-input":{"@type":"PropertyValueSpecification","valueRequired":true,"valueName":"search_term_string"}}],"inLanguage":"fr-FR"},{"@type":"Organization","@id":"https:\/\/hecate-energie-magie.com\/#organization","name":"H\u00e9cate Energie et Magie","url":"https:\/\/hecate-energie-magie.com\/","logo":{"@type":"ImageObject","inLanguage":"fr-FR","@id":"https:\/\/hecate-energie-magie.com\/#\/schema\/logo\/image\/","url":"https:\/\/i0.wp.com\/hecate-energie-magie.com\/wp-content\/uploads\/2024\/09\/cropped-LOGO-HECATE.png?fit=500%2C500&ssl=1","contentUrl":"https:\/\/i0.wp.com\/hecate-energie-magie.com\/wp-content\/uploads\/2024\/09\/cropped-LOGO-HECATE.png?fit=500%2C500&ssl=1","width":500,"height":500,"caption":"H\u00e9cate Energie et Magie"},"image":{"@id":"https:\/\/hecate-energie-magie.com\/#\/schema\/logo\/image\/"},"sameAs":["https:\/\/www.facebook.com\/profile.php?id=61557502523365"]}]}},"jetpack_sharing_enabled":true,"_links":{"self":[{"href":"https:\/\/hecate-energie-magie.com\/index.php\/wp-json\/wp\/v2\/product\/960","targetHints":{"allow":["GET"]}}],"collection":[{"href":"https:\/\/hecate-energie-magie.com\/index.php\/wp-json\/wp\/v2\/product"}],"about":[{"href":"https:\/\/hecate-energie-magie.com\/index.php\/wp-json\/wp\/v2\/types\/product"}],"replies":[{"embeddable":true,"href":"https:\/\/hecate-energie-magie.com\/index.php\/wp-json\/wp\/v2\/comments?post=960"}],"wp:featuredmedia":[{"embeddable":true,"href":"https:\/\/hecate-energie-magie.com\/index.php\/wp-json\/wp\/v2\/media\/961"}],"wp:attachment":[{"href":"https:\/\/hecate-energie-magie.com\/index.php\/wp-json\/wp\/v2\/media?parent=960"}],"wp:term":[{"taxonomy":"product_brand","embeddable":true,"href":"https:\/\/hecate-energie-magie.com\/index.php\/wp-json\/wp\/v2\/product_brand?post=960"},{"taxonomy":"product_cat","embeddable":true,"href":"https:\/\/hecate-energie-magie.com\/index.php\/wp-json\/wp\/v2\/product_cat?post=960"},{"taxonomy":"product_tag","embeddable":true,"href":"https:\/\/hecate-energie-magie.com\/index.php\/wp-json\/wp\/v2\/product_tag?post=960"}],"curies":[{"name":"wp","href":"https:\/\/api.w.org\/{rel}","templated":true}]}}