{"id":966,"date":"2024-09-13T15:46:20","date_gmt":"2024-09-13T13:46:20","guid":{"rendered":"https:\/\/hecate-energie-magie.com\/?post_type=product&#038;p=966"},"modified":"2025-01-31T16:43:04","modified_gmt":"2025-01-31T15:43:04","slug":"mobile-bois-7-chakras","status":"publish","type":"product","link":"https:\/\/hecate-energie-magie.com\/index.php\/produit\/mobile-bois-7-chakras\/","title":{"rendered":"Mobile Bois 7 Chakras"},"content":{"rendered":"<h2 style=\"text-align: center;\"><span style=\"font-size: 40px; font-family: Carattere;\"><strong>Les 7 chakras<\/strong><\/span><\/h2>\n<p style=\"text-align: center;\"><span style=\"font-size: 30px; font-family: Carattere;\">Chakra est un mot sanskrit qui signifie roue ou cercle.<\/span><\/p>\n<p style=\"text-align: center;\"><span style=\"font-size: 30px; font-family: Carattere;\">Les chakras sont les centres \u00e9nerg\u00e9tiques subtils de notre corps, ils \u00e9mettent de l&rsquo;\u00e9nergie vitale (prana).<\/span><\/p>\n<p style=\"text-align: center;\"><span style=\"font-size: 30px; font-family: Carattere;\">Il existe 7 chakras principaux :<\/span><\/p>\n<p style=\"text-align: center;\"><span style=\"font-size: 30px; font-family: Carattere;\"><strong>Le Chakra Racine (rouge)<\/strong>: Il est le lien avec la terre, l\u2019\u00e9quilibre, la force vitale.<\/span><\/p>\n<p style=\"text-align: center;\"><span style=\"font-size: 30px; font-family: Carattere;\"><strong>Le Chakra Sacr\u00e9 (orange)<\/strong>: Il est le centre des \u00e9motions et des pens\u00e9es, de la cr\u00e9ativit\u00e9 et de la sensualit\u00e9.\u00a0<\/span><\/p>\n<p style=\"text-align: center;\"><span style=\"font-size: 30px; font-family: Carattere;\"><strong>Le Chakra du plexus Solaire (jaune)<\/strong>: \u00a0Il repr\u00e9sente l\u2019estime de soi, la confiance et la capacit\u00e9 de prendre des d\u00e9cisions.<\/span><\/p>\n<p style=\"text-align: center;\"><span style=\"font-size: 30px; font-family: Carattere;\"><strong>Le Chakra du Coeur (vert)<\/strong>: Il est li\u00e9 \u00e0 l\u2019amour inconditionnel, la bienveillance et la compassion.<\/span><\/p>\n<p style=\"text-align: center;\"><span style=\"font-size: 30px; font-family: Carattere;\"><strong>Le Chakra de la Gorge (Turquoise)<\/strong>: Il est li\u00e9 \u00e0 notre capacit\u00e9 \u00e0 exprimer nos pens\u00e9es, nos \u00e9motions et nos v\u00e9rit\u00e9s int\u00e9rieures, il repr\u00e9sente la communication, la capacit\u00e9 d\u2019expression et l\u2019ouverture d\u2019esprit.<\/span><\/p>\n<p style=\"text-align: center;\"><span style=\"font-size: 30px; font-family: Carattere;\"><strong>Le Chakra du 3e Oeil (bleu fonc\u00e9)<\/strong>: Il <em>est associ\u00e9 \u00e0 la perception int\u00e9rieure, la sagesse et la conscience spirituelle.<\/em><\/span><\/p>\n<p style=\"text-align: center;\"><span style=\"font-size: 30px; font-family: Carattere;\"><strong>La Chakra Couronne (Violet, blanc)<\/strong>: Il constitue le centre de la spiritualit\u00e9, de la pleine conscience, de l\u2019\u00e9l\u00e9vation, de la connexion au divin et de la paix int\u00e9rieure.\u00a0<\/span><\/p>\n","protected":false},"excerpt":{"rendered":"<p class=\"productOrigin\"><span style=\"font-family: Carattere; font-size: 30px;\">Hauteur totale 44cm. Diam\u00e8tre cercles 5cm.<\/span><\/p>\n<p class=\"productOrigin\"><span style=\"font-family: Carattere; font-size: 30px;\">Provenance:\u00a0Inde<\/span><\/p>\n<div class=\"productDesc\">\n<p><span style=\"font-family: Carattere; font-size: 30px;\">Mobile vendu avec attache.<\/span><\/p>\n<p><span style=\"font-family: Carattere; font-size: 27px;\">Bois MDF.<\/span><\/p>\n<\/div>\n<p>&nbsp;<\/p>\n","protected":false},"featured_media":968,"comment_status":"open","ping_status":"closed","template":"","meta":[],"product_brand":[],"product_cat":[163],"product_tag":[101,102,100],"class_list":{"0":"post-966","1":"product","2":"type-product","3":"status-publish","4":"has-post-thumbnail","6":"product_cat-mobiles","7":"product_tag-7-chakras","8":"product_tag-bois","9":"product_tag-mobile","11":"first","12":"instock","13":"shipping-taxable","14":"purchasable","15":"product-type-simple"},"yoast_head":"<!-- This site is optimized with the Yoast SEO plugin v27.3 - https:\/\/yoast.com\/product\/yoast-seo-wordpress\/ -->\n<title>Mobile Bois 7 Chakras - H\u00e9cate Energie et Magie<\/title>\n<meta name=\"description\" content=\"Chakra est un mot sanskrit qui signifie roue ou cercle. Les chakras sont les centres \u00e9nerg\u00e9tiques subtils de notre corps, ils \u00e9mettent de l&#039;\u00e9nergie vitale (prana). Il existe 7 chakras principaux.\" \/>\n<meta name=\"robots\" content=\"index, follow, max-snippet:-1, max-image-preview:large, max-video-preview:-1\" \/>\n<link rel=\"canonical\" href=\"https:\/\/hecate-energie-magie.com\/index.php\/produit\/mobile-bois-7-chakras\/\" \/>\n<meta property=\"og:locale\" content=\"fr_FR\" \/>\n<meta property=\"og:type\" content=\"article\" \/>\n<meta property=\"og:title\" content=\"Mobile Bois 7 Chakras - H\u00e9cate Energie et Magie\" \/>\n<meta property=\"og:description\" content=\"Chakra est un mot sanskrit qui signifie roue ou cercle. Les chakras sont les centres \u00e9nerg\u00e9tiques subtils de notre corps, ils \u00e9mettent de l&#039;\u00e9nergie vitale (prana). Il existe 7 chakras principaux.\" \/>\n<meta property=\"og:url\" content=\"https:\/\/hecate-energie-magie.com\/index.php\/produit\/mobile-bois-7-chakras\/\" \/>\n<meta property=\"og:site_name\" content=\"H\u00e9cate Energie et Magie\" \/>\n<meta property=\"article:publisher\" content=\"https:\/\/www.facebook.com\/profile.php?id=61557502523365\" \/>\n<meta property=\"article:modified_time\" content=\"2025-01-31T15:43:04+00:00\" \/>\n<meta property=\"og:image\" content=\"https:\/\/hecate-energie-magie.com\/wp-content\/uploads\/2024\/09\/20240912_112050-scaled.jpg\" \/>\n\t<meta property=\"og:image:width\" content=\"1606\" \/>\n\t<meta property=\"og:image:height\" content=\"2560\" \/>\n\t<meta property=\"og:image:type\" content=\"image\/jpeg\" \/>\n<meta name=\"twitter:card\" content=\"summary_large_image\" \/>\n<meta name=\"twitter:label1\" content=\"Dur\u00e9e de lecture estim\u00e9e\" \/>\n\t<meta name=\"twitter:data1\" content=\"2 minutes\" \/>\n<script type=\"application\/ld+json\" class=\"yoast-schema-graph\">{\"@context\":\"https:\\\/\\\/schema.org\",\"@graph\":[{\"@type\":\"WebPage\",\"@id\":\"https:\\\/\\\/hecate-energie-magie.com\\\/index.php\\\/produit\\\/mobile-bois-7-chakras\\\/\",\"url\":\"https:\\\/\\\/hecate-energie-magie.com\\\/index.php\\\/produit\\\/mobile-bois-7-chakras\\\/\",\"name\":\"Mobile Bois 7 Chakras - H\u00e9cate Energie et Magie\",\"isPartOf\":{\"@id\":\"https:\\\/\\\/hecate-energie-magie.com\\\/#website\"},\"primaryImageOfPage\":{\"@id\":\"https:\\\/\\\/hecate-energie-magie.com\\\/index.php\\\/produit\\\/mobile-bois-7-chakras\\\/#primaryimage\"},\"image\":{\"@id\":\"https:\\\/\\\/hecate-energie-magie.com\\\/index.php\\\/produit\\\/mobile-bois-7-chakras\\\/#primaryimage\"},\"thumbnailUrl\":\"https:\\\/\\\/i0.wp.com\\\/hecate-energie-magie.com\\\/wp-content\\\/uploads\\\/2024\\\/09\\\/20240912_112050-scaled.jpg?fit=1606%2C2560&ssl=1\",\"datePublished\":\"2024-09-13T13:46:20+00:00\",\"dateModified\":\"2025-01-31T15:43:04+00:00\",\"description\":\"Chakra est un mot sanskrit qui signifie roue ou cercle. Les chakras sont les centres \u00e9nerg\u00e9tiques subtils de notre corps, ils \u00e9mettent de l'\u00e9nergie vitale (prana). Il existe 7 chakras principaux.\",\"breadcrumb\":{\"@id\":\"https:\\\/\\\/hecate-energie-magie.com\\\/index.php\\\/produit\\\/mobile-bois-7-chakras\\\/#breadcrumb\"},\"inLanguage\":\"fr-FR\",\"potentialAction\":[{\"@type\":\"ReadAction\",\"target\":[\"https:\\\/\\\/hecate-energie-magie.com\\\/index.php\\\/produit\\\/mobile-bois-7-chakras\\\/\"]}]},{\"@type\":\"ImageObject\",\"inLanguage\":\"fr-FR\",\"@id\":\"https:\\\/\\\/hecate-energie-magie.com\\\/index.php\\\/produit\\\/mobile-bois-7-chakras\\\/#primaryimage\",\"url\":\"https:\\\/\\\/i0.wp.com\\\/hecate-energie-magie.com\\\/wp-content\\\/uploads\\\/2024\\\/09\\\/20240912_112050-scaled.jpg?fit=1606%2C2560&ssl=1\",\"contentUrl\":\"https:\\\/\\\/i0.wp.com\\\/hecate-energie-magie.com\\\/wp-content\\\/uploads\\\/2024\\\/09\\\/20240912_112050-scaled.jpg?fit=1606%2C2560&ssl=1\",\"width\":1606,\"height\":2560,\"caption\":\"mobile 7 chakras\"},{\"@type\":\"BreadcrumbList\",\"@id\":\"https:\\\/\\\/hecate-energie-magie.com\\\/index.php\\\/produit\\\/mobile-bois-7-chakras\\\/#breadcrumb\",\"itemListElement\":[{\"@type\":\"ListItem\",\"position\":1,\"name\":\"Accueil\",\"item\":\"https:\\\/\\\/hecate-energie-magie.com\\\/\"},{\"@type\":\"ListItem\",\"position\":2,\"name\":\"Boutique\",\"item\":\"https:\\\/\\\/hecate-energie-magie.com\\\/index.php\\\/boutique\\\/\"},{\"@type\":\"ListItem\",\"position\":3,\"name\":\"Mobile Bois 7 Chakras\"}]},{\"@type\":\"WebSite\",\"@id\":\"https:\\\/\\\/hecate-energie-magie.com\\\/#website\",\"url\":\"https:\\\/\\\/hecate-energie-magie.com\\\/\",\"name\":\"H\u00e9cate Energie et Magie\",\"description\":\"H\u00e9cate Energie et Magie\",\"publisher\":{\"@id\":\"https:\\\/\\\/hecate-energie-magie.com\\\/#organization\"},\"potentialAction\":[{\"@type\":\"SearchAction\",\"target\":{\"@type\":\"EntryPoint\",\"urlTemplate\":\"https:\\\/\\\/hecate-energie-magie.com\\\/?s={search_term_string}\"},\"query-input\":{\"@type\":\"PropertyValueSpecification\",\"valueRequired\":true,\"valueName\":\"search_term_string\"}}],\"inLanguage\":\"fr-FR\"},{\"@type\":\"Organization\",\"@id\":\"https:\\\/\\\/hecate-energie-magie.com\\\/#organization\",\"name\":\"H\u00e9cate Energie et Magie\",\"url\":\"https:\\\/\\\/hecate-energie-magie.com\\\/\",\"logo\":{\"@type\":\"ImageObject\",\"inLanguage\":\"fr-FR\",\"@id\":\"https:\\\/\\\/hecate-energie-magie.com\\\/#\\\/schema\\\/logo\\\/image\\\/\",\"url\":\"https:\\\/\\\/i0.wp.com\\\/hecate-energie-magie.com\\\/wp-content\\\/uploads\\\/2024\\\/09\\\/cropped-LOGO-HECATE.png?fit=500%2C500&ssl=1\",\"contentUrl\":\"https:\\\/\\\/i0.wp.com\\\/hecate-energie-magie.com\\\/wp-content\\\/uploads\\\/2024\\\/09\\\/cropped-LOGO-HECATE.png?fit=500%2C500&ssl=1\",\"width\":500,\"height\":500,\"caption\":\"H\u00e9cate Energie et Magie\"},\"image\":{\"@id\":\"https:\\\/\\\/hecate-energie-magie.com\\\/#\\\/schema\\\/logo\\\/image\\\/\"},\"sameAs\":[\"https:\\\/\\\/www.facebook.com\\\/profile.php?id=61557502523365\"]}]}<\/script>\n<!-- \/ Yoast SEO plugin. -->","yoast_head_json":{"title":"Mobile Bois 7 Chakras - H\u00e9cate Energie et Magie","description":"Chakra est un mot sanskrit qui signifie roue ou cercle. Les chakras sont les centres \u00e9nerg\u00e9tiques subtils de notre corps, ils \u00e9mettent de l'\u00e9nergie vitale (prana). Il existe 7 chakras principaux.","robots":{"index":"index","follow":"follow","max-snippet":"max-snippet:-1","max-image-preview":"max-image-preview:large","max-video-preview":"max-video-preview:-1"},"canonical":"https:\/\/hecate-energie-magie.com\/index.php\/produit\/mobile-bois-7-chakras\/","og_locale":"fr_FR","og_type":"article","og_title":"Mobile Bois 7 Chakras - H\u00e9cate Energie et Magie","og_description":"Chakra est un mot sanskrit qui signifie roue ou cercle. Les chakras sont les centres \u00e9nerg\u00e9tiques subtils de notre corps, ils \u00e9mettent de l'\u00e9nergie vitale (prana). Il existe 7 chakras principaux.","og_url":"https:\/\/hecate-energie-magie.com\/index.php\/produit\/mobile-bois-7-chakras\/","og_site_name":"H\u00e9cate Energie et Magie","article_publisher":"https:\/\/www.facebook.com\/profile.php?id=61557502523365","article_modified_time":"2025-01-31T15:43:04+00:00","og_image":[{"width":1606,"height":2560,"url":"https:\/\/hecate-energie-magie.com\/wp-content\/uploads\/2024\/09\/20240912_112050-scaled.jpg","type":"image\/jpeg"}],"twitter_card":"summary_large_image","twitter_misc":{"Dur\u00e9e de lecture estim\u00e9e":"2 minutes"},"schema":{"@context":"https:\/\/schema.org","@graph":[{"@type":"WebPage","@id":"https:\/\/hecate-energie-magie.com\/index.php\/produit\/mobile-bois-7-chakras\/","url":"https:\/\/hecate-energie-magie.com\/index.php\/produit\/mobile-bois-7-chakras\/","name":"Mobile Bois 7 Chakras - H\u00e9cate Energie et Magie","isPartOf":{"@id":"https:\/\/hecate-energie-magie.com\/#website"},"primaryImageOfPage":{"@id":"https:\/\/hecate-energie-magie.com\/index.php\/produit\/mobile-bois-7-chakras\/#primaryimage"},"image":{"@id":"https:\/\/hecate-energie-magie.com\/index.php\/produit\/mobile-bois-7-chakras\/#primaryimage"},"thumbnailUrl":"https:\/\/i0.wp.com\/hecate-energie-magie.com\/wp-content\/uploads\/2024\/09\/20240912_112050-scaled.jpg?fit=1606%2C2560&ssl=1","datePublished":"2024-09-13T13:46:20+00:00","dateModified":"2025-01-31T15:43:04+00:00","description":"Chakra est un mot sanskrit qui signifie roue ou cercle. Les chakras sont les centres \u00e9nerg\u00e9tiques subtils de notre corps, ils \u00e9mettent de l'\u00e9nergie vitale (prana). Il existe 7 chakras principaux.","breadcrumb":{"@id":"https:\/\/hecate-energie-magie.com\/index.php\/produit\/mobile-bois-7-chakras\/#breadcrumb"},"inLanguage":"fr-FR","potentialAction":[{"@type":"ReadAction","target":["https:\/\/hecate-energie-magie.com\/index.php\/produit\/mobile-bois-7-chakras\/"]}]},{"@type":"ImageObject","inLanguage":"fr-FR","@id":"https:\/\/hecate-energie-magie.com\/index.php\/produit\/mobile-bois-7-chakras\/#primaryimage","url":"https:\/\/i0.wp.com\/hecate-energie-magie.com\/wp-content\/uploads\/2024\/09\/20240912_112050-scaled.jpg?fit=1606%2C2560&ssl=1","contentUrl":"https:\/\/i0.wp.com\/hecate-energie-magie.com\/wp-content\/uploads\/2024\/09\/20240912_112050-scaled.jpg?fit=1606%2C2560&ssl=1","width":1606,"height":2560,"caption":"mobile 7 chakras"},{"@type":"BreadcrumbList","@id":"https:\/\/hecate-energie-magie.com\/index.php\/produit\/mobile-bois-7-chakras\/#breadcrumb","itemListElement":[{"@type":"ListItem","position":1,"name":"Accueil","item":"https:\/\/hecate-energie-magie.com\/"},{"@type":"ListItem","position":2,"name":"Boutique","item":"https:\/\/hecate-energie-magie.com\/index.php\/boutique\/"},{"@type":"ListItem","position":3,"name":"Mobile Bois 7 Chakras"}]},{"@type":"WebSite","@id":"https:\/\/hecate-energie-magie.com\/#website","url":"https:\/\/hecate-energie-magie.com\/","name":"H\u00e9cate Energie et Magie","description":"H\u00e9cate Energie et Magie","publisher":{"@id":"https:\/\/hecate-energie-magie.com\/#organization"},"potentialAction":[{"@type":"SearchAction","target":{"@type":"EntryPoint","urlTemplate":"https:\/\/hecate-energie-magie.com\/?s={search_term_string}"},"query-input":{"@type":"PropertyValueSpecification","valueRequired":true,"valueName":"search_term_string"}}],"inLanguage":"fr-FR"},{"@type":"Organization","@id":"https:\/\/hecate-energie-magie.com\/#organization","name":"H\u00e9cate Energie et Magie","url":"https:\/\/hecate-energie-magie.com\/","logo":{"@type":"ImageObject","inLanguage":"fr-FR","@id":"https:\/\/hecate-energie-magie.com\/#\/schema\/logo\/image\/","url":"https:\/\/i0.wp.com\/hecate-energie-magie.com\/wp-content\/uploads\/2024\/09\/cropped-LOGO-HECATE.png?fit=500%2C500&ssl=1","contentUrl":"https:\/\/i0.wp.com\/hecate-energie-magie.com\/wp-content\/uploads\/2024\/09\/cropped-LOGO-HECATE.png?fit=500%2C500&ssl=1","width":500,"height":500,"caption":"H\u00e9cate Energie et Magie"},"image":{"@id":"https:\/\/hecate-energie-magie.com\/#\/schema\/logo\/image\/"},"sameAs":["https:\/\/www.facebook.com\/profile.php?id=61557502523365"]}]}},"jetpack_sharing_enabled":true,"_links":{"self":[{"href":"https:\/\/hecate-energie-magie.com\/index.php\/wp-json\/wp\/v2\/product\/966","targetHints":{"allow":["GET"]}}],"collection":[{"href":"https:\/\/hecate-energie-magie.com\/index.php\/wp-json\/wp\/v2\/product"}],"about":[{"href":"https:\/\/hecate-energie-magie.com\/index.php\/wp-json\/wp\/v2\/types\/product"}],"replies":[{"embeddable":true,"href":"https:\/\/hecate-energie-magie.com\/index.php\/wp-json\/wp\/v2\/comments?post=966"}],"wp:featuredmedia":[{"embeddable":true,"href":"https:\/\/hecate-energie-magie.com\/index.php\/wp-json\/wp\/v2\/media\/968"}],"wp:attachment":[{"href":"https:\/\/hecate-energie-magie.com\/index.php\/wp-json\/wp\/v2\/media?parent=966"}],"wp:term":[{"taxonomy":"product_brand","embeddable":true,"href":"https:\/\/hecate-energie-magie.com\/index.php\/wp-json\/wp\/v2\/product_brand?post=966"},{"taxonomy":"product_cat","embeddable":true,"href":"https:\/\/hecate-energie-magie.com\/index.php\/wp-json\/wp\/v2\/product_cat?post=966"},{"taxonomy":"product_tag","embeddable":true,"href":"https:\/\/hecate-energie-magie.com\/index.php\/wp-json\/wp\/v2\/product_tag?post=966"}],"curies":[{"name":"wp","href":"https:\/\/api.w.org\/{rel}","templated":true}]}}