{"id":976,"date":"2024-09-13T16:15:43","date_gmt":"2024-09-13T14:15:43","guid":{"rendered":"https:\/\/hecate-energie-magie.com\/?post_type=product&#038;p=976"},"modified":"2025-01-24T12:35:29","modified_gmt":"2025-01-24T11:35:29","slug":"coquille-dormeau-naturelle","status":"publish","type":"product","link":"https:\/\/hecate-energie-magie.com\/index.php\/produit\/coquille-dormeau-naturelle\/","title":{"rendered":"Coquille d&rsquo;Ormeau Naturelle"},"content":{"rendered":"<h2 style=\"text-align: center;\"><strong><span style=\"font-family: Carattere; font-size: 40px;\">Coquille d\u2019Ormeau ou Abalone<\/span><\/strong><\/h2>\n<p style=\"text-align: center;\"><span style=\"font-family: Carattere; font-size: 30px;\">Les bivalves sont des mollusques aquatiques qui forment des coquilles solides de carbonate de calcium.<\/span><\/p>\n<p style=\"text-align: center;\"><span style=\"font-family: Carattere; font-size: 30px;\">La partie des coquilles utilis\u00e9e est la couche int\u00e9rieure iris\u00e9e\u00a0: nacre.<\/span><\/p>\n<p style=\"text-align: center;\"><span style=\"font-family: Carattere; font-size: 30px;\">Dans la\u00a0tradition am\u00e9rindienne, les 4 \u00e9l\u00e9ments sont repr\u00e9sent\u00e9s lors de la fumigation ; l\u2019allumette qui embrase la sauge repr\u00e9sente le feu, les cendres &amp; herbes repr\u00e9sentent la terre, la\u00a0coquille d\u2019ormeau\u00a0repr\u00e9sente\u00a0l\u2019eau\u00a0et la fum\u00e9e repr\u00e9sente l\u2019air.<\/span><\/p>\n<p style=\"text-align: center;\"><span style=\"font-family: Carattere; font-size: 30px;\">La Coquille d\u2019Ormeau peut \u00eatre utilis\u00e9e pour contenir l\u2019<strong><a href=\"https:\/\/hecate-energie-magie.com\/index.php\/produit\/encens-tribal-soul-rituels-de-lune\/\">encens<\/a><\/strong>, les herbes ou les <strong><a href=\"https:\/\/hecate-energie-magie.com\/index.php\/produit\/sauge-blanche-apiana-californie\/\">plantes \u00e0 br\u00fbler<\/a><\/strong>.<\/span><\/p>\n<p style=\"text-align: center;\"><span style=\"font-family: Carattere; font-size: 30px;\">Poss\u00e8de un fort magn\u00e9tisme ainsi qu\u2019un pouvoir vibratoire.<\/span><\/p>\n<p style=\"text-align: center;\"><span style=\"font-family: Carattere; font-size: 30px;\">La nacre et les coquillages de paua (coquille d\u2019ormeau) poss\u00e8de \u00e9galement des vertus\u00a0:<\/span><\/p>\n<p style=\"text-align: center;\"><span style=\"font-family: Carattere; font-size: 30px;\">Croissance physique et mentale, inflammation amygdales, soulage les maladies des muqueuses et de la peau, en particulier les d\u00e9mangeaisons.<\/span><\/p>\n<p style=\"text-align: center;\"><span style=\"font-family: Carattere; font-size: 30px;\">Apporte la paix int\u00e9rieure et r\u00e9hausse l\u2019estime de soi.<\/span><\/p>\n<p style=\"text-align: center;\"><span style=\"font-family: Carattere; font-size: 30px;\">Vous pouvez \u00e9galement purifier et recharger vos <strong><a href=\"https:\/\/lumieresdeselene.com\/index.php\/categorie-produit\/pierres-roulees\/\">min\u00e9raux<\/a><\/strong> en les d\u00e9posant au centre de la coquille.<\/span><\/p>\n","protected":false},"excerpt":{"rendered":"<p><span style=\"font-family: Carattere; font-size: 30px;\">Coquille d&rsquo;Ormeau environ 10\/12 cm.<\/span><\/p>\n<p><span style=\"font-family: Carattere; font-size: 30px;\">Provenance Mexique.<\/span><\/p>\n<p>&nbsp;<\/p>\n","protected":false},"featured_media":977,"comment_status":"open","ping_status":"closed","template":"","meta":[],"product_brand":[],"product_cat":[157],"product_tag":[106,39,105,104],"class_list":{"0":"post-976","1":"product","2":"type-product","3":"status-publish","4":"has-post-thumbnail","6":"product_cat-coquille-dormeau","7":"product_tag-coquille-dormeau","8":"product_tag-purification","9":"product_tag-rechargement","10":"product_tag-vibratoire","12":"first","13":"instock","14":"shipping-taxable","15":"purchasable","16":"product-type-simple"},"yoast_head":"<!-- This site is optimized with the Yoast SEO plugin v27.3 - https:\/\/yoast.com\/product\/yoast-seo-wordpress\/ -->\n<title>Coquille d&#039;Ormeau Naturelle - H\u00e9cate Energie et Magie<\/title>\n<meta name=\"description\" content=\"La Coquille d\u2019Ormeau naturelle peut \u00eatre utilis\u00e9e pour contenir l\u2019encens, les herbes ou les plantes \u00e0 br\u00fbler. Dans la\u00a0tradition am\u00e9rindienne, les 4 \u00e9l\u00e9ments sont repr\u00e9sent\u00e9s lors de la fumigation ; l\u2019allumette qui embrase la sauge repr\u00e9sente le feu, les cendres &amp; herbes repr\u00e9sentent la terre, la\u00a0coquille d\u2019ormeau\u00a0repr\u00e9sente\u00a0l\u2019eau\u00a0et la fum\u00e9e repr\u00e9sente l\u2019air.\" \/>\n<meta name=\"robots\" content=\"index, follow, max-snippet:-1, max-image-preview:large, max-video-preview:-1\" \/>\n<link rel=\"canonical\" href=\"https:\/\/hecate-energie-magie.com\/index.php\/produit\/coquille-dormeau-naturelle\/\" \/>\n<meta property=\"og:locale\" content=\"fr_FR\" \/>\n<meta property=\"og:type\" content=\"article\" \/>\n<meta property=\"og:title\" content=\"Coquille d&#039;Ormeau Naturelle - H\u00e9cate Energie et Magie\" \/>\n<meta property=\"og:description\" content=\"La Coquille d\u2019Ormeau naturelle peut \u00eatre utilis\u00e9e pour contenir l\u2019encens, les herbes ou les plantes \u00e0 br\u00fbler. Dans la\u00a0tradition am\u00e9rindienne, les 4 \u00e9l\u00e9ments sont repr\u00e9sent\u00e9s lors de la fumigation ; l\u2019allumette qui embrase la sauge repr\u00e9sente le feu, les cendres &amp; herbes repr\u00e9sentent la terre, la\u00a0coquille d\u2019ormeau\u00a0repr\u00e9sente\u00a0l\u2019eau\u00a0et la fum\u00e9e repr\u00e9sente l\u2019air.\" \/>\n<meta property=\"og:url\" content=\"https:\/\/hecate-energie-magie.com\/index.php\/produit\/coquille-dormeau-naturelle\/\" \/>\n<meta property=\"og:site_name\" content=\"H\u00e9cate Energie et Magie\" \/>\n<meta property=\"article:publisher\" content=\"https:\/\/www.facebook.com\/profile.php?id=61557502523365\" \/>\n<meta property=\"article:modified_time\" content=\"2025-01-24T11:35:29+00:00\" \/>\n<meta property=\"og:image\" content=\"https:\/\/hecate-energie-magie.com\/wp-content\/uploads\/2024\/09\/1726136367535-scaled.jpg\" \/>\n\t<meta property=\"og:image:width\" content=\"2560\" \/>\n\t<meta property=\"og:image:height\" content=\"2064\" \/>\n\t<meta property=\"og:image:type\" content=\"image\/jpeg\" \/>\n<meta name=\"twitter:card\" content=\"summary_large_image\" \/>\n<meta name=\"twitter:label1\" content=\"Dur\u00e9e de lecture estim\u00e9e\" \/>\n\t<meta name=\"twitter:data1\" content=\"1 minute\" \/>\n<script type=\"application\/ld+json\" class=\"yoast-schema-graph\">{\"@context\":\"https:\\\/\\\/schema.org\",\"@graph\":[{\"@type\":\"WebPage\",\"@id\":\"https:\\\/\\\/hecate-energie-magie.com\\\/index.php\\\/produit\\\/coquille-dormeau-naturelle\\\/\",\"url\":\"https:\\\/\\\/hecate-energie-magie.com\\\/index.php\\\/produit\\\/coquille-dormeau-naturelle\\\/\",\"name\":\"Coquille d'Ormeau Naturelle - H\u00e9cate Energie et Magie\",\"isPartOf\":{\"@id\":\"https:\\\/\\\/hecate-energie-magie.com\\\/#website\"},\"primaryImageOfPage\":{\"@id\":\"https:\\\/\\\/hecate-energie-magie.com\\\/index.php\\\/produit\\\/coquille-dormeau-naturelle\\\/#primaryimage\"},\"image\":{\"@id\":\"https:\\\/\\\/hecate-energie-magie.com\\\/index.php\\\/produit\\\/coquille-dormeau-naturelle\\\/#primaryimage\"},\"thumbnailUrl\":\"https:\\\/\\\/i0.wp.com\\\/hecate-energie-magie.com\\\/wp-content\\\/uploads\\\/2024\\\/09\\\/1726136367535-scaled.jpg?fit=2560%2C2064&ssl=1\",\"datePublished\":\"2024-09-13T14:15:43+00:00\",\"dateModified\":\"2025-01-24T11:35:29+00:00\",\"description\":\"La Coquille d\u2019Ormeau naturelle peut \u00eatre utilis\u00e9e pour contenir l\u2019encens, les herbes ou les plantes \u00e0 br\u00fbler. Dans la\u00a0tradition am\u00e9rindienne, les 4 \u00e9l\u00e9ments sont repr\u00e9sent\u00e9s lors de la fumigation ; l\u2019allumette qui embrase la sauge repr\u00e9sente le feu, les cendres & herbes repr\u00e9sentent la terre, la\u00a0coquille d\u2019ormeau\u00a0repr\u00e9sente\u00a0l\u2019eau\u00a0et la fum\u00e9e repr\u00e9sente l\u2019air.\",\"breadcrumb\":{\"@id\":\"https:\\\/\\\/hecate-energie-magie.com\\\/index.php\\\/produit\\\/coquille-dormeau-naturelle\\\/#breadcrumb\"},\"inLanguage\":\"fr-FR\",\"potentialAction\":[{\"@type\":\"ReadAction\",\"target\":[\"https:\\\/\\\/hecate-energie-magie.com\\\/index.php\\\/produit\\\/coquille-dormeau-naturelle\\\/\"]}]},{\"@type\":\"ImageObject\",\"inLanguage\":\"fr-FR\",\"@id\":\"https:\\\/\\\/hecate-energie-magie.com\\\/index.php\\\/produit\\\/coquille-dormeau-naturelle\\\/#primaryimage\",\"url\":\"https:\\\/\\\/i0.wp.com\\\/hecate-energie-magie.com\\\/wp-content\\\/uploads\\\/2024\\\/09\\\/1726136367535-scaled.jpg?fit=2560%2C2064&ssl=1\",\"contentUrl\":\"https:\\\/\\\/i0.wp.com\\\/hecate-energie-magie.com\\\/wp-content\\\/uploads\\\/2024\\\/09\\\/1726136367535-scaled.jpg?fit=2560%2C2064&ssl=1\",\"width\":2560,\"height\":2064,\"caption\":\"coquille d'ormeau naturelle\"},{\"@type\":\"BreadcrumbList\",\"@id\":\"https:\\\/\\\/hecate-energie-magie.com\\\/index.php\\\/produit\\\/coquille-dormeau-naturelle\\\/#breadcrumb\",\"itemListElement\":[{\"@type\":\"ListItem\",\"position\":1,\"name\":\"Accueil\",\"item\":\"https:\\\/\\\/hecate-energie-magie.com\\\/\"},{\"@type\":\"ListItem\",\"position\":2,\"name\":\"Boutique\",\"item\":\"https:\\\/\\\/hecate-energie-magie.com\\\/index.php\\\/boutique\\\/\"},{\"@type\":\"ListItem\",\"position\":3,\"name\":\"Coquille d&rsquo;Ormeau Naturelle\"}]},{\"@type\":\"WebSite\",\"@id\":\"https:\\\/\\\/hecate-energie-magie.com\\\/#website\",\"url\":\"https:\\\/\\\/hecate-energie-magie.com\\\/\",\"name\":\"H\u00e9cate Energie et Magie\",\"description\":\"H\u00e9cate Energie et Magie\",\"publisher\":{\"@id\":\"https:\\\/\\\/hecate-energie-magie.com\\\/#organization\"},\"potentialAction\":[{\"@type\":\"SearchAction\",\"target\":{\"@type\":\"EntryPoint\",\"urlTemplate\":\"https:\\\/\\\/hecate-energie-magie.com\\\/?s={search_term_string}\"},\"query-input\":{\"@type\":\"PropertyValueSpecification\",\"valueRequired\":true,\"valueName\":\"search_term_string\"}}],\"inLanguage\":\"fr-FR\"},{\"@type\":\"Organization\",\"@id\":\"https:\\\/\\\/hecate-energie-magie.com\\\/#organization\",\"name\":\"H\u00e9cate Energie et Magie\",\"url\":\"https:\\\/\\\/hecate-energie-magie.com\\\/\",\"logo\":{\"@type\":\"ImageObject\",\"inLanguage\":\"fr-FR\",\"@id\":\"https:\\\/\\\/hecate-energie-magie.com\\\/#\\\/schema\\\/logo\\\/image\\\/\",\"url\":\"https:\\\/\\\/i0.wp.com\\\/hecate-energie-magie.com\\\/wp-content\\\/uploads\\\/2024\\\/09\\\/cropped-LOGO-HECATE.png?fit=500%2C500&ssl=1\",\"contentUrl\":\"https:\\\/\\\/i0.wp.com\\\/hecate-energie-magie.com\\\/wp-content\\\/uploads\\\/2024\\\/09\\\/cropped-LOGO-HECATE.png?fit=500%2C500&ssl=1\",\"width\":500,\"height\":500,\"caption\":\"H\u00e9cate Energie et Magie\"},\"image\":{\"@id\":\"https:\\\/\\\/hecate-energie-magie.com\\\/#\\\/schema\\\/logo\\\/image\\\/\"},\"sameAs\":[\"https:\\\/\\\/www.facebook.com\\\/profile.php?id=61557502523365\"]}]}<\/script>\n<!-- \/ Yoast SEO plugin. -->","yoast_head_json":{"title":"Coquille d'Ormeau Naturelle - H\u00e9cate Energie et Magie","description":"La Coquille d\u2019Ormeau naturelle peut \u00eatre utilis\u00e9e pour contenir l\u2019encens, les herbes ou les plantes \u00e0 br\u00fbler. Dans la\u00a0tradition am\u00e9rindienne, les 4 \u00e9l\u00e9ments sont repr\u00e9sent\u00e9s lors de la fumigation ; l\u2019allumette qui embrase la sauge repr\u00e9sente le feu, les cendres & herbes repr\u00e9sentent la terre, la\u00a0coquille d\u2019ormeau\u00a0repr\u00e9sente\u00a0l\u2019eau\u00a0et la fum\u00e9e repr\u00e9sente l\u2019air.","robots":{"index":"index","follow":"follow","max-snippet":"max-snippet:-1","max-image-preview":"max-image-preview:large","max-video-preview":"max-video-preview:-1"},"canonical":"https:\/\/hecate-energie-magie.com\/index.php\/produit\/coquille-dormeau-naturelle\/","og_locale":"fr_FR","og_type":"article","og_title":"Coquille d'Ormeau Naturelle - H\u00e9cate Energie et Magie","og_description":"La Coquille d\u2019Ormeau naturelle peut \u00eatre utilis\u00e9e pour contenir l\u2019encens, les herbes ou les plantes \u00e0 br\u00fbler. Dans la\u00a0tradition am\u00e9rindienne, les 4 \u00e9l\u00e9ments sont repr\u00e9sent\u00e9s lors de la fumigation ; l\u2019allumette qui embrase la sauge repr\u00e9sente le feu, les cendres & herbes repr\u00e9sentent la terre, la\u00a0coquille d\u2019ormeau\u00a0repr\u00e9sente\u00a0l\u2019eau\u00a0et la fum\u00e9e repr\u00e9sente l\u2019air.","og_url":"https:\/\/hecate-energie-magie.com\/index.php\/produit\/coquille-dormeau-naturelle\/","og_site_name":"H\u00e9cate Energie et Magie","article_publisher":"https:\/\/www.facebook.com\/profile.php?id=61557502523365","article_modified_time":"2025-01-24T11:35:29+00:00","og_image":[{"width":2560,"height":2064,"url":"https:\/\/hecate-energie-magie.com\/wp-content\/uploads\/2024\/09\/1726136367535-scaled.jpg","type":"image\/jpeg"}],"twitter_card":"summary_large_image","twitter_misc":{"Dur\u00e9e de lecture estim\u00e9e":"1 minute"},"schema":{"@context":"https:\/\/schema.org","@graph":[{"@type":"WebPage","@id":"https:\/\/hecate-energie-magie.com\/index.php\/produit\/coquille-dormeau-naturelle\/","url":"https:\/\/hecate-energie-magie.com\/index.php\/produit\/coquille-dormeau-naturelle\/","name":"Coquille d'Ormeau Naturelle - H\u00e9cate Energie et Magie","isPartOf":{"@id":"https:\/\/hecate-energie-magie.com\/#website"},"primaryImageOfPage":{"@id":"https:\/\/hecate-energie-magie.com\/index.php\/produit\/coquille-dormeau-naturelle\/#primaryimage"},"image":{"@id":"https:\/\/hecate-energie-magie.com\/index.php\/produit\/coquille-dormeau-naturelle\/#primaryimage"},"thumbnailUrl":"https:\/\/i0.wp.com\/hecate-energie-magie.com\/wp-content\/uploads\/2024\/09\/1726136367535-scaled.jpg?fit=2560%2C2064&ssl=1","datePublished":"2024-09-13T14:15:43+00:00","dateModified":"2025-01-24T11:35:29+00:00","description":"La Coquille d\u2019Ormeau naturelle peut \u00eatre utilis\u00e9e pour contenir l\u2019encens, les herbes ou les plantes \u00e0 br\u00fbler. Dans la\u00a0tradition am\u00e9rindienne, les 4 \u00e9l\u00e9ments sont repr\u00e9sent\u00e9s lors de la fumigation ; l\u2019allumette qui embrase la sauge repr\u00e9sente le feu, les cendres & herbes repr\u00e9sentent la terre, la\u00a0coquille d\u2019ormeau\u00a0repr\u00e9sente\u00a0l\u2019eau\u00a0et la fum\u00e9e repr\u00e9sente l\u2019air.","breadcrumb":{"@id":"https:\/\/hecate-energie-magie.com\/index.php\/produit\/coquille-dormeau-naturelle\/#breadcrumb"},"inLanguage":"fr-FR","potentialAction":[{"@type":"ReadAction","target":["https:\/\/hecate-energie-magie.com\/index.php\/produit\/coquille-dormeau-naturelle\/"]}]},{"@type":"ImageObject","inLanguage":"fr-FR","@id":"https:\/\/hecate-energie-magie.com\/index.php\/produit\/coquille-dormeau-naturelle\/#primaryimage","url":"https:\/\/i0.wp.com\/hecate-energie-magie.com\/wp-content\/uploads\/2024\/09\/1726136367535-scaled.jpg?fit=2560%2C2064&ssl=1","contentUrl":"https:\/\/i0.wp.com\/hecate-energie-magie.com\/wp-content\/uploads\/2024\/09\/1726136367535-scaled.jpg?fit=2560%2C2064&ssl=1","width":2560,"height":2064,"caption":"coquille d'ormeau naturelle"},{"@type":"BreadcrumbList","@id":"https:\/\/hecate-energie-magie.com\/index.php\/produit\/coquille-dormeau-naturelle\/#breadcrumb","itemListElement":[{"@type":"ListItem","position":1,"name":"Accueil","item":"https:\/\/hecate-energie-magie.com\/"},{"@type":"ListItem","position":2,"name":"Boutique","item":"https:\/\/hecate-energie-magie.com\/index.php\/boutique\/"},{"@type":"ListItem","position":3,"name":"Coquille d&rsquo;Ormeau Naturelle"}]},{"@type":"WebSite","@id":"https:\/\/hecate-energie-magie.com\/#website","url":"https:\/\/hecate-energie-magie.com\/","name":"H\u00e9cate Energie et Magie","description":"H\u00e9cate Energie et Magie","publisher":{"@id":"https:\/\/hecate-energie-magie.com\/#organization"},"potentialAction":[{"@type":"SearchAction","target":{"@type":"EntryPoint","urlTemplate":"https:\/\/hecate-energie-magie.com\/?s={search_term_string}"},"query-input":{"@type":"PropertyValueSpecification","valueRequired":true,"valueName":"search_term_string"}}],"inLanguage":"fr-FR"},{"@type":"Organization","@id":"https:\/\/hecate-energie-magie.com\/#organization","name":"H\u00e9cate Energie et Magie","url":"https:\/\/hecate-energie-magie.com\/","logo":{"@type":"ImageObject","inLanguage":"fr-FR","@id":"https:\/\/hecate-energie-magie.com\/#\/schema\/logo\/image\/","url":"https:\/\/i0.wp.com\/hecate-energie-magie.com\/wp-content\/uploads\/2024\/09\/cropped-LOGO-HECATE.png?fit=500%2C500&ssl=1","contentUrl":"https:\/\/i0.wp.com\/hecate-energie-magie.com\/wp-content\/uploads\/2024\/09\/cropped-LOGO-HECATE.png?fit=500%2C500&ssl=1","width":500,"height":500,"caption":"H\u00e9cate Energie et Magie"},"image":{"@id":"https:\/\/hecate-energie-magie.com\/#\/schema\/logo\/image\/"},"sameAs":["https:\/\/www.facebook.com\/profile.php?id=61557502523365"]}]}},"jetpack_sharing_enabled":true,"_links":{"self":[{"href":"https:\/\/hecate-energie-magie.com\/index.php\/wp-json\/wp\/v2\/product\/976","targetHints":{"allow":["GET"]}}],"collection":[{"href":"https:\/\/hecate-energie-magie.com\/index.php\/wp-json\/wp\/v2\/product"}],"about":[{"href":"https:\/\/hecate-energie-magie.com\/index.php\/wp-json\/wp\/v2\/types\/product"}],"replies":[{"embeddable":true,"href":"https:\/\/hecate-energie-magie.com\/index.php\/wp-json\/wp\/v2\/comments?post=976"}],"wp:featuredmedia":[{"embeddable":true,"href":"https:\/\/hecate-energie-magie.com\/index.php\/wp-json\/wp\/v2\/media\/977"}],"wp:attachment":[{"href":"https:\/\/hecate-energie-magie.com\/index.php\/wp-json\/wp\/v2\/media?parent=976"}],"wp:term":[{"taxonomy":"product_brand","embeddable":true,"href":"https:\/\/hecate-energie-magie.com\/index.php\/wp-json\/wp\/v2\/product_brand?post=976"},{"taxonomy":"product_cat","embeddable":true,"href":"https:\/\/hecate-energie-magie.com\/index.php\/wp-json\/wp\/v2\/product_cat?post=976"},{"taxonomy":"product_tag","embeddable":true,"href":"https:\/\/hecate-energie-magie.com\/index.php\/wp-json\/wp\/v2\/product_tag?post=976"}],"curies":[{"name":"wp","href":"https:\/\/api.w.org\/{rel}","templated":true}]}}